{"id":1804,"date":"2018-05-31T10:27:49","date_gmt":"2018-05-31T10:27:49","guid":{"rendered":"https:\/\/www.genorama.com\/?page_id=1804"},"modified":"2025-04-07T20:00:58","modified_gmt":"2025-04-07T18:00:58","slug":"privaatsustingimused","status":"publish","type":"page","link":"https:\/\/genorama.com\/et\/privaatsustingimused\/","title":{"rendered":"Privaatsustingimused"},"content":{"rendered":"<p style=\"text-align: justify;\">Siit lehelt leiate informatsiooni selle kohta, kuidas Genorama O\u00dc (edaspidi: Genorama) Teie isikuandmeid t\u00f6\u00f6tleb ja nende kaitse tagab:<\/p>\n<p style=\"text-align: justify;\">1. Isikuandmete kogumine ning vastutava ja volitatud t\u00f6\u00f6tleja m\u00e4\u00e4ratlemine<\/p>\n<p style=\"text-align: justify;\">Genorama on maailmas tunnustatud geneetiliste uuringute valdkonna ettev\u00f5te, mis tegeleb erinevate geneetilise testimise ja mikrobioomi anal\u00fc\u00fcsi teenuste osutamise ning arendamisega (edaspidi: Teenused). Teile Teenuste osutamiseks peab Genorama t\u00f6\u00f6tlema ka Teie isikuandmeid, sh Teie tervise- ja biomeetrilisi andmeid.<\/p>\n<p style=\"text-align: justify;\">Genorama poolt t\u00f6\u00f6deldavad isikuandmed h\u00f5lmavad eelk\u00f5ige Teie ees- ja perekonnanime, isikukoodi v\u00f5i s\u00fcnniaega, rahvust, telefoninumbrit, e-posti aadressi, elukoha andmeid, arvelduskonto numbrit ning teisi\u00a0Teenuste osutamiseks vajalikke andmeid, aga ka Teie tervist, geene ja mikrobioomi puudutavaid andmeid (edaspidi: Isikuandmed). Isikuandmete edastamine Genorama\u2019le toimub Teie poolt Teenuste tellimuse esitamisel. Teilt saadud Isikuandmete t\u00f6\u00f6tlemisel on Genorama nende vastutav t\u00f6\u00f6tleja andmekaitsealaste \u00f5igusaktide t\u00e4henduses.<\/p>\n<p style=\"text-align: justify;\">Kui Teenuste tellijaks on meditsiiniasutus v\u00f5i m\u00f5ni edasim\u00fc\u00fcja, kogub Teilt Isikuandmed ja edastab need Genorama\u2019le Teie arst, muu tervishoiut\u00f6\u00f6taja v\u00f5i edasim\u00fc\u00fcja asjaomane t\u00f6\u00f6taja. Sellisel juhul on Genorama Teie Isikuandmete volitatud t\u00f6\u00f6tleja ning vastav meditsiiniasutus v\u00f5i Teenuste edasim\u00fc\u00fcja vastutav t\u00f6\u00f6tleja andmekaitsealaste \u00f5igusaktide t\u00e4henduses.<\/p>\n<p style=\"text-align: justify;\">Juhul, kui Te kuulute Genorama koost\u00f6\u00f6partneri (meditsiiniasutus, edasim\u00fc\u00fcja jne) organisatsiooni, soovib Genorama t\u00f6\u00f6delda Teie Isikuandmeid (eelk\u00f5ige Teie nime, e-posti aadressi, Teie organisatsiooni v\u00f5i t\u00f6\u00f6koha andmeid) Teile turundusmaterjalide ja pakkumiste esitamise otstarbel, et teavitada Teid meie\u00a0Teenuste valikus ning \u00fcldisemalt testimise valdkonnas aset leidvatest uuendustest ja arengutest, mis v\u00f5iksid Teile huvi pakkuda.<\/p>\n<p style=\"text-align: justify;\">2. Isikuandmete t\u00f6\u00f6tlemise p\u00f5him\u00f5tted<\/p>\n<p style=\"text-align: justify;\">Genorama t\u00f6\u00f6tleb Isikuandmeid koosk\u00f5las Euroopas tunnustatud andmekaitse p\u00f5him\u00f5tetega &#8211; eelk\u00f5ige seaduslikkuse, l\u00e4bipaistvuse, eesm\u00e4rgip\u00e4rasuse ja minimaalsuse printsiipidega &#8211; ja kohalduvas \u00f5iguses kehtestatud n\u00f5uetega ning l\u00e4htub Isikuandmete t\u00f6\u00f6tlemisel alati Teie huvidest, \u00f5igustest ja vabadustest.<\/p>\n<p style=\"text-align: justify;\">3. Isikuandmete t\u00f6\u00f6tlemise alus ja ulatus<\/p>\n<p style=\"text-align: justify;\">Genorama t\u00f6\u00f6tleb Teie Isikuandmeid vastutava t\u00f6\u00f6tlejana peamiselt Teiega v\u00f5i Teie osalusel Teenuste osutamiseks s\u00f5lmitud lepingu t\u00e4itmiseks. Genorama t\u00f6\u00f6tleb Teie Isikuandmeid \u00fcksnes ulatuses, mis on vajalik eelnimetatud eesm\u00e4rkide t\u00e4itmiseks.<\/p>\n<p style=\"text-align: justify;\">Teie Isikuandmete t\u00f6\u00f6tlemine v\u00f5ib olla vajalik ka Genorama \u00f5igusaktidest tulenevate kohustuste t\u00e4itmiseks (n\u00e4iteks seoses e-tervise infos\u00fcsteemi t\u00e4itmise, tervishoiuteenuste dokumenteerimise, raamatupidamise korraldamise kohustusega jne).<\/p>\n<p style=\"text-align: justify;\">Teatud juhtudel v\u00f5ib Genorama kasutada Teie Isikuandmeid ka teadusuuringu tegemisel ning statistilistel eesm\u00e4rkidel. Esimesel juhul teavitab Genorama, Teie arst v\u00f5i edasim\u00fc\u00fcja t\u00f6\u00f6taja Teid teadusuuringus osalemise v\u00f5imalusest ning k\u00fcsib Teilt vastavat n\u00f5usolekut Teenuste tellimisel. Statistilistel eesm\u00e4rkidel t\u00f6\u00f6tleb Genorama Teie Isikuandmeid aga \u00f5igustatud huvi alusel, mis t\u00e4hendab eelk\u00f5ige tasakaalu Genorama huvi ja Teie \u00f5iguste vahel. Genorama ei saa tagada parimaid Teenuseid ja Teenuste arengut ilma statistikat ja turuanal\u00fc\u00fcsi tegemata. Statistilise t\u00f6\u00f6tlemise m\u00f5ju Teie \u00f5igustele on siiski minimaalne, kuna sellise t\u00f6\u00f6tlemise tulemused ei ole isikustatud.<\/p>\n<p style=\"text-align: justify;\">Juhul, kui Te kuulute Genorama koost\u00f6\u00f6partneri (meditsiiniasutus, edasim\u00fc\u00fcja jne) organisatsiooni, t\u00f6\u00f6tleb Genorama Teie Isikuandmeid turunduspakkumiste edastamiseks \u00fcksnes juhul, kui Te olete andud Genorama\u2019le selleks eelnevalt oma n\u00f5usoleku. N\u00f5usoleku andmine on vaba ning Genorama poolt Teile v\u00f5i Teie organisatsioonile osutatavatest Teenustest s\u00f5ltumatu. Samuti, v\u00f5ite Te Genorama\u2019le antud n\u00f5usoleku igal ajal tagasi v\u00f5tta, saates Genorama\u2019le selle kohta teate v\u00f5i vajutades e-kirja l\u00f5pus olevale vastavale lingile.<\/p>\n<p style=\"text-align: justify;\">Kui Teenuste tellijaks on meditsiiniasutus v\u00f5i Teenuste edasim\u00fc\u00fcja, t\u00f6\u00f6tleb Genorama Teie Isikuandmeid volitatud t\u00f6\u00f6tlejana vastava meditsiiniasutuse v\u00f5i Teenuste edasim\u00fc\u00fcjaga (ehk vastutava t\u00f6\u00f6tlejaga) s\u00f5lmitud lepingu alusel ning vastava isiku nimel. Sellisel juhul m\u00e4\u00e4rab Teie Isikuandmete t\u00f6\u00f6tlemise \u00f5igusliku aluse, ulatuse ja tingimused vastav meditsiiniasutus v\u00f5i Teenuste edasim\u00fc\u00fcja.<\/p>\n<p style=\"text-align: justify;\">4. Isikuandmete edastamine ja andmet\u00f6\u00f6tlejad<\/p>\n<p style=\"text-align: justify;\">Juhul, kui Te ise v\u00f5i Teie jaoks Teenuseid tellinud isik asub Euroopa Majanduspiirkonnas, t\u00f6\u00f6tleb Genorama Teie Isikuandmeid samuti \u00fcldjuhul Euroopa Majanduspiirkonnas ega edasta neid kolmandatesse riikidesse v\u00f5i rahvusvahelistele organisatsioonidele. Juhul, kui Genorama seda siiski teeb, siis tagab ta, et Isikuandmed edastatakse \u00fcksnes sellisele kolmandale riigile v\u00f5i rahvusvahelisele organisatsioonile, mis j\u00e4rgib Euroopa Majanduspiirkonnas kehtivate isikuandmete kaitse reeglitega samav\u00e4\u00e4rseid n\u00f5udeid.<\/p>\n<p style=\"text-align: justify;\">Juhul, kui Te ise v\u00f5i Teie jaoks Teenuseid tellinud isik asub Euroopa Majanduspiirkonnast v\u00e4ljaspool, toimub Isikuandmete t\u00f6\u00f6tlemine ja edastamine ka kolmandatesse riikidesse. Sellisel juhul tagab Teie Isikuandmete kaitse ning nende t\u00f6\u00f6tlemise vastavuse Teie v\u00f5i Teie jaoks Teenuseid tellinud isiku asukohariigi \u00f5igusaktidele Teie asjaomane lepingupartner.<\/p>\n<p style=\"text-align: justify;\">Genorama hoiab Teie Isikuandmeid konfidentsiaalsena ega edasta neid kolmandatele isikutele, v.a. kui see on vajalik Teile Teenuste osutamiseks, kui Te olete andnud Genorama\u2019le selleks selges\u00f5nalise n\u00f5usoleku v\u00f5i kui selleks on m\u00f5ni muu \u00f5iguslik alus (n\u00e4iteks tulenevalt seadusest). Isikuandmete n\u00f5uetekohaseks ning turvaliseks kaitsmiseks nende edastamisel kasutab Genorama kaasaegseid turbemeetmeid. Teie soovil ning kui see on tehniliselt v\u00f5imalik (st eelk\u00f5ige juhul, kui Te omate Eesti Vabariigis v\u00e4ljastatud ID-kaarti), kasutab Genorama Teenuste sisuks olnud uuringu vastuste edastamisel kr\u00fcpteerimist.<\/p>\n<p style=\"text-align: justify;\">Isikuandmete t\u00f6\u00f6tlemiseks on teatud juhtudel vajalik kasutada kolmandaid isikuid &#8211; andmet\u00f6\u00f6tlejaid. Andmet\u00f6\u00f6tlejad t\u00f6\u00f6tlevad Teie Isikuandmeid Genorama nimel \u00fcksnes juhul, kui see on t\u00f6\u00f6tlemise eesm\u00e4rgil vajalik, ning tingimusel, et nad tagavad \u00f5igusaktidega n\u00f5utud Isikuandmete kaitse taseme. Genorama kasutab Isikuandmete t\u00f6\u00f6tlemisel eelk\u00f5ige j\u00e4rgmiseid andmet\u00f6\u00f6tlejaid (kategooriate kaupa):<\/p>\n<p style=\"text-align: justify;\">\u2022 E-tervise infos\u00fcsteemi pidaja, kes t\u00f6\u00f6tleb Teie Isikuandmeid infos\u00fcsteemi arendamise ja toimimise tagamiseks;<br \/>\n\u2022 teised IT- teenuste pakkujad, kes tagavad Teie Isikuandmete turvalise ja s\u00fcsteemse hoidmise ja t\u00f6\u00f6tlemise ning Genorama veebikeskkonna ja muu Teenuste osutamiseks vajaliku tarkvara toimimise ja arendamise;<br \/>\n\u2022 reklaami- ja turunduspartnerid, sh e-kirjade edastusteenuse pakkujad, kes aitavad meil Teile turundusmaterjale ja pakkumisi edastada;<br \/>\n\u2022 Veebianal\u00fc\u00fctika teenusepakkujad. Asper Biogene kasutab Google Analytics (Google LLC) teenust kodulehe liikluse j\u00e4lgimiseks ja anal\u00fc\u00fcsimiseks. Google Analytics teenust on v\u00f5imalik v\u00e4lja l\u00fclitada, selleks installeerige \u201cGoogle Analytics Opt-out Browser Add-on\u201d t\u00f6\u00f6riist oma veebilehitsejale j\u00e4rgnevalt lingilt <a href=\"https:\/\/tools.google.com\/dlpage\/gaoptout\">https:\/\/tools.google.com\/dlpage\/gaoptout<\/a>;<br \/>\n\u2022 makseteenuste pakkujad &#8211; PayPal, Maksekeskus AS; Stripe<br \/>\n\u2022 raamatupidamisteenuste pakkujad;<br \/>\n\u2022 laboriteenuste pakkujad.<\/p>\n<p style=\"text-align: justify;\">Juhul, kui Genorama t\u00f6\u00f6tleb Teie Isikuandmeid volitatud t\u00f6\u00f6tlejana meditsiiniasutuse v\u00f5i Teenuste edasim\u00fc\u00fcja nimel (vt p 1), edastab Genorama Teie Isikuandmed ka vastavale meditsiiniasutusele v\u00f5i Teenuste edasim\u00fc\u00fcjale.<\/p>\n<p style=\"text-align: justify;\">5. Isikuandmete s\u00e4ilitamine<\/p>\n<p style=\"text-align: justify;\">Genorama s\u00e4ilitab kogutud Isikuandmeid nii paberkandjal kui ka elektrooniliselt infos\u00fcsteemis. Genorama s\u00e4ilitab Isikuandmeid seni, kuni lepingulisest suhtest tulenevalt v\u00f5ib veel n\u00f5udeid tekkida v\u00f5i kuni seda n\u00f5uavad \u00f5igusaktide s\u00e4tted (n\u00e4iteks on Genorama kohustatud \u00f5igusaktidest tulenevalt s\u00e4ilitama tervishoiuteenuste osaks olevaid uuringu tulemusi 30 aastat). Isikuandmed, mida ei ole enam Teie poolt v\u00f5i Teie jaoks tellitud Teenuste osutamiseks v\u00f5i \u00f5igusaktides s\u00e4testatud s\u00e4ilitamiskohustuste t\u00e4itmiseks vaja, kustutatakse m\u00f5istliku aja m\u00f6\u00f6dudes.<\/p>\n<p style=\"text-align: justify;\">Juhul, kui olete andnud Genorama\u2019le oma n\u00f5usoleku turundusmaterjalide ja pakkumiste saamiseks, s\u00e4ilitab Genorama Teie sellekohaseid Isikuandmeid t\u00e4htajatult kuni n\u00f5usoleku tagasiv\u00f5tmiseni.<\/p>\n<p style=\"text-align: justify;\">6. Teie \u00f5igused<\/p>\n<p style=\"text-align: justify;\">Teil on igal ajal \u00f5igus p\u00f6\u00f6rduda Genorama poole, et teostada enda \u00f5igusaktidest tulenevaid \u00f5iguseid:<\/p>\n<p style=\"text-align: justify;\">\u2022 \u00f5igus k\u00fcsida infot selle kohta, milliseid Teie kohta k\u00e4ivaid Isikuandmeid t\u00f6\u00f6tleme;<br \/>\n\u2022 \u00f5igus n\u00f5uda Isikuandmete parandamist v\u00f5i kustutamist;<br \/>\n\u2022 \u00f5igusaktides s\u00e4testatud aluste esinemisel \u00f5igus n\u00f5uda Isikuandmete t\u00f6\u00f6tlemise piiramist v\u00f5i esitada vastuv\u00e4iteid Isikuandmete t\u00f6\u00f6tlemisele;<br \/>\n\u2022 \u00f5igus n\u00f5uda Isikuandmete \u00fclekandmist;<br \/>\n\u2022 \u00f5igus n\u00f5uda, et Teie kohta ei v\u00f5etaks vastu otsust, mis p\u00f5hineb automatiseeritud t\u00f6\u00f6tlusel.<\/p>\n<p style=\"text-align: justify;\">7. Vaidlused ja kontaktandmed<\/p>\n<p style=\"text-align: justify;\">Kui Teil on kahtlusi v\u00f5i ettepanekuid selles osas, kuidas Genorama Teie Isikuandmeid t\u00f6\u00f6tleb v\u00f5i nende kaitsmisega tegeleb, v\u00f5ite alati p\u00f6\u00f6rduda Genorama andmekaitseametniku Kaie Jaakson poole e-posti aadressil info[at]genorama.com v\u00f5i telefoni teel +372 7307 295 ja me leiame \u00fchiselt lahenduse, kuidas Teie privaatsust veelgi paremini tagada. Kui Te siiski leiate, et Genorama on Teie Isikuandmete t\u00f6\u00f6tlemisel rikkunud Teie \u00f5igusi, v\u00f5ite p\u00f6\u00f6rduda ka kaebusega Andmekaitse Inspektsiooni poole.<\/p>\n<p style=\"text-align: justify;\">Genorama v\u00e4\u00e4rtustab Teie privaatsust ning teeb k\u00f5ik endast oleneva selleks, et kaitsta Teie Isikuandmeid ning j\u00e4rgida andmekaitsealaseid \u00f5igusakte.<\/p>\n<p>8.Seiretehnoloogiad ja kolmandate isikute teenused<\/p>\n<p>Kasutame erinevaid kolmanda osapoole teenuseid, et anal\u00fc\u00fcsida liiklust, m\u00f5\u00f5ta reklaami t\u00f5husust, pakkuda kliendituge ja parandada kasutajakogemust. Need teenused v\u00f5ivad koguda, salvestada ja t\u00f6\u00f6delda andmeid, sealhulgas isikuandmeid. Allpool on esitatud \u00fclevaade meie kasutatavatest vahenditest ja sellest, kuidas need andmeid t\u00f6\u00f6tlevad.<\/p>\n<p>Google Analytics<br \/>\nKasutame Google Analytics&#8217;i, et anal\u00fc\u00fcsida veebisaidi liiklust ja kasutajate k\u00e4itumist. Google Analytics kogub selliseid andmeid nagu k\u00fclastatud lehek\u00fcljed, meie saidil veedetud aeg, seadme t\u00fc\u00fcp ja interaktsioonid. Need andmed aitavad meil parandada meie veebisaiti ja teenuseid. Google v\u00f5ib kogutud andmeid kasutada oma reklaamiv\u00f5rgustiku reklaamide kontekstualiseerimiseks ja isikup\u00e4rastamiseks.<br \/>\n&#8211; Loobumine: Google Analyticsi j\u00e4lgimisest saate loobuda, paigaldades Google Analyticsi loobumise brauserilisandi.<br \/>\n&#8211; Lisateave: Google&#8217;i privaatsuspoliitika<\/p>\n<p>Google&#8217;i reklaamid<br \/>\nKasutame Google&#8217;i reklaame reklaamide esitamiseks ja nende t\u00f5hususe j\u00e4lgimiseks. Google Ads kasutab k\u00fcpsiseid, et edastada kasutajate sirvimisk\u00e4itumise p\u00f5hjal personaliseeritud reklaame.<br \/>\n&#8211; Loobumine: Saate oma reklaami seadeid kohandada <a href=\"https:\/\/tools.google.com\/dlpage\/gaoptout\/\">Google&#8217;i reklaamis\u00e4tete kaudu<\/a>.<br \/>\n&#8211; Lisateave: Kuidas Google kasutab <a href=\"https:\/\/policies.google.com\/privacy\">teie andmeid<\/a><\/p>\n<p>Google Tag Manager<br \/>\nGoogle Tag Managerit kasutatakse j\u00e4lgimisskriptide kasutuselev\u00f5tmiseks meie veebisaidil. See ei kogu otseselt isikuandmeid, kuid v\u00f5imaldab teiste j\u00e4lgimisvahendite (nt Google Analytics, Google Ads ja Facebook Pixel) toimimist.<br \/>\n&#8211; Lisateave: Google Tag Manageri <a href=\"https:\/\/marketingplatform.google.com\/about\/analytics\/tag-manager\/use-policy\/\">kasutustingimused<\/a><\/p>\n<p>Facebooki piksel<br \/>\nMe kasutame Facebook Pixel&#8217;i, et j\u00e4lgida konversioone ja optimeerida meie reklaami j\u00f5upingutusi Facebookis. Facebook v\u00f5ib koguda teavet kasutajate k\u00e4itumise ja suhtluse kohta meie saidiga reklaami isikup\u00e4rastamiseks.<br \/>\n&#8211; Loobumine: Saate hallata oma reklaami eelistusi <a href=\"https:\/\/www.facebook.com\/adpreferences\/ad_settings\">Facebooki reklaami seadetes<\/a>.<br \/>\n&#8211; Lisateave: Facebooki <a href=\"https:\/\/www.facebook.com\/privacy\/policy\/?entry_point=data_policy_redirect&amp;entry=0\">andmepoliitika.<\/a><\/p>\n<p>Klaviyo<br \/>\nMe kasutame Klaviyo&#8217;t e-posti turunduse ja kliendiandmete j\u00e4lgimiseks. Klaviyo v\u00f5ib koguda selliseid andmeid nagu e-posti interaktsioonid, veebisaidi aktiivsus ja ostuk\u00e4itumine.<br \/>\n&#8211; Lisateave: Klaviyo <a href=\"https:\/\/www.klaviyo.com\/legal\/privacy-notice\">privaatsuspoliitika<\/a><\/p>\n<p>Tawk.to<br \/>\nMeie veebisait kasutab Tawk.to&#8217;t live-chat-toe jaoks. Tawk.to v\u00f5ib koguda IP-aadresse, vestlusprotokolle ja muid asjakohaseid klienditoe andmeid.<br \/>\n&#8211; Lisateave: Tawk.to <a href=\"https:\/\/www.tawk.to\/privacy-policy\/\">privaatsuspoliitika<\/a><\/p>\n<p>CookieYes<br \/>\nKasutame CookieYes&#8217;i, et hallata k\u00fcpsiste n\u00f5usoleku eelistusi meie veebisaidil. CookieYes on paigaldatud Google Tag Manageri kaudu ja v\u00f5imaldab kasutajatel kohandada oma k\u00fcpsiste seadeid vastavalt oma eelistustele.<br \/>\n&#8211; Lisateave: CookieYes <a href=\"https:\/\/www.cookieyes.com\/privacy-policy\/\">privaatsuspoliitika<\/a><\/p>\n<p>WordPress<br \/>\nMeie veebisait on ehitatud WordPressil, mis on sisuhalduss\u00fcsteem (CMS), mis v\u00f5ib koguda andmeid, n\u00e4iteks kasutajate kommentaare, sisselogimisandmeid ja saidi anal\u00fc\u00fctilisi andmeid. WordPress ise v\u00f5ib samuti kasutada k\u00fcpsiseid, et parandada kasutajakogemust ja saidi funktsionaalsust.<br \/>\n&#8211; Lisateave: WordPressi <a href=\"https:\/\/wordpress.org\/about\/privacy\/\">privaatsuspoliitika<\/a><\/p>\n<p>Zone.ee (veebimajutuse pakkuja)<br \/>\nMeie veebilehte haldab Zone.ee, mis t\u00e4hendab, et kasutaja andmed, nagu IP-aadressid ja veebilehega suhtlemine, v\u00f5ivad olla salvestatud selle serverites. Zone.ee v\u00f5ib koguda ja t\u00f6\u00f6delda andmeid osana oma hostinguteenustest.<br \/>\n&#8211; Lisateave: Zone.ee <a href=\"https:\/\/www.zone.ee\/en\/terms-of-use\/privacy-notice\/\">privaatsuspoliitika<\/a><\/p>\n<p>Teie \u00f5igused ja valikud<br \/>\nTeil on \u00f5igus kontrollida, kuidas teie andmeid kogutakse ja kasutatakse. Teil on \u00f5igus:<br \/>\n&#8211; Kohandada oma k\u00fcpsiste seadeid oma brauseri kaudu.<br \/>\n&#8211; Loobuda sihtotstarbelisest reklaamist etten\u00e4htud loobumislinkide kaudu.<br \/>\n&#8211; n\u00f5uda oma andmetele juurdep\u00e4\u00e4su v\u00f5i nende kustutamist, v\u00f5ttes meiega \u00fchendust.<\/p>\n","protected":false},"excerpt":{"rendered":"<p>Siit lehelt leiate informatsiooni selle kohta, kuidas Genorama O\u00dc (edaspidi: Genorama) Teie isikuandmeid t\u00f6\u00f6tleb ja nende kaitse tagab: 1. Isikuandmete kogumine ning vastutava ja volitatud t\u00f6\u00f6tleja m\u00e4\u00e4ratlemine Genorama on maailmas tunnustatud geneetiliste uuringute valdkonna ettev\u00f5te, mis tegeleb erinevate geneetilise testimise ja mikrobioomi anal\u00fc\u00fcsi teenuste osutamise ning arendamisega (edaspidi: Teenused). Teile Teenuste osutamiseks peab Genorama t\u00f6\u00f6tlema [&hellip;]<\/p>\n","protected":false},"author":3,"featured_media":0,"parent":0,"menu_order":0,"comment_status":"closed","ping_status":"closed","template":"","meta":{"_acf_changed":false,"ocean_post_layout":"","ocean_both_sidebars_style":"","ocean_both_sidebars_content_width":0,"ocean_both_sidebars_sidebars_width":0,"ocean_sidebar":"0","ocean_second_sidebar":"0","ocean_disable_margins":"enable","ocean_add_body_class":"","ocean_shortcode_before_top_bar":"","ocean_shortcode_after_top_bar":"","ocean_shortcode_before_header":"","ocean_shortcode_after_header":"","ocean_has_shortcode":"","ocean_shortcode_after_title":"","ocean_shortcode_before_footer_widgets":"","ocean_shortcode_after_footer_widgets":"","ocean_shortcode_before_footer_bottom":"","ocean_shortcode_after_footer_bottom":"","ocean_display_top_bar":"default","ocean_display_header":"default","ocean_header_style":"","ocean_center_header_left_menu":"0","ocean_custom_header_template":"0","ocean_custom_logo":0,"ocean_custom_retina_logo":0,"ocean_custom_logo_max_width":0,"ocean_custom_logo_tablet_max_width":0,"ocean_custom_logo_mobile_max_width":0,"ocean_custom_logo_max_height":0,"ocean_custom_logo_tablet_max_height":0,"ocean_custom_logo_mobile_max_height":0,"ocean_header_custom_menu":"0","ocean_menu_typo_font_family":"0","ocean_menu_typo_font_subset":"","ocean_menu_typo_font_size":0,"ocean_menu_typo_font_size_tablet":0,"ocean_menu_typo_font_size_mobile":0,"ocean_menu_typo_font_size_unit":"px","ocean_menu_typo_font_weight":"","ocean_menu_typo_font_weight_tablet":"","ocean_menu_typo_font_weight_mobile":"","ocean_menu_typo_transform":"","ocean_menu_typo_transform_tablet":"","ocean_menu_typo_transform_mobile":"","ocean_menu_typo_line_height":0,"ocean_menu_typo_line_height_tablet":0,"ocean_menu_typo_line_height_mobile":0,"ocean_menu_typo_line_height_unit":"","ocean_menu_typo_spacing":0,"ocean_menu_typo_spacing_tablet":0,"ocean_menu_typo_spacing_mobile":0,"ocean_menu_typo_spacing_unit":"","ocean_menu_link_color":"","ocean_menu_link_color_hover":"","ocean_menu_link_color_active":"","ocean_menu_link_background":"","ocean_menu_link_hover_background":"","ocean_menu_link_active_background":"","ocean_menu_social_links_bg":"","ocean_menu_social_hover_links_bg":"","ocean_menu_social_links_color":"","ocean_menu_social_hover_links_color":"","ocean_disable_title":"default","ocean_disable_heading":"default","ocean_post_title":"","ocean_post_subheading":"","ocean_post_title_style":"","ocean_post_title_background_color":"","ocean_post_title_background":0,"ocean_post_title_bg_image_position":"","ocean_post_title_bg_image_attachment":"","ocean_post_title_bg_image_repeat":"","ocean_post_title_bg_image_size":"","ocean_post_title_height":0,"ocean_post_title_bg_overlay":0.5,"ocean_post_title_bg_overlay_color":"","ocean_disable_breadcrumbs":"default","ocean_breadcrumbs_color":"","ocean_breadcrumbs_separator_color":"","ocean_breadcrumbs_links_color":"","ocean_breadcrumbs_links_hover_color":"","ocean_display_footer_widgets":"default","ocean_display_footer_bottom":"default","ocean_custom_footer_template":"0","footnotes":""},"class_list":["post-1804","page","type-page","status-publish","hentry","entry","owp-thumbs-layout-horizontal","owp-btn-normal","owp-tabs-layout-horizontal","has-no-thumbnails","has-product-nav"],"acf":[],"aioseo_notices":[],"_links":{"self":[{"href":"https:\/\/genorama.com\/et\/wp-json\/wp\/v2\/pages\/1804","targetHints":{"allow":["GET"]}}],"collection":[{"href":"https:\/\/genorama.com\/et\/wp-json\/wp\/v2\/pages"}],"about":[{"href":"https:\/\/genorama.com\/et\/wp-json\/wp\/v2\/types\/page"}],"author":[{"embeddable":true,"href":"https:\/\/genorama.com\/et\/wp-json\/wp\/v2\/users\/3"}],"replies":[{"embeddable":true,"href":"https:\/\/genorama.com\/et\/wp-json\/wp\/v2\/comments?post=1804"}],"version-history":[{"count":6,"href":"https:\/\/genorama.com\/et\/wp-json\/wp\/v2\/pages\/1804\/revisions"}],"predecessor-version":[{"id":6398,"href":"https:\/\/genorama.com\/et\/wp-json\/wp\/v2\/pages\/1804\/revisions\/6398"}],"wp:attachment":[{"href":"https:\/\/genorama.com\/et\/wp-json\/wp\/v2\/media?parent=1804"}],"curies":[{"name":"wp","href":"https:\/\/api.w.org\/{rel}","templated":true}]}}