{"id":6627,"date":"2025-06-02T01:11:35","date_gmt":"2025-06-01T23:11:35","guid":{"rendered":"https:\/\/genorama.com\/tagasiside\/"},"modified":"2025-06-02T01:11:35","modified_gmt":"2025-06-01T23:11:35","slug":"tagasiside","status":"publish","type":"page","link":"https:\/\/genorama.com\/et\/tagasiside\/","title":{"rendered":"Tagasiside"},"content":{"rendered":"<style id=\"wpforms-css-vars-6324\">\n\t\t\t\t#wpforms-6324 {\n\t\t\t\t\n\t\t\t}\n\t\t\t<\/style><div class=\"wpforms-container wpforms-container-full wpforms-render-modern\" id=\"wpforms-6324\"><form id=\"wpforms-form-6324\" class=\"wpforms-validate wpforms-form wpforms-ajax-form\" data-formid=\"6324\" method=\"post\" enctype=\"multipart\/form-data\" action=\"\/et\/wp-json\/wp\/v2\/pages\/6627\" data-token=\"7b2887e176098ef7dca50f67248a7efb\" data-token-time=\"1776591218\"><noscript class=\"wpforms-error-noscript\">Please enable JavaScript in your browser to complete this form.<\/noscript><div id=\"wpforms-error-noscript\" style=\"display: none;\">Please enable JavaScript in your browser to complete this form.<\/div><div class=\"wpforms-field-container\">\t\t<div id=\"wpforms-6324-field_1-container\"\n\t\t\tclass=\"wpforms-field wpforms-field-text\"\n\t\t\tdata-field-type=\"text\"\n\t\t\tdata-field-id=\"1\"\n\t\t\t>\n\t\t\t<label class=\"wpforms-field-label\" for=\"wpforms-6324-field_1\" >meiega? v\u00f5i lihtne<\/label>\n\t\t\t<input type=\"text\" id=\"wpforms-6324-field_1\" class=\"wpforms-field-medium\" name=\"wpforms[fields][1]\" >\n\t\t<\/div>\n\t\t<div id=\"wpforms-6324-field_6-container\" class=\"wpforms-field wpforms-field-radio\" data-field-id=\"6\"><fieldset><legend class=\"wpforms-field-label\">Kui lihtne oli kliendiportaali kasutamine? (testi aktiveerimiseks, k\u00fcsimustiku t\u00e4itmiseks ja tulemuste saamiseks) <span class=\"wpforms-required-label\" aria-hidden=\"true\">*<\/span><\/legend><ul id=\"wpforms-6324-field_6\" class=\"wpforms-field-required\"><li class=\"choice-1 depth-1\"><input type=\"radio\" id=\"wpforms-6324-field_6_1\" name=\"wpforms[fields][6]\" value=\"V\u00e4ga lihtne\" aria-errormessage=\"wpforms-6324-field_6_1-error\" required ><label class=\"wpforms-field-label-inline\" for=\"wpforms-6324-field_6_1\">V\u00e4ga lihtne<\/label><\/li><li class=\"choice-2 depth-1\"><input type=\"radio\" id=\"wpforms-6324-field_6_2\" name=\"wpforms[fields][6]\" value=\"Lihtne\" aria-errormessage=\"wpforms-6324-field_6_2-error\" required ><label class=\"wpforms-field-label-inline\" for=\"wpforms-6324-field_6_2\">Lihtne<\/label><\/li><li class=\"choice-3 depth-1\"><input type=\"radio\" id=\"wpforms-6324-field_6_3\" name=\"wpforms[fields][6]\" value=\"Keskmine\" aria-errormessage=\"wpforms-6324-field_6_3-error\" required ><label class=\"wpforms-field-label-inline\" for=\"wpforms-6324-field_6_3\">Keskmine<\/label><\/li><li class=\"choice-6 depth-1\"><input type=\"radio\" id=\"wpforms-6324-field_6_6\" name=\"wpforms[fields][6]\" value=\"Raske\" aria-errormessage=\"wpforms-6324-field_6_6-error\" required ><label class=\"wpforms-field-label-inline\" for=\"wpforms-6324-field_6_6\">Raske<\/label><\/li><li class=\"choice-5 depth-1\"><input type=\"radio\" id=\"wpforms-6324-field_6_5\" name=\"wpforms[fields][6]\" value=\"V\u00e4ga raske\" aria-errormessage=\"wpforms-6324-field_6_5-error\" required ><label class=\"wpforms-field-label-inline\" for=\"wpforms-6324-field_6_5\">V\u00e4ga raske<\/label><\/li><\/ul><\/fieldset><\/div><div id=\"wpforms-6324-field_7-container\" class=\"wpforms-field wpforms-field-radio\" data-field-id=\"7\"><fieldset><legend class=\"wpforms-field-label\">Kui lihtne oli meie veebilehelt vajalikku infot leida? <span class=\"wpforms-required-label\" aria-hidden=\"true\">*<\/span><\/legend><ul id=\"wpforms-6324-field_7\" class=\"wpforms-field-required\"><li class=\"choice-1 depth-1\"><input type=\"radio\" id=\"wpforms-6324-field_7_1\" name=\"wpforms[fields][7]\" value=\"V\u00e4ga lihtne\" aria-errormessage=\"wpforms-6324-field_7_1-error\" required ><label class=\"wpforms-field-label-inline\" for=\"wpforms-6324-field_7_1\">V\u00e4ga lihtne<\/label><\/li><li class=\"choice-2 depth-1\"><input type=\"radio\" id=\"wpforms-6324-field_7_2\" name=\"wpforms[fields][7]\" value=\"Lihtne\" aria-errormessage=\"wpforms-6324-field_7_2-error\" required ><label class=\"wpforms-field-label-inline\" for=\"wpforms-6324-field_7_2\">Lihtne<\/label><\/li><li class=\"choice-3 depth-1\"><input type=\"radio\" id=\"wpforms-6324-field_7_3\" name=\"wpforms[fields][7]\" value=\"Keskmine\" aria-errormessage=\"wpforms-6324-field_7_3-error\" required ><label class=\"wpforms-field-label-inline\" for=\"wpforms-6324-field_7_3\">Keskmine<\/label><\/li><li class=\"choice-6 depth-1\"><input type=\"radio\" id=\"wpforms-6324-field_7_6\" name=\"wpforms[fields][7]\" value=\"Raske\" aria-errormessage=\"wpforms-6324-field_7_6-error\" required ><label class=\"wpforms-field-label-inline\" for=\"wpforms-6324-field_7_6\">Raske<\/label><\/li><li class=\"choice-5 depth-1\"><input type=\"radio\" id=\"wpforms-6324-field_7_5\" name=\"wpforms[fields][7]\" value=\"V\u00e4ga raske\" aria-errormessage=\"wpforms-6324-field_7_5-error\" required ><label class=\"wpforms-field-label-inline\" for=\"wpforms-6324-field_7_5\">V\u00e4ga raske<\/label><\/li><\/ul><\/fieldset><\/div><div id=\"wpforms-6324-field_9-container\" class=\"wpforms-field wpforms-field-number-slider\" data-field-id=\"9\"><label class=\"wpforms-field-label\" for=\"wpforms-6324-field_9\">Kuidas hindaksite enda kogemust meiega?<\/label>\n<input\n\ttype=\"range\"\n\tid=\"wpforms-6324-field_9\" class=\"wpforms-field-medium\" name=\"wpforms[fields][9]\" value=\"5\" aria-errormessage=\"wpforms-6324-field_9-error\" aria-describedby=\"wpforms-6324-field_9-description\"\t\tmin=\"0\"\n\tmax=\"10\"\n\tstep=\"1\">\n\n<div class=\"wpforms-field-number-slider-hint\"\n\tdata-hint=\"Valitud v\u00e4\u00e4rtus: {value}\">\n\tValitud v\u00e4\u00e4rtus: <b>5<\/b><\/div>\n<div id=\"wpforms-6324-field_9-description\" class=\"wpforms-field-description\">10-punktilisel skaalal, kus 0 on halvim [LIIGUTA VASAKULE] ja 10 on parim [LIIGUTA PAREMALE].<\/div><\/div><div id=\"wpforms-6324-field_8-container\" class=\"wpforms-field wpforms-field-textarea\" data-field-id=\"8\"><label class=\"wpforms-field-label\" for=\"wpforms-6324-field_8\">Kommentaarid ja tagasiside<\/label><textarea id=\"wpforms-6324-field_8\" class=\"wpforms-field-medium\" name=\"wpforms[fields][8]\" aria-errormessage=\"wpforms-6324-field_8-error\" ><\/textarea><\/div><div id=\"wpforms-6324-field_10-container\" class=\"wpforms-field wpforms-field-text\" data-field-id=\"10\"><label class=\"wpforms-field-label\" for=\"wpforms-6324-field_10\">Kui soovite, et me teiega \u00fchendust v\u00f5taksime, kirjutage palun oma testi aktiveerimise salas\u00f5na v\u00f5i e-posti aadress.<\/label><input type=\"text\" id=\"wpforms-6324-field_10\" class=\"wpforms-field-medium\" name=\"wpforms[fields][10]\" aria-errormessage=\"wpforms-6324-field_10-error\" ><\/div><script>\n\t\t\t\t( function() {\n\t\t\t\t\tconst style = document.createElement( 'style' );\n\t\t\t\t\tstyle.appendChild( document.createTextNode( '#wpforms-6324-field_1-container { position: absolute !important; overflow: hidden !important; display: inline !important; height: 1px !important; width: 1px !important; z-index: -1000 !important; padding: 0 !important; } #wpforms-6324-field_1-container input { visibility: hidden; } #wpforms-conversational-form-page #wpforms-6324-field_1-container label { counter-increment: none; }' ) );\n\t\t\t\t\tdocument.head.appendChild( style );\n\t\t\t\t\tdocument.currentScript?.remove();\n\t\t\t\t} )();\n\t\t\t<\/script><\/div><!-- .wpforms-field-container --><div class=\"wpforms-submit-container\" ><input type=\"hidden\" name=\"wpforms[id]\" value=\"6324\"><input type=\"hidden\" name=\"page_title\" value=\"\"><input type=\"hidden\" name=\"page_url\" value=\"https:\/\/genorama.com\/et\/wp-json\/wp\/v2\/pages\/6627\"><input type=\"hidden\" name=\"url_referer\" value=\"\"><button type=\"submit\" name=\"wpforms[submit]\" id=\"wpforms-submit-6324\" class=\"wpforms-submit\" data-alt-text=\"Saatmine...\" data-submit-text=\"Saada\" aria-live=\"assertive\" value=\"wpforms-submit\">Saada<\/button><img decoding=\"async\" src=\"https:\/\/genorama.com\/wp-content\/plugins\/wpforms-lite\/assets\/images\/submit-spin.svg\" class=\"wpforms-submit-spinner\" style=\"display: none;\" width=\"26\" height=\"26\" alt=\"Loading\"><\/div><\/form><\/div>  <!-- .wpforms-container -->\n","protected":false},"excerpt":{"rendered":"","protected":false},"author":1,"featured_media":0,"parent":0,"menu_order":0,"comment_status":"closed","ping_status":"closed","template":"","meta":{"_acf_changed":false,"ocean_post_layout":"","ocean_both_sidebars_style":"","ocean_both_sidebars_content_width":0,"ocean_both_sidebars_sidebars_width":0,"ocean_sidebar":"0","ocean_second_sidebar":"0","ocean_disable_margins":"enable","ocean_add_body_class":"","ocean_shortcode_before_top_bar":"","ocean_shortcode_after_top_bar":"","ocean_shortcode_before_header":"","ocean_shortcode_after_header":"","ocean_has_shortcode":"","ocean_shortcode_after_title":"","ocean_shortcode_before_footer_widgets":"","ocean_shortcode_after_footer_widgets":"","ocean_shortcode_before_footer_bottom":"","ocean_shortcode_after_footer_bottom":"","ocean_display_top_bar":"default","ocean_display_header":"default","ocean_header_style":"","ocean_center_header_left_menu":"0","ocean_custom_header_template":"0","ocean_custom_logo":0,"ocean_custom_retina_logo":0,"ocean_custom_logo_max_width":0,"ocean_custom_logo_tablet_max_width":0,"ocean_custom_logo_mobile_max_width":0,"ocean_custom_logo_max_height":0,"ocean_custom_logo_tablet_max_height":0,"ocean_custom_logo_mobile_max_height":0,"ocean_header_custom_menu":"0","ocean_menu_typo_font_family":"0","ocean_menu_typo_font_subset":"","ocean_menu_typo_font_size":0,"ocean_menu_typo_font_size_tablet":0,"ocean_menu_typo_font_size_mobile":0,"ocean_menu_typo_font_size_unit":"px","ocean_menu_typo_font_weight":"","ocean_menu_typo_font_weight_tablet":"","ocean_menu_typo_font_weight_mobile":"","ocean_menu_typo_transform":"","ocean_menu_typo_transform_tablet":"","ocean_menu_typo_transform_mobile":"","ocean_menu_typo_line_height":0,"ocean_menu_typo_line_height_tablet":0,"ocean_menu_typo_line_height_mobile":0,"ocean_menu_typo_line_height_unit":"","ocean_menu_typo_spacing":0,"ocean_menu_typo_spacing_tablet":0,"ocean_menu_typo_spacing_mobile":0,"ocean_menu_typo_spacing_unit":"","ocean_menu_link_color":"","ocean_menu_link_color_hover":"","ocean_menu_link_color_active":"","ocean_menu_link_background":"","ocean_menu_link_hover_background":"","ocean_menu_link_active_background":"","ocean_menu_social_links_bg":"","ocean_menu_social_hover_links_bg":"","ocean_menu_social_links_color":"","ocean_menu_social_hover_links_color":"","ocean_disable_title":"default","ocean_disable_heading":"default","ocean_post_title":"","ocean_post_subheading":"","ocean_post_title_style":"","ocean_post_title_background_color":"","ocean_post_title_background":0,"ocean_post_title_bg_image_position":"","ocean_post_title_bg_image_attachment":"","ocean_post_title_bg_image_repeat":"","ocean_post_title_bg_image_size":"","ocean_post_title_height":0,"ocean_post_title_bg_overlay":0.5,"ocean_post_title_bg_overlay_color":"","ocean_disable_breadcrumbs":"default","ocean_breadcrumbs_color":"","ocean_breadcrumbs_separator_color":"","ocean_breadcrumbs_links_color":"","ocean_breadcrumbs_links_hover_color":"","ocean_display_footer_widgets":"default","ocean_display_footer_bottom":"default","ocean_custom_footer_template":"0","footnotes":""},"class_list":["post-6627","page","type-page","status-publish","hentry","entry","owp-thumbs-layout-horizontal","owp-btn-normal","owp-tabs-layout-horizontal","has-no-thumbnails","has-product-nav"],"acf":[],"aioseo_notices":[],"_links":{"self":[{"href":"https:\/\/genorama.com\/et\/wp-json\/wp\/v2\/pages\/6627","targetHints":{"allow":["GET"]}}],"collection":[{"href":"https:\/\/genorama.com\/et\/wp-json\/wp\/v2\/pages"}],"about":[{"href":"https:\/\/genorama.com\/et\/wp-json\/wp\/v2\/types\/page"}],"author":[{"embeddable":true,"href":"https:\/\/genorama.com\/et\/wp-json\/wp\/v2\/users\/1"}],"replies":[{"embeddable":true,"href":"https:\/\/genorama.com\/et\/wp-json\/wp\/v2\/comments?post=6627"}],"version-history":[{"count":0,"href":"https:\/\/genorama.com\/et\/wp-json\/wp\/v2\/pages\/6627\/revisions"}],"wp:attachment":[{"href":"https:\/\/genorama.com\/et\/wp-json\/wp\/v2\/media?parent=6627"}],"curies":[{"name":"wp","href":"https:\/\/api.w.org\/{rel}","templated":true}]}}