{"id":1826,"date":"2018-08-01T11:47:43","date_gmt":"2018-08-01T11:47:43","guid":{"rendered":"https:\/\/www.genorama.com\/product\/genewell\/"},"modified":"2025-08-20T21:27:28","modified_gmt":"2025-08-20T19:27:28","slug":"genewell","status":"publish","type":"product","link":"https:\/\/genorama.com\/et\/product\/genewell\/","title":{"rendered":"GeneWell<sup>\u00ae<\/sup> &#8211; Geneetilise eelsoodumuse test"},"content":{"rendered":"<p style=\"text-align: center;\"><strong>Avasta oma tervise geneetiline profiil GeneWell\u00ae testiga<\/strong><\/p>\n<p style=\"text-align: center;\">Sinu geenid aitavad m\u00f5ista sinu unikaalseid terviseriske. GeneWell\u00ae eelsoodumuste test anal\u00fc\u00fcsib \u00fcle 30 potentsiaalse geneetilise riski, andes sulle v\u00f5imaluse v\u00f5tta oma tervise \u00fcle kontroll.<\/p>\n<hr \/>\n<p style=\"text-align: center;\"><strong>Mida GeneWell\u00ae test n\u00e4itab?<br \/>\n<\/strong><\/p>\n<p style=\"text-align: center;\">\u25aa\ufe0fGeneetiline eelsoodumus <strong>vitamiinipuudustele<br \/>\n<\/strong>\u25aa\ufe0fGeneetiline risk <strong>rasvumisele<br \/>\n<\/strong>\u25aa\ufe0fVastuv\u00f5tlikkus <strong>s\u00fcdame-veresoonkonna haigustele<br \/>\n<\/strong>\u25aa\ufe0fRisk haigestuda <strong>2. t\u00fc\u00fcpi diabeeti<br \/>\n<\/strong>\u25aa\ufe0fGeneetiline eelsoodumus <strong>silmahaigustele<br \/>\n<\/strong>\u25aa\ufe0fEelsoodumus <strong>meest\u00fc\u00fcpi kiilanemisele<\/strong><br \/>\n&#8230;ja palju muud!<\/p>\n<hr \/>\n<p style=\"text-align: center;\"><strong>Kellele see test sobib?<br \/>\n<\/strong>GeneWell\u00ae on m\u00f5eldud k\u00f5igile, kes soovivad paremini m\u00f5ista oma isiklikke terviseriske. See teadmine aitab teha teadlikke ja ennetavaid otsuseid oma elustiili ja tervisek\u00e4itumise parandamiseks.<\/p>\n<hr \/>\n<p style=\"text-align: center;\"><strong>Mida testi tulemus annab?<\/strong><\/p>\n<p style=\"text-align: center;\">\u00dcksikasjaliku raporti tuvastatud geneetilistest variantidest ja isikustatud riskiskooridest.<br \/>\nUlatuslikud tervisesoovitused, mis on kohandatud sinu geneetilise profiili j\u00e4rgi.<\/p>\n<hr \/>\n<p style=\"text-align: center;\"><strong>Testi valmimisaeg:<\/strong> 15-20 t\u00f6\u00f6p\u00e4eva<\/p>\n<p style=\"text-align: center;\"><strong>Proovimaterjal:<\/strong> DNA proov suust p\u00f5se sisek\u00fcljelt<br \/>\nProoviv\u00f5tmise komplekt saadetakse\u00a0tellimuses m\u00e4rgitud viisil.<\/p>\n<p style=\"text-align: center;\">GeneWelli testi jaoks valitud markerid p\u00f5hinevad Euroopa populatsioonidel ja ei pruugi olla kohaldatavad k\u00f5ikide etniliste r\u00fchmade puhul.<\/p>\n","protected":false},"excerpt":{"rendered":"<p>Test v\u00f5imaldab hinnata geneetilist riski 36 erineva haiguse ja s\u00fcndroomi tekkimise suhtes, nagu s\u00fcdame-veresoonkonna-, onkoloogilised- ja silmahaigused, II t\u00fc\u00fcbi diabeet, vitamiinide puudulikkus. Samuti saab m\u00e4\u00e4rata p\u00e4rilikku eelsoodumust \u00fclekaalulisuse tekkeks ning juuste v\u00e4ljalangemiseks.<\/p>\n","protected":false},"featured_media":5136,"template":"","meta":{"_acf_changed":false,"ocean_post_layout":"","ocean_both_sidebars_style":"","ocean_both_sidebars_content_width":0,"ocean_both_sidebars_sidebars_width":0,"ocean_sidebar":"0","ocean_second_sidebar":"0","ocean_disable_margins":"enable","ocean_add_body_class":"","ocean_shortcode_before_top_bar":"","ocean_shortcode_after_top_bar":"","ocean_shortcode_before_header":"","ocean_shortcode_after_header":"","ocean_has_shortcode":"","ocean_shortcode_after_title":"","ocean_shortcode_before_footer_widgets":"","ocean_shortcode_after_footer_widgets":"","ocean_shortcode_before_footer_bottom":"","ocean_shortcode_after_footer_bottom":"","ocean_display_top_bar":"default","ocean_display_header":"default","ocean_header_style":"","ocean_center_header_left_menu":"0","ocean_custom_header_template":"0","ocean_custom_logo":0,"ocean_custom_retina_logo":0,"ocean_custom_logo_max_width":0,"ocean_custom_logo_tablet_max_width":0,"ocean_custom_logo_mobile_max_width":0,"ocean_custom_logo_max_height":0,"ocean_custom_logo_tablet_max_height":0,"ocean_custom_logo_mobile_max_height":0,"ocean_header_custom_menu":"0","ocean_menu_typo_font_family":"0","ocean_menu_typo_font_subset":"","ocean_menu_typo_font_size":0,"ocean_menu_typo_font_size_tablet":0,"ocean_menu_typo_font_size_mobile":0,"ocean_menu_typo_font_size_unit":"px","ocean_menu_typo_font_weight":"","ocean_menu_typo_font_weight_tablet":"","ocean_menu_typo_font_weight_mobile":"","ocean_menu_typo_transform":"","ocean_menu_typo_transform_tablet":"","ocean_menu_typo_transform_mobile":"","ocean_menu_typo_line_height":0,"ocean_menu_typo_line_height_tablet":0,"ocean_menu_typo_line_height_mobile":0,"ocean_menu_typo_line_height_unit":"","ocean_menu_typo_spacing":0,"ocean_menu_typo_spacing_tablet":0,"ocean_menu_typo_spacing_mobile":0,"ocean_menu_typo_spacing_unit":"","ocean_menu_link_color":"","ocean_menu_link_color_hover":"","ocean_menu_link_color_active":"","ocean_menu_link_background":"","ocean_menu_link_hover_background":"","ocean_menu_link_active_background":"","ocean_menu_social_links_bg":"","ocean_menu_social_hover_links_bg":"","ocean_menu_social_links_color":"","ocean_menu_social_hover_links_color":"","ocean_disable_title":"default","ocean_disable_heading":"default","ocean_post_title":"","ocean_post_subheading":"","ocean_post_title_style":"","ocean_post_title_background_color":"","ocean_post_title_background":0,"ocean_post_title_bg_image_position":"","ocean_post_title_bg_image_attachment":"","ocean_post_title_bg_image_repeat":"","ocean_post_title_bg_image_size":"","ocean_post_title_height":0,"ocean_post_title_bg_overlay":0.5,"ocean_post_title_bg_overlay_color":"","ocean_disable_breadcrumbs":"default","ocean_breadcrumbs_color":"","ocean_breadcrumbs_separator_color":"","ocean_breadcrumbs_links_color":"","ocean_breadcrumbs_links_hover_color":"","ocean_display_footer_widgets":"default","ocean_display_footer_bottom":"default","ocean_custom_footer_template":"0"},"product_brand":[],"product_cat":[40],"product_tag":[144,145,146],"class_list":{"0":"post-1826","1":"product","2":"type-product","3":"status-publish","4":"has-post-thumbnail","6":"product_cat-health-et","7":"product_tag-geneetiline-risk","8":"product_tag-tervis","9":"product_tag-toitumissoovitused","11":"entry","12":"has-media","14":"first","15":"instock","16":"taxable","17":"shipping-taxable","18":"purchasable","19":"product-type-simple","20":"has-product-nav","21":"col","22":"span_1_of_3","23":"owp-content-center","24":"owp-thumbs-layout-horizontal","25":"owp-btn-normal","26":"owp-tabs-layout-horizontal"},"acf":[],"aioseo_notices":[],"_links":{"self":[{"href":"https:\/\/genorama.com\/et\/wp-json\/wp\/v2\/product\/1826","targetHints":{"allow":["GET"]}}],"collection":[{"href":"https:\/\/genorama.com\/et\/wp-json\/wp\/v2\/product"}],"about":[{"href":"https:\/\/genorama.com\/et\/wp-json\/wp\/v2\/types\/product"}],"wp:featuredmedia":[{"embeddable":true,"href":"https:\/\/genorama.com\/et\/wp-json\/wp\/v2\/media\/5136"}],"wp:attachment":[{"href":"https:\/\/genorama.com\/et\/wp-json\/wp\/v2\/media?parent=1826"}],"wp:term":[{"taxonomy":"product_brand","embeddable":true,"href":"https:\/\/genorama.com\/et\/wp-json\/wp\/v2\/product_brand?post=1826"},{"taxonomy":"product_cat","embeddable":true,"href":"https:\/\/genorama.com\/et\/wp-json\/wp\/v2\/product_cat?post=1826"},{"taxonomy":"product_tag","embeddable":true,"href":"https:\/\/genorama.com\/et\/wp-json\/wp\/v2\/product_tag?post=1826"}],"curies":[{"name":"wp","href":"https:\/\/api.w.org\/{rel}","templated":true}]}}