{"id":2700,"date":"2021-09-21T08:38:04","date_gmt":"2021-09-21T08:46:47","guid":{"rendered":"https:\/\/www.genorama.com\/?post_type=product&#038;p=2700"},"modified":"2025-02-17T18:10:28","modified_gmt":"2025-02-17T16:10:28","slug":"fertify","status":"publish","type":"product","link":"https:\/\/genorama.com\/et\/product\/fertify\/","title":{"rendered":"Fertify<sup>\u00ae<\/sup>"},"content":{"rendered":"<p style=\"text-align: center;\">Fertify on innovatiivne geneetiline test, mis hindab naiste varajase menopausi ja vanusega seotud viljatuse riski. Test annab v\u00e4\u00e4rtuslikku teavet reproduktiivse vananemise kohta, pakkudes personaalset n\u00f5u pereplaneerimiseks ja viljakuse s\u00e4ilitamiseks.<\/p>\n<p style=\"text-align: center;\"><strong>Kellele on Fertify test m\u00f5eldud?<\/strong><\/p>\n<p style=\"text-align: center;\">Naistele igas vanuses, eelistatavalt enne 30ndate l\u00f5ppu, kui vanusest tingitud viljakuse langus kiireneb.<br \/>\nNaistele, kes plaanivad viljatuse ravi, sealhulgas in vitro viljastamist (IVF).<br \/>\nNaistele, kes kaaluvad munarakkude k\u00fclmutamist tuleviku pereplaneerimise eesm\u00e4rgil.<\/p>\n<p style=\"text-align: center;\"><strong>Miks teha Fertify test?<\/strong><br \/>\nReproduktiivne vananemine on suuresti geneetiliselt m\u00e4\u00e4ratud ning sadu DNA variante m\u00f5jutavad naise reproduktiivse eluiga. Fertify\u00ae pakub p\u00f5hjalikku hindamist, mis v\u00f5imaldab teha teadlikke otsuseid vastavalt sinu geneetilisele riskile.<\/p>\n<p style=\"text-align: center;\"><strong>Mida test sisaldab?<\/strong><br \/>\nTulemused sisaldavad isikup\u00e4rastatud juhiseid:<\/p>\n<p style=\"text-align: center;\">Loomuliku viljakuse parandamiseks vajalike meetodite kohta.<br \/>\nVajalikest meditsiinilistest uuringutest ja diagnostikatest.<br \/>\nMunarakkude k\u00fclmutamise ja viljakuse s\u00e4ilitamise v\u00f5imaluste kohta.<br \/>\nAbistavate reproduktiivtehnoloogiate, nagu IVF, kasutamise kohta.<\/p>\n<p style=\"text-align: center;\"><strong>Oluline teave naiste viljakuse kohta:<\/strong><\/p>\n<p style=\"text-align: center;\">Viljakus hakkab tavaliselt langema 10-20 aastat enne menopausi, p\u00f5hjustades rasestumisraskusi.<br \/>\nKuigi menopausi keskmine vanus on 50-51 aastat, kogeb umbes 1 naine 20-st varajast menopausi (enne 45. eluaastat) ja 1 naine 100-st enneaegset menopausi (enne 40. eluaastat).<br \/>\nVarajane ja enneaegne menopaus on olulised vanusest tingitud viljatuse p\u00f5hjused, mist\u00f5ttu on varajane hindamine \u00e4\u00e4rmiselt oluline.<\/p>\n<p style=\"text-align: center;\"><strong>Testi valmimisaeg:\u00a0<\/strong>15 t\u00f6\u00f6p\u00e4eva<\/p>\n<p style=\"text-align: center;\"><strong>Proovimaterjal:<\/strong> DNA proov suust p\u00f5se sisek\u00fcljelt<\/p>\n","protected":false},"excerpt":{"rendered":"<p style=\"text-align: justify;\">Fertify\u00ae on geenitest naise varajase menopausi riski ja vanusest tingitud viljatusriski hindamiseks.<\/p>\n<p style=\"text-align: justify;\">Fertify test on soovitatav igas eas naistele, eelistatav vanus on kuni hiliste 30-ndateni, enne kui toimub vanusest tingitud viljakuse v\u00e4henemine; naistele, kes plaanivad viljatusravi, kaasa arvatud kehav\u00e4line viljastamine ehk IVF; naistele, kes plaanivad munarakkude k\u00fclmutamist. Esmas\u00fcnnitajate k\u00f5rge vanus ja hiline pereplaneerimine on kasvav trend. Seet\u00f5ttu v\u00f5ib Fertify testi kasutamist soovitada pereplaneerimisel.<\/p>\n","protected":false},"featured_media":4034,"template":"","meta":{"_acf_changed":false,"ocean_post_layout":"","ocean_both_sidebars_style":"","ocean_both_sidebars_content_width":0,"ocean_both_sidebars_sidebars_width":0,"ocean_sidebar":"0","ocean_second_sidebar":"0","ocean_disable_margins":"enable","ocean_add_body_class":"","ocean_shortcode_before_top_bar":"","ocean_shortcode_after_top_bar":"","ocean_shortcode_before_header":"","ocean_shortcode_after_header":"","ocean_has_shortcode":"","ocean_shortcode_after_title":"","ocean_shortcode_before_footer_widgets":"","ocean_shortcode_after_footer_widgets":"","ocean_shortcode_before_footer_bottom":"","ocean_shortcode_after_footer_bottom":"","ocean_display_top_bar":"default","ocean_display_header":"default","ocean_header_style":"","ocean_center_header_left_menu":"0","ocean_custom_header_template":"0","ocean_custom_logo":0,"ocean_custom_retina_logo":0,"ocean_custom_logo_max_width":0,"ocean_custom_logo_tablet_max_width":0,"ocean_custom_logo_mobile_max_width":0,"ocean_custom_logo_max_height":0,"ocean_custom_logo_tablet_max_height":0,"ocean_custom_logo_mobile_max_height":0,"ocean_header_custom_menu":"0","ocean_menu_typo_font_family":"0","ocean_menu_typo_font_subset":"","ocean_menu_typo_font_size":0,"ocean_menu_typo_font_size_tablet":0,"ocean_menu_typo_font_size_mobile":0,"ocean_menu_typo_font_size_unit":"px","ocean_menu_typo_font_weight":"","ocean_menu_typo_font_weight_tablet":"","ocean_menu_typo_font_weight_mobile":"","ocean_menu_typo_transform":"","ocean_menu_typo_transform_tablet":"","ocean_menu_typo_transform_mobile":"","ocean_menu_typo_line_height":0,"ocean_menu_typo_line_height_tablet":0,"ocean_menu_typo_line_height_mobile":0,"ocean_menu_typo_line_height_unit":"","ocean_menu_typo_spacing":0,"ocean_menu_typo_spacing_tablet":0,"ocean_menu_typo_spacing_mobile":0,"ocean_menu_typo_spacing_unit":"","ocean_menu_link_color":"","ocean_menu_link_color_hover":"","ocean_menu_link_color_active":"","ocean_menu_link_background":"","ocean_menu_link_hover_background":"","ocean_menu_link_active_background":"","ocean_menu_social_links_bg":"","ocean_menu_social_hover_links_bg":"","ocean_menu_social_links_color":"","ocean_menu_social_hover_links_color":"","ocean_disable_title":"default","ocean_disable_heading":"default","ocean_post_title":"","ocean_post_subheading":"","ocean_post_title_style":"","ocean_post_title_background_color":"","ocean_post_title_background":0,"ocean_post_title_bg_image_position":"","ocean_post_title_bg_image_attachment":"","ocean_post_title_bg_image_repeat":"","ocean_post_title_bg_image_size":"","ocean_post_title_height":0,"ocean_post_title_bg_overlay":0.5,"ocean_post_title_bg_overlay_color":"","ocean_disable_breadcrumbs":"default","ocean_breadcrumbs_color":"","ocean_breadcrumbs_separator_color":"","ocean_breadcrumbs_links_color":"","ocean_breadcrumbs_links_hover_color":"","ocean_display_footer_widgets":"default","ocean_display_footer_bottom":"default","ocean_custom_footer_template":"0"},"product_brand":[],"product_cat":[40],"product_tag":[],"class_list":{"0":"post-2700","1":"product","2":"type-product","3":"status-publish","4":"has-post-thumbnail","6":"product_cat-health-et","8":"entry","9":"has-media","11":"first","12":"instock","13":"taxable","14":"shipping-taxable","15":"purchasable","16":"product-type-simple","17":"has-product-nav","18":"col","19":"span_1_of_3","20":"owp-content-center","21":"owp-thumbs-layout-horizontal","22":"owp-btn-normal","23":"owp-tabs-layout-horizontal"},"acf":[],"aioseo_notices":[],"_links":{"self":[{"href":"https:\/\/genorama.com\/et\/wp-json\/wp\/v2\/product\/2700","targetHints":{"allow":["GET"]}}],"collection":[{"href":"https:\/\/genorama.com\/et\/wp-json\/wp\/v2\/product"}],"about":[{"href":"https:\/\/genorama.com\/et\/wp-json\/wp\/v2\/types\/product"}],"wp:featuredmedia":[{"embeddable":true,"href":"https:\/\/genorama.com\/et\/wp-json\/wp\/v2\/media\/4034"}],"wp:attachment":[{"href":"https:\/\/genorama.com\/et\/wp-json\/wp\/v2\/media?parent=2700"}],"wp:term":[{"taxonomy":"product_brand","embeddable":true,"href":"https:\/\/genorama.com\/et\/wp-json\/wp\/v2\/product_brand?post=2700"},{"taxonomy":"product_cat","embeddable":true,"href":"https:\/\/genorama.com\/et\/wp-json\/wp\/v2\/product_cat?post=2700"},{"taxonomy":"product_tag","embeddable":true,"href":"https:\/\/genorama.com\/et\/wp-json\/wp\/v2\/product_tag?post=2700"}],"curies":[{"name":"wp","href":"https:\/\/api.w.org\/{rel}","templated":true}]}}