{"id":6008,"date":"2025-02-04T15:50:54","date_gmt":"2025-02-04T13:50:54","guid":{"rendered":"https:\/\/genorama.com\/product\/kehakaalu-ohjeldamise-geneetiline-test\/"},"modified":"2025-10-30T16:33:10","modified_gmt":"2025-10-30T14:33:10","slug":"kehakaalu-ohjeldamise-geneetiline-test","status":"publish","type":"product","link":"https:\/\/genorama.com\/et\/product\/kehakaalu-ohjeldamise-geneetiline-test\/","title":{"rendered":"WeightWell &#8211; Kehakaalu geneetiliste markerite test"},"content":{"rendered":"<p style=\"text-align: center;\" data-start=\"135\" data-end=\"217\"><strong data-start=\"135\" data-end=\"215\">WeightWell geneetiline test \u2013 t\u00e4psemad teadmised sinu kehakaalu ja ainevahetuse kohta!<\/strong><\/p>\n<p style=\"text-align: center;\" data-start=\"219\" data-end=\"251\"><strong data-start=\"219\" data-end=\"237\">Tulemuste aeg:<\/strong> 20 t\u00f6\u00f6p\u00e4eva<\/p>\n<p style=\"text-align: center;\" data-start=\"253\" data-end=\"386\"><strong data-start=\"253\" data-end=\"271\">Proovi n\u00f5uded:<\/strong> DNA proov suust, p\u00f5se sisek\u00fcljelt, steriilse vatipulgaga.<br data-start=\"301\" data-end=\"304\" \/>Lihtsalt kasutatav prooviv\u00f5tukomplekt saadetakse aadressile, mille m\u00e4rgid tellimisel.<\/p>\n<hr data-start=\"681\" data-end=\"686\" \/>\n<h3 style=\"text-align: center;\" data-start=\"388\" data-end=\"417\">Miks valida WeightWell?<\/h3>\n<p style=\"text-align: center;\" data-start=\"418\" data-end=\"497\"><strong data-start=\"418\" data-end=\"429\">Ulatus:<\/strong> Test p\u00f5hineb \u00fcheteistk\u00fcmnel kaaluga seotud geenimarkeril, mis on v\u00e4lja valitud Genorama geenitehnoloogide poolt, p\u00f5hinedes uusimal teaduskirjandusel, saamaks k\u00f5ige t\u00e4psemaid tulemusi.<\/p>\n<p style=\"text-align: center;\" data-start=\"499\" data-end=\"634\"><strong data-start=\"499\" data-end=\"524\">Personaalne \u00fclevaade:<\/strong> Saa teada, kuidas sinu geenid m\u00f5jutavad kaalut\u00f5usu, rasva talletamist, isu ja keha reaktsiooni treeningule.<\/p>\n<p style=\"text-align: center;\" data-start=\"636\" data-end=\"731\"><strong data-start=\"636\" data-end=\"659\">Terviseteadlikkus:<\/strong> Tuvasta riskid, nagu rasvumiskalduvus.<\/p>\n<p style=\"text-align: center;\" data-start=\"733\" data-end=\"845\"><strong data-start=\"733\" data-end=\"755\">Konfidentsiaalsus:<\/strong> K\u00f5ik tulemused edastatakse turvaliselt meie 2-astmelise autentimisega kliendiportaalis.<\/p>\n<p style=\"text-align: center;\" data-start=\"847\" data-end=\"918\"><strong data-start=\"847\" data-end=\"867\">Lihtne kasutada:<\/strong> Komplekt sisaldab steriilset vatipulka proovide v\u00f5tmiseks koos selgete juhistega.<\/p>\n<hr data-start=\"1250\" data-end=\"1255\" \/>\n<h3 style=\"text-align: center;\" data-start=\"920\" data-end=\"945\">Mida sa teada saad:<\/h3>\n<p style=\"text-align: center;\">WeightWell testi tulemuste p\u00f5hjal saad \u00fclevaate j\u00e4rgmisest:<\/p>\n<p style=\"text-align: center;\">\u25aa\ufe0fSinu geneetiline risk \u00fclekaalulisuseks ja rasvumiseks<br \/>\n\u25aa\ufe0fKas t\u00e4isk\u00f5hutunne saabub kiiresti v\u00f5i aeglaselt<br \/>\n\u25aa\ufe0fT\u00f5en\u00e4osus v\u00f5tta kaalus juurde<br \/>\n\u25aa\ufe0fRasvap\u00f5letuse efektiivsus treeningu ajal<br \/>\n\u25aa\ufe0fF\u00fc\u00fcsilise aktiivsuse m\u00f5ju sinu kehakaalule<\/p>\n<hr data-start=\"1528\" data-end=\"1533\" \/>\n<p style=\"text-align: center;\">Geneetiliste eelsoodumuste m\u00f5istmine aitab teha teadlikke ja ennetavaid elustiilivalikuid ka siis, kui pole probleeme liigse kehakaaluga. \u00dcks geen v\u00f5ib sisaldada neutraalseid v\u00f5i riskialleele. Kui riskialleele on mitu \u2013 eriti koos istuva eluviisi ja liigse kaloritarbimisega \u2013 suureneb kaaluga seotud terviseprobleemide t\u00f5en\u00e4osus.<\/p>\n<p style=\"text-align: center;\">WeightWell geneetiline test annab sulle teadmised, et ennetada riske, kohandada toitumist ja t\u00f5sta treeningute t\u00f5husust.<\/p>\n<hr data-start=\"2078\" data-end=\"2083\" \/>\n<h3 style=\"text-align: center;\" data-start=\"1912\" data-end=\"1936\">Kuidas asi t\u00e4psemalt toimib:<\/h3>\n<p style=\"text-align: center;\" data-start=\"1940\" data-end=\"1970\">\u25aa\ufe0fTelli testikomplekt veebist.<br \/>\n\u25aa\ufe0fV\u00f5ta DNA proov kaasasoleva steriilse vatitikuga suust, p\u00f5se sisek\u00fcljelt.<br \/>\n\u25aa\ufe0fT\u00e4ida meie portaalis testiga seotud k\u00fcsimustik.<br \/>\n\u25aa\ufe0fSaada proov tagasi meie laborisse juba ettemakstud saadetisena.<br \/>\n\u25aa\ufe0fSaad tulemused 20 t\u00f6\u00f6p\u00e4eva jooksul turvalise kliendiportaali kaudu.<\/p>\n","protected":false},"excerpt":{"rendered":"<p>WeightWelli geneetiline test anal\u00fc\u00fcsib 11 geneetilist markerit, mis on seotud kehakaalu reguleerimise, rasvade ainevahetuse, s\u00f6\u00f6giisu ja treeningule reageerimisega. Oma geneetiliste eelsoodumuste avastamise abil saate teha teadlikke elustiilivalikuid ja kohandada oma l\u00e4henemist toitumise ja treeningu suhtes.<\/p>\n","protected":false},"featured_media":5129,"template":"","meta":{"_acf_changed":false,"ocean_post_layout":"","ocean_both_sidebars_style":"","ocean_both_sidebars_content_width":0,"ocean_both_sidebars_sidebars_width":0,"ocean_sidebar":"0","ocean_second_sidebar":"0","ocean_disable_margins":"enable","ocean_add_body_class":"","ocean_shortcode_before_top_bar":"","ocean_shortcode_after_top_bar":"","ocean_shortcode_before_header":"","ocean_shortcode_after_header":"","ocean_has_shortcode":"","ocean_shortcode_after_title":"","ocean_shortcode_before_footer_widgets":"","ocean_shortcode_after_footer_widgets":"","ocean_shortcode_before_footer_bottom":"","ocean_shortcode_after_footer_bottom":"","ocean_display_top_bar":"default","ocean_display_header":"default","ocean_header_style":"","ocean_center_header_left_menu":"0","ocean_custom_header_template":"0","ocean_custom_logo":0,"ocean_custom_retina_logo":0,"ocean_custom_logo_max_width":0,"ocean_custom_logo_tablet_max_width":0,"ocean_custom_logo_mobile_max_width":0,"ocean_custom_logo_max_height":0,"ocean_custom_logo_tablet_max_height":0,"ocean_custom_logo_mobile_max_height":0,"ocean_header_custom_menu":"0","ocean_menu_typo_font_family":"0","ocean_menu_typo_font_subset":"","ocean_menu_typo_font_size":0,"ocean_menu_typo_font_size_tablet":0,"ocean_menu_typo_font_size_mobile":0,"ocean_menu_typo_font_size_unit":"px","ocean_menu_typo_font_weight":"","ocean_menu_typo_font_weight_tablet":"","ocean_menu_typo_font_weight_mobile":"","ocean_menu_typo_transform":"","ocean_menu_typo_transform_tablet":"","ocean_menu_typo_transform_mobile":"","ocean_menu_typo_line_height":0,"ocean_menu_typo_line_height_tablet":0,"ocean_menu_typo_line_height_mobile":0,"ocean_menu_typo_line_height_unit":"","ocean_menu_typo_spacing":0,"ocean_menu_typo_spacing_tablet":0,"ocean_menu_typo_spacing_mobile":0,"ocean_menu_typo_spacing_unit":"","ocean_menu_link_color":"","ocean_menu_link_color_hover":"","ocean_menu_link_color_active":"","ocean_menu_link_background":"","ocean_menu_link_hover_background":"","ocean_menu_link_active_background":"","ocean_menu_social_links_bg":"","ocean_menu_social_hover_links_bg":"","ocean_menu_social_links_color":"","ocean_menu_social_hover_links_color":"","ocean_disable_title":"default","ocean_disable_heading":"default","ocean_post_title":"","ocean_post_subheading":"","ocean_post_title_style":"","ocean_post_title_background_color":"","ocean_post_title_background":0,"ocean_post_title_bg_image_position":"","ocean_post_title_bg_image_attachment":"","ocean_post_title_bg_image_repeat":"","ocean_post_title_bg_image_size":"","ocean_post_title_height":0,"ocean_post_title_bg_overlay":0.5,"ocean_post_title_bg_overlay_color":"","ocean_disable_breadcrumbs":"default","ocean_breadcrumbs_color":"","ocean_breadcrumbs_separator_color":"","ocean_breadcrumbs_links_color":"","ocean_breadcrumbs_links_hover_color":"","ocean_display_footer_widgets":"default","ocean_display_footer_bottom":"default","ocean_custom_footer_template":"0"},"product_brand":[],"product_cat":[41],"product_tag":[],"class_list":{"0":"post-6008","1":"product","2":"type-product","3":"status-publish","4":"has-post-thumbnail","6":"product_cat-nutrition-et","8":"entry","9":"has-media","11":"first","12":"instock","13":"taxable","14":"shipping-taxable","15":"purchasable","16":"product-type-simple","17":"has-product-nav","18":"col","19":"span_1_of_3","20":"owp-content-center","21":"owp-thumbs-layout-horizontal","22":"owp-btn-normal","23":"owp-tabs-layout-horizontal"},"acf":[],"aioseo_notices":[],"_links":{"self":[{"href":"https:\/\/genorama.com\/et\/wp-json\/wp\/v2\/product\/6008","targetHints":{"allow":["GET"]}}],"collection":[{"href":"https:\/\/genorama.com\/et\/wp-json\/wp\/v2\/product"}],"about":[{"href":"https:\/\/genorama.com\/et\/wp-json\/wp\/v2\/types\/product"}],"wp:featuredmedia":[{"embeddable":true,"href":"https:\/\/genorama.com\/et\/wp-json\/wp\/v2\/media\/5129"}],"wp:attachment":[{"href":"https:\/\/genorama.com\/et\/wp-json\/wp\/v2\/media?parent=6008"}],"wp:term":[{"taxonomy":"product_brand","embeddable":true,"href":"https:\/\/genorama.com\/et\/wp-json\/wp\/v2\/product_brand?post=6008"},{"taxonomy":"product_cat","embeddable":true,"href":"https:\/\/genorama.com\/et\/wp-json\/wp\/v2\/product_cat?post=6008"},{"taxonomy":"product_tag","embeddable":true,"href":"https:\/\/genorama.com\/et\/wp-json\/wp\/v2\/product_tag?post=6008"}],"curies":[{"name":"wp","href":"https:\/\/api.w.org\/{rel}","templated":true}]}}