{"id":796,"date":"2017-04-24T06:35:21","date_gmt":"2017-04-24T06:35:21","guid":{"rendered":"https:\/\/dev.5dvision.ee\/~vpraktikant\/wordpress\/product\/paternity-test-e\/"},"modified":"2026-03-16T13:02:13","modified_gmt":"2026-03-16T11:02:13","slug":"paternity-test","status":"publish","type":"product","link":"https:\/\/genorama.com\/et\/product\/paternity-test\/","title":{"rendered":"Isadustest"},"content":{"rendered":"<p><strong>Isaduse<\/strong> tuvastamiseks kasutatakse 18-markerilist Promega PowerPlex\u00ae 18D System kitti.<\/p>\n<p><strong>Isadustesti valmimisaeg:<\/strong> 5-10 t\u00f6\u00f6p\u00e4eva<\/p>\n<p><strong>Proovimaterjal:<\/strong> DNA proov suust p\u00f5se sisek\u00fcljelt<br \/>\nProoviv\u00f5tmise komplekt saadetakse\u00a0tellimuses m\u00e4rgitud viisil.<\/p>\n<p>&#8212;&#8212;&#8212;&#8212;&#8212;&#8212;&#8212;&#8212;&#8212;&#8212;&#8212;&#8212;&#8212;&#8212;&#8212;&#8212;&#8212;&#8212;&#8212;&#8212;&#8212;&#8212;&#8212;&#8212;&#8212;&#8212;&#8212;&#8212;&#8212;&#8212;&#8212;&#8212;&#8212;&#8212;&#8212;&#8211;<\/p>\n<p>Otsite vastuseid? Meie isadustest tagab meelerahu ja usaldusv\u00e4\u00e4rsed tulemused.<\/p>\n<p><img decoding=\"async\" class=\"wp-image-5336 alignleft\" src=\"https:\/\/genorama.com\/wp-content\/uploads\/2017\/04\/Nimetu-kujundus-29.png\" alt=\"\" width=\"49\" height=\"49\" srcset=\"https:\/\/genorama.com\/wp-content\/uploads\/2017\/04\/Nimetu-kujundus-29.png 150w, https:\/\/genorama.com\/wp-content\/uploads\/2017\/04\/Nimetu-kujundus-29-100x100.png 100w\" sizes=\"(max-width: 49px) 100vw, 49px\" \/><\/p>\n<p><strong>T\u00e4psus:<\/strong> \u00fcle 99,99% usaldusv\u00e4\u00e4rsete tulemuste ja selgete vastuste saamiseks.<\/p>\n<p>&nbsp;<\/p>\n<p><img decoding=\"async\" class=\"wp-image-5343 alignleft\" src=\"https:\/\/genorama.com\/wp-content\/uploads\/2017\/04\/Nimetu-kujundus-30.png\" alt=\"\" width=\"56\" height=\"56\" srcset=\"https:\/\/genorama.com\/wp-content\/uploads\/2017\/04\/Nimetu-kujundus-30.png 150w, https:\/\/genorama.com\/wp-content\/uploads\/2017\/04\/Nimetu-kujundus-30-100x100.png 100w\" sizes=\"(max-width: 56px) 100vw, 56px\" \/><\/p>\n<p><strong>Kiired tulemused:<\/strong> Saate oma testi tulemused juba 5-10 t\u00f6\u00f6p\u00e4eva jooksul.<\/p>\n<p>&nbsp;<\/p>\n<p><img decoding=\"async\" class=\"wp-image-5350 alignleft\" src=\"https:\/\/genorama.com\/wp-content\/uploads\/2017\/04\/Nimetu-kujundus-31.png\" alt=\"\" width=\"47\" height=\"47\" srcset=\"https:\/\/genorama.com\/wp-content\/uploads\/2017\/04\/Nimetu-kujundus-31.png 150w, https:\/\/genorama.com\/wp-content\/uploads\/2017\/04\/Nimetu-kujundus-31-100x100.png 100w\" sizes=\"(max-width: 47px) 100vw, 47px\" \/><\/p>\n<p><strong>Konfidentsiaalsus:<\/strong> Meie kliendiportaal tagab t\u00e4ieliku privaatsuse kogu protsessi v\u00e4ltel.<\/p>\n<p>&nbsp;<\/p>\n<p><img loading=\"lazy\" decoding=\"async\" class=\"wp-image-5357 alignleft\" src=\"https:\/\/genorama.com\/wp-content\/uploads\/2017\/04\/Nimetu-kujundus-33.png\" alt=\"\" width=\"54\" height=\"54\" srcset=\"https:\/\/genorama.com\/wp-content\/uploads\/2017\/04\/Nimetu-kujundus-33.png 150w, https:\/\/genorama.com\/wp-content\/uploads\/2017\/04\/Nimetu-kujundus-33-100x100.png 100w\" sizes=\"(max-width: 54px) 100vw, 54px\" \/><\/p>\n<p><strong>Lihtne kasutada:<\/strong> kaasas lihtne kogumiskomplekt kodus proovi v\u00f5tmiseks.<\/p>\n<p>&nbsp;<\/p>\n<hr \/>\n<p><strong>Kuidas asi t\u00e4psemalt k\u00e4ib:<\/strong><\/p>\n<p>Tellid enda testikomplekti.<br \/>\nKogud DNA proovid vatipulkadega (2 vatipulka komplektis iga inimese proovide jaoks).<br \/>\nT\u00e4idad k\u00fcsimustiku meie kliendiportaalis.<br \/>\nTagastad v\u00f5etud proovid laborisse juba ettemakstud saadetisena.<br \/>\nSaadame sinuni testi tulemused l\u00e4bi turvalise 2-kordse kaitsega kliendiportaali.<\/p>\n<p><strong>PS!<\/strong> Soovitame lisada ka ema proovi. Ema DNA-proovi kaasamine isadustestis aitab tuvastada harvaesinevaid olukordi, mis v\u00f5ivad viia ebaselgete v\u00f5i ebaselgete tulemusteni. Kuigi see ei ole enamiku testide 99,99 % t\u00e4psuse saavutamiseks vajalik, annab see lisakindlust ja aitab v\u00e4ltida harvaesinevaid juhtumeid.<\/p>\n<p>&nbsp;<\/p>\n<p><strong>Lisainfo:<br \/>\n<\/strong>Isaduse testi ja muude bioloogiliste sugulussuhete testide t\u00e4psus on 99,99%. Kuigi t\u00e4pne tulemus on tagatud isa ja lapse DNA v\u00f5rdlemisega, soovitame v\u00f5imalusel lisada ka ema proovi.<br \/>\nEma DNA kaasamisega saame t\u00e4psemalt kindlaks teha, milline osa lapse DNA-st p\u00e4rineb emalt ja millist \u00fclej\u00e4\u00e4nud osa lapse DNA-st tuleb v\u00f5rrelda oletatava isaga. Ema testimine aitab samuti t\u00e4pselt m\u00e4\u00e4rata isaduse t\u00f5en\u00e4osust erandjuhtudel, kui sama alleel on p\u00e4ritud m\u00f5lemalt vanemalt.<\/p>\n","protected":false},"excerpt":{"rendered":"<p style=\"text-align: left;\">Standardne test h\u00f5lmab \u00fche oletatava isa ja \u00fche lapse testimist.<\/p>\n<p style=\"text-align: left;\">Testi on v\u00f5imalik lisada ka rohkem isikuid. Tehke oma valik allpool.<br \/>\nKui v\u00f5imalik, soovitame testimisse kaasata ka ema proovi.<\/p>\n","protected":false},"featured_media":5083,"template":"","meta":{"_acf_changed":false,"ocean_post_layout":"","ocean_both_sidebars_style":"","ocean_both_sidebars_content_width":0,"ocean_both_sidebars_sidebars_width":0,"ocean_sidebar":"0","ocean_second_sidebar":"0","ocean_disable_margins":"enable","ocean_add_body_class":"","ocean_shortcode_before_top_bar":"","ocean_shortcode_after_top_bar":"","ocean_shortcode_before_header":"","ocean_shortcode_after_header":"","ocean_has_shortcode":"","ocean_shortcode_after_title":"","ocean_shortcode_before_footer_widgets":"","ocean_shortcode_after_footer_widgets":"","ocean_shortcode_before_footer_bottom":"","ocean_shortcode_after_footer_bottom":"","ocean_display_top_bar":"default","ocean_display_header":"default","ocean_header_style":"","ocean_center_header_left_menu":"0","ocean_custom_header_template":"0","ocean_custom_logo":0,"ocean_custom_retina_logo":0,"ocean_custom_logo_max_width":0,"ocean_custom_logo_tablet_max_width":0,"ocean_custom_logo_mobile_max_width":0,"ocean_custom_logo_max_height":0,"ocean_custom_logo_tablet_max_height":0,"ocean_custom_logo_mobile_max_height":0,"ocean_header_custom_menu":"0","ocean_menu_typo_font_family":"0","ocean_menu_typo_font_subset":"","ocean_menu_typo_font_size":0,"ocean_menu_typo_font_size_tablet":0,"ocean_menu_typo_font_size_mobile":0,"ocean_menu_typo_font_size_unit":"px","ocean_menu_typo_font_weight":"","ocean_menu_typo_font_weight_tablet":"","ocean_menu_typo_font_weight_mobile":"","ocean_menu_typo_transform":"","ocean_menu_typo_transform_tablet":"","ocean_menu_typo_transform_mobile":"","ocean_menu_typo_line_height":0,"ocean_menu_typo_line_height_tablet":0,"ocean_menu_typo_line_height_mobile":0,"ocean_menu_typo_line_height_unit":"","ocean_menu_typo_spacing":0,"ocean_menu_typo_spacing_tablet":0,"ocean_menu_typo_spacing_mobile":0,"ocean_menu_typo_spacing_unit":"","ocean_menu_link_color":"","ocean_menu_link_color_hover":"","ocean_menu_link_color_active":"","ocean_menu_link_background":"","ocean_menu_link_hover_background":"","ocean_menu_link_active_background":"","ocean_menu_social_links_bg":"","ocean_menu_social_hover_links_bg":"","ocean_menu_social_links_color":"","ocean_menu_social_hover_links_color":"","ocean_disable_title":"default","ocean_disable_heading":"default","ocean_post_title":"","ocean_post_subheading":"","ocean_post_title_style":"","ocean_post_title_background_color":"","ocean_post_title_background":0,"ocean_post_title_bg_image_position":"","ocean_post_title_bg_image_attachment":"","ocean_post_title_bg_image_repeat":"","ocean_post_title_bg_image_size":"","ocean_post_title_height":0,"ocean_post_title_bg_overlay":0.5,"ocean_post_title_bg_overlay_color":"","ocean_disable_breadcrumbs":"default","ocean_breadcrumbs_color":"","ocean_breadcrumbs_separator_color":"","ocean_breadcrumbs_links_color":"","ocean_breadcrumbs_links_hover_color":"","ocean_display_footer_widgets":"default","ocean_display_footer_bottom":"default","ocean_custom_footer_template":"0"},"product_brand":[],"product_cat":[260,44,39],"product_tag":[142,143],"class_list":{"0":"post-796","1":"product","2":"type-product","3":"status-publish","4":"has-post-thumbnail","6":"product_cat-isadustest","7":"product_cat-homepage-et","8":"product_cat-biological-relationship-et","9":"product_tag-dna-test-et","10":"product_tag-isadustest","12":"entry","13":"has-media","15":"first","16":"instock","17":"sale","18":"sold-individually","19":"taxable","20":"shipping-taxable","21":"purchasable","22":"product-type-variable","23":"has-default-attributes","24":"has-product-nav","25":"col","26":"span_1_of_3","27":"owp-content-center","28":"owp-thumbs-layout-horizontal","29":"owp-btn-normal","30":"owp-tabs-layout-horizontal"},"acf":[],"aioseo_notices":[],"_links":{"self":[{"href":"https:\/\/genorama.com\/et\/wp-json\/wp\/v2\/product\/796","targetHints":{"allow":["GET"]}}],"collection":[{"href":"https:\/\/genorama.com\/et\/wp-json\/wp\/v2\/product"}],"about":[{"href":"https:\/\/genorama.com\/et\/wp-json\/wp\/v2\/types\/product"}],"wp:featuredmedia":[{"embeddable":true,"href":"https:\/\/genorama.com\/et\/wp-json\/wp\/v2\/media\/5083"}],"wp:attachment":[{"href":"https:\/\/genorama.com\/et\/wp-json\/wp\/v2\/media?parent=796"}],"wp:term":[{"taxonomy":"product_brand","embeddable":true,"href":"https:\/\/genorama.com\/et\/wp-json\/wp\/v2\/product_brand?post=796"},{"taxonomy":"product_cat","embeddable":true,"href":"https:\/\/genorama.com\/et\/wp-json\/wp\/v2\/product_cat?post=796"},{"taxonomy":"product_tag","embeddable":true,"href":"https:\/\/genorama.com\/et\/wp-json\/wp\/v2\/product_tag?post=796"}],"curies":[{"name":"wp","href":"https:\/\/api.w.org\/{rel}","templated":true}]}}