{"id":801,"date":"2017-04-24T09:28:40","date_gmt":"2017-04-24T09:28:40","guid":{"rendered":"https:\/\/dev.5dvision.ee\/~vpraktikant\/wordpress\/product\/amd-e\/"},"modified":"2025-08-20T21:34:54","modified_gmt":"2025-08-20T19:34:54","slug":"amd","status":"publish","type":"product","link":"https:\/\/genorama.com\/et\/product\/amd\/","title":{"rendered":"Ealise maakuli degeneratsiooni test"},"content":{"rendered":"<h4 style=\"text-align: center;\"><strong>Vanusega seotud maakula degeneratsiooni (AMD) geneetiline test<\/strong><\/h4>\n<p style=\"text-align: center;\">Ealine maakuli degeneratsioon (Age-Related Macular Degeneration \u2013 AMD) ehk kollat\u00e4hni k\u00e4rbumine on haigus, millele on iseloomulik krooniline ja progresseeruv reetina tsentraalse piirkonna (maakuli) degeneratsioon.<br \/>\nMaakuli degeneratsioonil on kaks erinevat vormi. 90% juhtudel esineb \u201ekuiv\u201c maakuli degeneratsioon. \u201eKuiv\u201c vorm areneb ja kahjustab n\u00e4gemist aeglaselt, kuid see v\u00f5ib \u00fcle minna kiiremini progresseeruvaks \u201em\u00e4rjaks\u201c vormiks.<br \/>\nEalise maakuli degeneratsiooni riski hindamist soovitatakse inimestele, kelle pereanamneesis esineb ealise maakuli degeneratsiooni juhtumeid ja k\u00f5rgenenud riskiga inimeste l\u00e4hisugulastele. K\u00f5rgenenud riski hindamine v\u00f5imaldab varem alustada patsiendi j\u00e4lgimist ja seega ka haiguse varasemat diagnoosimist.<\/p>\n<p style=\"text-align: center;\"><strong>Miks teha AMD riskitesti?<\/strong><\/p>\n<p style=\"text-align: center;\">AMD varajane avastamine on \u00fclioluline ennetuse ja ravi t\u00f5hustamiseks. Suurenenud geneetilise riski tuvastamine v\u00f5imaldab \u00f5igeaegseid sekkumisi, mis v\u00f5ivad haiguse progresseerumist aeglustada ja aidata s\u00e4ilitada n\u00e4gemist.<\/p>\n<h4 style=\"text-align: center;\"><strong>Testi \u00fcksikasjad:<\/strong><\/h4>\n<p style=\"text-align: center;\"><strong>Tulemuste saamise aeg:<\/strong> 15 t\u00f6\u00f6p\u00e4eva<br \/>\n<strong>Proovimaterjal:<\/strong> DNA proov suust, p\u00f5se sisek\u00fcljelt<br \/>\nProoviv\u00f5tmise komplekt saadetakse\u00a0tellimuses m\u00e4rgitud viisil.<\/p>\n","protected":false},"excerpt":{"rendered":"<p style=\"text-align: justify;\">Geenitesti abil m\u00e4\u00e4ratakse p\u00e4rilikku eelsoodumust\u00a0ealise maakuli\u00a0degeneratsiooni (AMD) tekkeks.<\/p>\n","protected":false},"featured_media":5178,"template":"","meta":{"_acf_changed":false,"ocean_post_layout":"","ocean_both_sidebars_style":"","ocean_both_sidebars_content_width":0,"ocean_both_sidebars_sidebars_width":0,"ocean_sidebar":"0","ocean_second_sidebar":"0","ocean_disable_margins":"enable","ocean_add_body_class":"","ocean_shortcode_before_top_bar":"","ocean_shortcode_after_top_bar":"","ocean_shortcode_before_header":"","ocean_shortcode_after_header":"","ocean_has_shortcode":"","ocean_shortcode_after_title":"","ocean_shortcode_before_footer_widgets":"","ocean_shortcode_after_footer_widgets":"","ocean_shortcode_before_footer_bottom":"","ocean_shortcode_after_footer_bottom":"","ocean_display_top_bar":"default","ocean_display_header":"default","ocean_header_style":"","ocean_center_header_left_menu":"0","ocean_custom_header_template":"0","ocean_custom_logo":0,"ocean_custom_retina_logo":0,"ocean_custom_logo_max_width":0,"ocean_custom_logo_tablet_max_width":0,"ocean_custom_logo_mobile_max_width":0,"ocean_custom_logo_max_height":0,"ocean_custom_logo_tablet_max_height":0,"ocean_custom_logo_mobile_max_height":0,"ocean_header_custom_menu":"0","ocean_menu_typo_font_family":"0","ocean_menu_typo_font_subset":"","ocean_menu_typo_font_size":0,"ocean_menu_typo_font_size_tablet":0,"ocean_menu_typo_font_size_mobile":0,"ocean_menu_typo_font_size_unit":"px","ocean_menu_typo_font_weight":"","ocean_menu_typo_font_weight_tablet":"","ocean_menu_typo_font_weight_mobile":"","ocean_menu_typo_transform":"","ocean_menu_typo_transform_tablet":"","ocean_menu_typo_transform_mobile":"","ocean_menu_typo_line_height":0,"ocean_menu_typo_line_height_tablet":0,"ocean_menu_typo_line_height_mobile":0,"ocean_menu_typo_line_height_unit":"","ocean_menu_typo_spacing":0,"ocean_menu_typo_spacing_tablet":0,"ocean_menu_typo_spacing_mobile":0,"ocean_menu_typo_spacing_unit":"","ocean_menu_link_color":"","ocean_menu_link_color_hover":"","ocean_menu_link_color_active":"","ocean_menu_link_background":"","ocean_menu_link_hover_background":"","ocean_menu_link_active_background":"","ocean_menu_social_links_bg":"","ocean_menu_social_hover_links_bg":"","ocean_menu_social_links_color":"","ocean_menu_social_hover_links_color":"","ocean_disable_title":"default","ocean_disable_heading":"default","ocean_post_title":"","ocean_post_subheading":"","ocean_post_title_style":"","ocean_post_title_background_color":"","ocean_post_title_background":0,"ocean_post_title_bg_image_position":"","ocean_post_title_bg_image_attachment":"","ocean_post_title_bg_image_repeat":"","ocean_post_title_bg_image_size":"","ocean_post_title_height":0,"ocean_post_title_bg_overlay":0.5,"ocean_post_title_bg_overlay_color":"","ocean_disable_breadcrumbs":"default","ocean_breadcrumbs_color":"","ocean_breadcrumbs_separator_color":"","ocean_breadcrumbs_links_color":"","ocean_breadcrumbs_links_hover_color":"","ocean_display_footer_widgets":"default","ocean_display_footer_bottom":"default","ocean_custom_footer_template":"0"},"product_brand":[],"product_cat":[40],"product_tag":[],"class_list":{"0":"post-801","1":"product","2":"type-product","3":"status-publish","4":"has-post-thumbnail","6":"product_cat-health-et","8":"entry","9":"has-media","11":"first","12":"instock","13":"taxable","14":"shipping-taxable","15":"purchasable","16":"product-type-simple","17":"has-product-nav","18":"col","19":"span_1_of_3","20":"owp-content-center","21":"owp-thumbs-layout-horizontal","22":"owp-btn-normal","23":"owp-tabs-layout-horizontal"},"acf":[],"aioseo_notices":[],"_links":{"self":[{"href":"https:\/\/genorama.com\/et\/wp-json\/wp\/v2\/product\/801","targetHints":{"allow":["GET"]}}],"collection":[{"href":"https:\/\/genorama.com\/et\/wp-json\/wp\/v2\/product"}],"about":[{"href":"https:\/\/genorama.com\/et\/wp-json\/wp\/v2\/types\/product"}],"wp:featuredmedia":[{"embeddable":true,"href":"https:\/\/genorama.com\/et\/wp-json\/wp\/v2\/media\/5178"}],"wp:attachment":[{"href":"https:\/\/genorama.com\/et\/wp-json\/wp\/v2\/media?parent=801"}],"wp:term":[{"taxonomy":"product_brand","embeddable":true,"href":"https:\/\/genorama.com\/et\/wp-json\/wp\/v2\/product_brand?post=801"},{"taxonomy":"product_cat","embeddable":true,"href":"https:\/\/genorama.com\/et\/wp-json\/wp\/v2\/product_cat?post=801"},{"taxonomy":"product_tag","embeddable":true,"href":"https:\/\/genorama.com\/et\/wp-json\/wp\/v2\/product_tag?post=801"}],"curies":[{"name":"wp","href":"https:\/\/api.w.org\/{rel}","templated":true}]}}