{"id":806,"date":"2017-04-24T09:30:12","date_gmt":"2017-04-24T09:30:12","guid":{"rendered":"https:\/\/dev.5dvision.ee\/~vpraktikant\/wordpress\/product\/lactose-intolerance-e\/"},"modified":"2025-08-20T21:45:08","modified_gmt":"2025-08-20T19:45:08","slug":"lactose-intolerance","status":"publish","type":"product","link":"https:\/\/genorama.com\/et\/product\/lactose-intolerance\/","title":{"rendered":"Laktoositalumatuse test"},"content":{"rendered":"<p style=\"text-align: center;\">Laktoositalumatus on laialt levinud ainevahetuslik h\u00e4ire, mille puhul organism ei suuda laktaasi v\u00e4hesuse v\u00f5i puudumise t\u00f5ttu seedida piimasuhkrut ehk laktoosi. Laktoosi taluvuse korral produtseerivad peensoole rakud laktaasi, mis l\u00f5hustab laktoosi gl\u00fckoosiks ja galaktoosiks. Laktoositalumatusele viitavad iseloomulikud s\u00fcmptomid: k\u00f5huvalu, k\u00f5hukrambid ja -puhitus, k\u00f5hugaasid ja k\u00f5hulahtisus.<\/p>\n<p style=\"text-align: center;\"><strong>Testi valmimisaeg:<\/strong> 10 t\u00f6\u00f6p\u00e4eva<br \/>\n<strong>Proovimaterjal:<\/strong> DNA proov suust p\u00f5se sisek\u00fcljelt<br \/>\nProoviv\u00f5tmise komplekt saadetakse\u00a0tellimuses m\u00e4rgitud viisil.<\/p>\n<hr \/>\n<p style=\"text-align: center;\"><strong>Kuidas asi t\u00e4psemalt k\u00e4ib:<\/strong><\/p>\n<p style=\"text-align: center;\">Tellid enda testikomplekti.<br \/>\nKogud DNA proovi vatipulgaga.<br \/>\nT\u00e4idad k\u00fcsimustiku meie kliendiportaalis.<br \/>\nTagastad v\u00f5etud proovid laborisse juba ettemakstud saadetisena.<br \/>\nSaadame sinuni testi tulemused l\u00e4bi turvalise 2-kordse kaitsega kliendiportaali.<\/p>\n","protected":false},"excerpt":{"rendered":"<p style=\"text-align: justify;\">Geenitesti abil saab hinnata p\u00e4rilikku eelsoodumust laktoositalumatuse tekkeks.<\/p>\n","protected":false},"featured_media":5164,"template":"","meta":{"_acf_changed":false,"ocean_post_layout":"","ocean_both_sidebars_style":"","ocean_both_sidebars_content_width":0,"ocean_both_sidebars_sidebars_width":0,"ocean_sidebar":"0","ocean_second_sidebar":"0","ocean_disable_margins":"enable","ocean_add_body_class":"","ocean_shortcode_before_top_bar":"","ocean_shortcode_after_top_bar":"","ocean_shortcode_before_header":"","ocean_shortcode_after_header":"","ocean_has_shortcode":"","ocean_shortcode_after_title":"","ocean_shortcode_before_footer_widgets":"","ocean_shortcode_after_footer_widgets":"","ocean_shortcode_before_footer_bottom":"","ocean_shortcode_after_footer_bottom":"","ocean_display_top_bar":"default","ocean_display_header":"default","ocean_header_style":"","ocean_center_header_left_menu":"0","ocean_custom_header_template":"0","ocean_custom_logo":0,"ocean_custom_retina_logo":0,"ocean_custom_logo_max_width":0,"ocean_custom_logo_tablet_max_width":0,"ocean_custom_logo_mobile_max_width":0,"ocean_custom_logo_max_height":0,"ocean_custom_logo_tablet_max_height":0,"ocean_custom_logo_mobile_max_height":0,"ocean_header_custom_menu":"0","ocean_menu_typo_font_family":"0","ocean_menu_typo_font_subset":"","ocean_menu_typo_font_size":0,"ocean_menu_typo_font_size_tablet":0,"ocean_menu_typo_font_size_mobile":0,"ocean_menu_typo_font_size_unit":"px","ocean_menu_typo_font_weight":"","ocean_menu_typo_font_weight_tablet":"","ocean_menu_typo_font_weight_mobile":"","ocean_menu_typo_transform":"","ocean_menu_typo_transform_tablet":"","ocean_menu_typo_transform_mobile":"","ocean_menu_typo_line_height":0,"ocean_menu_typo_line_height_tablet":0,"ocean_menu_typo_line_height_mobile":0,"ocean_menu_typo_line_height_unit":"","ocean_menu_typo_spacing":0,"ocean_menu_typo_spacing_tablet":0,"ocean_menu_typo_spacing_mobile":0,"ocean_menu_typo_spacing_unit":"","ocean_menu_link_color":"","ocean_menu_link_color_hover":"","ocean_menu_link_color_active":"","ocean_menu_link_background":"","ocean_menu_link_hover_background":"","ocean_menu_link_active_background":"","ocean_menu_social_links_bg":"","ocean_menu_social_hover_links_bg":"","ocean_menu_social_links_color":"","ocean_menu_social_hover_links_color":"","ocean_disable_title":"default","ocean_disable_heading":"default","ocean_post_title":"","ocean_post_subheading":"","ocean_post_title_style":"","ocean_post_title_background_color":"","ocean_post_title_background":0,"ocean_post_title_bg_image_position":"","ocean_post_title_bg_image_attachment":"","ocean_post_title_bg_image_repeat":"","ocean_post_title_bg_image_size":"","ocean_post_title_height":0,"ocean_post_title_bg_overlay":0.5,"ocean_post_title_bg_overlay_color":"","ocean_disable_breadcrumbs":"default","ocean_breadcrumbs_color":"","ocean_breadcrumbs_separator_color":"","ocean_breadcrumbs_links_color":"","ocean_breadcrumbs_links_hover_color":"","ocean_display_footer_widgets":"default","ocean_display_footer_bottom":"default","ocean_custom_footer_template":"0"},"product_brand":[],"product_cat":[41],"product_tag":[],"class_list":{"0":"post-806","1":"product","2":"type-product","3":"status-publish","4":"has-post-thumbnail","6":"product_cat-nutrition-et","8":"entry","9":"has-media","11":"first","12":"instock","13":"taxable","14":"shipping-taxable","15":"purchasable","16":"product-type-simple","17":"has-product-nav","18":"col","19":"span_1_of_3","20":"owp-content-center","21":"owp-thumbs-layout-horizontal","22":"owp-btn-normal","23":"owp-tabs-layout-horizontal"},"acf":[],"aioseo_notices":[],"_links":{"self":[{"href":"https:\/\/genorama.com\/et\/wp-json\/wp\/v2\/product\/806","targetHints":{"allow":["GET"]}}],"collection":[{"href":"https:\/\/genorama.com\/et\/wp-json\/wp\/v2\/product"}],"about":[{"href":"https:\/\/genorama.com\/et\/wp-json\/wp\/v2\/types\/product"}],"wp:featuredmedia":[{"embeddable":true,"href":"https:\/\/genorama.com\/et\/wp-json\/wp\/v2\/media\/5164"}],"wp:attachment":[{"href":"https:\/\/genorama.com\/et\/wp-json\/wp\/v2\/media?parent=806"}],"wp:term":[{"taxonomy":"product_brand","embeddable":true,"href":"https:\/\/genorama.com\/et\/wp-json\/wp\/v2\/product_brand?post=806"},{"taxonomy":"product_cat","embeddable":true,"href":"https:\/\/genorama.com\/et\/wp-json\/wp\/v2\/product_cat?post=806"},{"taxonomy":"product_tag","embeddable":true,"href":"https:\/\/genorama.com\/et\/wp-json\/wp\/v2\/product_tag?post=806"}],"curies":[{"name":"wp","href":"https:\/\/api.w.org\/{rel}","templated":true}]}}