{"id":882,"date":"2017-04-27T09:04:19","date_gmt":"2017-04-27T09:04:19","guid":{"rendered":"https:\/\/dev.5dvision.ee\/~vpraktikant\/wordpress\/product\/athletic-performance-test-e\/"},"modified":"2025-09-07T21:18:12","modified_gmt":"2025-09-07T19:18:12","slug":"athletic-performance-test","status":"publish","type":"product","link":"https:\/\/genorama.com\/et\/product\/athletic-performance-test\/","title":{"rendered":"Sportlike v\u00f5imete test"},"content":{"rendered":"<p style=\"text-align: center;\"><strong>Avasta oma sportlik potentsiaal geneetiliste teadmiste abil<\/strong><\/p>\n<p style=\"text-align: center;\">Avasta, kuidas sinu DNA m\u00f5jutab sportlikku sooritusv\u00f5imet. Meie geenitest on loodud p\u00fchendunud spordihuvilistele, kes soovivad m\u00f5ista oma loomulikke eeldusi j\u00f5u, kiiruse, vastupidavuse, taastumise ja vigastuste riski osas. Anal\u00fc\u00fcsides olulisi geneetilisi markereid, annab see test hindamatuid teadmisi sinu keha potentsiaali kohta:<\/p>\n<p style=\"text-align: center;\">\u2013 Kardiovaskulaarne efektiivsus ja keha kohanemisv\u00f5ime f\u00fc\u00fcsiliste v\u00e4ljakutsetega.<br \/>\n\u2013 Lihaste t\u00f6\u00f6v\u00f5ime, j\u00f5ud ja plahvatuslikkus.<br \/>\n\u2013 Vastupidavus, s\u00fcdame-veresoonkonna v\u00f5imekus ja rasvade ainevahetus.<br \/>\n\u2013 Energiatootmine k\u00f5rge intensiivsusega treeningute ajal ja taastumine.<br \/>\n\u2013 Lihaste kasvamine, taastumine ja areng.<br \/>\n\u2013 Veresoonte talitlus, hapniku transport ja \u00fcldine vastupidavus.<br \/>\n\u2013 Energiavahetus ja mitokondrite funktsioon, mis toetavad taastumist ja pikaajalist sooritusv\u00f5imet.<\/p>\n<p style=\"text-align: center;\"><strong>Mida saad teada?<\/strong><br \/>\nGeenid m\u00e4ngivad olulist rolli sportlikus sooritusv\u00f5imes, taastumises ja vigastuste tekke riskis, kuid edu spordis kujundavad ka teised tegurid nagu toitumine, treening ja m\u00f5tteviis. Oma geneetiliste tugevuste tundmine aitab valida spordialasid ja treeningmeetodeid, mis sobivad sinu loomulike v\u00f5imetega, optimeerida taastumist ja v\u00e4hendada vigastuste riski \u2014 andes konkurentsieelise. Olenemata sellest, kas p\u00fc\u00fceldakse tipptulemuste poole v\u00f5i alustatakse uut treeningu teekonda, annab Genorama sporditest teadmised, kuidas oma potentsiaali maksimaalselt rakendada.<\/p>\n<p style=\"text-align: center;\"><strong>Testi detailid:<\/strong><\/p>\n<p style=\"text-align: center;\"><strong>Tulemuste valmimise aeg:<\/strong> Ainult 10 t\u00f6\u00f6p\u00e4eva.<br \/>\n<strong>Proovi kogumine:<\/strong> DNA proov steriilse vatipulgaga p\u00f5se sisek\u00fcljelt.<br \/>\n<strong>Anal\u00fc\u00fcs:<\/strong> H\u00f5lmab 7 erineva geeni uuringut ja selgitab \u00fcksikasjalikult nende rolli sinu organismis.<\/p>\n","protected":false},"excerpt":{"rendered":"<p style=\"text-align: left;\">Geenitest anal\u00fc\u00fcsib 7 erinevat sportliku v\u00f5imekusega seotud geeni, sealhulgas &#8211; ACE ja ACTN3. Test hindab geneetilisi eeldusi sportlikuks soorituseks, taastumiseks, vigastuste riskiks ning annab soovitusi treeningute ja toitumise optimeerimiseks. Geneetiline test keskendub f\u00fc\u00fcsiliste v\u00f5imetega seotud n\u00e4itajate, nagu kiirus, j\u00f5ud, vastupidavus, taastumine ja vigastuste risk, anal\u00fc\u00fcsimisele.<\/p>\n","protected":false},"featured_media":5143,"template":"","meta":{"_acf_changed":false,"ocean_post_layout":"","ocean_both_sidebars_style":"","ocean_both_sidebars_content_width":0,"ocean_both_sidebars_sidebars_width":0,"ocean_sidebar":"0","ocean_second_sidebar":"0","ocean_disable_margins":"enable","ocean_add_body_class":"","ocean_shortcode_before_top_bar":"","ocean_shortcode_after_top_bar":"","ocean_shortcode_before_header":"","ocean_shortcode_after_header":"","ocean_has_shortcode":"","ocean_shortcode_after_title":"","ocean_shortcode_before_footer_widgets":"","ocean_shortcode_after_footer_widgets":"","ocean_shortcode_before_footer_bottom":"","ocean_shortcode_after_footer_bottom":"","ocean_display_top_bar":"default","ocean_display_header":"default","ocean_header_style":"","ocean_center_header_left_menu":"0","ocean_custom_header_template":"0","ocean_custom_logo":0,"ocean_custom_retina_logo":0,"ocean_custom_logo_max_width":0,"ocean_custom_logo_tablet_max_width":0,"ocean_custom_logo_mobile_max_width":0,"ocean_custom_logo_max_height":0,"ocean_custom_logo_tablet_max_height":0,"ocean_custom_logo_mobile_max_height":0,"ocean_header_custom_menu":"0","ocean_menu_typo_font_family":"0","ocean_menu_typo_font_subset":"","ocean_menu_typo_font_size":0,"ocean_menu_typo_font_size_tablet":0,"ocean_menu_typo_font_size_mobile":0,"ocean_menu_typo_font_size_unit":"px","ocean_menu_typo_font_weight":"","ocean_menu_typo_font_weight_tablet":"","ocean_menu_typo_font_weight_mobile":"","ocean_menu_typo_transform":"","ocean_menu_typo_transform_tablet":"","ocean_menu_typo_transform_mobile":"","ocean_menu_typo_line_height":0,"ocean_menu_typo_line_height_tablet":0,"ocean_menu_typo_line_height_mobile":0,"ocean_menu_typo_line_height_unit":"","ocean_menu_typo_spacing":0,"ocean_menu_typo_spacing_tablet":0,"ocean_menu_typo_spacing_mobile":0,"ocean_menu_typo_spacing_unit":"","ocean_menu_link_color":"","ocean_menu_link_color_hover":"","ocean_menu_link_color_active":"","ocean_menu_link_background":"","ocean_menu_link_hover_background":"","ocean_menu_link_active_background":"","ocean_menu_social_links_bg":"","ocean_menu_social_hover_links_bg":"","ocean_menu_social_links_color":"","ocean_menu_social_hover_links_color":"","ocean_disable_title":"default","ocean_disable_heading":"default","ocean_post_title":"","ocean_post_subheading":"","ocean_post_title_style":"","ocean_post_title_background_color":"","ocean_post_title_background":0,"ocean_post_title_bg_image_position":"","ocean_post_title_bg_image_attachment":"","ocean_post_title_bg_image_repeat":"","ocean_post_title_bg_image_size":"","ocean_post_title_height":0,"ocean_post_title_bg_overlay":0.5,"ocean_post_title_bg_overlay_color":"","ocean_disable_breadcrumbs":"default","ocean_breadcrumbs_color":"","ocean_breadcrumbs_separator_color":"","ocean_breadcrumbs_links_color":"","ocean_breadcrumbs_links_hover_color":"","ocean_display_footer_widgets":"default","ocean_display_footer_bottom":"default","ocean_custom_footer_template":"0"},"product_brand":[],"product_cat":[42],"product_tag":[],"class_list":{"0":"post-882","1":"product","2":"type-product","3":"status-publish","4":"has-post-thumbnail","6":"product_cat-sport-et","8":"entry","9":"has-media","11":"first","12":"instock","13":"taxable","14":"shipping-taxable","15":"purchasable","16":"product-type-simple","17":"has-product-nav","18":"col","19":"span_1_of_3","20":"owp-content-center","21":"owp-thumbs-layout-horizontal","22":"owp-btn-normal","23":"owp-tabs-layout-horizontal"},"acf":[],"aioseo_notices":[],"_links":{"self":[{"href":"https:\/\/genorama.com\/et\/wp-json\/wp\/v2\/product\/882","targetHints":{"allow":["GET"]}}],"collection":[{"href":"https:\/\/genorama.com\/et\/wp-json\/wp\/v2\/product"}],"about":[{"href":"https:\/\/genorama.com\/et\/wp-json\/wp\/v2\/types\/product"}],"wp:featuredmedia":[{"embeddable":true,"href":"https:\/\/genorama.com\/et\/wp-json\/wp\/v2\/media\/5143"}],"wp:attachment":[{"href":"https:\/\/genorama.com\/et\/wp-json\/wp\/v2\/media?parent=882"}],"wp:term":[{"taxonomy":"product_brand","embeddable":true,"href":"https:\/\/genorama.com\/et\/wp-json\/wp\/v2\/product_brand?post=882"},{"taxonomy":"product_cat","embeddable":true,"href":"https:\/\/genorama.com\/et\/wp-json\/wp\/v2\/product_cat?post=882"},{"taxonomy":"product_tag","embeddable":true,"href":"https:\/\/genorama.com\/et\/wp-json\/wp\/v2\/product_tag?post=882"}],"curies":[{"name":"wp","href":"https:\/\/api.w.org\/{rel}","templated":true}]}}