{"id":6327,"date":"2025-03-24T11:08:03","date_gmt":"2025-03-24T09:08:03","guid":{"rendered":"https:\/\/genorama.com\/tietosuojakaytanto\/"},"modified":"2025-04-07T20:03:34","modified_gmt":"2025-04-07T18:03:34","slug":"tietosuojakaytanto","status":"publish","type":"page","link":"https:\/\/genorama.com\/fi\/tietosuojakaytanto\/","title":{"rendered":"Tietosuojak\u00e4yt\u00e4nt\u00f6"},"content":{"rendered":"<p class=\"\" data-start=\"54\" data-end=\"166\"><strong data-start=\"54\" data-end=\"164\">Alla l\u00f6yd\u00e4t tiedot siit\u00e4, miten Genorama LLC (j\u00e4ljemp\u00e4n\u00e4: Genorama) k\u00e4sittelee ja suojaa henkil\u00f6tietojasi:<\/strong><\/p>\n<h3 class=\"\" data-start=\"168\" data-end=\"260\">1. Henkil\u00f6tietojen ker\u00e4\u00e4minen, rekisterinpit\u00e4j\u00e4n ja tietojenk\u00e4sittelij\u00e4n m\u00e4\u00e4ritt\u00e4minen<\/h3>\n<p class=\"\" data-start=\"262\" data-end=\"568\">Genorama on maailmanlaajuisesti tunnettu geenitestiyritys, joka tarjoaa erilaisia geenitestauksia ja mikrobiomianalyysej\u00e4 (j\u00e4ljemp\u00e4n\u00e4: Palvelut) sek\u00e4 kehitt\u00e4\u00e4 kyseisi\u00e4 testej\u00e4. Jotta Genorama voi tarjota sinulle Palvelut, sen on k\u00e4sitelt\u00e4v\u00e4 henkil\u00f6tietojasi, mukaan lukien terveys- ja biometriset tiedot.<\/p>\n<p class=\"\" data-start=\"570\" data-end=\"1074\">Genoraman ker\u00e4\u00e4m\u00e4t ja k\u00e4sittelem\u00e4t tiedot voivat sis\u00e4lt\u00e4\u00e4 nimesi, henkil\u00f6tunnuksesi tai syntym\u00e4aikasi, kansalaisuutesi, puhelinnumerosi, s\u00e4hk\u00f6postiosoitteesi, kotiosoitteesi, pankkitilitietosi ja muita Palveluiden tarjoamiseen tarvittavia tietoja sek\u00e4 terveytt\u00e4si, geenej\u00e4si ja mikrobiomiasi koskevia tietoja (j\u00e4ljemp\u00e4n\u00e4: Tiedot). Genorama ker\u00e4\u00e4 ja vastaanottaa Tiedot sinulta, kun teet tilauksen Palveluista. N\u00e4iden Tietojen osalta Genorama toimii tietosuojalains\u00e4\u00e4d\u00e4nn\u00f6n mukaisena rekisterinpit\u00e4j\u00e4n\u00e4.<\/p>\n<p class=\"\" data-start=\"1076\" data-end=\"1414\">Mik\u00e4li Palvelut tilaa l\u00e4\u00e4ketieteellinen laitos tai jokin jakelija, l\u00e4\u00e4k\u00e4risi, muu terveydenhuollon ammattilainen tai kyseisen jakelijan ty\u00f6ntekij\u00e4 ker\u00e4\u00e4 ja toimittaa Tiedot Genoramalle. T\u00e4ll\u00f6in Genorama toimii tietojenk\u00e4sittelij\u00e4n\u00e4 ja kyseinen l\u00e4\u00e4ketieteellinen laitos tai jakelija rekisterinpit\u00e4j\u00e4n\u00e4 tietosuojalains\u00e4\u00e4d\u00e4nn\u00f6n mukaisesti.<\/p>\n<p class=\"\" data-start=\"1416\" data-end=\"1827\">Jos kuulut johonkin Genoraman yhteisty\u00f6kumppanin organisaatioon (esim. l\u00e4\u00e4ketieteellinen laitos tai Palveluiden jakelija), Genorama haluaa k\u00e4sitell\u00e4 Tietojasi (p\u00e4\u00e4asiassa nime\u00e4si, s\u00e4hk\u00f6postiosoitettasi sek\u00e4 asemaasi ja organisaatiotasi\/ty\u00f6nantajaasi koskevia tietoja) l\u00e4hett\u00e4\u00e4kseen sinulle markkinointimateriaalia ja tarjouksia sek\u00e4 tiedottaakseen Palveluvalikoiman ja testausalan muutoksista ja kehityksest\u00e4.<\/p>\n<h3 class=\"\" data-start=\"1829\" data-end=\"1869\">2. Tietojen k\u00e4sittelyn periaatteet<\/h3>\n<p class=\"\" data-start=\"1871\" data-end=\"2225\">Genorama k\u00e4sittelee Tietoja Euroopan tietosuojaperiaatteiden mukaisesti, kuten lainmukaisuuden, oikeudenmukaisuuden, l\u00e4pin\u00e4kyvyyden, k\u00e4ytt\u00f6tarkoituksen rajoittamisen ja tietojen minimoinnin periaatteiden sek\u00e4 sovellettavien lakien vaatimusten mukaisesti. Genorama pit\u00e4\u00e4 ensisijaisena etusijana etujasi, oikeuksiasi ja vapauksiasi Tietojen k\u00e4sittelyss\u00e4.<\/p>\n<h3 class=\"\" data-start=\"2227\" data-end=\"2274\">3. Tietojen k\u00e4sittelyn peruste ja laajuus<\/h3>\n<p class=\"\" data-start=\"2276\" data-end=\"2500\">Rekisterinpit\u00e4j\u00e4n\u00e4 Genorama k\u00e4sittelee Tietojasi p\u00e4\u00e4asiassa Palveluiden tarjoamiseen liittyv\u00e4n sopimuksen t\u00e4ytt\u00e4miseksi. Genorama k\u00e4sittelee Tietoja vain siin\u00e4 m\u00e4\u00e4rin kuin se on tarpeen n\u00e4iden tavoitteiden toteuttamiseksi.<\/p>\n<p class=\"\" data-start=\"2502\" data-end=\"2708\">Tietojen k\u00e4sittely voi olla tarpeen my\u00f6s Genoraman lakis\u00e4\u00e4teisten velvoitteiden t\u00e4ytt\u00e4miseksi (esim. tietojen toimittaminen Viron s\u00e4hk\u00f6iseen terveysj\u00e4rjestelm\u00e4\u00e4n, kirjanpitoon liittyv\u00e4t velvoitteet jne.).<\/p>\n<p class=\"\" data-start=\"2710\" data-end=\"3149\">Joissain tapauksissa Genorama voi k\u00e4ytt\u00e4\u00e4 Tietojasi tutkimukseen tai tilastollisiin tarkoituksiin. Ensimm\u00e4isess\u00e4 tapauksessa Genorama (tai l\u00e4\u00e4k\u00e4risi tai jakelijan ty\u00f6ntekij\u00e4) ilmoittaa sinulle t\u00e4st\u00e4 mahdollisuudesta ja pyyt\u00e4\u00e4 suostumustasi tutkimukseen osallistuessasi Palveluihin. Genorama k\u00e4sittelee Tietojasi tilastollisiin tarkoituksiin oikeutetun edun perusteella, mik\u00e4 tarkoittaa tasapainoa Genoraman etujen ja oikeuksiesi v\u00e4lill\u00e4.<\/p>\n<p class=\"\" data-start=\"3151\" data-end=\"3460\">Jos kuulut Genoraman yhteisty\u00f6kumppanin organisaatioon, Genorama k\u00e4sittelee Tietojasi markkinointitarkoituksiin vain, jos olet antanut siihen etuk\u00e4teen suostumuksesi. Voit peruuttaa suostumuksesi milloin tahansa l\u00e4hett\u00e4m\u00e4ll\u00e4 ilmoituksen Genoramalle tai klikkaamalla s\u00e4hk\u00f6postiviestin lopussa olevaa linkki\u00e4.<\/p>\n<p class=\"\" data-start=\"3462\" data-end=\"3662\">Jos Palvelut tilaa l\u00e4\u00e4ketieteellinen laitos tai jakelija, Genorama k\u00e4sittelee Tietojasi tietojenk\u00e4sittelij\u00e4n\u00e4 kyseisen laitoksen tai jakelijan puolesta ja t\u00e4m\u00e4n kanssa tehdyn sopimuksen perusteella.<\/p>\n<h3 class=\"\" data-start=\"3664\" data-end=\"3717\">4. Tietojen siirt\u00e4minen ja tietojenk\u00e4sittelij\u00e4t<\/h3>\n<p class=\"\" data-start=\"3719\" data-end=\"4072\">Jos sin\u00e4 tai Palveluiden tilaaja sijaitsee Euroopan talousalueella (ETA), Genorama k\u00e4sittelee Tietojasi p\u00e4\u00e4asiassa ETA:n sis\u00e4ll\u00e4 eik\u00e4 siirr\u00e4 Tietoja kolmansiin maihin tai kansainv\u00e4lisiin organisaatioihin. Mik\u00e4li n\u00e4in tehd\u00e4\u00e4n, Genorama varmistaa, ett\u00e4 siirto tapahtuu vain sellaiseen maahan tai organisaatioon, joka t\u00e4ytt\u00e4\u00e4 ETA:n tietosuojavaatimukset.<\/p>\n<p class=\"\" data-start=\"4074\" data-end=\"4310\">Jos sin\u00e4 tai Palveluiden tilaaja sijaitsee ETA:n ulkopuolella, Genorama k\u00e4sittelee ja siirt\u00e4\u00e4 Tietojasi my\u00f6s kolmansiin maihin. T\u00e4ss\u00e4 tapauksessa palveluntarjoajasi varmistaa, ett\u00e4 Tietosi suojataan kyseisen valtion lakien mukaisesti.<\/p>\n<p class=\"\" data-start=\"4312\" data-end=\"4504\">Genorama s\u00e4ilytt\u00e4\u00e4 Tiedot luottamuksellisina eik\u00e4 paljasta niit\u00e4 kolmansille osapuolille, ellei se ole tarpeen Palveluiden tarjoamiseksi, sinulla ole selke\u00e4\u00e4 suostumusta tai laki sit\u00e4 vaadi.<\/p>\n<h3 class=\"\" data-start=\"4506\" data-end=\"4537\">5. Tietojen s\u00e4ilytt\u00e4minen<\/h3>\n<p class=\"\" data-start=\"4539\" data-end=\"4815\">Genorama s\u00e4ilytt\u00e4\u00e4 Tiedot paperilla ja s\u00e4hk\u00f6isesti niin kauan kuin sopimussuhteesta voi synty\u00e4 vaatimuksia tai laki sit\u00e4 edellytt\u00e4\u00e4 (esim. terveyspalveluihin liittyvi\u00e4 testituloksia on s\u00e4ilytett\u00e4v\u00e4 30 vuotta). Tiedot, joita ei en\u00e4\u00e4 tarvita, poistetaan kohtuullisessa ajassa.<\/p>\n<p class=\"\" data-start=\"4817\" data-end=\"4971\">Jos olet antanut suostumuksesi markkinointimateriaalien vastaanottamiseen, Genorama s\u00e4ilytt\u00e4\u00e4 Tietojasi ilman m\u00e4\u00e4r\u00e4aikaa, kunnes peruutat suostumuksesi.<\/p>\n<h3 class=\"\" data-start=\"4973\" data-end=\"4991\">6. Oikeutesi<\/h3>\n<p class=\"\" data-start=\"4993\" data-end=\"5013\">Sinulla on oikeus:<\/p>\n<ul data-start=\"5015\" data-end=\"5293\">\n<li class=\"\" data-start=\"5015\" data-end=\"5075\">\n<p class=\"\" data-start=\"5017\" data-end=\"5075\">Pyyt\u00e4\u00e4 tietoa siit\u00e4, mit\u00e4 Tietoja Genoramalla on sinusta<\/p>\n<\/li>\n<li class=\"\" data-start=\"5076\" data-end=\"5123\">\n<p class=\"\" data-start=\"5078\" data-end=\"5123\">Pyyt\u00e4\u00e4 Tietojen korjaamista tai poistamista<\/p>\n<\/li>\n<li class=\"\" data-start=\"5124\" data-end=\"5199\">\n<p class=\"\" data-start=\"5126\" data-end=\"5199\">Pyyt\u00e4\u00e4 rajoittamaan Tietojen k\u00e4sittely\u00e4 tai vastustaa niiden k\u00e4sittely\u00e4<\/p>\n<\/li>\n<li class=\"\" data-start=\"5200\" data-end=\"5228\">\n<p class=\"\" data-start=\"5202\" data-end=\"5228\">Pyyt\u00e4\u00e4 Tietojesi siirtoa<\/p>\n<\/li>\n<li class=\"\" data-start=\"5229\" data-end=\"5293\">\n<p class=\"\" data-start=\"5231\" data-end=\"5293\">Vaatia, ettei sinuun kohdisteta automaattista p\u00e4\u00e4t\u00f6ksentekoa<\/p>\n<\/li>\n<\/ul>\n<h3 class=\"\" data-start=\"5295\" data-end=\"5334\">7. Riitatilanteet ja yhteystiedot<\/h3>\n<p class=\"\" data-start=\"5336\" data-end=\"5553\">Jos sinulla on kysytt\u00e4v\u00e4\u00e4 tai ehdotuksia siit\u00e4, miten Genorama k\u00e4sittelee Tietojasi, voit ottaa yhteytt\u00e4 tietosuojavastaavaan Kaie Jaaksoniin s\u00e4hk\u00f6postitse <strong data-start=\"5492\" data-end=\"5516\">info[at]genorama.com<\/strong> tai puhelimitse <strong data-start=\"5533\" data-end=\"5550\">+372 7307 295<\/strong>.<\/p>\n<p class=\"\" data-start=\"5555\" data-end=\"5659\">Jos katsot, ett\u00e4 Genorama on loukannut oikeuksiasi, voit ottaa yhteytt\u00e4 Viron tietosuojaviranomaiseen.<\/p>\n<p class=\"\" data-start=\"5661\" data-end=\"5766\">Genorama arvostaa yksityisyytt\u00e4si ja pyrkii suojaamaan Tietosi ja noudattamaan tietosuojalains\u00e4\u00e4d\u00e4nt\u00f6\u00e4.<\/p>\n<p>8. Seurantateknologiat ja kolmansien osapuolten palvelut<br \/>\nK\u00e4yt\u00e4mme erilaisia kolmannen osapuolen palveluita liikenteen analysointiin, mainonnan tehokkuuden mittaamiseen, asiakastuen tarjoamiseen ja k\u00e4ytt\u00e4j\u00e4kokemuksen parantamiseen. N\u00e4m\u00e4 palvelut voivat ker\u00e4t\u00e4, tallentaa ja k\u00e4sitell\u00e4 tietoja, mukaan lukien henkil\u00f6tietoja. Alla on erittely k\u00e4ytt\u00e4mist\u00e4mme ty\u00f6kaluista ja siit\u00e4, miten ne k\u00e4sittelev\u00e4t tietoja.<br \/>\nGoogle Analytics<br \/>\nK\u00e4yt\u00e4mme Google Analyticsia analysoidaksemme verkkosivuston liikennett\u00e4 ja k\u00e4ytt\u00e4jien k\u00e4ytt\u00e4ytymist\u00e4. Google Analytics ker\u00e4\u00e4 tietoja, kuten vierailtuja sivuja, sivustollamme vietetty\u00e4 aikaa, laitetyyppi\u00e4 ja vuorovaikutusta. N\u00e4m\u00e4 tiedot auttavat meit\u00e4 parantamaan verkkosivustoamme ja palveluitamme. Google voi k\u00e4ytt\u00e4\u00e4 ker\u00e4ttyj\u00e4 tietoja mainosverkostonsa mainosten kontekstualisointiin ja personointiin.<br \/>\n&#8211; Kielt\u00e4ytyminen: Voit kielt\u00e4yty\u00e4 Google Analytics -seurannasta asentamalla Google Analytics Opt-out Browser Add-on -lis\u00e4osan.<br \/>\n&#8211; Lis\u00e4tietoja: Googlen tietosuojak\u00e4yt\u00e4nt\u00f6<br \/>\nGoogle-mainokset<br \/>\nK\u00e4yt\u00e4mme Google Ads -mainoksia mainosten esitt\u00e4miseen ja niiden tehokkuuden seurantaan. Google Ads k\u00e4ytt\u00e4\u00e4 ev\u00e4steit\u00e4 k\u00e4ytt\u00e4jien selausk\u00e4ytt\u00e4ytymiseen perustuvien personoitujen mainosten n\u00e4ytt\u00e4miseen.<br \/>\n&#8211; Poistuminen: Voit s\u00e4\u00e4t\u00e4\u00e4 mainosasetuksia Googlen mainosasetusten kautta.<br \/>\n&#8211; Lis\u00e4tietoja: Google k\u00e4ytt\u00e4\u00e4 tietojasi<\/p>\n<p>Google Tag Manager<br \/>\nGoogle Tag Manageria k\u00e4ytet\u00e4\u00e4n seurantasarjojen k\u00e4ytt\u00f6\u00f6nottoon verkkosivustollamme. Se ei ker\u00e4\u00e4 suoraan henkil\u00f6tietoja, mutta mahdollistaa muiden seurantaty\u00f6kalujen (kuten Google Analytics, Google Ads ja Facebook Pixel) toiminnan.<br \/>\n&#8211; Lis\u00e4tietoja: Google Tag Managerin k\u00e4ytt\u00f6ehdot<br \/>\nFacebook Pixel<br \/>\nK\u00e4yt\u00e4mme Facebook Pixeli\u00e4 konversioiden seuraamiseen ja mainostoimintojemme optimointiin Facebookissa. Facebook voi ker\u00e4t\u00e4 tietoja k\u00e4ytt\u00e4jien k\u00e4ytt\u00e4ytymisest\u00e4 ja vuorovaikutuksesta sivustomme kanssa mainosten personointia varten.<br \/>\n&#8211; Opt-out: Voit hallita mainosasetuksiasi Facebookin mainosasetuksissa.<br \/>\n&#8211; Lis\u00e4tietoja: Facebookin tietosuojak\u00e4yt\u00e4nt\u00f6<br \/>\nKlaviyo<br \/>\nK\u00e4yt\u00e4mme Klaviyoa s\u00e4hk\u00f6postimarkkinointiin ja asiakastietojen seurantaan. Klaviyo voi ker\u00e4t\u00e4 tietoja, kuten s\u00e4hk\u00f6postivuorovaikutuksista, verkkosivuston toiminnasta ja ostok\u00e4ytt\u00e4ytymisest\u00e4.<br \/>\n&#8211; Lis\u00e4tietoa: Klaviro: Klaviro on vastuussa siit\u00e4, ett\u00e4 asiakkaat voivat k\u00e4ytt\u00e4\u00e4 Klaviro-verkkopalvelua: Klaviyon tietosuojak\u00e4yt\u00e4nt\u00f6<br \/>\nTawk.to<br \/>\nVerkkosivustomme k\u00e4ytt\u00e4\u00e4 Tawk.to:ta live-chat-tukeen. Tawk.to voi ker\u00e4t\u00e4 IP-osoitteita, chat-p\u00f6yt\u00e4kirjoja ja muita asiaankuuluvia asiakastukitietoja.<br \/>\n&#8211; Lis\u00e4tietoa: Twkw.2.1: Tawk.to:n tietosuojak\u00e4yt\u00e4nt\u00f6<br \/>\nCookieYes<br \/>\nK\u00e4yt\u00e4mme CookieYesi\u00e4 ev\u00e4steiden suostumusasetusten hallintaan verkkosivustollamme. CookieYes asennetaan Google Tag Managerin kautta, ja sen avulla k\u00e4ytt\u00e4j\u00e4t voivat mukauttaa ev\u00e4steasetuksiaan mieltymystens\u00e4 mukaan.<br \/>\n&#8211; Lis\u00e4tietoa: CookieYesin tietosuojak\u00e4yt\u00e4nt\u00f6<\/p>\n<p>WordPress<br \/>\nVerkkosivustomme on rakennettu WordPressill\u00e4, sis\u00e4ll\u00f6nhallintaj\u00e4rjestelm\u00e4ll\u00e4 (CMS), joka voi ker\u00e4t\u00e4 tietoja, kuten k\u00e4ytt\u00e4jien kommentteja, kirjautumistietoja ja sivuston analytiikkaa. WordPress voi my\u00f6s itse k\u00e4ytt\u00e4\u00e4 ev\u00e4steit\u00e4 k\u00e4ytt\u00e4j\u00e4kokemuksen ja sivuston toiminnallisuuden parantamiseksi.<br \/>\n&#8211; Lis\u00e4tietoja: WordPressin tietosuojak\u00e4yt\u00e4nt\u00f6<br \/>\nZone.ee (hosting-palveluntarjoaja)<br \/>\nVerkkosivustoamme is\u00e4nn\u00f6i Zone.ee, mik\u00e4 tarkoittaa, ett\u00e4 sen palvelimille voidaan tallentaa k\u00e4ytt\u00e4j\u00e4tietoja, kuten IP-osoitteita ja sivuston vuorovaikutusta. Zone.ee voi ker\u00e4t\u00e4 ja k\u00e4sitell\u00e4 tietoja osana hosting-palvelujaan.<br \/>\n&#8211; Lis\u00e4tietoja: Zone.ee:n tietosuojak\u00e4yt\u00e4nt\u00f6<br \/>\nOikeutesi ja valintasi<br \/>\nSinulla on oikeus valvoa, miten tietojasi ker\u00e4t\u00e4\u00e4n ja k\u00e4ytet\u00e4\u00e4n. Voit:<br \/>\n&#8211; S\u00e4\u00e4t\u00e4\u00e4 ev\u00e4steasetuksia selaimesi kautta.<br \/>\n&#8211; Poistua kohdennetusta mainonnasta tarjolla olevien poistumislinkkien kautta.<br \/>\n&#8211; Pyyt\u00e4\u00e4 p\u00e4\u00e4sy\u00e4 tietoihin tai niiden poistamista ottamalla meihin yhteytt\u00e4.<\/p>\n","protected":false},"excerpt":{"rendered":"<p>Alla l\u00f6yd\u00e4t tiedot siit\u00e4, miten Genorama LLC (j\u00e4ljemp\u00e4n\u00e4: Genorama) k\u00e4sittelee ja suojaa henkil\u00f6tietojasi: 1. Henkil\u00f6tietojen ker\u00e4\u00e4minen, rekisterinpit\u00e4j\u00e4n ja tietojenk\u00e4sittelij\u00e4n m\u00e4\u00e4ritt\u00e4minen Genorama on maailmanlaajuisesti tunnettu geenitestiyritys, joka tarjoaa erilaisia geenitestauksia ja mikrobiomianalyysej\u00e4 (j\u00e4ljemp\u00e4n\u00e4: Palvelut) sek\u00e4 kehitt\u00e4\u00e4 kyseisi\u00e4 testej\u00e4. Jotta Genorama voi tarjota sinulle Palvelut, sen on k\u00e4sitelt\u00e4v\u00e4 henkil\u00f6tietojasi, mukaan lukien terveys- ja biometriset tiedot. Genoraman ker\u00e4\u00e4m\u00e4t [&hellip;]<\/p>\n","protected":false},"author":3,"featured_media":0,"parent":0,"menu_order":0,"comment_status":"closed","ping_status":"closed","template":"","meta":{"_acf_changed":false,"ocean_post_layout":"","ocean_both_sidebars_style":"","ocean_both_sidebars_content_width":0,"ocean_both_sidebars_sidebars_width":0,"ocean_sidebar":"0","ocean_second_sidebar":"0","ocean_disable_margins":"enable","ocean_add_body_class":"","ocean_shortcode_before_top_bar":"","ocean_shortcode_after_top_bar":"","ocean_shortcode_before_header":"","ocean_shortcode_after_header":"","ocean_has_shortcode":"","ocean_shortcode_after_title":"","ocean_shortcode_before_footer_widgets":"","ocean_shortcode_after_footer_widgets":"","ocean_shortcode_before_footer_bottom":"","ocean_shortcode_after_footer_bottom":"","ocean_display_top_bar":"default","ocean_display_header":"default","ocean_header_style":"","ocean_center_header_left_menu":"0","ocean_custom_header_template":"0","ocean_custom_logo":0,"ocean_custom_retina_logo":0,"ocean_custom_logo_max_width":0,"ocean_custom_logo_tablet_max_width":0,"ocean_custom_logo_mobile_max_width":0,"ocean_custom_logo_max_height":0,"ocean_custom_logo_tablet_max_height":0,"ocean_custom_logo_mobile_max_height":0,"ocean_header_custom_menu":"0","ocean_menu_typo_font_family":"0","ocean_menu_typo_font_subset":"","ocean_menu_typo_font_size":0,"ocean_menu_typo_font_size_tablet":0,"ocean_menu_typo_font_size_mobile":0,"ocean_menu_typo_font_size_unit":"px","ocean_menu_typo_font_weight":"","ocean_menu_typo_font_weight_tablet":"","ocean_menu_typo_font_weight_mobile":"","ocean_menu_typo_transform":"","ocean_menu_typo_transform_tablet":"","ocean_menu_typo_transform_mobile":"","ocean_menu_typo_line_height":0,"ocean_menu_typo_line_height_tablet":0,"ocean_menu_typo_line_height_mobile":0,"ocean_menu_typo_line_height_unit":"","ocean_menu_typo_spacing":0,"ocean_menu_typo_spacing_tablet":0,"ocean_menu_typo_spacing_mobile":0,"ocean_menu_typo_spacing_unit":"","ocean_menu_link_color":"","ocean_menu_link_color_hover":"","ocean_menu_link_color_active":"","ocean_menu_link_background":"","ocean_menu_link_hover_background":"","ocean_menu_link_active_background":"","ocean_menu_social_links_bg":"","ocean_menu_social_hover_links_bg":"","ocean_menu_social_links_color":"","ocean_menu_social_hover_links_color":"","ocean_disable_title":"default","ocean_disable_heading":"default","ocean_post_title":"","ocean_post_subheading":"","ocean_post_title_style":"","ocean_post_title_background_color":"","ocean_post_title_background":0,"ocean_post_title_bg_image_position":"","ocean_post_title_bg_image_attachment":"","ocean_post_title_bg_image_repeat":"","ocean_post_title_bg_image_size":"","ocean_post_title_height":0,"ocean_post_title_bg_overlay":0.5,"ocean_post_title_bg_overlay_color":"","ocean_disable_breadcrumbs":"default","ocean_breadcrumbs_color":"","ocean_breadcrumbs_separator_color":"","ocean_breadcrumbs_links_color":"","ocean_breadcrumbs_links_hover_color":"","ocean_display_footer_widgets":"default","ocean_display_footer_bottom":"default","ocean_custom_footer_template":"0","footnotes":""},"class_list":["post-6327","page","type-page","status-publish","hentry","entry","owp-thumbs-layout-horizontal","owp-btn-normal","owp-tabs-layout-horizontal","has-no-thumbnails","has-product-nav"],"acf":[],"aioseo_notices":[],"_links":{"self":[{"href":"https:\/\/genorama.com\/fi\/wp-json\/wp\/v2\/pages\/6327","targetHints":{"allow":["GET"]}}],"collection":[{"href":"https:\/\/genorama.com\/fi\/wp-json\/wp\/v2\/pages"}],"about":[{"href":"https:\/\/genorama.com\/fi\/wp-json\/wp\/v2\/types\/page"}],"author":[{"embeddable":true,"href":"https:\/\/genorama.com\/fi\/wp-json\/wp\/v2\/users\/3"}],"replies":[{"embeddable":true,"href":"https:\/\/genorama.com\/fi\/wp-json\/wp\/v2\/comments?post=6327"}],"version-history":[{"count":1,"href":"https:\/\/genorama.com\/fi\/wp-json\/wp\/v2\/pages\/6327\/revisions"}],"predecessor-version":[{"id":6399,"href":"https:\/\/genorama.com\/fi\/wp-json\/wp\/v2\/pages\/6327\/revisions\/6399"}],"wp:attachment":[{"href":"https:\/\/genorama.com\/fi\/wp-json\/wp\/v2\/media?parent=6327"}],"curies":[{"name":"wp","href":"https:\/\/api.w.org\/{rel}","templated":true}]}}