{"id":6391,"date":"2025-04-07T17:13:58","date_gmt":"2025-04-07T15:13:58","guid":{"rendered":"https:\/\/genorama.com\/myyntiehdot\/"},"modified":"2025-04-07T20:24:28","modified_gmt":"2025-04-07T18:24:28","slug":"myyntiehdot","status":"publish","type":"page","link":"https:\/\/genorama.com\/fi\/myyntiehdot\/","title":{"rendered":"Myyntiehdot"},"content":{"rendered":"<div class=\"page-header\">\n<div class=\"container\">\n<h1 class=\"page-title\">Myyntiehdot<\/h1>\n<\/div>\n<\/div>\n<div id=\"content\" class=\"site-content\">\n<div class=\"container\">\n<div id=\"primary\" class=\"content-area\">\n<p>&nbsp;<\/p>\n<article id=\"post-4505\" class=\"post-4505 page type-page status-publish hentry latest_post\">\n<div class=\"entry-content\">\n<p>1. Myyntiehtojen soveltamisala ja voimassaolo<\/p>\n<p>1.1. N\u00e4m\u00e4 Genorama-verkkokaupan myyntiehdot muodostavat oikeudellisesti sitovan sopimuksen, joka on tehty Genorama-verkkokaupasta testauspalvelun (j\u00e4ljemp\u00e4n\u00e4 Palvelu) ostavan henkil\u00f6n tai yhteis\u00f6n (j\u00e4ljemp\u00e4n\u00e4 Ostaja) ja Genorama-verkkokaupan omistajan v\u00e4lill\u00e4, joka sijaitsee Internet-osoitteessa: www.genorama.com, eli Genorama LLC, rekisteritunnus 11538292, osoite Vaksali 17a, Tartu 50410, puh: +3727307295, s\u00e4hk\u00f6postiosoite: info@genorama.com (j\u00e4ljemp\u00e4n\u00e4 Genorama). Ostaja ja Genorama j\u00e4ljemp\u00e4n\u00e4 yhdess\u00e4 j\u00e4ljemp\u00e4n\u00e4 \u2019osapuolet\u2019.<\/p>\n<p>1.2. Ostaja vahvistaa lukeneensa ja sitoutuu noudattamaan Myyntiehtoja ja pit\u00e4\u00e4 niit\u00e4 sitovina ennen Genoraman tuottaman Palvelun osto- ja myyntitapahtuman tekemist\u00e4. Ostaja, joka ei hyv\u00e4ksy Myyntiehtoja, ei voi tehd\u00e4 Myynti- ja ostotapahtumaa Genorama-verkkokaupassa.<\/p>\n<p>1.3. Genoramalla on oikeus muuttaa, t\u00e4ydent\u00e4\u00e4 tai t\u00e4ydent\u00e4\u00e4 Myyntiehtoja milloin tahansa ja mist\u00e4 tahansa syyst\u00e4. Kaikki Myyntiehtojen muutokset tai t\u00e4ydennykset ovat saatavilla Genoraman Verkkosivustolla, ja ne tulevat voimaan v\u00e4litt\u00f6m\u00e4sti, kun muutos tai t\u00e4ydennys on julkaistu Genoraman Verkkosivustolla.<\/p>\n<p>1.4. Kaikkia Ostajan henkil\u00f6tietoja, jotka luovutetaan Genorama-verkkokaupassa tapahtuvan osto- ja myyntitapahtuman aikana, on k\u00e4sitelt\u00e4v\u00e4 luottamuksellisina.<\/p>\n<p>1.5. Kaikki kysymykset, joita ei ole s\u00e4\u00e4nnelty n\u00e4iss\u00e4 myyntiehdoissa, m\u00e4\u00e4r\u00e4ytyv\u00e4t Viron tasavallan lains\u00e4\u00e4d\u00e4nn\u00f6n mukaan.<\/p>\n<p>2. Palvelujen myynti<\/p>\n<p>2.1. Genorama-verkkokaupassa myyt\u00e4v\u00e4n Palvelun hintaan sovelletaan Genorama-verkkosivustolla ilmoitettua hintaa.<\/p>\n<p>2.2. Palvelun hinta on ilmoitettu euroina ja se sis\u00e4lt\u00e4\u00e4 22 % arvonlis\u00e4veron (ALV). Jos arvonlis\u00e4verokanta muuttuu, Palvelun hintaa mukautetaan arvonlis\u00e4verokannan muutoksen verran.<\/p>\n<p>2.3. Palvelun hintaan sis\u00e4ltyy maksu n\u00e4ytteenottopakkauksen postitoimituksesta ostajalle ja ker\u00e4tyn n\u00e4ytteen palauttamisesta Genoramalle (lukuun ottamatta kohdassa 2.5 mainittuja olosuhteita).<\/p>\n<p>2.4. Jos Ostaja haluaa vastaanottaa n\u00e4ytteenottopakkauksen DPD -pakettip\u00e4\u00e4tteen kautta (sovelletaan vain Viron tasavallan sis\u00e4ll\u00e4 sijaitseviin toimituspaikkoihin), l\u00e4hetyskulut lis\u00e4t\u00e4\u00e4n Palvelun hintaan. Ker\u00e4tyn n\u00e4ytteen palauttaminen Genoramalle DPD -pakettiterminaalin kautta on maksutonta 14 (nelj\u00e4ntoista) p\u00e4iv\u00e4n kuluessa k\u00e4ytt\u00e4en samaa ovikoodia kuin paketin vastaanottamisessa.<\/p>\n<p>2.5. Jos ostaja haluaa vastaanottaa n\u00e4ytteenottopakkauksen ja palauttaa ker\u00e4tyn n\u00e4ytteen Genoramalle eri tavalla kuin Genoraman verkkosivustolla on kuvattu, ostajan on maksettava toimituksesta ja palautuksesta Genoraman kanssa etuk\u00e4teen sovittu summa.<\/p>\n<p>2.6. Jos n\u00e4ytteenottopakkauksen l\u00e4hetyspaikka on muu kuin Viron tasavalta, ostajan on maksettava ker\u00e4tyn n\u00e4ytteen palauttaminen Genoramalle.<\/p>\n<p>2.7. Genoramalla on oikeus muuttaa palvelun hintaa milloin tahansa ilman ennakkoilmoitusta. Jos tilaus on tehty ennen hinnanmuutoksen voimaantulop\u00e4iv\u00e4\u00e4, Palveluun sovelletaan tilausp\u00e4iv\u00e4n\u00e4 voimassa ollutta hintaa.<\/p>\n<p>2.8. Ostaja maksaa Palvelusta voimassa olevan hinnan mukaisesti. Genorama hyv\u00e4ksyy seuraavat maksutavat: PayPal, luottokortti (Visa, MasterCard), pankkilinkit (Swedbank, SEB, Luminor, LHV, Coop; sovelletaan vain Viron tasavallassa).<br \/>\nHenkil\u00f6tietoja k\u00e4sitelt\u00e4ess\u00e4 Genorama on rekisterinpit\u00e4j\u00e4. Genorama v\u00e4litt\u00e4\u00e4 maksujen k\u00e4sittelyyn tarvittavat tiedot Maksekeskus Oy:lle, joka toimii tietojen k\u00e4sittelij\u00e4n\u00e4.<\/p>\n<p>3. Tilauksen tekeminen, myynti- ja ostotapahtuman tekeminen<\/p>\n<p>3.1. Ostaja voi olla yksityishenkil\u00f6 tai oikeuskelpoinen oikeushenkil\u00f6. Tilauksen tekem\u00e4ll\u00e4 Ostaja vahvistaa, ett\u00e4 h\u00e4nell\u00e4 on oikeustoimikelpoisuus ja\/tai valtuudet suorittaa kauppa. Ostaja, jolla on rajoitettu oikeustoimikelpoisuus (eli alle 18-vuotias henkil\u00f6), vahvistaa hyv\u00e4ksym\u00e4ll\u00e4 myyntiehdot, ett\u00e4 h\u00e4nen laillinen edustajansa on antanut suostumuksensa kaupan tekemiseen ja tarvittavien varojen k\u00e4ytt\u00f6\u00f6n.<\/p>\n<p>3.2. Ostoskori luodaan, kun Ostaja klikkaa Palvelun vieress\u00e4 olevaa \u201dTilaa\u201d-painiketta. Palvelun lis\u00e4\u00e4minen ostoskoriin ei velvoita ostamaan palvelua. Ostoskorin sis\u00e4lt\u00f6\u00e4 voidaan muuttaa milloin tahansa. Ennen tilauksen l\u00e4hett\u00e4mist\u00e4 Ostaja voi muuttaa, lis\u00e4t\u00e4 tai poistaa Palvelun ja peruuttaa oston.<\/p>\n<p>3.3. Tehd\u00e4kseen tilauksen Genorama-verkkokaupassa Ostajan on napsautettava Ostoskori-sivulla olevaa \u201dL\u00e4het\u00e4 tilaus\u201d -painiketta. Tilausta tehdess\u00e4\u00e4n Ostajan on t\u00e4ytett\u00e4v\u00e4 virtuaalinen lomake henkil\u00f6tiedoilla (etunimi, sukunimi, n\u00e4ytteenottopakkauksen m\u00e4\u00e4r\u00e4np\u00e4\u00e4: kaupunki, osoite, postinumero; yhteyspuhelinnumero, s\u00e4hk\u00f6postiosoite; jos kyseess\u00e4 on oikeushenkil\u00f6, oikeushenkil\u00f6n toiminimi).<\/p>\n<p>3.4. Ostaja on velvollinen lukemaan ja hyv\u00e4ksym\u00e4\u00e4n Genorama-verkkokaupan myyntiehdot, k\u00e4ytt\u00f6ehdot ja tietosuojaselosteen ennen tilauksen vahvistamista; ja valitsemaan haluamansa maksutavan tilauksen maksamiseksi.<\/p>\n<p>3.5. Tilaus katsotaan vahvistetuksi, kun Ostaja on maksanut Genorama-verkkokaupassa tehdyn tilauksen. Ostaja saa s\u00e4hk\u00f6postitse tilausvahvistuksen ja maksukuitin.<\/p>\n<p>3.6. Myynti- ja ostotapahtuma katsotaan tehdyksi, kun tilausvahvistus on l\u00e4hetetty Ostajan s\u00e4hk\u00f6postiosoitteeseen.<\/p>\n<p>4. Tilauksen k\u00e4sittely<\/p>\n<p>4.1. Genorama toimittaa n\u00e4ytteenottopakkauksen Ostajalle postitse tai Itella SmartPOST -pakettiterminaalilla (paitsi jos n\u00e4ytteenottopakkauksen l\u00e4hetyspaikka on Viron tasavallan ulkopuolella) Ostajan Genorama-verkkokaupassa tekem\u00e4n valinnan mukaisesti.<\/p>\n<p>4.2. Genorama j\u00e4rjest\u00e4\u00e4 n\u00e4ytteenottopakkauksen toimittamisen Ostajalle 3 (kolmen) arkip\u00e4iv\u00e4n kuluessa tilauksen vahvistamisesta, ellei m\u00e4\u00e4r\u00e4aikaa voida noudattaa Genoramasta riippumattomien ennakoimattomien olosuhteiden vuoksi.<\/p>\n<p>4.3. Jos n\u00e4ytteenottopakkauksen l\u00e4hetyspaikka on Viron tasavallan ulkopuolella, n\u00e4ytteenottopakkauksen toimittamisen erityisehdot ja -k\u00e4yt\u00e4nn\u00f6t riippuvat kuriiripalvelun tarjoajasta, eiv\u00e4tk\u00e4 ne ole Genoraman valvottavissa tai ennakoitavissa.<\/p>\n<p>4.4. Genorama ei ole vastuussa n\u00e4ytteenottosarjan toimituksen viiv\u00e4stymisest\u00e4 tai toimittamatta j\u00e4tt\u00e4misest\u00e4, joka johtuu ostajan tilausta tehdess\u00e4\u00e4n antamista ep\u00e4tarkoista tiedoista.<\/p>\n<p>4.5. Genorama ilmoittaa ostajalle n\u00e4ytemateriaalin vastaanottamisesta l\u00e4hett\u00e4m\u00e4ll\u00e4 vahvistuskirjeen ostajan s\u00e4hk\u00f6postiosoitteeseen. Palvelun l\u00e4pimenoaika (TAT) on kuvattu Genoraman verkkosivustolla. TAT lasketaan siit\u00e4, kun n\u00e4ytemateriaali on vastaanotettu Genoraman laboratoriossa.<\/p>\n<p>4.6. Palvelun toimitusaika voi viiv\u00e4sty\u00e4 Genoramasta riippumattomista tai ennalta arvaamattomista olosuhteista johtuen, mukaan lukien tekniset viat ja ylivoimainen este (ylivoimainen este, kuten kohdassa 6.2. on m\u00e4\u00e4ritelty).<\/p>\n<p>4.7. Jos palvelun sovellettava TAT ylittyy teknisten vikojen vuoksi yli 10 (kymmenen) ty\u00f6p\u00e4iv\u00e4\u00e4, Ostajalla on oikeus peruuttaa myynti- ja ostotapahtuma ja vaatia palvelusta suoritetun maksun palautusta.<\/p>\n<p>4.8. Palvelu katsotaan suoritetuksi, kun tulokset on toimitettu Ostajan s\u00e4hk\u00f6postiosoitteeseen.<\/p>\n<p>5. Myynti- ja ostotapahtumasta peruuttaminen<\/p>\n<p>5.1. Ostajalla on oikeus peruuttaa tilaus ennen kuin Genorama on vastaanottanut n\u00e4ytemateriaalin.<\/p>\n<p>5.2. Tilauksen peruutusoikeuden k\u00e4ytt\u00e4miseksi Ostajan on ilmoitettava Genoramalle peruutusp\u00e4\u00e4t\u00f6ksest\u00e4 kirjallisesti s\u00e4hk\u00f6postitse osoitteeseen info@genorama.com.<\/p>\n<p>5.3. Jos Ostaja peruuttaa Tilauksen sen j\u00e4lkeen, kun n\u00e4ytteenottopakkaus on l\u00e4hetetty Ostajalle, Genorama palauttaa 75 % Palvelusta suoritetusta maksusta Ostajan pankkitilille 14 (nelj\u00e4ntoista) kalenterip\u00e4iv\u00e4n kuluessa siit\u00e4, kun Genorama on vastaanottanut peruutuspyynn\u00f6n.<\/p>\n<p>5.4. Ostajalla on oikeus kielt\u00e4yty\u00e4 saamasta tietoonsa palvelun tuloksia ilmoittamalla siit\u00e4 kirjallisesti Genoramalle ennen tulosten l\u00e4hett\u00e4mist\u00e4 ostajalle. Kielt\u00e4ytyminen tulosten saamisesta ei oikeuta Ostajaa vaatimaan Palvelusta suoritetun maksun palauttamista.<\/p>\n<p>6. Vastuu ja ylivoimainen este<\/p>\n<p>6.1. Genorama ja Ostaja ovat vastuussa vahingoista toiselle osapuolelle n\u00e4iden myyntiehtojen rikkomisesta ja siin\u00e4 laajuudessa kuin Viron tasavallan lains\u00e4\u00e4d\u00e4nn\u00f6ss\u00e4 s\u00e4\u00e4det\u00e4\u00e4n.<\/p>\n<p>6.2. Genorama ei ole vastuussa Ostajalle aiheutuneista vahingoista, jos palvelun toimituksen viiv\u00e4styminen johtuu Genoramasta riippumattomista tai ennakoitavissa olevista olosuhteista, mukaan lukien tekniset viat ja ylivoimainen este. Ylivoimainen este tarkoittaa kaikkia v\u00e4ist\u00e4m\u00e4tt\u00f6mi\u00e4 ja ennakoimattomia tapahtumia, jotka eiv\u00e4t ole Genoraman kohtuullisessa m\u00e4\u00e4rin hallittavissa. T\u00e4llaisia tapahtumia ovat yleiset s\u00e4hk\u00f6katkokset, tulipalot, r\u00e4j\u00e4hdykset, luonnonkatastrofit ja muut tapahtumat, jotka hyv\u00e4ksyt\u00e4\u00e4n ylivoimaiseksi esteeksi yleisess\u00e4 kansainv\u00e4lisess\u00e4 k\u00e4yt\u00e4nn\u00f6ss\u00e4.<\/p>\n<p>7. Riitojen ratkaiseminen<\/p>\n<p>7.1. Kaikki ostajan Genoraman palvelua vastaan esitt\u00e4m\u00e4t vaatimukset on l\u00e4hetett\u00e4v\u00e4 kirjallisesti osoitteeseen info@genorama.com.<\/p>\n<p>7.2. Ostaja ja Genorama pyrkiv\u00e4t ratkaisemaan kaikki t\u00e4h\u00e4n myynti- ja ostotapahtumaan liittyv\u00e4t riidat neuvottelemalla. Jos osapuolet eiv\u00e4t onnistu ratkaisemaan t\u00e4h\u00e4n Myynti- ja ostotapahtumaan liittyvi\u00e4 riitoja neuvotteluilla, Ostajalla on oikeus ottaa yhteytt\u00e4 Euroopan unionin kuluttajariitojen ratkaisufoorumiin.<\/p>\n<\/div>\n<\/article>\n<p>&nbsp;<\/p>\n<\/div>\n<\/div>\n<\/div>\n","protected":false},"excerpt":{"rendered":"<p>Myyntiehdot &nbsp; 1. Myyntiehtojen soveltamisala ja voimassaolo 1.1. N\u00e4m\u00e4 Genorama-verkkokaupan myyntiehdot muodostavat oikeudellisesti sitovan sopimuksen, joka on tehty Genorama-verkkokaupasta testauspalvelun (j\u00e4ljemp\u00e4n\u00e4 Palvelu) ostavan henkil\u00f6n tai yhteis\u00f6n (j\u00e4ljemp\u00e4n\u00e4 Ostaja) ja Genorama-verkkokaupan omistajan v\u00e4lill\u00e4, joka sijaitsee Internet-osoitteessa: www.genorama.com, eli Genorama LLC, rekisteritunnus 11538292, osoite Vaksali 17a, Tartu 50410, puh: +3727307295, s\u00e4hk\u00f6postiosoite: info@genorama.com (j\u00e4ljemp\u00e4n\u00e4 Genorama). Ostaja ja Genorama [&hellip;]<\/p>\n","protected":false},"author":3,"featured_media":0,"parent":0,"menu_order":0,"comment_status":"closed","ping_status":"closed","template":"","meta":{"_acf_changed":false,"ocean_post_layout":"","ocean_both_sidebars_style":"","ocean_both_sidebars_content_width":0,"ocean_both_sidebars_sidebars_width":0,"ocean_sidebar":"0","ocean_second_sidebar":"0","ocean_disable_margins":"enable","ocean_add_body_class":"","ocean_shortcode_before_top_bar":"","ocean_shortcode_after_top_bar":"","ocean_shortcode_before_header":"","ocean_shortcode_after_header":"","ocean_has_shortcode":"","ocean_shortcode_after_title":"","ocean_shortcode_before_footer_widgets":"","ocean_shortcode_after_footer_widgets":"","ocean_shortcode_before_footer_bottom":"","ocean_shortcode_after_footer_bottom":"","ocean_display_top_bar":"default","ocean_display_header":"default","ocean_header_style":"","ocean_center_header_left_menu":"0","ocean_custom_header_template":"0","ocean_custom_logo":0,"ocean_custom_retina_logo":0,"ocean_custom_logo_max_width":0,"ocean_custom_logo_tablet_max_width":0,"ocean_custom_logo_mobile_max_width":0,"ocean_custom_logo_max_height":0,"ocean_custom_logo_tablet_max_height":0,"ocean_custom_logo_mobile_max_height":0,"ocean_header_custom_menu":"0","ocean_menu_typo_font_family":"0","ocean_menu_typo_font_subset":"","ocean_menu_typo_font_size":0,"ocean_menu_typo_font_size_tablet":0,"ocean_menu_typo_font_size_mobile":0,"ocean_menu_typo_font_size_unit":"px","ocean_menu_typo_font_weight":"","ocean_menu_typo_font_weight_tablet":"","ocean_menu_typo_font_weight_mobile":"","ocean_menu_typo_transform":"","ocean_menu_typo_transform_tablet":"","ocean_menu_typo_transform_mobile":"","ocean_menu_typo_line_height":0,"ocean_menu_typo_line_height_tablet":0,"ocean_menu_typo_line_height_mobile":0,"ocean_menu_typo_line_height_unit":"","ocean_menu_typo_spacing":0,"ocean_menu_typo_spacing_tablet":0,"ocean_menu_typo_spacing_mobile":0,"ocean_menu_typo_spacing_unit":"","ocean_menu_link_color":"","ocean_menu_link_color_hover":"","ocean_menu_link_color_active":"","ocean_menu_link_background":"","ocean_menu_link_hover_background":"","ocean_menu_link_active_background":"","ocean_menu_social_links_bg":"","ocean_menu_social_hover_links_bg":"","ocean_menu_social_links_color":"","ocean_menu_social_hover_links_color":"","ocean_disable_title":"default","ocean_disable_heading":"default","ocean_post_title":"","ocean_post_subheading":"","ocean_post_title_style":"","ocean_post_title_background_color":"","ocean_post_title_background":0,"ocean_post_title_bg_image_position":"","ocean_post_title_bg_image_attachment":"","ocean_post_title_bg_image_repeat":"","ocean_post_title_bg_image_size":"","ocean_post_title_height":0,"ocean_post_title_bg_overlay":0.5,"ocean_post_title_bg_overlay_color":"","ocean_disable_breadcrumbs":"default","ocean_breadcrumbs_color":"","ocean_breadcrumbs_separator_color":"","ocean_breadcrumbs_links_color":"","ocean_breadcrumbs_links_hover_color":"","ocean_display_footer_widgets":"default","ocean_display_footer_bottom":"default","ocean_custom_footer_template":"0","footnotes":""},"class_list":["post-6391","page","type-page","status-publish","hentry","entry","owp-thumbs-layout-horizontal","owp-btn-normal","owp-tabs-layout-horizontal","has-no-thumbnails","has-product-nav"],"acf":[],"aioseo_notices":[],"_links":{"self":[{"href":"https:\/\/genorama.com\/fi\/wp-json\/wp\/v2\/pages\/6391","targetHints":{"allow":["GET"]}}],"collection":[{"href":"https:\/\/genorama.com\/fi\/wp-json\/wp\/v2\/pages"}],"about":[{"href":"https:\/\/genorama.com\/fi\/wp-json\/wp\/v2\/types\/page"}],"author":[{"embeddable":true,"href":"https:\/\/genorama.com\/fi\/wp-json\/wp\/v2\/users\/3"}],"replies":[{"embeddable":true,"href":"https:\/\/genorama.com\/fi\/wp-json\/wp\/v2\/comments?post=6391"}],"version-history":[{"count":2,"href":"https:\/\/genorama.com\/fi\/wp-json\/wp\/v2\/pages\/6391\/revisions"}],"predecessor-version":[{"id":6418,"href":"https:\/\/genorama.com\/fi\/wp-json\/wp\/v2\/pages\/6391\/revisions\/6418"}],"wp:attachment":[{"href":"https:\/\/genorama.com\/fi\/wp-json\/wp\/v2\/media?parent=6391"}],"curies":[{"name":"wp","href":"https:\/\/api.w.org\/{rel}","templated":true}]}}