{"id":5423,"date":"2017-04-24T09:22:42","date_gmt":"2017-04-24T09:22:42","guid":{"rendered":"https:\/\/genorama.com\/product\/aitiystesti\/"},"modified":"2025-02-17T18:28:15","modified_gmt":"2025-02-17T16:28:15","slug":"aitiystesti","status":"publish","type":"product","link":"https:\/\/genorama.com\/fi\/product\/aitiystesti\/","title":{"rendered":"\u00c4itiystesti"},"content":{"rendered":"<p style=\"text-align: center;\">\u00c4itiystesteiss\u00e4 k\u00e4ytet\u00e4\u00e4n Promega PowerPlex\u00ae 18D System -j\u00e4rjestelm\u00e4ll\u00e4 teht\u00e4v\u00e4\u00e4 <strong>18-merkkist\u00e4 geneettist\u00e4 analyysi\u00e4<\/strong>.<\/p>\n<p style=\"text-align: center;\"><strong>L\u00e4pimenoaika:<\/strong> 5-10 ty\u00f6p\u00e4iv\u00e4\u00e4<\/p>\n<p style=\"text-align: center;\"><strong>N\u00e4ytevaatimukset:<\/strong> Bukkaalinen solun\u00e4yte<br \/>\nN\u00e4ytteenottopakkaus l\u00e4hetet\u00e4\u00e4n tilauksessa ilmoitettuun osoitteeseen.<\/p>\n<p style=\"text-align: center;\">\u2014\u2014\u2014\u2014\u2014\u2014\u2014\u2014\u2014\u2014\u2014\u2014\u2014\u2014\u2014\u2014\u2014\u2014\u2014\u2014\u2014\u2014\u2014\u2014\u2014\u2014\u2014\u2014\u2014\u2014\u2014\u2014\u2014\u2014\u2014\u2013<\/p>\n<p style=\"text-align: center;\">Etsitk\u00f6 vastauksia? \u00c4itiystestimme tarjoaa mielenrauhaa ja luotettavia tuloksia.<\/p>\n<p style=\"text-align: center;\"><img decoding=\"async\" class=\"wp-image-5336 aligncenter\" src=\"https:\/\/genorama.com\/wp-content\/uploads\/2017\/04\/Nimetu-kujundus-29.png\" sizes=\"(max-width: 49px) 100vw, 49px\" srcset=\"https:\/\/genorama.com\/wp-content\/uploads\/2017\/04\/Nimetu-kujundus-29.png 150w, https:\/\/genorama.com\/wp-content\/uploads\/2017\/04\/Nimetu-kujundus-29-100x100.png 100w\" alt=\"\" width=\"49\" height=\"49\" \/><\/p>\n<p style=\"text-align: center;\"><strong>Tarkkuus:<\/strong> Yli 99,99 % luotettavia tuloksia selkeisiin vastauksiin.<\/p>\n<p style=\"text-align: center;\"><img decoding=\"async\" class=\"wp-image-5343 aligncenter\" src=\"https:\/\/genorama.com\/wp-content\/uploads\/2017\/04\/Nimetu-kujundus-30.png\" sizes=\"(max-width: 56px) 100vw, 56px\" srcset=\"https:\/\/genorama.com\/wp-content\/uploads\/2017\/04\/Nimetu-kujundus-30.png 150w, https:\/\/genorama.com\/wp-content\/uploads\/2017\/04\/Nimetu-kujundus-30-100x100.png 100w\" alt=\"\" width=\"56\" height=\"56\" \/><\/p>\n<p style=\"text-align: center;\"><strong>Nopeat tulokset:<\/strong> Saat tulokset jo 5-10 arkip\u00e4iv\u00e4ss\u00e4.<\/p>\n<p style=\"text-align: center;\"><img decoding=\"async\" class=\"wp-image-5350 aligncenter\" src=\"https:\/\/genorama.com\/wp-content\/uploads\/2017\/04\/Nimetu-kujundus-31.png\" sizes=\"(max-width: 47px) 100vw, 47px\" srcset=\"https:\/\/genorama.com\/wp-content\/uploads\/2017\/04\/Nimetu-kujundus-31.png 150w, https:\/\/genorama.com\/wp-content\/uploads\/2017\/04\/Nimetu-kujundus-31-100x100.png 100w\" alt=\"\" width=\"47\" height=\"47\" \/><\/p>\n<p style=\"text-align: center;\"><strong>Luottamuksellisuus:<\/strong> Asiakasportaalimme takaa t\u00e4ydellisen yksityisyyden koko prosessin ajan.<\/p>\n<p style=\"text-align: center;\"><img loading=\"lazy\" decoding=\"async\" class=\" wp-image-5357 aligncenter\" src=\"https:\/\/genorama.com\/wp-content\/uploads\/2017\/04\/Nimetu-kujundus-33.png\" sizes=\"(max-width: 54px) 100vw, 54px\" srcset=\"https:\/\/genorama.com\/wp-content\/uploads\/2017\/04\/Nimetu-kujundus-33.png 150w, https:\/\/genorama.com\/wp-content\/uploads\/2017\/04\/Nimetu-kujundus-33-100x100.png 100w\" alt=\"\" width=\"54\" height=\"54\" \/><\/p>\n<p style=\"text-align: center;\"><strong>Helppok\u00e4ytt\u00f6inen:<\/strong> Mukana on yksinkertainen kotik\u00e4ytt\u00f6\u00f6n tarkoitettu ker\u00e4yspakkaus.<\/p>\n<hr \/>\n<p style=\"text-align: center;\"><strong>Miten se toimii:<\/strong><\/p>\n<p style=\"text-align: center;\">Tilaa testipakkaus.<br \/>\nKer\u00e4\u00e4 DNA-n\u00e4ytteet helpoilla pyyhk\u00e4isyn\u00e4ytteill\u00e4 (2x poskipyyhk\u00e4isyn\u00e4ytett\u00e4 kutakin henkil\u00f6\u00e4 kohden sis\u00e4ltyy oletustestiin).<br \/>\nT\u00e4yt\u00e4 kyselylomakkeet asiakasportaalissa.<br \/>\nL\u00e4het\u00e4 n\u00e4ytteet sertifioituun laboratorioomme ennalta maksetussa laatikossa.<br \/>\nVastaanota suojatut tulokset suojatun 2-tekij\u00e4todennetun asiakasportaalimme kautta.<\/p>\n","protected":false},"excerpt":{"rendered":"<p>Vakiotesti sis\u00e4lt\u00e4\u00e4 yhden v\u00e4itetyn \u00e4idin ja yhden lapsen testauksen.<\/p>\n<p>Testaukseen on mahdollista lis\u00e4t\u00e4 useampia henkil\u00f6it\u00e4. Tee valintasi alla.<\/p>\n","protected":false},"featured_media":5186,"template":"","meta":{"_acf_changed":false,"ocean_post_layout":"","ocean_both_sidebars_style":"","ocean_both_sidebars_content_width":0,"ocean_both_sidebars_sidebars_width":0,"ocean_sidebar":"0","ocean_second_sidebar":"0","ocean_disable_margins":"enable","ocean_add_body_class":"","ocean_shortcode_before_top_bar":"","ocean_shortcode_after_top_bar":"","ocean_shortcode_before_header":"","ocean_shortcode_after_header":"","ocean_has_shortcode":"","ocean_shortcode_after_title":"","ocean_shortcode_before_footer_widgets":"","ocean_shortcode_after_footer_widgets":"","ocean_shortcode_before_footer_bottom":"","ocean_shortcode_after_footer_bottom":"","ocean_display_top_bar":"default","ocean_display_header":"default","ocean_header_style":"","ocean_center_header_left_menu":"0","ocean_custom_header_template":"0","ocean_custom_logo":0,"ocean_custom_retina_logo":0,"ocean_custom_logo_max_width":0,"ocean_custom_logo_tablet_max_width":0,"ocean_custom_logo_mobile_max_width":0,"ocean_custom_logo_max_height":0,"ocean_custom_logo_tablet_max_height":0,"ocean_custom_logo_mobile_max_height":0,"ocean_header_custom_menu":"0","ocean_menu_typo_font_family":"0","ocean_menu_typo_font_subset":"","ocean_menu_typo_font_size":0,"ocean_menu_typo_font_size_tablet":0,"ocean_menu_typo_font_size_mobile":0,"ocean_menu_typo_font_size_unit":"px","ocean_menu_typo_font_weight":"","ocean_menu_typo_font_weight_tablet":"","ocean_menu_typo_font_weight_mobile":"","ocean_menu_typo_transform":"","ocean_menu_typo_transform_tablet":"","ocean_menu_typo_transform_mobile":"","ocean_menu_typo_line_height":0,"ocean_menu_typo_line_height_tablet":0,"ocean_menu_typo_line_height_mobile":0,"ocean_menu_typo_line_height_unit":"","ocean_menu_typo_spacing":0,"ocean_menu_typo_spacing_tablet":0,"ocean_menu_typo_spacing_mobile":0,"ocean_menu_typo_spacing_unit":"","ocean_menu_link_color":"","ocean_menu_link_color_hover":"","ocean_menu_link_color_active":"","ocean_menu_link_background":"","ocean_menu_link_hover_background":"","ocean_menu_link_active_background":"","ocean_menu_social_links_bg":"","ocean_menu_social_hover_links_bg":"","ocean_menu_social_links_color":"","ocean_menu_social_hover_links_color":"","ocean_disable_title":"default","ocean_disable_heading":"default","ocean_post_title":"","ocean_post_subheading":"","ocean_post_title_style":"","ocean_post_title_background_color":"","ocean_post_title_background":0,"ocean_post_title_bg_image_position":"","ocean_post_title_bg_image_attachment":"","ocean_post_title_bg_image_repeat":"","ocean_post_title_bg_image_size":"","ocean_post_title_height":0,"ocean_post_title_bg_overlay":0.5,"ocean_post_title_bg_overlay_color":"","ocean_disable_breadcrumbs":"default","ocean_breadcrumbs_color":"","ocean_breadcrumbs_separator_color":"","ocean_breadcrumbs_links_color":"","ocean_breadcrumbs_links_hover_color":"","ocean_display_footer_widgets":"default","ocean_display_footer_bottom":"default","ocean_custom_footer_template":"0"},"product_brand":[],"product_cat":[255],"product_tag":[],"class_list":{"0":"post-5423","1":"product","2":"type-product","3":"status-publish","4":"has-post-thumbnail","6":"product_cat-biologinen-suhde","8":"entry","9":"has-media","11":"first","12":"instock","13":"sold-individually","14":"taxable","15":"shipping-taxable","16":"purchasable","17":"product-type-variable","18":"has-default-attributes","19":"has-product-nav","20":"col","21":"span_1_of_3","22":"owp-content-center","23":"owp-thumbs-layout-horizontal","24":"owp-btn-normal","25":"owp-tabs-layout-horizontal"},"acf":[],"aioseo_notices":[],"_links":{"self":[{"href":"https:\/\/genorama.com\/fi\/wp-json\/wp\/v2\/product\/5423","targetHints":{"allow":["GET"]}}],"collection":[{"href":"https:\/\/genorama.com\/fi\/wp-json\/wp\/v2\/product"}],"about":[{"href":"https:\/\/genorama.com\/fi\/wp-json\/wp\/v2\/types\/product"}],"wp:featuredmedia":[{"embeddable":true,"href":"https:\/\/genorama.com\/fi\/wp-json\/wp\/v2\/media\/5186"}],"wp:attachment":[{"href":"https:\/\/genorama.com\/fi\/wp-json\/wp\/v2\/media?parent=5423"}],"wp:term":[{"taxonomy":"product_brand","embeddable":true,"href":"https:\/\/genorama.com\/fi\/wp-json\/wp\/v2\/product_brand?post=5423"},{"taxonomy":"product_cat","embeddable":true,"href":"https:\/\/genorama.com\/fi\/wp-json\/wp\/v2\/product_cat?post=5423"},{"taxonomy":"product_tag","embeddable":true,"href":"https:\/\/genorama.com\/fi\/wp-json\/wp\/v2\/product_tag?post=5423"}],"curies":[{"name":"wp","href":"https:\/\/api.w.org\/{rel}","templated":true}]}}