{"id":5690,"date":"2017-04-24T09:28:40","date_gmt":"2017-04-24T09:28:40","guid":{"rendered":"https:\/\/genorama.com\/product\/silmanpohjan-ikarappeuma-makuladegeneraatio\/"},"modified":"2025-02-21T02:12:18","modified_gmt":"2025-02-21T00:12:18","slug":"silmanpohjan-ikarappeuma-makuladegeneraatio","status":"publish","type":"product","link":"https:\/\/genorama.com\/fi\/product\/silmanpohjan-ikarappeuma-makuladegeneraatio\/","title":{"rendered":"Silm\u00e4npohjan ik\u00e4rappeuman (makuladegeneraatio) geenitesti"},"content":{"rendered":"<p style=\"text-align: center;\"><strong>Ik\u00e4\u00e4ntymiseen liittyv\u00e4 makuladegeneraatio (AMD) -geenitesti<\/strong><\/p>\n<p style=\"text-align: center;\">Ik\u00e4\u00e4ntymiseen liittyv\u00e4 makuladegeneraatio (AMD) on etenev\u00e4 silm\u00e4sairaus ja johtava syy yli 60-vuotiaiden n\u00e4\u00f6n menetykseen. T\u00e4m\u00e4 sairaus johtuu makulan vaurioitumisesta, joka on verkkokalvon osa, joka vastaa ter\u00e4v\u00e4st\u00e4, keskeisest\u00e4 ja v\u00e4rin\u00e4\u00f6st\u00e4.<br \/>\nAMD alkaa usein hienovaraisesti, ja jotkut tapaukset etenev\u00e4t hitaasti ilman havaittavia oireita, kun taas toiset etenev\u00e4t nopeammin, mik\u00e4 voi johtaa molempien silmien n\u00e4\u00f6n menetykseen. Tilan pahentuessa potilaat kokevat, ett\u00e4 ter\u00e4v\u00e4 keskeinen n\u00e4k\u00f6 heikkenee v\u00e4hitellen. AMD:t\u00e4 on kahta eri muotoa: \u201dKuiva\u201d, jota esiintyy noin 90 prosentissa tapauksista, ja \u2018m\u00e4rk\u00e4\u2019.<\/p>\n<p style=\"text-align: center;\"><strong>Miksi testata AMD:n riski?<\/strong><br \/>\nAMD:n riskin varhainen havaitseminen on olennaista tehokkaan ennaltaehk\u00e4isyn ja hoidon kannalta. Lis\u00e4\u00e4ntyneen geneettisen alttiuden tunnistaminen mahdollistaa oikea-aikaiset toimenpiteet, jotka voivat viiv\u00e4stytt\u00e4\u00e4 taudin etenemist\u00e4 ja auttaa s\u00e4ilytt\u00e4m\u00e4\u00e4n n\u00e4k\u00f6kyvyn.<\/p>\n<p style=\"text-align: center;\"><strong>Testin yksityiskohdat:<\/strong><br \/>\n<strong>L\u00e4pimenoaika:<\/strong> 15 ty\u00f6p\u00e4iv\u00e4\u00e4<br \/>\n<strong>N\u00e4ytevaatimukset:<\/strong> Bukkaalinen solun\u00e4yte (ker\u00e4t\u00e4\u00e4n helppok\u00e4ytt\u00f6isell\u00e4 paketilla, joka l\u00e4hetet\u00e4\u00e4n suoraan ilmoittamaasi osoitteeseen).<\/p>\n","protected":false},"excerpt":{"rendered":"<p>Testin avulla voidaan arvioida geneettinen riski sairastua ik\u00e4\u00e4n liittyv\u00e4\u00e4n makulan rappeutumiseen (AMD).<\/p>\n","protected":false},"featured_media":5179,"template":"","meta":{"_acf_changed":false,"ocean_post_layout":"","ocean_both_sidebars_style":"","ocean_both_sidebars_content_width":0,"ocean_both_sidebars_sidebars_width":0,"ocean_sidebar":"0","ocean_second_sidebar":"0","ocean_disable_margins":"enable","ocean_add_body_class":"","ocean_shortcode_before_top_bar":"","ocean_shortcode_after_top_bar":"","ocean_shortcode_before_header":"","ocean_shortcode_after_header":"","ocean_has_shortcode":"","ocean_shortcode_after_title":"","ocean_shortcode_before_footer_widgets":"","ocean_shortcode_after_footer_widgets":"","ocean_shortcode_before_footer_bottom":"","ocean_shortcode_after_footer_bottom":"","ocean_display_top_bar":"default","ocean_display_header":"default","ocean_header_style":"","ocean_center_header_left_menu":"0","ocean_custom_header_template":"0","ocean_custom_logo":0,"ocean_custom_retina_logo":0,"ocean_custom_logo_max_width":0,"ocean_custom_logo_tablet_max_width":0,"ocean_custom_logo_mobile_max_width":0,"ocean_custom_logo_max_height":0,"ocean_custom_logo_tablet_max_height":0,"ocean_custom_logo_mobile_max_height":0,"ocean_header_custom_menu":"0","ocean_menu_typo_font_family":"0","ocean_menu_typo_font_subset":"","ocean_menu_typo_font_size":0,"ocean_menu_typo_font_size_tablet":0,"ocean_menu_typo_font_size_mobile":0,"ocean_menu_typo_font_size_unit":"px","ocean_menu_typo_font_weight":"","ocean_menu_typo_font_weight_tablet":"","ocean_menu_typo_font_weight_mobile":"","ocean_menu_typo_transform":"","ocean_menu_typo_transform_tablet":"","ocean_menu_typo_transform_mobile":"","ocean_menu_typo_line_height":0,"ocean_menu_typo_line_height_tablet":0,"ocean_menu_typo_line_height_mobile":0,"ocean_menu_typo_line_height_unit":"","ocean_menu_typo_spacing":0,"ocean_menu_typo_spacing_tablet":0,"ocean_menu_typo_spacing_mobile":0,"ocean_menu_typo_spacing_unit":"","ocean_menu_link_color":"","ocean_menu_link_color_hover":"","ocean_menu_link_color_active":"","ocean_menu_link_background":"","ocean_menu_link_hover_background":"","ocean_menu_link_active_background":"","ocean_menu_social_links_bg":"","ocean_menu_social_hover_links_bg":"","ocean_menu_social_links_color":"","ocean_menu_social_hover_links_color":"","ocean_disable_title":"default","ocean_disable_heading":"default","ocean_post_title":"","ocean_post_subheading":"","ocean_post_title_style":"","ocean_post_title_background_color":"","ocean_post_title_background":0,"ocean_post_title_bg_image_position":"","ocean_post_title_bg_image_attachment":"","ocean_post_title_bg_image_repeat":"","ocean_post_title_bg_image_size":"","ocean_post_title_height":0,"ocean_post_title_bg_overlay":0.5,"ocean_post_title_bg_overlay_color":"","ocean_disable_breadcrumbs":"default","ocean_breadcrumbs_color":"","ocean_breadcrumbs_separator_color":"","ocean_breadcrumbs_links_color":"","ocean_breadcrumbs_links_hover_color":"","ocean_display_footer_widgets":"default","ocean_display_footer_bottom":"default","ocean_custom_footer_template":"0"},"product_brand":[],"product_cat":[295],"product_tag":[],"class_list":{"0":"post-5690","1":"product","2":"type-product","3":"status-publish","4":"has-post-thumbnail","6":"product_cat-terveys","8":"entry","9":"has-media","11":"first","12":"instock","13":"taxable","14":"shipping-taxable","15":"purchasable","16":"product-type-simple","17":"has-product-nav","18":"col","19":"span_1_of_3","20":"owp-content-center","21":"owp-thumbs-layout-horizontal","22":"owp-btn-normal","23":"owp-tabs-layout-horizontal"},"acf":[],"aioseo_notices":[],"_links":{"self":[{"href":"https:\/\/genorama.com\/fi\/wp-json\/wp\/v2\/product\/5690","targetHints":{"allow":["GET"]}}],"collection":[{"href":"https:\/\/genorama.com\/fi\/wp-json\/wp\/v2\/product"}],"about":[{"href":"https:\/\/genorama.com\/fi\/wp-json\/wp\/v2\/types\/product"}],"wp:featuredmedia":[{"embeddable":true,"href":"https:\/\/genorama.com\/fi\/wp-json\/wp\/v2\/media\/5179"}],"wp:attachment":[{"href":"https:\/\/genorama.com\/fi\/wp-json\/wp\/v2\/media?parent=5690"}],"wp:term":[{"taxonomy":"product_brand","embeddable":true,"href":"https:\/\/genorama.com\/fi\/wp-json\/wp\/v2\/product_brand?post=5690"},{"taxonomy":"product_cat","embeddable":true,"href":"https:\/\/genorama.com\/fi\/wp-json\/wp\/v2\/product_cat?post=5690"},{"taxonomy":"product_tag","embeddable":true,"href":"https:\/\/genorama.com\/fi\/wp-json\/wp\/v2\/product_tag?post=5690"}],"curies":[{"name":"wp","href":"https:\/\/api.w.org\/{rel}","templated":true}]}}