{"id":5708,"date":"2017-04-27T09:04:19","date_gmt":"2017-04-27T09:04:19","guid":{"rendered":"https:\/\/genorama.com\/product\/urheilullinen-suorituskykytesti\/"},"modified":"2025-09-07T21:24:01","modified_gmt":"2025-09-07T19:24:01","slug":"urheilullinen-suorituskykytesti","status":"publish","type":"product","link":"https:\/\/genorama.com\/fi\/product\/urheilullinen-suorituskykytesti\/","title":{"rendered":"Urheilullinen suorituskykytesti"},"content":{"rendered":"<p style=\"text-align: center;\"><strong>Avaa urheilullinen potentiaalisi geneettisten oivallusten avulla<\/strong><\/p>\n<p style=\"text-align: center;\">Selvit\u00e4, miten DNA:si vaikuttaa urheilusuoritukseesi. Erikoistunut geenitestim\u00adme on suunniteltu omistautuneille urheilun harrastajille, jotka haluavat ymm\u00e4rt\u00e4\u00e4 luonnollisia taipumuksiaan voiman, nopeuden, kest\u00e4vyyden, palautumisen ja loukkaantumisriskin osalta. Analysoimalla keskeisi\u00e4 geneettisi\u00e4 markkereita t\u00e4m\u00e4 testi tarjoaa arvokkaita n\u00e4kemyksi\u00e4 kehosi potentiaalista:<\/p>\n<p style=\"text-align: center;\">\u2013 Syd\u00e4n- ja verenkiertoelimist\u00f6n tehokkuus ja kehon kyky sopeutua fyysisiin haasteisiin.<br \/>\n\u2013 Lihasten suorituskyky, voima ja r\u00e4j\u00e4ht\u00e4vyys.<br \/>\n\u2013 Kest\u00e4vyys, syd\u00e4n- ja verenkiertoelimist\u00f6n kapasiteetti sek\u00e4 rasva-aineenvaihdunta.<br \/>\n\u2013 Energiantuotanto korkean intensiteetin harjoittelussa ja palautumisessa.<br \/>\n\u2013 Lihasten kasvu, korjaantuminen ja kehitys.<br \/>\n\u2013 Verisuonten toiminta, hapen kuljetus ja yleinen kest\u00e4vyys.<br \/>\n\u2013 Energiatasapaino ja mitokondrioiden toiminta, jotka tukevat palautumista ja pitk\u00e4aikaista suorituskyky\u00e4.<\/p>\n<p style=\"text-align: center;\"><strong>Mit\u00e4 tulet l\u00f6yt\u00e4m\u00e4\u00e4n?<\/strong><br \/>\nGeenit vaikuttavat merkitt\u00e4v\u00e4sti urheilusuoritukseen, palautumiseen ja loukkaantumisherkkyyteen, mutta menestyst\u00e4 muokkaavat my\u00f6s tekij\u00e4t, kuten ravinto, harjoittelu ja ajattelutapa. Omien geneettisten vahvuuksien tunteminen auttaa sinua valitsemaan lajisi ja harjoitusmenetelm\u00e4t, jotka sopivat parhaiten luonnollisiin ominaisuuksiisi, optimoimaan palautumisesi ja v\u00e4hent\u00e4m\u00e4\u00e4n loukkaantumisriski\u00e4 \u2014 antaen sinulle kilpailuedun. Olipa tavoitteenasi huippusuoritus tai uuden liikuntamatkan aloittaminen, t\u00e4m\u00e4 testi antaa sinulle tiedot, joiden avulla voit maksimoida potentiaalisi.<\/p>\n<p style=\"text-align: center;\"><strong>Testin tiedot:<\/strong><\/p>\n<p style=\"text-align: center;\"><strong>Tulosten valmistumisaika:<\/strong> Vain 10 arkip\u00e4iv\u00e4\u00e4.<br \/>\n<strong>N\u00e4ytteenotto:<\/strong> Helppo ja kivuton poskisolun\u00e4yte (poskikaavinta).<br \/>\n<strong>Analyysi:<\/strong> Kattaa 7 eri geeni\u00e4 ja selitt\u00e4\u00e4 yksityiskohtaisesti niiden toiminnan kehossasi.<\/p>\n","protected":false},"excerpt":{"rendered":"<p style=\"text-align: justify;\">Testi tunnistaa 7 eri geeni\u00e4, mukaan lukien ACE ja ACTN3, jotka liittyv\u00e4t urheilusuoritukseen. Testi arvioi geneettisi\u00e4 taipumuksia urheilusuoritukseen, palautumiseen ja loukkaantumisriskiin sek\u00e4 tarjoaa suosituksia harjoittelun ja ravitsemuksen optimointiin. Geenitesti keskittyy geneettisten markkereiden analysointiin, jotka liittyv\u00e4t fyysisiin ominaisuuksiin, kuten nopeus, voima, kest\u00e4vyys, palautuminen ja loukkaantumisriski.<\/p>\n","protected":false},"featured_media":5144,"template":"","meta":{"_acf_changed":false,"ocean_post_layout":"","ocean_both_sidebars_style":"","ocean_both_sidebars_content_width":0,"ocean_both_sidebars_sidebars_width":0,"ocean_sidebar":"0","ocean_second_sidebar":"0","ocean_disable_margins":"enable","ocean_add_body_class":"","ocean_shortcode_before_top_bar":"","ocean_shortcode_after_top_bar":"","ocean_shortcode_before_header":"","ocean_shortcode_after_header":"","ocean_has_shortcode":"","ocean_shortcode_after_title":"","ocean_shortcode_before_footer_widgets":"","ocean_shortcode_after_footer_widgets":"","ocean_shortcode_before_footer_bottom":"","ocean_shortcode_after_footer_bottom":"","ocean_display_top_bar":"default","ocean_display_header":"default","ocean_header_style":"","ocean_center_header_left_menu":"0","ocean_custom_header_template":"0","ocean_custom_logo":0,"ocean_custom_retina_logo":0,"ocean_custom_logo_max_width":0,"ocean_custom_logo_tablet_max_width":0,"ocean_custom_logo_mobile_max_width":0,"ocean_custom_logo_max_height":0,"ocean_custom_logo_tablet_max_height":0,"ocean_custom_logo_mobile_max_height":0,"ocean_header_custom_menu":"0","ocean_menu_typo_font_family":"0","ocean_menu_typo_font_subset":"","ocean_menu_typo_font_size":0,"ocean_menu_typo_font_size_tablet":0,"ocean_menu_typo_font_size_mobile":0,"ocean_menu_typo_font_size_unit":"px","ocean_menu_typo_font_weight":"","ocean_menu_typo_font_weight_tablet":"","ocean_menu_typo_font_weight_mobile":"","ocean_menu_typo_transform":"","ocean_menu_typo_transform_tablet":"","ocean_menu_typo_transform_mobile":"","ocean_menu_typo_line_height":0,"ocean_menu_typo_line_height_tablet":0,"ocean_menu_typo_line_height_mobile":0,"ocean_menu_typo_line_height_unit":"","ocean_menu_typo_spacing":0,"ocean_menu_typo_spacing_tablet":0,"ocean_menu_typo_spacing_mobile":0,"ocean_menu_typo_spacing_unit":"","ocean_menu_link_color":"","ocean_menu_link_color_hover":"","ocean_menu_link_color_active":"","ocean_menu_link_background":"","ocean_menu_link_hover_background":"","ocean_menu_link_active_background":"","ocean_menu_social_links_bg":"","ocean_menu_social_hover_links_bg":"","ocean_menu_social_links_color":"","ocean_menu_social_hover_links_color":"","ocean_disable_title":"default","ocean_disable_heading":"default","ocean_post_title":"","ocean_post_subheading":"","ocean_post_title_style":"","ocean_post_title_background_color":"","ocean_post_title_background":0,"ocean_post_title_bg_image_position":"","ocean_post_title_bg_image_attachment":"","ocean_post_title_bg_image_repeat":"","ocean_post_title_bg_image_size":"","ocean_post_title_height":0,"ocean_post_title_bg_overlay":0.5,"ocean_post_title_bg_overlay_color":"","ocean_disable_breadcrumbs":"default","ocean_breadcrumbs_color":"","ocean_breadcrumbs_separator_color":"","ocean_breadcrumbs_links_color":"","ocean_breadcrumbs_links_hover_color":"","ocean_display_footer_widgets":"default","ocean_display_footer_bottom":"default","ocean_custom_footer_template":"0"},"product_brand":[],"product_cat":[303],"product_tag":[],"class_list":{"0":"post-5708","1":"product","2":"type-product","3":"status-publish","4":"has-post-thumbnail","6":"product_cat-urheilu","8":"entry","9":"has-media","11":"first","12":"instock","13":"taxable","14":"shipping-taxable","15":"purchasable","16":"product-type-simple","17":"has-product-nav","18":"col","19":"span_1_of_3","20":"owp-content-center","21":"owp-thumbs-layout-horizontal","22":"owp-btn-normal","23":"owp-tabs-layout-horizontal"},"acf":[],"aioseo_notices":[],"_links":{"self":[{"href":"https:\/\/genorama.com\/fi\/wp-json\/wp\/v2\/product\/5708","targetHints":{"allow":["GET"]}}],"collection":[{"href":"https:\/\/genorama.com\/fi\/wp-json\/wp\/v2\/product"}],"about":[{"href":"https:\/\/genorama.com\/fi\/wp-json\/wp\/v2\/types\/product"}],"wp:featuredmedia":[{"embeddable":true,"href":"https:\/\/genorama.com\/fi\/wp-json\/wp\/v2\/media\/5144"}],"wp:attachment":[{"href":"https:\/\/genorama.com\/fi\/wp-json\/wp\/v2\/media?parent=5708"}],"wp:term":[{"taxonomy":"product_brand","embeddable":true,"href":"https:\/\/genorama.com\/fi\/wp-json\/wp\/v2\/product_brand?post=5708"},{"taxonomy":"product_cat","embeddable":true,"href":"https:\/\/genorama.com\/fi\/wp-json\/wp\/v2\/product_cat?post=5708"},{"taxonomy":"product_tag","embeddable":true,"href":"https:\/\/genorama.com\/fi\/wp-json\/wp\/v2\/product_tag?post=5708"}],"curies":[{"name":"wp","href":"https:\/\/api.w.org\/{rel}","templated":true}]}}