{"id":5713,"date":"2018-08-01T11:47:43","date_gmt":"2018-08-01T11:47:43","guid":{"rendered":"https:\/\/genorama.com\/product\/genewell\/"},"modified":"2025-08-20T21:29:37","modified_gmt":"2025-08-20T19:29:37","slug":"genewell","status":"publish","type":"product","link":"https:\/\/genorama.com\/fi\/product\/genewell\/","title":{"rendered":"GeneWell<sup>\u00ae<\/sup> &#8211; Geneettinen alttius testi"},"content":{"rendered":"<p style=\"text-align: center;\"><strong>Tutustu terveytesi geneettiseen profiiliin GeneWell\u00ae-testill\u00e4<\/strong><\/p>\n<p style=\"text-align: center;\">Geenisi kertovat ainutlaatuisista terveysriskeist\u00e4si. GeneWell\u00ae-alttiustesti analysoi yli 30 mahdollista geneettist\u00e4 riski\u00e4, tarjoten sinulle arvokasta tietoa hyvinvointisi tueksi.<\/p>\n<hr \/>\n<p style=\"text-align: center;\"><strong>Mit\u00e4 GeneWell\u00ae-testi paljastaa?<\/strong><\/p>\n<p style=\"text-align: center;\">\u25aa\ufe0fGeneettinen alttius <strong>vitamiinivajeille<br \/>\n<\/strong>\u25aa\ufe0fGeneettinen riski <strong>lihavuudelle<br \/>\n<\/strong>\u25aa\ufe0fAlttius <strong>syd\u00e4n- ja verisuonitaudeille<br \/>\n<\/strong>\u25aa\ufe0fRiski sairastua <strong>tyypin 2 diabetekseen<br \/>\n<\/strong>\u25aa\ufe0fGeneettinen riski <strong>silm\u00e4sairauksille<br \/>\n<\/strong>\u25aa\ufe0fAlttius <strong>miestyyppiseen kaljuuntumiseen<\/strong><br \/>\n&#8230;ja paljon muuta!<\/p>\n<hr \/>\n<p style=\"text-align: center;\"><strong>Kenelle testi sopii?<\/strong><br \/>\nGeneWell\u00ae-testi on suunnattu kaikille, jotka haluavat ymm\u00e4rt\u00e4\u00e4 paremmin omia terveysriskej\u00e4\u00e4n. T\u00e4m\u00e4 tieto auttaa tekem\u00e4\u00e4n tietoisia ja ennaltaehk\u00e4isevi\u00e4 valintoja sek\u00e4 parantamaan el\u00e4m\u00e4ntapoja ja terveysk\u00e4ytt\u00e4ytymist\u00e4.<\/p>\n<hr \/>\n<p style=\"text-align: center;\"><strong>Mit\u00e4 saat testituloksista?<\/strong><\/p>\n<p style=\"text-align: center;\">Yksityiskohtaisen raportin havaituista geneettisist\u00e4 varianteista ja henkil\u00f6kohtaisista riskipisteist\u00e4.<br \/>\nKattavat terveyssuositukset, jotka on r\u00e4\u00e4t\u00e4l\u00f6ity geneettisen profiilisi mukaan.<\/p>\n<hr \/>\n<p style=\"text-align: center;\"><strong>L\u00e4pimenoaika:<\/strong> 15-20 ty\u00f6p\u00e4iv\u00e4\u00e4<\/p>\n<p style=\"text-align: center;\"><strong>N\u00e4ytevaatimukset:<\/strong> Bukkaalinen solun\u00e4yte<\/p>\n<p style=\"text-align: center;\">Huomaa, ett\u00e4 GeneWell-testiin valitut markkerit perustuvat eurooppalaisiin populaatioihin, eiv\u00e4tk\u00e4 ne v\u00e4ltt\u00e4m\u00e4tt\u00e4 sovellu kaikkiin etnisiin ryhmiin.<\/p>\n","protected":false},"excerpt":{"rendered":"<p>Testi antaa tietoa geneettisest\u00e4 riskist\u00e4 sairastua 36 eri sairauteen ja sairauteen, kuten syd\u00e4n- ja verisuonitauteihin, tyypin 2 diabetekseen, sy\u00f6p\u00e4tauteihin, silm\u00e4sairauksiin, vitamiinipuutokseen ja muihin. Lis\u00e4ksi testi arvioi geneettisen alttiuden liikalihavuudelle ja miesten kaljuuntumiselle.<\/p>\n","protected":false},"featured_media":5137,"template":"","meta":{"_acf_changed":false,"ocean_post_layout":"","ocean_both_sidebars_style":"","ocean_both_sidebars_content_width":0,"ocean_both_sidebars_sidebars_width":0,"ocean_sidebar":"0","ocean_second_sidebar":"0","ocean_disable_margins":"enable","ocean_add_body_class":"","ocean_shortcode_before_top_bar":"","ocean_shortcode_after_top_bar":"","ocean_shortcode_before_header":"","ocean_shortcode_after_header":"","ocean_has_shortcode":"","ocean_shortcode_after_title":"","ocean_shortcode_before_footer_widgets":"","ocean_shortcode_after_footer_widgets":"","ocean_shortcode_before_footer_bottom":"","ocean_shortcode_after_footer_bottom":"","ocean_display_top_bar":"default","ocean_display_header":"default","ocean_header_style":"","ocean_center_header_left_menu":"0","ocean_custom_header_template":"0","ocean_custom_logo":0,"ocean_custom_retina_logo":0,"ocean_custom_logo_max_width":0,"ocean_custom_logo_tablet_max_width":0,"ocean_custom_logo_mobile_max_width":0,"ocean_custom_logo_max_height":0,"ocean_custom_logo_tablet_max_height":0,"ocean_custom_logo_mobile_max_height":0,"ocean_header_custom_menu":"0","ocean_menu_typo_font_family":"0","ocean_menu_typo_font_subset":"","ocean_menu_typo_font_size":0,"ocean_menu_typo_font_size_tablet":0,"ocean_menu_typo_font_size_mobile":0,"ocean_menu_typo_font_size_unit":"px","ocean_menu_typo_font_weight":"","ocean_menu_typo_font_weight_tablet":"","ocean_menu_typo_font_weight_mobile":"","ocean_menu_typo_transform":"","ocean_menu_typo_transform_tablet":"","ocean_menu_typo_transform_mobile":"","ocean_menu_typo_line_height":0,"ocean_menu_typo_line_height_tablet":0,"ocean_menu_typo_line_height_mobile":0,"ocean_menu_typo_line_height_unit":"","ocean_menu_typo_spacing":0,"ocean_menu_typo_spacing_tablet":0,"ocean_menu_typo_spacing_mobile":0,"ocean_menu_typo_spacing_unit":"","ocean_menu_link_color":"","ocean_menu_link_color_hover":"","ocean_menu_link_color_active":"","ocean_menu_link_background":"","ocean_menu_link_hover_background":"","ocean_menu_link_active_background":"","ocean_menu_social_links_bg":"","ocean_menu_social_hover_links_bg":"","ocean_menu_social_links_color":"","ocean_menu_social_hover_links_color":"","ocean_disable_title":"default","ocean_disable_heading":"default","ocean_post_title":"","ocean_post_subheading":"","ocean_post_title_style":"","ocean_post_title_background_color":"","ocean_post_title_background":0,"ocean_post_title_bg_image_position":"","ocean_post_title_bg_image_attachment":"","ocean_post_title_bg_image_repeat":"","ocean_post_title_bg_image_size":"","ocean_post_title_height":0,"ocean_post_title_bg_overlay":0.5,"ocean_post_title_bg_overlay_color":"","ocean_disable_breadcrumbs":"default","ocean_breadcrumbs_color":"","ocean_breadcrumbs_separator_color":"","ocean_breadcrumbs_links_color":"","ocean_breadcrumbs_links_hover_color":"","ocean_display_footer_widgets":"default","ocean_display_footer_bottom":"default","ocean_custom_footer_template":"0"},"product_brand":[],"product_cat":[295],"product_tag":[307,309,308],"class_list":{"0":"post-5713","1":"product","2":"type-product","3":"status-publish","4":"has-post-thumbnail","6":"product_cat-terveys","7":"product_tag-geneettinen-riski","8":"product_tag-ravitsemussuositukset","9":"product_tag-terveys","11":"entry","12":"has-media","14":"first","15":"instock","16":"taxable","17":"shipping-taxable","18":"purchasable","19":"product-type-simple","20":"has-product-nav","21":"col","22":"span_1_of_3","23":"owp-content-center","24":"owp-thumbs-layout-horizontal","25":"owp-btn-normal","26":"owp-tabs-layout-horizontal"},"acf":[],"aioseo_notices":[],"_links":{"self":[{"href":"https:\/\/genorama.com\/fi\/wp-json\/wp\/v2\/product\/5713","targetHints":{"allow":["GET"]}}],"collection":[{"href":"https:\/\/genorama.com\/fi\/wp-json\/wp\/v2\/product"}],"about":[{"href":"https:\/\/genorama.com\/fi\/wp-json\/wp\/v2\/types\/product"}],"wp:featuredmedia":[{"embeddable":true,"href":"https:\/\/genorama.com\/fi\/wp-json\/wp\/v2\/media\/5137"}],"wp:attachment":[{"href":"https:\/\/genorama.com\/fi\/wp-json\/wp\/v2\/media?parent=5713"}],"wp:term":[{"taxonomy":"product_brand","embeddable":true,"href":"https:\/\/genorama.com\/fi\/wp-json\/wp\/v2\/product_brand?post=5713"},{"taxonomy":"product_cat","embeddable":true,"href":"https:\/\/genorama.com\/fi\/wp-json\/wp\/v2\/product_cat?post=5713"},{"taxonomy":"product_tag","embeddable":true,"href":"https:\/\/genorama.com\/fi\/wp-json\/wp\/v2\/product_tag?post=5713"}],"curies":[{"name":"wp","href":"https:\/\/api.w.org\/{rel}","templated":true}]}}