{"id":5802,"date":"2019-02-27T11:21:33","date_gmt":"2019-02-27T11:21:33","guid":{"rendered":"https:\/\/genorama.com\/product\/gutwell-mikrobiomitesti\/"},"modified":"2025-08-20T17:13:44","modified_gmt":"2025-08-20T15:13:44","slug":"gutwell-mikrobiomitesti","status":"publish","type":"product","link":"https:\/\/genorama.com\/fi\/product\/gutwell-mikrobiomitesti\/","title":{"rendered":"GutWell<sup>\u00ae<\/sup> Mikrobiomitesti"},"content":{"rendered":"<h2 style=\"text-align: center;\">GutWell\u00ae on mikrobiomitesti, joka on suunniteltu tarjoamaan henkil\u00f6kohtaista tietoa suolistossasi el\u00e4vist\u00e4 bakteereista ja niiden vaikutuksesta yleiseen hyvinvointiisi.<\/h2>\n<hr \/>\n<p style=\"text-align: center;\"><strong>Vuonna 2024 GutWell\u00ae sai merkitt\u00e4v\u00e4n p\u00e4ivityksen, joka tekee siit\u00e4 tarkimman ja kehittyneimm\u00e4n saatavilla olevan suolistomikrobiomitestin. Uusimpien ja ajantasaisimpien tieteellisten l\u00f6yd\u00f6sten tukemana se on ainoa markkinoilla oleva testi, joka tarjoaa n\u00e4in yksityiskohtaista tietoa suolistobakteereista ja niiden kriittisest\u00e4 roolista yleisess\u00e4 hyvinvoinnissasi.<br \/>\n<\/strong><\/p>\n<hr \/>\n<h3 style=\"text-align: center;\">Miksi testata suolistomikrobiomia?<\/h3>\n<p style=\"text-align: center;\">Suolistossasi el\u00e4\u00e4 triljoonia mikro-organismeja, joita on yht\u00e4 paljon kuin omia ihmissolujasi. T\u00e4m\u00e4 suolistomikrobiomiksi kutsuttu yhteis\u00f6 on ratkaisevassa asemassa:<\/p>\n<p style=\"text-align: center;\"><img decoding=\"async\" class=\"wp-image-5774 aligncenter\" src=\"https:\/\/genorama.com\/wp-content\/uploads\/2019\/02\/Genorama-testikirjelduste-ikoonid.png\" alt=\"\" width=\"48\" height=\"48\" srcset=\"https:\/\/genorama.com\/wp-content\/uploads\/2019\/02\/Genorama-testikirjelduste-ikoonid.png 150w, https:\/\/genorama.com\/wp-content\/uploads\/2019\/02\/Genorama-testikirjelduste-ikoonid-100x100.png 100w\" sizes=\"(max-width: 48px) 100vw, 48px\" \/><\/p>\n<p style=\"text-align: center;\"><strong>Yleisen terveyden yll\u00e4pit\u00e4minen<\/strong><\/p>\n<p style=\"text-align: center;\"><img decoding=\"async\" class=\"wp-image-5781 aligncenter\" src=\"https:\/\/genorama.com\/wp-content\/uploads\/2019\/02\/Genorama-testikirjelduste-ikoonid-1.png\" alt=\"\" width=\"43\" height=\"43\" srcset=\"https:\/\/genorama.com\/wp-content\/uploads\/2019\/02\/Genorama-testikirjelduste-ikoonid-1.png 150w, https:\/\/genorama.com\/wp-content\/uploads\/2019\/02\/Genorama-testikirjelduste-ikoonid-1-100x100.png 100w\" sizes=\"(max-width: 43px) 100vw, 43px\" \/><\/p>\n<p style=\"text-align: center;\"><strong>Ruuansulatuksen s\u00e4\u00e4tely<\/strong><\/p>\n<p style=\"text-align: center;\"><img decoding=\"async\" class=\"wp-image-5788 aligncenter\" src=\"https:\/\/genorama.com\/wp-content\/uploads\/2019\/02\/Genorama-testikirjelduste-ikoonid-2.png\" alt=\"\" width=\"42\" height=\"42\" srcset=\"https:\/\/genorama.com\/wp-content\/uploads\/2019\/02\/Genorama-testikirjelduste-ikoonid-2.png 150w, https:\/\/genorama.com\/wp-content\/uploads\/2019\/02\/Genorama-testikirjelduste-ikoonid-2-100x100.png 100w\" sizes=\"(max-width: 42px) 100vw, 42px\" \/><\/p>\n<p style=\"text-align: center;\"><strong>Immuunitoiminnan tukeminen<\/strong><\/p>\n<p style=\"text-align: center;\"><img loading=\"lazy\" decoding=\"async\" class=\"wp-image-5795 aligncenter\" src=\"https:\/\/genorama.com\/wp-content\/uploads\/2019\/02\/Genorama-testikirjelduste-ikoonid-3.png\" alt=\"\" width=\"59\" height=\"59\" srcset=\"https:\/\/genorama.com\/wp-content\/uploads\/2019\/02\/Genorama-testikirjelduste-ikoonid-3.png 150w, https:\/\/genorama.com\/wp-content\/uploads\/2019\/02\/Genorama-testikirjelduste-ikoonid-3-100x100.png 100w\" sizes=\"(max-width: 59px) 100vw, 59px\" \/><\/p>\n<p style=\"text-align: center;\"><strong>Terveellisen painon saavuttaminen<\/strong><\/p>\n<p style=\"text-align: center;\">Suolistobakteerien ep\u00e4tasapaino voi vaikuttaa terveysongelmiin, kuten lihavuuteen, ruoansulatush\u00e4iri\u00f6ihin ja tyypin II diabetekseen. GutWell auttaa sinua ymm\u00e4rt\u00e4m\u00e4\u00e4n mikrobiomiasi ja opastaa sinua luomaan tarpeisiisi r\u00e4\u00e4t\u00e4l\u00f6idyn ruokavalion, jotta saat terveemm\u00e4n ja tasapainoisemman suoliston.<\/p>\n<hr \/>\n<h3 style=\"text-align: center;\">Mit\u00e4 opit GutWell\u00ae:n avulla?<\/h3>\n<p style=\"text-align: center;\">\u25aa\ufe0fMitk\u00e4 bakteerit el\u00e4v\u00e4t suolistossasi?<br \/>\n\u25aa\ufe0fMiten suolistobakteerit vaikuttavat kehoosi ja terveyteesi.<br \/>\n\u25aa\ufe0fOnko sinulla riitt\u00e4v\u00e4sti hy\u00f6dyllisi\u00e4 bakteereja?<br \/>\n\u25aa\ufe0fOnko sinulla haitallisia bakteereja?<br \/>\n\u25aa\ufe0fEdist\u00e4\u00e4k\u00f6 suolistomikrobiomisi painonnousua tai lihavuutta?<br \/>\n\u25aa\ufe0fOnko ruokavaliosi sopusoinnussa mikrobiomisi kanssa, vai tarvitaanko muutoksia?<br \/>\n\u25aa\ufe0fMiten saavuttaa tasapainoinen mikrobiomi optimaalisen terveyden saavuttamiseksi.<\/p>\n<hr \/>\n<h3 style=\"text-align: center;\">Suositeltu testaussuunnitelma<\/h3>\n<p style=\"text-align: center;\">Parhaan tuloksen saat, kun tilaat v\u00e4hint\u00e4\u00e4n kaksi testi\u00e4:<\/p>\n<ol style=\"text-align: center;\">\n<li><strong>Ensimm\u00e4inen testi<\/strong> &#8211; m\u00e4\u00e4rit\u00e4 mikrobiomin perusprofiili.<\/li>\n<li><strong>Toinen testi<\/strong> &#8211; arvioi muutokset ruokavalion ja el\u00e4m\u00e4ntapojen muutosten j\u00e4lkeen (1-2 kuukautta my\u00f6hemmin, mutta enint\u00e4\u00e4n 6 kuukauden v\u00e4lein).<\/li>\n<\/ol>\n<hr \/>\n<h3 style=\"text-align: center;\">Helppo testaus kotona<\/h3>\n<p style=\"text-align: center;\"><img loading=\"lazy\" decoding=\"async\" class=\"wp-image-5357 aligncenter\" src=\"https:\/\/genorama.com\/wp-content\/uploads\/2017\/04\/Nimetu-kujundus-33.png\" alt=\"\" width=\"57\" height=\"57\" srcset=\"https:\/\/genorama.com\/wp-content\/uploads\/2017\/04\/Nimetu-kujundus-33.png 150w, https:\/\/genorama.com\/wp-content\/uploads\/2017\/04\/Nimetu-kujundus-33-100x100.png 100w\" sizes=\"(max-width: 57px) 100vw, 57px\" \/><\/p>\n<p style=\"text-align: center;\">Testaus on yksinkertaista ja k\u00e4tev\u00e4\u00e4. Ker\u00e4\u00e4 ulosten\u00e4yte kotonasi ja l\u00e4het\u00e4 se laboratorioomme analysoitavaksi.<\/p>\n<p style=\"text-align: center;\"><strong>L\u00e4pimenoaika:<\/strong> 15-20 ty\u00f6p\u00e4iv\u00e4\u00e4.<\/p>\n<p style=\"text-align: center;\"><strong>Saatavilla olevat tuloskielet:<\/strong> englanti, viro, ven\u00e4j\u00e4 (m\u00e4\u00e4rit\u00e4 haluamasi kieli kassalla).<\/p>\n<hr \/>\n<h3 style=\"text-align: center;\">Miksi valita GutWell\u00ae?<\/h3>\n<p style=\"text-align: center;\">Henkil\u00f6kohtainen n\u00e4kemys suoliston terveydest\u00e4si.<br \/>\nAsiantuntijaohjausta ruokavalion ja el\u00e4m\u00e4ntapojen parantamiseksi.<br \/>\nEnnakoiva l\u00e4hestymistapa sairauksien ja terveysongelmien ennaltaehk\u00e4isyyn.<\/p>\n<hr \/>\n<h4 style=\"text-align: center;\">Ohjeet n\u00e4ytteenottoa varten<\/h4>\n<div style=\"max-width: 560px; margin: 0 auto; text-align: center;\"><iframe src=\"https:\/\/www.youtube.com\/embed\/hsAyURaBKv0?si=UqPaHVWR_uOVFSv8\" width=\"100%\" height=\"315\" frameborder=\"0\" allowfullscreen=\"allowfullscreen\"><\/iframe><\/div>\n","protected":false},"excerpt":{"rendered":"<p>GutWell<sup>\u00ae<\/sup>-mikrobiomitesti antaa tietoa suolistobakteerien runsaudesta ja ohjeita tasapainoisen mikrobiyhteis\u00f6n saavuttamiseksi tai yll\u00e4pit\u00e4miseksi.<\/p>\n<p>GutWell<sup>\u00ae<\/sup>-testi on hy\u00f6dyllinen kaikille, jotka pyrkiv\u00e4t laihduttamaan, noudattavat tiukkaa ruokavaliota tai k\u00e4rsiv\u00e4t ruoansulatusongelmista, sek\u00e4 niille, jotka haluavat tiet\u00e4\u00e4, sy\u00f6v\u00e4tk\u00f6 he terveellisesti ja monipuolisesti. Testi auttaa sinua muodostamaan tietoisen ruokavalion ja ehk\u00e4isem\u00e4\u00e4n sairauksia ja terveysongelmia.<\/p>\n","protected":false},"featured_media":5092,"template":"","meta":{"_acf_changed":false,"ocean_post_layout":"","ocean_both_sidebars_style":"","ocean_both_sidebars_content_width":0,"ocean_both_sidebars_sidebars_width":0,"ocean_sidebar":"0","ocean_second_sidebar":"0","ocean_disable_margins":"enable","ocean_add_body_class":"","ocean_shortcode_before_top_bar":"","ocean_shortcode_after_top_bar":"","ocean_shortcode_before_header":"","ocean_shortcode_after_header":"","ocean_has_shortcode":"","ocean_shortcode_after_title":"","ocean_shortcode_before_footer_widgets":"","ocean_shortcode_after_footer_widgets":"","ocean_shortcode_before_footer_bottom":"","ocean_shortcode_after_footer_bottom":"","ocean_display_top_bar":"default","ocean_display_header":"default","ocean_header_style":"","ocean_center_header_left_menu":"0","ocean_custom_header_template":"0","ocean_custom_logo":0,"ocean_custom_retina_logo":0,"ocean_custom_logo_max_width":0,"ocean_custom_logo_tablet_max_width":0,"ocean_custom_logo_mobile_max_width":0,"ocean_custom_logo_max_height":0,"ocean_custom_logo_tablet_max_height":0,"ocean_custom_logo_mobile_max_height":0,"ocean_header_custom_menu":"0","ocean_menu_typo_font_family":"0","ocean_menu_typo_font_subset":"","ocean_menu_typo_font_size":0,"ocean_menu_typo_font_size_tablet":0,"ocean_menu_typo_font_size_mobile":0,"ocean_menu_typo_font_size_unit":"px","ocean_menu_typo_font_weight":"","ocean_menu_typo_font_weight_tablet":"","ocean_menu_typo_font_weight_mobile":"","ocean_menu_typo_transform":"","ocean_menu_typo_transform_tablet":"","ocean_menu_typo_transform_mobile":"","ocean_menu_typo_line_height":0,"ocean_menu_typo_line_height_tablet":0,"ocean_menu_typo_line_height_mobile":0,"ocean_menu_typo_line_height_unit":"","ocean_menu_typo_spacing":0,"ocean_menu_typo_spacing_tablet":0,"ocean_menu_typo_spacing_mobile":0,"ocean_menu_typo_spacing_unit":"","ocean_menu_link_color":"","ocean_menu_link_color_hover":"","ocean_menu_link_color_active":"","ocean_menu_link_background":"","ocean_menu_link_hover_background":"","ocean_menu_link_active_background":"","ocean_menu_social_links_bg":"","ocean_menu_social_hover_links_bg":"","ocean_menu_social_links_color":"","ocean_menu_social_hover_links_color":"","ocean_disable_title":"default","ocean_disable_heading":"default","ocean_post_title":"","ocean_post_subheading":"","ocean_post_title_style":"","ocean_post_title_background_color":"","ocean_post_title_background":0,"ocean_post_title_bg_image_position":"","ocean_post_title_bg_image_attachment":"","ocean_post_title_bg_image_repeat":"","ocean_post_title_bg_image_size":"","ocean_post_title_height":0,"ocean_post_title_bg_overlay":0.5,"ocean_post_title_bg_overlay_color":"","ocean_disable_breadcrumbs":"default","ocean_breadcrumbs_color":"","ocean_breadcrumbs_separator_color":"","ocean_breadcrumbs_links_color":"","ocean_breadcrumbs_links_hover_color":"","ocean_display_footer_widgets":"default","ocean_display_footer_bottom":"default","ocean_custom_footer_template":"0"},"product_brand":[],"product_cat":[299],"product_tag":[325,327,326],"class_list":{"0":"post-5802","1":"product","2":"type-product","3":"status-publish","4":"has-post-thumbnail","6":"product_cat-ravitsemus","7":"product_tag-mikrobiomi","8":"product_tag-mikrobisto","9":"product_tag-suolistomikrobiomi","11":"entry","12":"has-media","14":"first","15":"instock","16":"sold-individually","17":"taxable","18":"shipping-taxable","19":"purchasable","20":"product-type-variable","21":"has-default-attributes","22":"has-product-nav","23":"col","24":"span_1_of_3","25":"owp-content-center","26":"owp-thumbs-layout-horizontal","27":"owp-btn-normal","28":"owp-tabs-layout-horizontal"},"acf":[],"aioseo_notices":[],"_links":{"self":[{"href":"https:\/\/genorama.com\/fi\/wp-json\/wp\/v2\/product\/5802","targetHints":{"allow":["GET"]}}],"collection":[{"href":"https:\/\/genorama.com\/fi\/wp-json\/wp\/v2\/product"}],"about":[{"href":"https:\/\/genorama.com\/fi\/wp-json\/wp\/v2\/types\/product"}],"wp:featuredmedia":[{"embeddable":true,"href":"https:\/\/genorama.com\/fi\/wp-json\/wp\/v2\/media\/5092"}],"wp:attachment":[{"href":"https:\/\/genorama.com\/fi\/wp-json\/wp\/v2\/media?parent=5802"}],"wp:term":[{"taxonomy":"product_brand","embeddable":true,"href":"https:\/\/genorama.com\/fi\/wp-json\/wp\/v2\/product_brand?post=5802"},{"taxonomy":"product_cat","embeddable":true,"href":"https:\/\/genorama.com\/fi\/wp-json\/wp\/v2\/product_cat?post=5802"},{"taxonomy":"product_tag","embeddable":true,"href":"https:\/\/genorama.com\/fi\/wp-json\/wp\/v2\/product_tag?post=5802"}],"curies":[{"name":"wp","href":"https:\/\/api.w.org\/{rel}","templated":true}]}}