{"id":6009,"date":"2025-02-04T15:50:54","date_gmt":"2025-02-04T13:50:54","guid":{"rendered":"https:\/\/genorama.com\/product\/geneettinen-testi-painonhallintaa-varten\/"},"modified":"2025-10-30T16:36:13","modified_gmt":"2025-10-30T14:36:13","slug":"geneettinen-testi-painonhallintaa-varten","status":"publish","type":"product","link":"https:\/\/genorama.com\/fi\/product\/geneettinen-testi-painonhallintaa-varten\/","title":{"rendered":"WeightWell \u2013 geneettinen testi painon ja aineenvaihdunnan mittaamiseen"},"content":{"rendered":"<p style=\"text-align: center;\" data-start=\"150\" data-end=\"220\"><strong data-start=\"150\" data-end=\"218\">WeightWell-geenitesti \u2013 N\u00e4kemyksi\u00e4 painostasi ja aineenvaihdunnastasi<\/strong><\/p>\n<p style=\"text-align: center;\" data-start=\"498\" data-end=\"539\"><strong data-start=\"498\" data-end=\"518\">Tulosten toimitusaika:<\/strong> 20 arkip\u00e4iv\u00e4\u00e4<\/p>\n<p style=\"text-align: center;\" data-start=\"541\" data-end=\"679\"><strong data-start=\"541\" data-end=\"567\">N\u00e4ytevaatimukset:<\/strong> Suun limakalvon\u00e4yte.<br data-start=\"586\" data-end=\"589\" \/>Yksinkertainen kotin\u00e4ytteenottopaketti toimitetaan tilausta tehdess\u00e4si antamaasi osoitteeseen.<\/p>\n<hr data-start=\"681\" data-end=\"686\" \/>\n<h3 style=\"text-align: center;\" data-start=\"688\" data-end=\"716\">Miksi valita WeightWell?<\/h3>\n<p style=\"text-align: center;\" data-start=\"718\" data-end=\"805\"><strong data-start=\"718\" data-end=\"731\">Tarkkuus:<\/strong> Tieteellisesti validoitu analyysi 11 painoon liittyv\u00e4st\u00e4 geenimerkist\u00e4.<\/p>\n<p style=\"text-align: center;\" data-start=\"807\" data-end=\"943\"><strong data-start=\"807\" data-end=\"833\">Henkil\u00f6kohtaiset n\u00e4kemykset:<\/strong> Selvit\u00e4, miten geenisi vaikuttavat painonnousuun, rasvan varastointiin, ruokahaluun ja kehosi reagointiin liikuntaan.<\/p>\n<p style=\"text-align: center;\" data-start=\"945\" data-end=\"1065\"><strong>Terveystietoisuus:<\/strong> Tunnista riskit, kuten alttius liikalihavuudelle.<\/p>\n<p style=\"text-align: center;\" data-start=\"1067\" data-end=\"1172\"><strong data-start=\"1067\" data-end=\"1087\">Luottamuksellisuus:<\/strong> Kaikki tulokset toimitetaan turvallisesti kaksivaiheisen tunnistautumisen kautta asiakasportaalissamme.<\/p>\n<p style=\"text-align: center;\" data-start=\"1174\" data-end=\"1248\"><strong data-start=\"1174\" data-end=\"1190\">Helppok\u00e4ytt\u00f6inen:<\/strong> Mukana selke\u00e4t ohjeet ja yksinkertainen poskisolun\u00e4ytteenottotikku.<\/p>\n<hr data-start=\"1250\" data-end=\"1255\" \/>\n<h3 style=\"text-align: center;\" data-start=\"1535\" data-end=\"1559\">Mit\u00e4 opit:<\/h3>\n<p style=\"text-align: center;\">WeightWell-testitulostesi perusteella saat tietoa muun muassa seuraavista:<\/p>\n<p style=\"text-align: center;\" data-start=\"1634\" data-end=\"1688\"><strong data-start=\"1281\" data-end=\"1304\">\u25aa\ufe0f<\/strong>Geneettinen riskisi ylipainoon ja lihavuuteen<br \/>\n<strong data-start=\"1281\" data-end=\"1304\">\u25aa\ufe0f<\/strong>T\u00e4yden tunteen (kyll\u00e4isyysvasteen) ilmaantuminen aikaisin tai my\u00f6h\u00e4\u00e4n<br \/>\n<strong data-start=\"1281\" data-end=\"1304\">\u25aa\ufe0f<\/strong>Todenn\u00e4k\u00f6isyys lihoa runsaan hiilihydraattien saannin seurauksena<br \/>\n<strong data-start=\"1281\" data-end=\"1304\">\u25aa\ufe0f<\/strong>Rasvanpolton tehokkuus liikunnan aikana<br \/>\n<strong data-start=\"1281\" data-end=\"1304\">\u25aa\ufe0f<\/strong>Liikunnan vaikutus painoosi<\/p>\n<hr data-start=\"1528\" data-end=\"1533\" \/>\n<h3 style=\"text-align: center;\">Miksi sill\u00e4 on merkityst\u00e4:<\/h3>\n<p style=\"text-align: center;\">Vaikka et t\u00e4ll\u00e4 hetkell\u00e4 kamppailisi painon kanssa, geneettisten taipumustesi ymm\u00e4rt\u00e4minen auttaa sinua tekem\u00e4\u00e4n tietoisia ja ennaltaehk\u00e4isevi\u00e4 el\u00e4m\u00e4ntapavalintoja. Yksitt\u00e4inen geeni voi sis\u00e4lt\u00e4\u00e4 neutraaleja tai riskialleeleja. Kun useita riskialleeleja esiintyy \u2013 erityisesti yhdess\u00e4 v\u00e4h\u00e4isen liikunnan ja ylim\u00e4\u00e4r\u00e4isen kalorien saannin kanssa \u2013 painoon liittyvien terveysongelmien todenn\u00e4k\u00f6isyys kasvaa.<\/p>\n<p style=\"text-align: center;\">WeightWell-geenitesti antaa sinulle tiedon, jolla pysyt riskien edell\u00e4, voit r\u00e4\u00e4t\u00e4l\u00f6id\u00e4 ravitsemustasi ja parantaa liikuntasi tehokkuutta.<\/p>\n<hr data-start=\"2078\" data-end=\"2083\" \/>\n<h3 style=\"text-align: center;\" data-start=\"1257\" data-end=\"1276\">Miten se toimii:<\/h3>\n<p style=\"text-align: center;\" data-start=\"1281\" data-end=\"1314\"><strong data-start=\"1281\" data-end=\"1304\">\u25aa\ufe0fTilaa testipaketti<\/strong> verkossa.<br \/>\n<strong data-start=\"1318\" data-end=\"1341\">\u25aa\ufe0fOta DNA-n\u00e4yte<\/strong> mukana toimitetulla poskisolutikkulla.<br \/>\n<strong data-start=\"1378\" data-end=\"1394\">\u25aa\ufe0fL\u00e4het\u00e4 n\u00e4ytteet<\/strong> sertifioituun laboratorioomme esit\u00e4ytetyss\u00e4 palautuslaatikossa.<br \/>\n<strong data-start=\"1449\" data-end=\"1468\">\u25aa\ufe0fSaat tulokset<\/strong> 20 arkip\u00e4iv\u00e4n kuluessa turvallisen asiakasportaalin kautta.<\/p>\n","protected":false},"excerpt":{"rendered":"<p>WeightWell-geenitesti analysoi <strong>11 geneettist\u00e4 markkeria<\/strong>, jotka liittyv\u00e4t painon s\u00e4\u00e4telyyn, rasvan aineenvaihduntaan, ruokahaluun ja liikunnan vaikutuksiin. Paljastamalla geneettiset taipumuksesi voit tehd\u00e4 tietoisia el\u00e4m\u00e4ntapavalintoja ja r\u00e4\u00e4t\u00e4l\u00f6id\u00e4 ruokavalion ja kuntoilun l\u00e4hestymistapasi.<\/p>\n","protected":false},"featured_media":5130,"template":"","meta":{"_acf_changed":false,"ocean_post_layout":"","ocean_both_sidebars_style":"","ocean_both_sidebars_content_width":0,"ocean_both_sidebars_sidebars_width":0,"ocean_sidebar":"0","ocean_second_sidebar":"0","ocean_disable_margins":"enable","ocean_add_body_class":"","ocean_shortcode_before_top_bar":"","ocean_shortcode_after_top_bar":"","ocean_shortcode_before_header":"","ocean_shortcode_after_header":"","ocean_has_shortcode":"","ocean_shortcode_after_title":"","ocean_shortcode_before_footer_widgets":"","ocean_shortcode_after_footer_widgets":"","ocean_shortcode_before_footer_bottom":"","ocean_shortcode_after_footer_bottom":"","ocean_display_top_bar":"default","ocean_display_header":"default","ocean_header_style":"","ocean_center_header_left_menu":"0","ocean_custom_header_template":"0","ocean_custom_logo":0,"ocean_custom_retina_logo":0,"ocean_custom_logo_max_width":0,"ocean_custom_logo_tablet_max_width":0,"ocean_custom_logo_mobile_max_width":0,"ocean_custom_logo_max_height":0,"ocean_custom_logo_tablet_max_height":0,"ocean_custom_logo_mobile_max_height":0,"ocean_header_custom_menu":"0","ocean_menu_typo_font_family":"0","ocean_menu_typo_font_subset":"","ocean_menu_typo_font_size":0,"ocean_menu_typo_font_size_tablet":0,"ocean_menu_typo_font_size_mobile":0,"ocean_menu_typo_font_size_unit":"px","ocean_menu_typo_font_weight":"","ocean_menu_typo_font_weight_tablet":"","ocean_menu_typo_font_weight_mobile":"","ocean_menu_typo_transform":"","ocean_menu_typo_transform_tablet":"","ocean_menu_typo_transform_mobile":"","ocean_menu_typo_line_height":0,"ocean_menu_typo_line_height_tablet":0,"ocean_menu_typo_line_height_mobile":0,"ocean_menu_typo_line_height_unit":"","ocean_menu_typo_spacing":0,"ocean_menu_typo_spacing_tablet":0,"ocean_menu_typo_spacing_mobile":0,"ocean_menu_typo_spacing_unit":"","ocean_menu_link_color":"","ocean_menu_link_color_hover":"","ocean_menu_link_color_active":"","ocean_menu_link_background":"","ocean_menu_link_hover_background":"","ocean_menu_link_active_background":"","ocean_menu_social_links_bg":"","ocean_menu_social_hover_links_bg":"","ocean_menu_social_links_color":"","ocean_menu_social_hover_links_color":"","ocean_disable_title":"default","ocean_disable_heading":"default","ocean_post_title":"","ocean_post_subheading":"","ocean_post_title_style":"","ocean_post_title_background_color":"","ocean_post_title_background":0,"ocean_post_title_bg_image_position":"","ocean_post_title_bg_image_attachment":"","ocean_post_title_bg_image_repeat":"","ocean_post_title_bg_image_size":"","ocean_post_title_height":0,"ocean_post_title_bg_overlay":0.5,"ocean_post_title_bg_overlay_color":"","ocean_disable_breadcrumbs":"default","ocean_breadcrumbs_color":"","ocean_breadcrumbs_separator_color":"","ocean_breadcrumbs_links_color":"","ocean_breadcrumbs_links_hover_color":"","ocean_display_footer_widgets":"default","ocean_display_footer_bottom":"default","ocean_custom_footer_template":"0"},"product_brand":[],"product_cat":[299],"product_tag":[],"class_list":{"0":"post-6009","1":"product","2":"type-product","3":"status-publish","4":"has-post-thumbnail","6":"product_cat-ravitsemus","8":"entry","9":"has-media","11":"first","12":"instock","13":"taxable","14":"shipping-taxable","15":"purchasable","16":"product-type-simple","17":"has-product-nav","18":"col","19":"span_1_of_3","20":"owp-content-center","21":"owp-thumbs-layout-horizontal","22":"owp-btn-normal","23":"owp-tabs-layout-horizontal"},"acf":[],"aioseo_notices":[],"_links":{"self":[{"href":"https:\/\/genorama.com\/fi\/wp-json\/wp\/v2\/product\/6009","targetHints":{"allow":["GET"]}}],"collection":[{"href":"https:\/\/genorama.com\/fi\/wp-json\/wp\/v2\/product"}],"about":[{"href":"https:\/\/genorama.com\/fi\/wp-json\/wp\/v2\/types\/product"}],"wp:featuredmedia":[{"embeddable":true,"href":"https:\/\/genorama.com\/fi\/wp-json\/wp\/v2\/media\/5130"}],"wp:attachment":[{"href":"https:\/\/genorama.com\/fi\/wp-json\/wp\/v2\/media?parent=6009"}],"wp:term":[{"taxonomy":"product_brand","embeddable":true,"href":"https:\/\/genorama.com\/fi\/wp-json\/wp\/v2\/product_brand?post=6009"},{"taxonomy":"product_cat","embeddable":true,"href":"https:\/\/genorama.com\/fi\/wp-json\/wp\/v2\/product_cat?post=6009"},{"taxonomy":"product_tag","embeddable":true,"href":"https:\/\/genorama.com\/fi\/wp-json\/wp\/v2\/product_tag?post=6009"}],"curies":[{"name":"wp","href":"https:\/\/api.w.org\/{rel}","templated":true}]}}