{"id":6393,"date":"2025-04-07T17:48:23","date_gmt":"2025-04-07T15:48:23","guid":{"rendered":"https:\/\/genorama.com\/pardavimo-salygos\/"},"modified":"2025-04-07T20:25:21","modified_gmt":"2025-04-07T18:25:21","slug":"pardavimo-salygos","status":"publish","type":"page","link":"https:\/\/genorama.com\/lt\/pardavimo-salygos\/","title":{"rendered":"Pardavimo s\u0105lygos"},"content":{"rendered":"<div class=\"page-header\">\n<div class=\"container\">\n<h1 class=\"page-title\">Pardavimo s\u0105lygos<\/h1>\n<\/div>\n<\/div>\n<div id=\"content\" class=\"site-content\">\n<div class=\"container\">\n<div id=\"primary\" class=\"content-area\">\n<p>&nbsp;<\/p>\n<article id=\"post-4508\" class=\"post-4508 page type-page status-publish hentry latest_post\">\n<div class=\"entry-content\">\n<p>1. Pardavimo s\u0105lyg\u0173 taikymo sritis ir galiojimas<\/p>\n<p>1.1. \u0160ios internetin\u0117s parduotuv\u0117s \u201eGenorama\u201d pardavimo s\u0105lygos yra teisi\u0161kai \u012fpareigojantis susitarimas, sudarytas tarp fizinio ar juridinio asmens (toliau \u2013 Pirk\u0117jas), \u012fsigyjan\u010dio testavimo paslaug\u0105 (toliau \u2013 Paslauga) internetin\u0117je parduotuv\u0117je \u201eGenorama\u201d, ir internetin\u0117s parduotuv\u0117s \u201eGenorama\u201d, esan\u010dios interneto adresu: www.genorama.com, savininko, kuris yra Genorama LLC, registro kodas 11538292, adresas Vaksali 17a, Tartu 50410, telefonas: +(toliau \u2013 \u201eGenorama\u201d). Pirk\u0117jas ir \u201eGenorama\u201d toliau kartu vadinami \u0160alimis.<\/p>\n<p>1.2. Pirk\u0117jas patvirtina, kad susipa\u017eino su \u0161iomis Taisykl\u0117mis, sutinka j\u0173 laikytis ir laiko jas privalomomis prie\u0161 sudarydamas \u201eGenorama\u201d teikiamos Paslaugos pirkimo-pardavimo sandor\u012f. Pirk\u0117jas, nesutinkantis su Pardavimo s\u0105lygomis, negal\u0117s sudaryti Pirkimo-pardavimo sandorio internetin\u0117je parduotuv\u0117je \u201eGenorama\u201d.<\/p>\n<p>1.3. Genorama turi teis\u0119 bet kuriuo metu ir d\u0117l bet kokios prie\u017easties keisti, papildyti ar pataisyti Pardavimo s\u0105lygas. Visus Pardavimo s\u0105lyg\u0173 pakeitimus ar papildymus galima rasti \u201eGenorama\u201d interneto svetain\u0117je ir jie \u012fsigalioja i\u0161 karto po tokio pakeitimo ar papildymo paskelbimo \u201eGenorama\u201d interneto svetain\u0117je.<\/p>\n<p>1.4. Visi Pirk\u0117jo asmens duomenys, atskleisti Pirkimo-pardavimo sandorio metu internetin\u0117je parduotuv\u0117je \u201eGenorama\u201d, laikomi konfidencialiais.<\/p>\n<p>1.5. Visus klausimus, kuri\u0173 nereglamentuoja Pardavimo s\u0105lygos, reglamentuoja Estijos Respublikos teis\u0117s aktai.<\/p>\n<p>2. Paslaug\u0173 pardavimas<\/p>\n<p>2.1. Internetin\u0117je parduotuv\u0117je \u201eGenorama\u201d parduodamai Paslaugai taikoma \u201eGenorama\u201d interneto svetain\u0117je nurodyta kaina.<\/p>\n<p>2.2. Paslaugos kaina nurodyta eurais ir apima 22 % PVM(prid\u0117tin\u0117s vert\u0117s mokest\u012f). Pasikeitus PVM tarifui, Paslaugos kaina koreguojama atsi\u017evelgiant \u012f pasikeitus\u012f PVM tarif\u0105.<\/p>\n<p>2.3. \u012e Paslaugos kain\u0105 \u012fskai\u010diuotas mokestis u\u017e M\u0117ginio rinkinio pristatym\u0105 Pirk\u0117jui pa\u0161tu ir u\u017e Surinkto m\u0117ginio gr\u0105\u017einim\u0105 \u201eGenorama\u201d (i\u0161skyrus 2.5 punkte nurodytas aplinkybes).<\/p>\n<p>2.4. Jei Pirk\u0117jas pageidauja gauti M\u0117ginio rinkin\u012f per \u201eDPD\u201d siunt\u0173 terminal\u0105 (taikoma tik pristatymo vietoms Estijos Respublikoje), siuntimo i\u0161laidos pridedamos prie Paslaugos kainos. Surinkto m\u0117ginio gr\u0105\u017einimas \u201eGenorama\u201d per \u201eDPD\u201d siunt\u0173 terminal\u0105 yra nemokamas per 14 (keturiolika) dien\u0173, naudojant t\u0105 pat\u012f dur\u0173 kod\u0105, kaip ir siuntos gavimo atveju.<\/p>\n<p>2.5. Jei Pirk\u0117jas pageidauja gauti M\u0117ginio rinkin\u012f ir gr\u0105\u017einti Surinkt\u0105 m\u0117gin\u012f \u201eGenorama\u201d kitu b\u016bdu, nei apra\u0161yta \u201eGenorama\u201d interneto svetain\u0117je, Pirk\u0117jas u\u017e pristatym\u0105 ir gr\u0105\u017einim\u0105 sumoka su \u201eGenorama\u201d i\u0161 anksto suderint\u0105 sum\u0105.<\/p>\n<p>2.6. Jei m\u0117ginio rinkinio siuntimo paskirties vieta yra ne Estijos Respublika, Pirk\u0117jas sumoka u\u017e surinkto m\u0117ginio gr\u0105\u017einim\u0105 bendrovei \u201eGenorama\u201d.<\/p>\n<p>2.7. Bendrov\u0117 \u201eGenorama\u201d turi teis\u0119 bet kuriuo metu be i\u0161ankstinio \u012fsp\u0117jimo pakeisti Paslaugos kain\u0105. Jei u\u017esakymas pateiktas iki kainos pakeitimo \u012fsigaliojimo dienos, Paslaugai taikoma u\u017esakymo dien\u0105 galiojusi kaina.<\/p>\n<p>2.8. Pirk\u0117jas u\u017e Paslaug\u0105 moka pagal galiojan\u010di\u0105 kain\u0105. Genorama priima \u0161ias mok\u0117jimo formas: \u201ePayPal\u201d, kredito kortel\u0117 (Visa, MasterCard), banko nuorodos (Swedbank, SEB, Luminor, LHV, Coop; taikoma tik Estijos Respublikoje).<br \/>\nTvarkydama asmens duomenis, \u201eGenorama\u201d yra duomen\u0173 valdytoja. Mok\u0117jim\u0173 apdorojimui reikalingus duomenis \u201eGenorama\u201d perduoda \u201eMaksekeskus Ltd\u201d, kuri veikia kaip duomen\u0173 tvarkytojas.<\/p>\n<p>3. U\u017esakymo pateikimas, pardavimo ir pirkimo sandorio sudarymas<\/p>\n<p>3.1. Pirk\u0117jas gali b\u016bti fizinis arba juridinis asmuo, turintis teisnum\u0105 ir veiksnum\u0105. Pateikdamas U\u017esakym\u0105 Pirk\u0117jas patvirtina, kad turi teisnum\u0105 ir (arba) \u012fgaliojimus vykdyti sandor\u012f. Pirk\u0117jas, kurio veiksnumas apribotas (t. y. asmuo, jaunesnis nei 18 met\u0173), sutikdamas su Pardavimo taisykl\u0117mis, patvirtina, kad jo teis\u0117tas atstovas dav\u0117 sutikim\u0105 sudaryti sandor\u012f ir naudoti reikiamas l\u0117\u0161as.<\/p>\n<p>3.2. Pirkini\u0173 krep\u0161elis sukuriamas, kai Pirk\u0117jas paspaud\u017eia mygtuk\u0105 \u201eU\u017esakyti\u201d prie Paslaugos. Paslaugos \u012ftraukimas \u012f pirkini\u0173 krep\u0161el\u012f ne\u012fpareigoja \u012fsigyti Paslaug\u0105. Pirkini\u0173 krep\u0161elio turin\u012f galima bet kada pakeisti. Prie\u0161 pateikdamas u\u017esakym\u0105 Pirk\u0117jas gali pakeisti, prid\u0117ti ar pa\u0161alinti Paslaug\u0105 ir at\u0161aukti pirkim\u0105.<\/p>\n<p>3.3. Nor\u0117damas pateikti u\u017esakym\u0105 internetin\u0117je parduotuv\u0117je \u201eGenorama\u201d, Pirk\u0117jas Pirkini\u0173 krep\u0161elio puslapyje paspaud\u017eia mygtuk\u0105 \u201ePateikti u\u017esakym\u0105\u201d. Pateikdamas U\u017esakym\u0105, Pirk\u0117jas u\u017epildo virtuali\u0105 form\u0105, nurodydamas asmens duomenis (vard\u0105, pavard\u0119, Pavyzd\u017ei\u0173 rinkinio paskirties viet\u0105: miest\u0105, adres\u0105, pa\u0161to kod\u0105; kontaktin\u012f telefono numer\u012f, el. pa\u0161to adres\u0105; juridinio asmens atveju \u2013 juridinio asmens pavadinim\u0105).<\/p>\n<p>3.4. Prie\u0161 patvirtindamas u\u017esakym\u0105 Pirk\u0117jas privalo perskaityti ir patvirtinti \u201eGenorama\u201d internetin\u0117s parduotuv\u0117s pardavimo s\u0105lygas, taisykles ir s\u0105lygas bei privatumo politik\u0105; pasirinkti pageidaujam\u0105 mok\u0117jimo b\u016bd\u0105 u\u017esakymui apmok\u0117ti.<\/p>\n<p>3.5. U\u017esakymas laikomas patvirtintu, kai Pirk\u0117jas apmoka u\u017e internetin\u0117je parduotuv\u0117je \u201eGenorama\u201d pateikt\u0105 u\u017esakym\u0105. Pirk\u0117jas el. pa\u0161tu gauna u\u017esakymo patvirtinim\u0105 ir mok\u0117jimo kvit\u0105.<\/p>\n<p>3.6. Pirkimo-pardavimo sandoris laikomas sudarytu i\u0161siuntus U\u017esakymo patvirtinim\u0105 Pirk\u0117jo elektroninio pa\u0161to adresu.<\/p>\n<p>4. U\u017esakymo tvarkymas<\/p>\n<p>4.1. \u201eGenorama\u201d pristato m\u0117gini\u0173 rinkin\u012f Pirk\u0117jui pa\u0161tu arba per \u201eItella SmartPOST\u201d siunt\u0173 terminal\u0105 (i\u0161skyrus atvejus, kai m\u0117gini\u0173 rinkinio siuntimo vieta yra u\u017e Estijos Respublikos rib\u0173) pagal Pirk\u0117jo pasirinkim\u0105, pateikt\u0105 \u201eGenorama\u201d internetin\u0117je parduotuv\u0117je.<\/p>\n<p>4.2. 4.2.1. \u201eGenorama\u201d pasir\u016bpina M\u0117gini\u0173 rinkinio pristatymu Pirk\u0117jui per 3 (tris) darbo dienas nuo U\u017esakymo patvirtinimo, i\u0161skyrus atvejus, kai \u0161io termino negalima laikytis d\u0117l nenumatyt\u0173 ir nuo \u201eGenorama\u201d nepriklausan\u010di\u0173 aplinkybi\u0173.<\/p>\n<p>4.3. Jei M\u0117gini\u0173 rinkinio siuntimo vieta yra u\u017e Estijos Respublikos rib\u0173, konkre\u010dios M\u0117gini\u0173 rinkinio pristatymo s\u0105lygos ir praktika priklausys nuo kurjeri\u0173 paslaug\u0173 teik\u0117jo ir j\u0173 \u201eGenorama\u201d negal\u0117s kontroliuoti ar numatyti.<\/p>\n<p>4.4. Bendrov\u0117 \u201eGenorama\u201d neatsako u\u017e v\u0117lavim\u0105 pristatyti arba m\u0117gini\u0173 rinkinio nepristatym\u0105 d\u0117l netikslios informacijos, kuri\u0105 Pirk\u0117jas pateik\u0117 pateikdamas U\u017esakym\u0105.<\/p>\n<p>4.5. Apie m\u0117gini\u0173 rinkinio med\u017eiagos gavim\u0105 \u201eGenorama\u201d informuoja Pirk\u0117j\u0105, i\u0161si\u0173sdama patvirtinimo lai\u0161k\u0105 Pirk\u0117jo elektroninio pa\u0161to adresu. Paslaugos atlikimo laikas (TAT) apra\u0161ytas \u201eGenorama\u201d interneto svetain\u0117je. TAT skai\u010diuojamas nuo M\u0117ginio med\u017eiagos gavimo \u201eGenorama\u201d laboratorijoje momento.<\/p>\n<p>4.6. Paslaugos pristatymo terminas gali b\u016bti atid\u0117tas d\u0117l aplinkybi\u0173, kuri\u0173 \u201eGenorama\u201d negali kontroliuoti ar numatyti, \u012fskaitant techninius gedimus ir nenugalimos j\u0117gos aplinkybes (Force Majeure, kaip nurodyta 6.2 punkte).<\/p>\n<p>4.7. Jei d\u0117l technini\u0173 gedim\u0173 taikytinas Paslaugos TAT vir\u0161ijamas ilgiau nei 10 (de\u0161imt) darbo dien\u0173, Pirk\u0117jas turi teis\u0119 atsisakyti Pirkimo-pardavimo sandorio ir reikalauti gr\u0105\u017einti u\u017e Paslaug\u0105 sumok\u0117t\u0105 sum\u0105.<\/p>\n<p>4.8. Paslauga laikoma baigta, kai rezultatai pristatomi Pirk\u0117jo el. pa\u0161to adresu.<\/p>\n<p>5. Atsisakymas nuo Pardavimo ir pirkimo sandorio<\/p>\n<p>5.1. Pirk\u0117jas turi teis\u0119 at\u0161aukti U\u017esakym\u0105 iki tol, kol \u201eGenorama\u201d n\u0117ra gavusi Pavyzdin\u0117s med\u017eiagos.<\/p>\n<p>5.2. Nor\u0117damas pasinaudoti U\u017esakymo at\u0161aukimo teise, Pirk\u0117jas turi ra\u0161tu prane\u0161ti \u201eGenorama\u201d apie sprendim\u0105 at\u0161aukti U\u017esakym\u0105 elektroniniu pa\u0161tu info@genorama.com.<\/p>\n<p>5.3. 5.3. Jei Pirk\u0117jas at\u0161aukia U\u017esakym\u0105 po to, kai Pirk\u0117jui buvo i\u0161si\u0173stas Pavyzd\u017ei\u0173 rinkinio rinkinys, \u201eGenorama\u201d per 14 (keturiolika) kalendorini\u0173 dien\u0173 nuo \u201eGenorama\u201d gauto pra\u0161ymo at\u0161aukti U\u017esakym\u0105 gr\u0105\u017eina Pirk\u0117jui 75 % u\u017e Paslaug\u0105 sumok\u0117tos sumos \u012f Pirk\u0117jo banko s\u0105skait\u0105.<\/p>\n<p>5.4. Pirk\u0117jas turi teis\u0119 atsisakyti susipa\u017einti su Paslaugos rezultatais, apie tai ra\u0161tu prane\u0161damas \u201eGenorama\u201d prie\u0161 i\u0161siun\u010diant rezultatus Pirk\u0117jui. Atsisakymas susipa\u017einti su rezultatais nesuteikia Pirk\u0117jui teis\u0117s reikalauti gr\u0105\u017einti u\u017e Paslaug\u0105 sumok\u0117t\u0105 sum\u0105.<\/p>\n<p>6. Atsakomyb\u0117 ir nenugalimos j\u0117gos aplinkyb\u0117s<\/p>\n<p>6.1. \u201eGenorama\u201d ir Pirk\u0117jas atsako u\u017e nuostolius, padarytus kitai \u0160aliai pa\u017eeidus \u0161ias Pirkimo s\u0105lygas, Estijos Respublikos teis\u0117s aktuose nustatyta apimtimi.<\/p>\n<p>6.2. 6.2. \u201eGenorama\u201d neatsako u\u017e Pirk\u0117jui padaryt\u0105 \u017eal\u0105, jei Paslauga v\u0117luoja suteikti d\u0117l aplinkybi\u0173, kuri\u0173 \u201eGenorama\u201d negali kontroliuoti ar numatyti, \u012fskaitant techninius gedimus ir nenugalimos j\u0117gos aplinkybes. Force Majeure rei\u0161kia visus nei\u0161vengiamus ir nenumatytus \u012fvykius, kuri\u0173 \u201eGenorama\u201d negali kontroliuoti. Tokiems \u012fvykiams priskiriami visuotiniai elektros energijos tiekimo nutraukimai, gaisrai, sprogimai, stichin\u0117s nelaim\u0117s ir kiti \u012fvykiai, kurie bendroje tarptautin\u0117je praktikoje pripa\u017e\u012fstami force majeure aplinkyb\u0117mis.<\/p>\n<p>7. Gin\u010d\u0173 sprendimas<\/p>\n<p>7.1. Visos Pirk\u0117jo pretenzijos d\u0117l \u201eGenorama\u201d paslaugos turi b\u016bti siun\u010diamos ra\u0161tu adresu info@genorama.com.<\/p>\n<p>7.2. Pirk\u0117jas ir \u201eGenorama\u201d visus gin\u010dus, susijusius su \u0161iuo Pirkimo-pardavimo sandoriu, stengiasi i\u0161spr\u0119sti derybomis. Jei \u0160alims nepavyksta i\u0161spr\u0119sti su \u0161iuo Pardavimo ir pirkimo sandoriu susijusi\u0173 gin\u010d\u0173 derybomis, Pirk\u0117jas turi teis\u0119 kreiptis \u012f Europos S\u0105jungos vartotoj\u0173 gin\u010d\u0173 sprendimo platform\u0105.<\/p>\n<\/div>\n<\/article>\n<p>&nbsp;<\/p>\n<\/div>\n<\/div>\n<\/div>\n","protected":false},"excerpt":{"rendered":"<p>Pardavimo s\u0105lygos &nbsp; 1. Pardavimo s\u0105lyg\u0173 taikymo sritis ir galiojimas 1.1. \u0160ios internetin\u0117s parduotuv\u0117s \u201eGenorama\u201d pardavimo s\u0105lygos yra teisi\u0161kai \u012fpareigojantis susitarimas, sudarytas tarp fizinio ar juridinio asmens (toliau \u2013 Pirk\u0117jas), \u012fsigyjan\u010dio testavimo paslaug\u0105 (toliau \u2013 Paslauga) internetin\u0117je parduotuv\u0117je \u201eGenorama\u201d, ir internetin\u0117s parduotuv\u0117s \u201eGenorama\u201d, esan\u010dios interneto adresu: www.genorama.com, savininko, kuris yra Genorama LLC, registro kodas 11538292, [&hellip;]<\/p>\n","protected":false},"author":3,"featured_media":0,"parent":0,"menu_order":0,"comment_status":"closed","ping_status":"closed","template":"","meta":{"_acf_changed":false,"ocean_post_layout":"","ocean_both_sidebars_style":"","ocean_both_sidebars_content_width":0,"ocean_both_sidebars_sidebars_width":0,"ocean_sidebar":"0","ocean_second_sidebar":"0","ocean_disable_margins":"enable","ocean_add_body_class":"","ocean_shortcode_before_top_bar":"","ocean_shortcode_after_top_bar":"","ocean_shortcode_before_header":"","ocean_shortcode_after_header":"","ocean_has_shortcode":"","ocean_shortcode_after_title":"","ocean_shortcode_before_footer_widgets":"","ocean_shortcode_after_footer_widgets":"","ocean_shortcode_before_footer_bottom":"","ocean_shortcode_after_footer_bottom":"","ocean_display_top_bar":"default","ocean_display_header":"default","ocean_header_style":"","ocean_center_header_left_menu":"0","ocean_custom_header_template":"0","ocean_custom_logo":0,"ocean_custom_retina_logo":0,"ocean_custom_logo_max_width":0,"ocean_custom_logo_tablet_max_width":0,"ocean_custom_logo_mobile_max_width":0,"ocean_custom_logo_max_height":0,"ocean_custom_logo_tablet_max_height":0,"ocean_custom_logo_mobile_max_height":0,"ocean_header_custom_menu":"0","ocean_menu_typo_font_family":"0","ocean_menu_typo_font_subset":"","ocean_menu_typo_font_size":0,"ocean_menu_typo_font_size_tablet":0,"ocean_menu_typo_font_size_mobile":0,"ocean_menu_typo_font_size_unit":"px","ocean_menu_typo_font_weight":"","ocean_menu_typo_font_weight_tablet":"","ocean_menu_typo_font_weight_mobile":"","ocean_menu_typo_transform":"","ocean_menu_typo_transform_tablet":"","ocean_menu_typo_transform_mobile":"","ocean_menu_typo_line_height":0,"ocean_menu_typo_line_height_tablet":0,"ocean_menu_typo_line_height_mobile":0,"ocean_menu_typo_line_height_unit":"","ocean_menu_typo_spacing":0,"ocean_menu_typo_spacing_tablet":0,"ocean_menu_typo_spacing_mobile":0,"ocean_menu_typo_spacing_unit":"","ocean_menu_link_color":"","ocean_menu_link_color_hover":"","ocean_menu_link_color_active":"","ocean_menu_link_background":"","ocean_menu_link_hover_background":"","ocean_menu_link_active_background":"","ocean_menu_social_links_bg":"","ocean_menu_social_hover_links_bg":"","ocean_menu_social_links_color":"","ocean_menu_social_hover_links_color":"","ocean_disable_title":"default","ocean_disable_heading":"default","ocean_post_title":"","ocean_post_subheading":"","ocean_post_title_style":"","ocean_post_title_background_color":"","ocean_post_title_background":0,"ocean_post_title_bg_image_position":"","ocean_post_title_bg_image_attachment":"","ocean_post_title_bg_image_repeat":"","ocean_post_title_bg_image_size":"","ocean_post_title_height":0,"ocean_post_title_bg_overlay":0.5,"ocean_post_title_bg_overlay_color":"","ocean_disable_breadcrumbs":"default","ocean_breadcrumbs_color":"","ocean_breadcrumbs_separator_color":"","ocean_breadcrumbs_links_color":"","ocean_breadcrumbs_links_hover_color":"","ocean_display_footer_widgets":"default","ocean_display_footer_bottom":"default","ocean_custom_footer_template":"0","footnotes":""},"class_list":["post-6393","page","type-page","status-publish","hentry","entry","owp-thumbs-layout-horizontal","owp-btn-normal","owp-tabs-layout-horizontal","has-no-thumbnails","has-product-nav"],"acf":[],"aioseo_notices":[],"_links":{"self":[{"href":"https:\/\/genorama.com\/lt\/wp-json\/wp\/v2\/pages\/6393","targetHints":{"allow":["GET"]}}],"collection":[{"href":"https:\/\/genorama.com\/lt\/wp-json\/wp\/v2\/pages"}],"about":[{"href":"https:\/\/genorama.com\/lt\/wp-json\/wp\/v2\/types\/page"}],"author":[{"embeddable":true,"href":"https:\/\/genorama.com\/lt\/wp-json\/wp\/v2\/users\/3"}],"replies":[{"embeddable":true,"href":"https:\/\/genorama.com\/lt\/wp-json\/wp\/v2\/comments?post=6393"}],"version-history":[{"count":2,"href":"https:\/\/genorama.com\/lt\/wp-json\/wp\/v2\/pages\/6393\/revisions"}],"predecessor-version":[{"id":6420,"href":"https:\/\/genorama.com\/lt\/wp-json\/wp\/v2\/pages\/6393\/revisions\/6420"}],"wp:attachment":[{"href":"https:\/\/genorama.com\/lt\/wp-json\/wp\/v2\/media?parent=6393"}],"curies":[{"name":"wp","href":"https:\/\/api.w.org\/{rel}","templated":true}]}}