{"id":5408,"date":"2017-04-24T06:35:21","date_gmt":"2017-04-24T06:35:21","guid":{"rendered":"https:\/\/genorama.com\/product\/tevystes-testas\/"},"modified":"2026-03-16T14:55:20","modified_gmt":"2026-03-16T12:55:20","slug":"tevystes-testas","status":"publish","type":"product","link":"https:\/\/genorama.com\/lt\/product\/tevystes-testas\/","title":{"rendered":"T\u0117vyst\u0117s testas"},"content":{"rendered":"<p><strong>18 \u017eymen\u0173 genetin\u0117 analiz\u0117<\/strong> naudojant \u201ePromega PowerPlex\u00ae 18D System\u201c rinkin\u012f naudojama t\u0117vystei nustatyti.<\/p>\n<p><strong>Atlikimo laikas:<\/strong> 5-10 darbo dien\u0173<\/p>\n<p><strong>Reikalavimai m\u0117giniui:<\/strong> Bukalini\u0173 l\u0105steli\u0173 m\u0117ginys<br \/>\nM\u0117ginio surinkimo rinkinys bus i\u0161si\u0173stas u\u017esakyme nurodytu adresu.<\/p>\n<p>&#8212;&#8212;&#8212;&#8212;&#8212;&#8212;&#8212;&#8212;&#8212;&#8212;&#8212;&#8212;&#8212;&#8212;&#8212;&#8212;&#8212;&#8212;&#8212;&#8212;&#8212;&#8212;&#8212;&#8212;&#8212;&#8212;&#8212;&#8212;&#8212;&#8212;&#8212;&#8212;&#8212;&#8212;&#8212;&#8211;<\/p>\n<p>Ar ie\u0161kote atsakym\u0173? M\u016bs\u0173 t\u0117vyst\u0117s testas <strong>u\u017etikrina ramyb\u0119<\/strong> ir <strong>patikimus rezultatus<\/strong>.<\/p>\n<p><img decoding=\"async\" class=\"wp-image-5336 alignleft\" src=\"https:\/\/genorama.com\/wp-content\/uploads\/2017\/04\/Nimetu-kujundus-29.png\" alt=\"\" width=\"49\" height=\"49\" srcset=\"https:\/\/genorama.com\/wp-content\/uploads\/2017\/04\/Nimetu-kujundus-29.png 150w, https:\/\/genorama.com\/wp-content\/uploads\/2017\/04\/Nimetu-kujundus-29-100x100.png 100w\" sizes=\"(max-width: 49px) 100vw, 49px\" \/><\/p>\n<p><strong>Tikslumas:<\/strong> Daugiau nei 99,99% patikim\u0173 rezultat\u0173, kurie suteikia ai\u0161kius atsakymus.<\/p>\n<p>&nbsp;<\/p>\n<p><img decoding=\"async\" class=\"wp-image-5343 alignleft\" src=\"https:\/\/genorama.com\/wp-content\/uploads\/2017\/04\/Nimetu-kujundus-30.png\" alt=\"\" width=\"56\" height=\"56\" srcset=\"https:\/\/genorama.com\/wp-content\/uploads\/2017\/04\/Nimetu-kujundus-30.png 150w, https:\/\/genorama.com\/wp-content\/uploads\/2017\/04\/Nimetu-kujundus-30-100x100.png 100w\" sizes=\"(max-width: 56px) 100vw, 56px\" \/><\/p>\n<p><strong>Greiti rezultatai:<\/strong> Rezultatus gausite vos per 5-10 darbo dien\u0173.<\/p>\n<p>&nbsp;<\/p>\n<p><img decoding=\"async\" class=\"wp-image-5350 alignleft\" src=\"https:\/\/genorama.com\/wp-content\/uploads\/2017\/04\/Nimetu-kujundus-31.png\" alt=\"\" width=\"47\" height=\"47\" srcset=\"https:\/\/genorama.com\/wp-content\/uploads\/2017\/04\/Nimetu-kujundus-31.png 150w, https:\/\/genorama.com\/wp-content\/uploads\/2017\/04\/Nimetu-kujundus-31-100x100.png 100w\" sizes=\"(max-width: 47px) 100vw, 47px\" \/><\/p>\n<p><strong>Konfidencialumas:<\/strong> M\u016bs\u0173 klient\u0173 portalas garantuoja visi\u0161k\u0105 privatum\u0105 viso proceso metu.<\/p>\n<p>&nbsp;<\/p>\n<p><img loading=\"lazy\" decoding=\"async\" class=\"wp-image-5357 alignleft\" src=\"https:\/\/genorama.com\/wp-content\/uploads\/2017\/04\/Nimetu-kujundus-33.png\" alt=\"\" width=\"54\" height=\"54\" srcset=\"https:\/\/genorama.com\/wp-content\/uploads\/2017\/04\/Nimetu-kujundus-33.png 150w, https:\/\/genorama.com\/wp-content\/uploads\/2017\/04\/Nimetu-kujundus-33-100x100.png 100w\" sizes=\"(max-width: 54px) 100vw, 54px\" \/><\/p>\n<p><strong>Lengva naudoti:<\/strong> pridedamas paprastas surinkimo namuose rinkinys.<\/p>\n<p>&nbsp;<\/p>\n<hr \/>\n<p><strong>Kaip tai veikia:<\/strong><\/p>\n<p>U\u017esisakykite test\u0173 rinkin\u012f.<br \/>\nPaimkite DNR m\u0117ginius naudodami paprastus tamponus (\u012f standartin\u012f test\u0105 \u012ftraukti 2 kartus t\u0117vo ir vaiko skruost\u0173 tamponai).<br \/>\nU\u017epildykite klausimynus klient\u0173 portale.<br \/>\nSi\u0173skite m\u0117ginius \u012f m\u016bs\u0173 sertifikuot\u0105 laboratorij\u0105 i\u0161 anksto apmok\u0117toje d\u0117\u017eut\u0117je.<br \/>\nGaukite saugius rezultatus per m\u016bs\u0173 saug\u0173 2 veiksniais patvirtint\u0105 klient\u0173 portal\u0105.<\/p>\n<p><strong>PS!<\/strong> Rekomenduojame prid\u0117ti ir motinos m\u0117gin\u012f. Motinos DNR m\u0117ginio \u012ftraukimas \u012f t\u0117vyst\u0117s test\u0105 padeda nustatyti retus atvejus, d\u0117l kuri\u0173 rezultatai gali b\u016bti neai\u0161k\u016bs arba dviprasmi\u0161ki. Nors daugumos test\u0173 99,99% tikslumui u\u017etikrinti tai n\u0117ra b\u016btina, ta\u010diau tai suteikia papildom\u0105 tikrumo sluoksn\u012f ir padeda i\u0161vengti ret\u0173 atvej\u0173.<\/p>\n<p><strong>Daugiau informacijos \u0161ia tema:<\/strong><br \/>\nT\u0117vyst\u0117s testo ir kit\u0173 biologinio ry\u0161io test\u0173 tikslumas yra 99,99 %. Nors tikslus rezultatas u\u017etikrinamas lyginant t\u0117vo DNR su vaiko DNR, rekomenduojame, jei \u012fmanoma, \u012ftraukti motinos m\u0117gin\u012f. \u012etrauk\u0119 motinos DNR, galime tiksliau nustatyti, kuri vaiko DNR dalis yra kilusi i\u0161 motinos ir kuri\u0105 likusi\u0105 vaiko DNR dal\u012f reikia palyginti su numanomo t\u0117vo DNR. Motinos tyrimas taip pat pad\u0117s tiksliai nustatyti t\u0117vyst\u0117s tikimyb\u0119 i\u0161skirtiniais atvejais, kai tas pats alelis yra paveld\u0117tas i\u0161 abiej\u0173 t\u0117v\u0173.<\/p>\n","protected":false},"excerpt":{"rendered":"<p>Standartinis testas apima vieno tariamo t\u0117vo ir vieno vaiko testavim\u0105.<\/p>\n<p>Testuojant galima \u012ftraukti daugiau asmen\u0173. Pasirinkite toliau.<br \/>\nJei \u012fmanoma, rekomenduojame \u012f testavim\u0105 \u012ftraukti ir motinos m\u0117gin\u012f.<\/p>\n","protected":false},"featured_media":5086,"template":"","meta":{"_acf_changed":false,"ocean_post_layout":"","ocean_both_sidebars_style":"","ocean_both_sidebars_content_width":0,"ocean_both_sidebars_sidebars_width":0,"ocean_sidebar":"0","ocean_second_sidebar":"0","ocean_disable_margins":"enable","ocean_add_body_class":"","ocean_shortcode_before_top_bar":"","ocean_shortcode_after_top_bar":"","ocean_shortcode_before_header":"","ocean_shortcode_after_header":"","ocean_has_shortcode":"","ocean_shortcode_after_title":"","ocean_shortcode_before_footer_widgets":"","ocean_shortcode_after_footer_widgets":"","ocean_shortcode_before_footer_bottom":"","ocean_shortcode_after_footer_bottom":"","ocean_display_top_bar":"default","ocean_display_header":"default","ocean_header_style":"","ocean_center_header_left_menu":"0","ocean_custom_header_template":"0","ocean_custom_logo":0,"ocean_custom_retina_logo":0,"ocean_custom_logo_max_width":0,"ocean_custom_logo_tablet_max_width":0,"ocean_custom_logo_mobile_max_width":0,"ocean_custom_logo_max_height":0,"ocean_custom_logo_tablet_max_height":0,"ocean_custom_logo_mobile_max_height":0,"ocean_header_custom_menu":"0","ocean_menu_typo_font_family":"0","ocean_menu_typo_font_subset":"","ocean_menu_typo_font_size":0,"ocean_menu_typo_font_size_tablet":0,"ocean_menu_typo_font_size_mobile":0,"ocean_menu_typo_font_size_unit":"px","ocean_menu_typo_font_weight":"","ocean_menu_typo_font_weight_tablet":"","ocean_menu_typo_font_weight_mobile":"","ocean_menu_typo_transform":"","ocean_menu_typo_transform_tablet":"","ocean_menu_typo_transform_mobile":"","ocean_menu_typo_line_height":0,"ocean_menu_typo_line_height_tablet":0,"ocean_menu_typo_line_height_mobile":0,"ocean_menu_typo_line_height_unit":"","ocean_menu_typo_spacing":0,"ocean_menu_typo_spacing_tablet":0,"ocean_menu_typo_spacing_mobile":0,"ocean_menu_typo_spacing_unit":"","ocean_menu_link_color":"","ocean_menu_link_color_hover":"","ocean_menu_link_color_active":"","ocean_menu_link_background":"","ocean_menu_link_hover_background":"","ocean_menu_link_active_background":"","ocean_menu_social_links_bg":"","ocean_menu_social_hover_links_bg":"","ocean_menu_social_links_color":"","ocean_menu_social_hover_links_color":"","ocean_disable_title":"default","ocean_disable_heading":"default","ocean_post_title":"","ocean_post_subheading":"","ocean_post_title_style":"","ocean_post_title_background_color":"","ocean_post_title_background":0,"ocean_post_title_bg_image_position":"","ocean_post_title_bg_image_attachment":"","ocean_post_title_bg_image_repeat":"","ocean_post_title_bg_image_size":"","ocean_post_title_height":0,"ocean_post_title_bg_overlay":0.5,"ocean_post_title_bg_overlay_color":"","ocean_disable_breadcrumbs":"default","ocean_breadcrumbs_color":"","ocean_breadcrumbs_separator_color":"","ocean_breadcrumbs_links_color":"","ocean_breadcrumbs_links_hover_color":"","ocean_display_footer_widgets":"default","ocean_display_footer_bottom":"default","ocean_custom_footer_template":"0"},"product_brand":[],"product_cat":[279,280,281],"product_tag":[282,283],"class_list":{"0":"post-5408","1":"product","2":"type-product","3":"status-publish","4":"has-post-thumbnail","6":"product_cat-biologinis-rysys","7":"product_cat-slider-product-lt","8":"product_cat-tevystes-testas","9":"product_tag-dnr-testas","10":"product_tag-tevystes-testas","12":"entry","13":"has-media","15":"first","16":"instock","17":"sale","18":"sold-individually","19":"taxable","20":"shipping-taxable","21":"purchasable","22":"product-type-variable","23":"has-default-attributes","24":"has-product-nav","25":"col","26":"span_1_of_3","27":"owp-content-center","28":"owp-thumbs-layout-horizontal","29":"owp-btn-normal","30":"owp-tabs-layout-horizontal"},"acf":[],"aioseo_notices":[],"_links":{"self":[{"href":"https:\/\/genorama.com\/lt\/wp-json\/wp\/v2\/product\/5408","targetHints":{"allow":["GET"]}}],"collection":[{"href":"https:\/\/genorama.com\/lt\/wp-json\/wp\/v2\/product"}],"about":[{"href":"https:\/\/genorama.com\/lt\/wp-json\/wp\/v2\/types\/product"}],"wp:featuredmedia":[{"embeddable":true,"href":"https:\/\/genorama.com\/lt\/wp-json\/wp\/v2\/media\/5086"}],"wp:attachment":[{"href":"https:\/\/genorama.com\/lt\/wp-json\/wp\/v2\/media?parent=5408"}],"wp:term":[{"taxonomy":"product_brand","embeddable":true,"href":"https:\/\/genorama.com\/lt\/wp-json\/wp\/v2\/product_brand?post=5408"},{"taxonomy":"product_cat","embeddable":true,"href":"https:\/\/genorama.com\/lt\/wp-json\/wp\/v2\/product_cat?post=5408"},{"taxonomy":"product_tag","embeddable":true,"href":"https:\/\/genorama.com\/lt\/wp-json\/wp\/v2\/product_tag?post=5408"}],"curies":[{"name":"wp","href":"https:\/\/api.w.org\/{rel}","templated":true}]}}