{"id":5667,"date":"2017-04-24T09:25:12","date_gmt":"2017-04-24T09:25:12","guid":{"rendered":"https:\/\/genorama.com\/product\/seneliu-ir-tevu-testas\/"},"modified":"2025-02-17T18:25:22","modified_gmt":"2025-02-17T16:25:22","slug":"seneliu-ir-tevu-testas","status":"publish","type":"product","link":"https:\/\/genorama.com\/lt\/product\/seneliu-ir-tevu-testas\/","title":{"rendered":"Seneli\u0173 ir t\u0117v\u0173 testas"},"content":{"rendered":"<p style=\"text-align: center;\">Naudojama <strong>18 \u017eymen\u0173 genetin\u0117 analiz\u0117<\/strong> naudojant Promega PowerPlex\u00ae 18D sistem\u0105.<\/p>\n<p style=\"text-align: center;\"><strong>Atlikimo laikas:<\/strong> 5-10 darbo dien\u0173<\/p>\n<p style=\"text-align: center;\"><strong>Reikalavimai m\u0117giniui:<\/strong> Bu\u010dini\u0173 l\u0105steli\u0173 m\u0117ginys<br \/>\nM\u0117ginio rinkinio rinkinys bus i\u0161si\u0173stas u\u017esakyme nurodytu adresu.<\/p>\n<p style=\"text-align: center;\">&#8212;&#8212;&#8212;&#8212;&#8212;&#8212;&#8212;&#8212;&#8212;&#8212;&#8212;&#8212;&#8212;&#8212;&#8212;&#8212;&#8212;&#8212;&#8212;&#8212;&#8212;&#8212;&#8212;&#8212;&#8212;&#8212;&#8212;&#8212;&#8212;&#8212;&#8212;&#8212;&#8212;&#8212;&#8212;&#8211;<\/p>\n<p style=\"text-align: center;\">Ar ie\u0161kote atsakym\u0173? M\u016bs\u0173 testas <strong>u\u017etikrina ramyb\u0119<\/strong> ir <strong>patikimus rezultatus<\/strong>.<\/p>\n<p style=\"text-align: center;\"><img decoding=\"async\" class=\"wp-image-5336 aligncenter\" src=\"https:\/\/genorama.com\/wp-content\/uploads\/2017\/04\/Nimetu-kujundus-29.png\" alt=\"\" width=\"49\" height=\"49\" srcset=\"https:\/\/genorama.com\/wp-content\/uploads\/2017\/04\/Nimetu-kujundus-29.png 150w, https:\/\/genorama.com\/wp-content\/uploads\/2017\/04\/Nimetu-kujundus-29-100x100.png 100w\" sizes=\"(max-width: 49px) 100vw, 49px\" \/><\/p>\n<p style=\"text-align: center;\"><strong>Tikslumas:<\/strong> Daugiau nei 99,99 % patikimi rezultatai, kad gautum\u0117te ai\u0161kius atsakymus.<\/p>\n<p style=\"text-align: center;\"><img decoding=\"async\" class=\"wp-image-5343 aligncenter\" src=\"https:\/\/genorama.com\/wp-content\/uploads\/2017\/04\/Nimetu-kujundus-30.png\" alt=\"\" width=\"56\" height=\"56\" srcset=\"https:\/\/genorama.com\/wp-content\/uploads\/2017\/04\/Nimetu-kujundus-30.png 150w, https:\/\/genorama.com\/wp-content\/uploads\/2017\/04\/Nimetu-kujundus-30-100x100.png 100w\" sizes=\"(max-width: 56px) 100vw, 56px\" \/><\/p>\n<p style=\"text-align: center;\"><strong>Greiti rezultatai:<\/strong> Rezultatus gausite vos per 5-10 darbo dien\u0173.<\/p>\n<p><img decoding=\"async\" class=\"wp-image-5350 aligncenter\" src=\"https:\/\/genorama.com\/wp-content\/uploads\/2017\/04\/Nimetu-kujundus-31.png\" alt=\"\" width=\"47\" height=\"47\" srcset=\"https:\/\/genorama.com\/wp-content\/uploads\/2017\/04\/Nimetu-kujundus-31.png 150w, https:\/\/genorama.com\/wp-content\/uploads\/2017\/04\/Nimetu-kujundus-31-100x100.png 100w\" sizes=\"(max-width: 47px) 100vw, 47px\" \/><\/p>\n<p style=\"text-align: center;\"><strong>Konfidencialumas:<\/strong> M\u016bs\u0173 klient\u0173 portalas garantuoja visi\u0161k\u0105 privatum\u0105 viso proceso metu.<\/p>\n<p><img loading=\"lazy\" decoding=\"async\" class=\" wp-image-5357 aligncenter\" src=\"https:\/\/genorama.com\/wp-content\/uploads\/2017\/04\/Nimetu-kujundus-33.png\" alt=\"\" width=\"54\" height=\"54\" srcset=\"https:\/\/genorama.com\/wp-content\/uploads\/2017\/04\/Nimetu-kujundus-33.png 150w, https:\/\/genorama.com\/wp-content\/uploads\/2017\/04\/Nimetu-kujundus-33-100x100.png 100w\" sizes=\"(max-width: 54px) 100vw, 54px\" \/><\/p>\n<p style=\"text-align: center;\"><strong>Lengva naudoti:<\/strong> Pridedamas paprastas surinkimo namuose rinkinys.<\/p>\n<hr \/>\n<p style=\"text-align: center;\"><strong>Kaip tai veikia:<\/strong><\/p>\n<p style=\"text-align: center;\">U\u017esisakykite test\u0173 rinkin\u012f.<br \/>\nPaimkite DNR m\u0117ginius naudodami paprastus tamponus (\u012f numatyt\u0105j\u012f test\u0105 \u012feina 2x skruost\u0173 tamponai kiekvienam asmeniui).<br \/>\nU\u017epildykite klausimynus klient\u0173 portale.<br \/>\nSi\u0173skite m\u0117ginius \u012f m\u016bs\u0173 sertifikuot\u0105 laboratorij\u0105 i\u0161 anksto apmok\u0117toje d\u0117\u017eut\u0117je.<br \/>\nGaukite saugius rezultatus per m\u016bs\u0173 saug\u0173 2 veiksniais patvirtint\u0105 klient\u0173 portal\u0105.<\/p>\n","protected":false},"excerpt":{"rendered":"<p>Standartinis testas apima vieno tariamo senelio ir vieno vaiko testavim\u0105.<\/p>\n<p>Testuojant galima \u012ftraukti daugiau asmen\u0173. Pasirinkite toliau.<\/p>\n","protected":false},"featured_media":5195,"template":"","meta":{"_acf_changed":false,"ocean_post_layout":"","ocean_both_sidebars_style":"","ocean_both_sidebars_content_width":0,"ocean_both_sidebars_sidebars_width":0,"ocean_sidebar":"0","ocean_second_sidebar":"0","ocean_disable_margins":"enable","ocean_add_body_class":"","ocean_shortcode_before_top_bar":"","ocean_shortcode_after_top_bar":"","ocean_shortcode_before_header":"","ocean_shortcode_after_header":"","ocean_has_shortcode":"","ocean_shortcode_after_title":"","ocean_shortcode_before_footer_widgets":"","ocean_shortcode_after_footer_widgets":"","ocean_shortcode_before_footer_bottom":"","ocean_shortcode_after_footer_bottom":"","ocean_display_top_bar":"default","ocean_display_header":"default","ocean_header_style":"","ocean_center_header_left_menu":"0","ocean_custom_header_template":"0","ocean_custom_logo":0,"ocean_custom_retina_logo":0,"ocean_custom_logo_max_width":0,"ocean_custom_logo_tablet_max_width":0,"ocean_custom_logo_mobile_max_width":0,"ocean_custom_logo_max_height":0,"ocean_custom_logo_tablet_max_height":0,"ocean_custom_logo_mobile_max_height":0,"ocean_header_custom_menu":"0","ocean_menu_typo_font_family":"0","ocean_menu_typo_font_subset":"","ocean_menu_typo_font_size":0,"ocean_menu_typo_font_size_tablet":0,"ocean_menu_typo_font_size_mobile":0,"ocean_menu_typo_font_size_unit":"px","ocean_menu_typo_font_weight":"","ocean_menu_typo_font_weight_tablet":"","ocean_menu_typo_font_weight_mobile":"","ocean_menu_typo_transform":"","ocean_menu_typo_transform_tablet":"","ocean_menu_typo_transform_mobile":"","ocean_menu_typo_line_height":0,"ocean_menu_typo_line_height_tablet":0,"ocean_menu_typo_line_height_mobile":0,"ocean_menu_typo_line_height_unit":"","ocean_menu_typo_spacing":0,"ocean_menu_typo_spacing_tablet":0,"ocean_menu_typo_spacing_mobile":0,"ocean_menu_typo_spacing_unit":"","ocean_menu_link_color":"","ocean_menu_link_color_hover":"","ocean_menu_link_color_active":"","ocean_menu_link_background":"","ocean_menu_link_hover_background":"","ocean_menu_link_active_background":"","ocean_menu_social_links_bg":"","ocean_menu_social_hover_links_bg":"","ocean_menu_social_links_color":"","ocean_menu_social_hover_links_color":"","ocean_disable_title":"default","ocean_disable_heading":"default","ocean_post_title":"","ocean_post_subheading":"","ocean_post_title_style":"","ocean_post_title_background_color":"","ocean_post_title_background":0,"ocean_post_title_bg_image_position":"","ocean_post_title_bg_image_attachment":"","ocean_post_title_bg_image_repeat":"","ocean_post_title_bg_image_size":"","ocean_post_title_height":0,"ocean_post_title_bg_overlay":0.5,"ocean_post_title_bg_overlay_color":"","ocean_disable_breadcrumbs":"default","ocean_breadcrumbs_color":"","ocean_breadcrumbs_separator_color":"","ocean_breadcrumbs_links_color":"","ocean_breadcrumbs_links_hover_color":"","ocean_display_footer_widgets":"default","ocean_display_footer_bottom":"default","ocean_custom_footer_template":"0"},"product_brand":[],"product_cat":[279],"product_tag":[],"class_list":{"0":"post-5667","1":"product","2":"type-product","3":"status-publish","4":"has-post-thumbnail","6":"product_cat-biologinis-rysys","8":"entry","9":"has-media","11":"first","12":"instock","13":"sold-individually","14":"taxable","15":"shipping-taxable","16":"purchasable","17":"product-type-variable","18":"has-default-attributes","19":"has-product-nav","20":"col","21":"span_1_of_3","22":"owp-content-center","23":"owp-thumbs-layout-horizontal","24":"owp-btn-normal","25":"owp-tabs-layout-horizontal"},"acf":[],"aioseo_notices":[],"_links":{"self":[{"href":"https:\/\/genorama.com\/lt\/wp-json\/wp\/v2\/product\/5667","targetHints":{"allow":["GET"]}}],"collection":[{"href":"https:\/\/genorama.com\/lt\/wp-json\/wp\/v2\/product"}],"about":[{"href":"https:\/\/genorama.com\/lt\/wp-json\/wp\/v2\/types\/product"}],"wp:featuredmedia":[{"embeddable":true,"href":"https:\/\/genorama.com\/lt\/wp-json\/wp\/v2\/media\/5195"}],"wp:attachment":[{"href":"https:\/\/genorama.com\/lt\/wp-json\/wp\/v2\/media?parent=5667"}],"wp:term":[{"taxonomy":"product_brand","embeddable":true,"href":"https:\/\/genorama.com\/lt\/wp-json\/wp\/v2\/product_brand?post=5667"},{"taxonomy":"product_cat","embeddable":true,"href":"https:\/\/genorama.com\/lt\/wp-json\/wp\/v2\/product_cat?post=5667"},{"taxonomy":"product_tag","embeddable":true,"href":"https:\/\/genorama.com\/lt\/wp-json\/wp\/v2\/product_tag?post=5667"}],"curies":[{"name":"wp","href":"https:\/\/api.w.org\/{rel}","templated":true}]}}