{"id":5693,"date":"2017-04-24T09:28:40","date_gmt":"2017-04-24T09:28:40","guid":{"rendered":"https:\/\/genorama.com\/product\/su-amziumi-susijusi-geltonosios-demes-degeneracija\/"},"modified":"2025-02-21T02:12:45","modified_gmt":"2025-02-21T00:12:45","slug":"su-amziumi-susijusi-geltonosios-demes-degeneracija","status":"publish","type":"product","link":"https:\/\/genorama.com\/lt\/product\/su-amziumi-susijusi-geltonosios-demes-degeneracija\/","title":{"rendered":"Su am\u017eiumi susijusios geltonosios d\u0117m\u0117s degeneracijos tyrimas"},"content":{"rendered":"<p style=\"text-align: center;\"><strong>Su am\u017eiumi susijusios geltonosios d\u0117m\u0117s degeneracijos (AMD) genetinis tyrimas<\/strong><br \/>\nSu am\u017eiumi susijusi geltonosios d\u0117m\u0117s degeneracija (AMD) yra progresuojanti aki\u0173 liga ir pagrindin\u0117 vyresni\u0173 nei 60 met\u0173 \u017emoni\u0173 reg\u0117jimo praradimo prie\u017eastis. \u0160i liga atsiranda d\u0117l geltonosios d\u0117m\u0117s, tinklain\u0117s dalies, atsakingos u\u017e a\u0161tr\u0173, centrin\u012f ir spalvot\u0105 matym\u0105, pa\u017eeidimo.<br \/>\nAMD da\u017enai prasideda ne\u017eymiai, kai kurie atvejai progresuoja l\u0117tai, be pastebim\u0173 simptom\u0173, o kiti vystosi grei\u010diau ir gali sukelti abiej\u0173 aki\u0173 reg\u0117jimo praradim\u0105. Ligai blog\u0117jant, pacientai palaipsniui praranda a\u0161tr\u0173 centrin\u012f reg\u0117jim\u0105. AMD b\u016bna dviej\u0173 form\u0173: \u201eSausoji\u201c, kuri sudaro apie 90 % atvej\u0173, ir \u201a\u0161lapia\u2018.<\/p>\n<p style=\"text-align: center;\"><strong>Kod\u0117l verta tikrintis AMD rizik\u0105?<\/strong><br \/>\nAnkstyvas AMD rizikos nustatymas yra labai svarbus veiksmingai prevencijai ir valdymui. Nusta\u010dius padid\u0117jus\u012f genetin\u012f polink\u012f, galima laiku imtis intervencini\u0173 priemoni\u0173, kurios gali atitolinti ligos progresavim\u0105 ir pad\u0117ti i\u0161saugoti reg\u0117jim\u0105.<\/p>\n<p style=\"text-align: center;\"><strong>I\u0161sami informacija apie tyrim\u0105:<\/strong><br \/>\n<strong>Atlikimo laikas:<\/strong> 15 darbo dien\u0173<br \/>\nReikalavimai m\u0117giniui: L\u0105steli\u0173 m\u0117ginys i\u0161 burnos (paimamas naudojant lengvai naudojam\u0105 rinkin\u012f, kuris siun\u010diamas tiesiai j\u016bs\u0173 nurodytu adresu).<\/p>\n","protected":false},"excerpt":{"rendered":"<p>Testas leid\u017eia \u012fvertinti genetin\u0119 rizik\u0105 susirgti su am\u017eiumi susijusia geltonosios d\u0117m\u0117s degeneracija (AMD).<\/p>\n","protected":false},"featured_media":5181,"template":"","meta":{"_acf_changed":false,"ocean_post_layout":"","ocean_both_sidebars_style":"","ocean_both_sidebars_content_width":0,"ocean_both_sidebars_sidebars_width":0,"ocean_sidebar":"0","ocean_second_sidebar":"0","ocean_disable_margins":"enable","ocean_add_body_class":"","ocean_shortcode_before_top_bar":"","ocean_shortcode_after_top_bar":"","ocean_shortcode_before_header":"","ocean_shortcode_after_header":"","ocean_has_shortcode":"","ocean_shortcode_after_title":"","ocean_shortcode_before_footer_widgets":"","ocean_shortcode_after_footer_widgets":"","ocean_shortcode_before_footer_bottom":"","ocean_shortcode_after_footer_bottom":"","ocean_display_top_bar":"default","ocean_display_header":"default","ocean_header_style":"","ocean_center_header_left_menu":"0","ocean_custom_header_template":"0","ocean_custom_logo":0,"ocean_custom_retina_logo":0,"ocean_custom_logo_max_width":0,"ocean_custom_logo_tablet_max_width":0,"ocean_custom_logo_mobile_max_width":0,"ocean_custom_logo_max_height":0,"ocean_custom_logo_tablet_max_height":0,"ocean_custom_logo_mobile_max_height":0,"ocean_header_custom_menu":"0","ocean_menu_typo_font_family":"0","ocean_menu_typo_font_subset":"","ocean_menu_typo_font_size":0,"ocean_menu_typo_font_size_tablet":0,"ocean_menu_typo_font_size_mobile":0,"ocean_menu_typo_font_size_unit":"px","ocean_menu_typo_font_weight":"","ocean_menu_typo_font_weight_tablet":"","ocean_menu_typo_font_weight_mobile":"","ocean_menu_typo_transform":"","ocean_menu_typo_transform_tablet":"","ocean_menu_typo_transform_mobile":"","ocean_menu_typo_line_height":0,"ocean_menu_typo_line_height_tablet":0,"ocean_menu_typo_line_height_mobile":0,"ocean_menu_typo_line_height_unit":"","ocean_menu_typo_spacing":0,"ocean_menu_typo_spacing_tablet":0,"ocean_menu_typo_spacing_mobile":0,"ocean_menu_typo_spacing_unit":"","ocean_menu_link_color":"","ocean_menu_link_color_hover":"","ocean_menu_link_color_active":"","ocean_menu_link_background":"","ocean_menu_link_hover_background":"","ocean_menu_link_active_background":"","ocean_menu_social_links_bg":"","ocean_menu_social_hover_links_bg":"","ocean_menu_social_links_color":"","ocean_menu_social_hover_links_color":"","ocean_disable_title":"default","ocean_disable_heading":"default","ocean_post_title":"","ocean_post_subheading":"","ocean_post_title_style":"","ocean_post_title_background_color":"","ocean_post_title_background":0,"ocean_post_title_bg_image_position":"","ocean_post_title_bg_image_attachment":"","ocean_post_title_bg_image_repeat":"","ocean_post_title_bg_image_size":"","ocean_post_title_height":0,"ocean_post_title_bg_overlay":0.5,"ocean_post_title_bg_overlay_color":"","ocean_disable_breadcrumbs":"default","ocean_breadcrumbs_color":"","ocean_breadcrumbs_separator_color":"","ocean_breadcrumbs_links_color":"","ocean_breadcrumbs_links_hover_color":"","ocean_display_footer_widgets":"default","ocean_display_footer_bottom":"default","ocean_custom_footer_template":"0"},"product_brand":[],"product_cat":[298],"product_tag":[],"class_list":{"0":"post-5693","1":"product","2":"type-product","3":"status-publish","4":"has-post-thumbnail","6":"product_cat-sveikata","8":"entry","9":"has-media","11":"first","12":"instock","13":"taxable","14":"shipping-taxable","15":"purchasable","16":"product-type-simple","17":"has-product-nav","18":"col","19":"span_1_of_3","20":"owp-content-center","21":"owp-thumbs-layout-horizontal","22":"owp-btn-normal","23":"owp-tabs-layout-horizontal"},"acf":[],"aioseo_notices":[],"_links":{"self":[{"href":"https:\/\/genorama.com\/lt\/wp-json\/wp\/v2\/product\/5693","targetHints":{"allow":["GET"]}}],"collection":[{"href":"https:\/\/genorama.com\/lt\/wp-json\/wp\/v2\/product"}],"about":[{"href":"https:\/\/genorama.com\/lt\/wp-json\/wp\/v2\/types\/product"}],"wp:featuredmedia":[{"embeddable":true,"href":"https:\/\/genorama.com\/lt\/wp-json\/wp\/v2\/media\/5181"}],"wp:attachment":[{"href":"https:\/\/genorama.com\/lt\/wp-json\/wp\/v2\/media?parent=5693"}],"wp:term":[{"taxonomy":"product_brand","embeddable":true,"href":"https:\/\/genorama.com\/lt\/wp-json\/wp\/v2\/product_brand?post=5693"},{"taxonomy":"product_cat","embeddable":true,"href":"https:\/\/genorama.com\/lt\/wp-json\/wp\/v2\/product_cat?post=5693"},{"taxonomy":"product_tag","embeddable":true,"href":"https:\/\/genorama.com\/lt\/wp-json\/wp\/v2\/product_tag?post=5693"}],"curies":[{"name":"wp","href":"https:\/\/api.w.org\/{rel}","templated":true}]}}