{"id":5697,"date":"2017-04-24T09:29:30","date_gmt":"2017-04-24T09:29:30","guid":{"rendered":"https:\/\/genorama.com\/product\/alzheimerio-liga\/"},"modified":"2025-02-21T02:06:21","modified_gmt":"2025-02-21T00:06:21","slug":"alzheimerio-liga","status":"publish","type":"product","link":"https:\/\/genorama.com\/lt\/product\/alzheimerio-liga\/","title":{"rendered":"Alzheimerio ligos testas"},"content":{"rendered":"<p style=\"text-align: center;\">Apolipoproteino E (ApoE) funkcija &#8211; perne\u0161ti cholesterol\u012f ir kitus lipidus kraujotakoje ir centrin\u0117je nerv\u0173 sistemoje. \u017dmogaus ApoE genas turi tris polimorfinius alelius &#8211; \u03b52, \u03b53 ir \u03b54.<\/p>\n<p style=\"text-align: center;\">Asmenys, turintys \u03b54 genotip\u0105, daug l\u0117\u010diau atsigauna po galvos smegen\u0173 traumos, jiems kyla didesnis pavojus, kad po operacijos kognityvin\u0117s funkcijos gali komplikuotis, be to, j\u0173 bendra prognoz\u0117 yra daug prastesn\u0117. Be to, \u03b54 genotipas susij\u0119s su padid\u0117jusia v\u0117lyvos Alzheimerio ligos ir i\u0161emin\u0117s \u0161irdies ligos rizika.<\/p>\n<p style=\"text-align: center;\"><strong>Atlikimo laikas:<\/strong> 15 darbo dien\u0173<br \/>\n<strong>Reikalavimai m\u0117giniui:<\/strong> Bukalini\u0173 l\u0105steli\u0173 m\u0117ginys<\/p>\n","protected":false},"excerpt":{"rendered":"<p>Testas leid\u017eia \u012fvertinti genetin\u0119 Alzheimerio ligos, hiperlipidemijos ir hipercholesterolemijos i\u0161sivystymo rizik\u0105.<\/p>\n","protected":false},"featured_media":5153,"template":"","meta":{"_acf_changed":false,"ocean_post_layout":"","ocean_both_sidebars_style":"","ocean_both_sidebars_content_width":0,"ocean_both_sidebars_sidebars_width":0,"ocean_sidebar":"0","ocean_second_sidebar":"0","ocean_disable_margins":"enable","ocean_add_body_class":"","ocean_shortcode_before_top_bar":"","ocean_shortcode_after_top_bar":"","ocean_shortcode_before_header":"","ocean_shortcode_after_header":"","ocean_has_shortcode":"","ocean_shortcode_after_title":"","ocean_shortcode_before_footer_widgets":"","ocean_shortcode_after_footer_widgets":"","ocean_shortcode_before_footer_bottom":"","ocean_shortcode_after_footer_bottom":"","ocean_display_top_bar":"default","ocean_display_header":"default","ocean_header_style":"","ocean_center_header_left_menu":"0","ocean_custom_header_template":"0","ocean_custom_logo":0,"ocean_custom_retina_logo":0,"ocean_custom_logo_max_width":0,"ocean_custom_logo_tablet_max_width":0,"ocean_custom_logo_mobile_max_width":0,"ocean_custom_logo_max_height":0,"ocean_custom_logo_tablet_max_height":0,"ocean_custom_logo_mobile_max_height":0,"ocean_header_custom_menu":"0","ocean_menu_typo_font_family":"0","ocean_menu_typo_font_subset":"","ocean_menu_typo_font_size":0,"ocean_menu_typo_font_size_tablet":0,"ocean_menu_typo_font_size_mobile":0,"ocean_menu_typo_font_size_unit":"px","ocean_menu_typo_font_weight":"","ocean_menu_typo_font_weight_tablet":"","ocean_menu_typo_font_weight_mobile":"","ocean_menu_typo_transform":"","ocean_menu_typo_transform_tablet":"","ocean_menu_typo_transform_mobile":"","ocean_menu_typo_line_height":0,"ocean_menu_typo_line_height_tablet":0,"ocean_menu_typo_line_height_mobile":0,"ocean_menu_typo_line_height_unit":"","ocean_menu_typo_spacing":0,"ocean_menu_typo_spacing_tablet":0,"ocean_menu_typo_spacing_mobile":0,"ocean_menu_typo_spacing_unit":"","ocean_menu_link_color":"","ocean_menu_link_color_hover":"","ocean_menu_link_color_active":"","ocean_menu_link_background":"","ocean_menu_link_hover_background":"","ocean_menu_link_active_background":"","ocean_menu_social_links_bg":"","ocean_menu_social_hover_links_bg":"","ocean_menu_social_links_color":"","ocean_menu_social_hover_links_color":"","ocean_disable_title":"default","ocean_disable_heading":"default","ocean_post_title":"","ocean_post_subheading":"","ocean_post_title_style":"","ocean_post_title_background_color":"","ocean_post_title_background":0,"ocean_post_title_bg_image_position":"","ocean_post_title_bg_image_attachment":"","ocean_post_title_bg_image_repeat":"","ocean_post_title_bg_image_size":"","ocean_post_title_height":0,"ocean_post_title_bg_overlay":0.5,"ocean_post_title_bg_overlay_color":"","ocean_disable_breadcrumbs":"default","ocean_breadcrumbs_color":"","ocean_breadcrumbs_separator_color":"","ocean_breadcrumbs_links_color":"","ocean_breadcrumbs_links_hover_color":"","ocean_display_footer_widgets":"default","ocean_display_footer_bottom":"default","ocean_custom_footer_template":"0"},"product_brand":[],"product_cat":[298],"product_tag":[],"class_list":{"0":"post-5697","1":"product","2":"type-product","3":"status-publish","4":"has-post-thumbnail","6":"product_cat-sveikata","8":"entry","9":"has-media","11":"first","12":"instock","13":"taxable","14":"shipping-taxable","15":"purchasable","16":"product-type-simple","17":"has-product-nav","18":"col","19":"span_1_of_3","20":"owp-content-center","21":"owp-thumbs-layout-horizontal","22":"owp-btn-normal","23":"owp-tabs-layout-horizontal"},"acf":[],"aioseo_notices":[],"_links":{"self":[{"href":"https:\/\/genorama.com\/lt\/wp-json\/wp\/v2\/product\/5697","targetHints":{"allow":["GET"]}}],"collection":[{"href":"https:\/\/genorama.com\/lt\/wp-json\/wp\/v2\/product"}],"about":[{"href":"https:\/\/genorama.com\/lt\/wp-json\/wp\/v2\/types\/product"}],"wp:featuredmedia":[{"embeddable":true,"href":"https:\/\/genorama.com\/lt\/wp-json\/wp\/v2\/media\/5153"}],"wp:attachment":[{"href":"https:\/\/genorama.com\/lt\/wp-json\/wp\/v2\/media?parent=5697"}],"wp:term":[{"taxonomy":"product_brand","embeddable":true,"href":"https:\/\/genorama.com\/lt\/wp-json\/wp\/v2\/product_brand?post=5697"},{"taxonomy":"product_cat","embeddable":true,"href":"https:\/\/genorama.com\/lt\/wp-json\/wp\/v2\/product_cat?post=5697"},{"taxonomy":"product_tag","embeddable":true,"href":"https:\/\/genorama.com\/lt\/wp-json\/wp\/v2\/product_tag?post=5697"}],"curies":[{"name":"wp","href":"https:\/\/api.w.org\/{rel}","templated":true}]}}