{"id":5716,"date":"2018-08-01T11:47:43","date_gmt":"2018-08-01T11:47:43","guid":{"rendered":"https:\/\/genorama.com\/product\/genewell\/"},"modified":"2025-08-20T21:26:50","modified_gmt":"2025-08-20T19:26:50","slug":"genewell","status":"publish","type":"product","link":"https:\/\/genorama.com\/lt\/product\/genewell\/","title":{"rendered":"GeneWell<sup>\u00ae<\/sup> &#8211; Genetinis polinkio testas"},"content":{"rendered":"<p style=\"text-align: center;\"><strong>Atraskite savo genetin\u012f sveikatos profil\u012f su GeneWell\u00ae testu<\/strong><\/p>\n<p style=\"text-align: center;\">J\u016bs\u0173 genai suteikia svarbios informacijos apie unikali\u0105 j\u016bs\u0173 sveikatos rizik\u0105. GeneWell\u00ae testas analizuoja daugiau nei 30 galim\u0173 genetini\u0173 rizik\u0173 ir suteikia jums galimyb\u0119 geriau valdyti savo sveikat\u0105.<\/p>\n<hr \/>\n<p style=\"text-align: center;\"><strong>K\u0105 atskleid\u017eia GeneWell\u00ae testas?<\/strong><\/p>\n<p style=\"text-align: center;\">\u25aa\ufe0fGenetin\u0119 polink\u012f \u012f <strong>vitamin\u0173 tr\u016bkum\u0105<br \/>\n<\/strong>\u25aa\ufe0fGenetin\u0119 rizik\u0105 <strong>nutukimui<br \/>\n<\/strong>\u25aa\ufe0fPolink\u012f \u012f <strong>\u0161irdies ir kraujagysli\u0173 ligas<br \/>\n<\/strong>\u25aa\ufe0fRizik\u0105 susirgti <strong>2 tipo diabetu<br \/>\n<\/strong>\u25aa\ufe0fGenetin\u0119 rizik\u0105 \u012f <strong>aki\u0173 ligas<br \/>\n<\/strong>\u25aa\ufe0fPolink\u012f \u012f <strong>vyri\u0161ko tipo plikim\u0105<\/strong><br \/>\n&#8230;ir dar daugiau!<\/p>\n<hr \/>\n<p style=\"text-align: center;\"><strong>Kam \u0161is testas skirtas?<\/strong><br \/>\nGeneWell\u00ae testas skirtas visiems, kurie nori geriau suprasti savo asmenines sveikatos rizikas. \u0160ios \u017einios leid\u017eia priimti pagr\u012fstus sprendimus ir imtis prevencini\u0173 veiksm\u0173, gerinant gyvenimo b\u016bd\u0105 ir sveikatos \u012fpro\u010dius.<\/p>\n<hr \/>\n<p style=\"text-align: center;\"><strong>K\u0105 gausite i\u0161 testo rezultat\u0173?<\/strong><\/p>\n<p style=\"text-align: center;\">I\u0161sami\u0105 ataskait\u0105 apie nustatytus genetinius variantus ir asmenin\u012f rizikos \u012fvertinim\u0105.<br \/>\nI\u0161samias sveikatos rekomendacijas, pritaikytas j\u016bs\u0173 genetiniam profiliui.<\/p>\n<hr \/>\n<p style=\"text-align: center;\"><strong>Darb\u0173 atlikimo laikas:<\/strong> 15-20 darbo dien\u0173<br \/>\n<strong>Reikalavimai m\u0117giniams:<\/strong> Bukalini\u0173 l\u0105steli\u0173 m\u0117ginys<\/p>\n<p style=\"text-align: center;\">Atkreipkite d\u0117mes\u012f, kad \u201eGeneWell\u201c tyrimui atrinkti \u017eymenys yra pagr\u012fsti Europos populiacijomis ir gali b\u016bti taikomi ne visoms etnin\u0117ms grup\u0117ms.<\/p>\n","protected":false},"excerpt":{"rendered":"<p>Tyrimas suteikia informacijos apie genetin\u0119 rizik\u0105 susirgti \u012fvairiomis ligomis, pavyzd\u017eiui, \u0161irdies ir kraujagysli\u0173 ligomis, 2 tipo diabetu, onkologin\u0117mis ligomis, aki\u0173 ligomis, vitamin\u0173 tr\u016bkumu ir kt. Be to, testas \u012fvertina genetin\u012f polink\u012f \u012f nutukim\u0105.<\/p>\n","protected":false},"featured_media":5139,"template":"","meta":{"_acf_changed":false,"ocean_post_layout":"","ocean_both_sidebars_style":"","ocean_both_sidebars_content_width":0,"ocean_both_sidebars_sidebars_width":0,"ocean_sidebar":"0","ocean_second_sidebar":"0","ocean_disable_margins":"enable","ocean_add_body_class":"","ocean_shortcode_before_top_bar":"","ocean_shortcode_after_top_bar":"","ocean_shortcode_before_header":"","ocean_shortcode_after_header":"","ocean_has_shortcode":"","ocean_shortcode_after_title":"","ocean_shortcode_before_footer_widgets":"","ocean_shortcode_after_footer_widgets":"","ocean_shortcode_before_footer_bottom":"","ocean_shortcode_after_footer_bottom":"","ocean_display_top_bar":"default","ocean_display_header":"default","ocean_header_style":"","ocean_center_header_left_menu":"0","ocean_custom_header_template":"0","ocean_custom_logo":0,"ocean_custom_retina_logo":0,"ocean_custom_logo_max_width":0,"ocean_custom_logo_tablet_max_width":0,"ocean_custom_logo_mobile_max_width":0,"ocean_custom_logo_max_height":0,"ocean_custom_logo_tablet_max_height":0,"ocean_custom_logo_mobile_max_height":0,"ocean_header_custom_menu":"0","ocean_menu_typo_font_family":"0","ocean_menu_typo_font_subset":"","ocean_menu_typo_font_size":0,"ocean_menu_typo_font_size_tablet":0,"ocean_menu_typo_font_size_mobile":0,"ocean_menu_typo_font_size_unit":"px","ocean_menu_typo_font_weight":"","ocean_menu_typo_font_weight_tablet":"","ocean_menu_typo_font_weight_mobile":"","ocean_menu_typo_transform":"","ocean_menu_typo_transform_tablet":"","ocean_menu_typo_transform_mobile":"","ocean_menu_typo_line_height":0,"ocean_menu_typo_line_height_tablet":0,"ocean_menu_typo_line_height_mobile":0,"ocean_menu_typo_line_height_unit":"","ocean_menu_typo_spacing":0,"ocean_menu_typo_spacing_tablet":0,"ocean_menu_typo_spacing_mobile":0,"ocean_menu_typo_spacing_unit":"","ocean_menu_link_color":"","ocean_menu_link_color_hover":"","ocean_menu_link_color_active":"","ocean_menu_link_background":"","ocean_menu_link_hover_background":"","ocean_menu_link_active_background":"","ocean_menu_social_links_bg":"","ocean_menu_social_hover_links_bg":"","ocean_menu_social_links_color":"","ocean_menu_social_hover_links_color":"","ocean_disable_title":"default","ocean_disable_heading":"default","ocean_post_title":"","ocean_post_subheading":"","ocean_post_title_style":"","ocean_post_title_background_color":"","ocean_post_title_background":0,"ocean_post_title_bg_image_position":"","ocean_post_title_bg_image_attachment":"","ocean_post_title_bg_image_repeat":"","ocean_post_title_bg_image_size":"","ocean_post_title_height":0,"ocean_post_title_bg_overlay":0.5,"ocean_post_title_bg_overlay_color":"","ocean_disable_breadcrumbs":"default","ocean_breadcrumbs_color":"","ocean_breadcrumbs_separator_color":"","ocean_breadcrumbs_links_color":"","ocean_breadcrumbs_links_hover_color":"","ocean_display_footer_widgets":"default","ocean_display_footer_bottom":"default","ocean_custom_footer_template":"0"},"product_brand":[],"product_cat":[298],"product_tag":[316,318,317],"class_list":{"0":"post-5716","1":"product","2":"type-product","3":"status-publish","4":"has-post-thumbnail","6":"product_cat-sveikata","7":"product_tag-genetine-rizika","8":"product_tag-mitybos-rekomendacijos","9":"product_tag-sveikata","11":"entry","12":"has-media","14":"first","15":"instock","16":"taxable","17":"shipping-taxable","18":"purchasable","19":"product-type-simple","20":"has-product-nav","21":"col","22":"span_1_of_3","23":"owp-content-center","24":"owp-thumbs-layout-horizontal","25":"owp-btn-normal","26":"owp-tabs-layout-horizontal"},"acf":[],"aioseo_notices":[],"_links":{"self":[{"href":"https:\/\/genorama.com\/lt\/wp-json\/wp\/v2\/product\/5716","targetHints":{"allow":["GET"]}}],"collection":[{"href":"https:\/\/genorama.com\/lt\/wp-json\/wp\/v2\/product"}],"about":[{"href":"https:\/\/genorama.com\/lt\/wp-json\/wp\/v2\/types\/product"}],"wp:featuredmedia":[{"embeddable":true,"href":"https:\/\/genorama.com\/lt\/wp-json\/wp\/v2\/media\/5139"}],"wp:attachment":[{"href":"https:\/\/genorama.com\/lt\/wp-json\/wp\/v2\/media?parent=5716"}],"wp:term":[{"taxonomy":"product_brand","embeddable":true,"href":"https:\/\/genorama.com\/lt\/wp-json\/wp\/v2\/product_brand?post=5716"},{"taxonomy":"product_cat","embeddable":true,"href":"https:\/\/genorama.com\/lt\/wp-json\/wp\/v2\/product_cat?post=5716"},{"taxonomy":"product_tag","embeddable":true,"href":"https:\/\/genorama.com\/lt\/wp-json\/wp\/v2\/product_tag?post=5716"}],"curies":[{"name":"wp","href":"https:\/\/api.w.org\/{rel}","templated":true}]}}