{"id":5729,"date":"2021-09-21T08:38:04","date_gmt":"2021-09-21T08:38:04","guid":{"rendered":"https:\/\/genorama.com\/product\/fertify\/"},"modified":"2025-02-17T18:09:52","modified_gmt":"2025-02-17T16:09:52","slug":"fertify","status":"publish","type":"product","link":"https:\/\/genorama.com\/lt\/product\/fertify\/","title":{"rendered":"Fertify<sup>\u00ae<\/sup>"},"content":{"rendered":"<p style=\"text-align: center;\">Fertify yra novatori\u0161kas genetinis testas, vertinantis moter\u0173 ankstyvos menopauz\u0117s ir su am\u017eiumi susijusios nevaisingumo rizik\u0105. \u0160is testas suteikia vertingos informacijos apie reprodukcin\u012f sen\u0117jim\u0105 ir si\u016blo individualizuotas rekomendacijas \u0161eimos planavimui ir vaisingumo i\u0161saugojimui.<\/p>\n<p style=\"text-align: center;\"><strong>Kam rekomenduojamas Fertify testas?<\/strong><\/p>\n<p style=\"text-align: center;\">Moterims bet kuriame am\u017eiuje, geriausiai iki 30-\u0173j\u0173 pabaigos, kai prasideda am\u017eiaus sukeltas vaisingumo suma\u017e\u0117jimas.<br \/>\nMoterims, planuojan\u010dioms nevaisingumo gydym\u0105, \u012fskaitant in vitro apvaisinim\u0105 (IVF).<br \/>\nMoterims, kurios svarsto galimyb\u0119 u\u017e\u0161aldyti kiau\u0161ial\u0105stes ateities \u0161eimos planavimui.<\/p>\n<p style=\"text-align: center;\"><strong>Kod\u0117l atlikti Fertify test\u0105?<\/strong><br \/>\nReprodukcinis sen\u0117jimas did\u017ei\u0105ja dalimi priklauso nuo genetikos, ir jau yra nustatyta \u0161imtai DNR variant\u0173, kurie turi \u012ftakos moters reprodukcin\u0117s gyvenimo trukmei. Fertify suteikia i\u0161sam\u0173 \u0161i\u0173 veiksni\u0173 \u012fvertinim\u0105, leid\u017eiant\u012f priimti informuotus sprendimus pagal j\u016bs\u0173 individuali\u0105 genetin\u0119 rizik\u0105.<\/p>\n<p style=\"text-align: center;\"><strong>K\u0105 apima testas?<\/strong><br \/>\nRezultatai suteikia individualizuotas rekomendacijas apie:<\/p>\n<p style=\"text-align: center;\">Kaip pagerinti nat\u016bral\u0173 vaisingum\u0105 naudojant gyvenimo b\u016bdo ir medicinines priemones.<br \/>\nRekomenduojamus medicininius tyrimus ir testus.<br \/>\nKiau\u0161ial\u0105s\u010di\u0173 u\u017e\u0161aldymo ir vaisingumo i\u0161saugojimo galimybes.<br \/>\nPagalbinio apvaisinimo technologijas, tokias kaip IVF.<\/p>\n<p style=\"text-align: center;\"><strong>Svarb\u016bs faktai apie moter\u0173 vaisingum\u0105:<\/strong><\/p>\n<p style=\"text-align: center;\">Vaisingumas paprastai pradeda ma\u017e\u0117ti 10\u201320 met\u0173 prie\u0161 menopauz\u0119, sukeldamas sunkum\u0173 pastoti.<br \/>\nVidutin\u0117 menopauz\u0117s am\u017eiaus riba yra 50\u201351 metai, ta\u010diau apie 1 i\u0161 20 moter\u0173 patiria ankstyv\u0105 menopauz\u0119 (iki 45 met\u0173) ir 1 i\u0161 100 moter\u0173 patiria prie\u0161laikin\u0119 menopauz\u0119 (iki 40 met\u0173).<br \/>\nAnkstyva ir prie\u0161laikin\u0117 menopauz\u0117 yra svarb\u016bs am\u017eiaus sukeltos nevaisingumo veiksniai, tod\u0117l ankstyvas \u012fvertinimas yra labai svarbus.<\/p>\n<p style=\"text-align: center;\"><strong>Darb\u0173 atlikimo laikas:<\/strong> 15 darbo dien\u0173<\/p>\n<p style=\"text-align: center;\"><strong>Reikalavimai m\u0117giniams:<\/strong> Bukalini\u0173 l\u0105steli\u0173 m\u0117ginys<\/p>\n","protected":false},"excerpt":{"rendered":"<p>Fertify &#8211; tai genetinis testas, skirtas moter\u0173 ankstyvos menopauz\u0117s ir su am\u017eiumi susijusio nevaisingumo rizikai \u012fvertinti.<\/p>\n<p>Fertify testas rekomenduojamas bet kokio am\u017eiaus moterims, pageidautina iki trisde\u0161imties met\u0173 pabaigos, prie\u0161 su am\u017eiumi susijus\u012f vaisingumo suma\u017e\u0117jim\u0105; moterims, planuojan\u010dioms nevaisingumo gydym\u0105, \u012fskaitant apvaisinim\u0105 in vitro (IVF); moterims, planuojan\u010dioms kiau\u0161ial\u0105s\u010di\u0173 \u0161aldym\u0105. Fertify testas gali b\u016bti naudinga \u0161eimos planavimo priemon\u0117, nes vyresnis motinos am\u017eius ir v\u0117lyvesnis \u0161eimos k\u016brimas yra grei\u010diau did\u0117janti tendencija.<\/p>\n","protected":false},"featured_media":5004,"template":"","meta":{"_acf_changed":false,"ocean_post_layout":"","ocean_both_sidebars_style":"","ocean_both_sidebars_content_width":0,"ocean_both_sidebars_sidebars_width":0,"ocean_sidebar":"0","ocean_second_sidebar":"0","ocean_disable_margins":"enable","ocean_add_body_class":"","ocean_shortcode_before_top_bar":"","ocean_shortcode_after_top_bar":"","ocean_shortcode_before_header":"","ocean_shortcode_after_header":"","ocean_has_shortcode":"","ocean_shortcode_after_title":"","ocean_shortcode_before_footer_widgets":"","ocean_shortcode_after_footer_widgets":"","ocean_shortcode_before_footer_bottom":"","ocean_shortcode_after_footer_bottom":"","ocean_display_top_bar":"default","ocean_display_header":"default","ocean_header_style":"","ocean_center_header_left_menu":"0","ocean_custom_header_template":"0","ocean_custom_logo":0,"ocean_custom_retina_logo":0,"ocean_custom_logo_max_width":0,"ocean_custom_logo_tablet_max_width":0,"ocean_custom_logo_mobile_max_width":0,"ocean_custom_logo_max_height":0,"ocean_custom_logo_tablet_max_height":0,"ocean_custom_logo_mobile_max_height":0,"ocean_header_custom_menu":"0","ocean_menu_typo_font_family":"0","ocean_menu_typo_font_subset":"","ocean_menu_typo_font_size":0,"ocean_menu_typo_font_size_tablet":0,"ocean_menu_typo_font_size_mobile":0,"ocean_menu_typo_font_size_unit":"px","ocean_menu_typo_font_weight":"","ocean_menu_typo_font_weight_tablet":"","ocean_menu_typo_font_weight_mobile":"","ocean_menu_typo_transform":"","ocean_menu_typo_transform_tablet":"","ocean_menu_typo_transform_mobile":"","ocean_menu_typo_line_height":0,"ocean_menu_typo_line_height_tablet":0,"ocean_menu_typo_line_height_mobile":0,"ocean_menu_typo_line_height_unit":"","ocean_menu_typo_spacing":0,"ocean_menu_typo_spacing_tablet":0,"ocean_menu_typo_spacing_mobile":0,"ocean_menu_typo_spacing_unit":"","ocean_menu_link_color":"","ocean_menu_link_color_hover":"","ocean_menu_link_color_active":"","ocean_menu_link_background":"","ocean_menu_link_hover_background":"","ocean_menu_link_active_background":"","ocean_menu_social_links_bg":"","ocean_menu_social_hover_links_bg":"","ocean_menu_social_links_color":"","ocean_menu_social_hover_links_color":"","ocean_disable_title":"default","ocean_disable_heading":"default","ocean_post_title":"","ocean_post_subheading":"","ocean_post_title_style":"","ocean_post_title_background_color":"","ocean_post_title_background":0,"ocean_post_title_bg_image_position":"","ocean_post_title_bg_image_attachment":"","ocean_post_title_bg_image_repeat":"","ocean_post_title_bg_image_size":"","ocean_post_title_height":0,"ocean_post_title_bg_overlay":0.5,"ocean_post_title_bg_overlay_color":"","ocean_disable_breadcrumbs":"default","ocean_breadcrumbs_color":"","ocean_breadcrumbs_separator_color":"","ocean_breadcrumbs_links_color":"","ocean_breadcrumbs_links_hover_color":"","ocean_display_footer_widgets":"default","ocean_display_footer_bottom":"default","ocean_custom_footer_template":"0"},"product_brand":[],"product_cat":[298],"product_tag":[],"class_list":{"0":"post-5729","1":"product","2":"type-product","3":"status-publish","4":"has-post-thumbnail","6":"product_cat-sveikata","8":"entry","9":"has-media","11":"first","12":"instock","13":"taxable","14":"shipping-taxable","15":"purchasable","16":"product-type-simple","17":"has-product-nav","18":"col","19":"span_1_of_3","20":"owp-content-center","21":"owp-thumbs-layout-horizontal","22":"owp-btn-normal","23":"owp-tabs-layout-horizontal"},"acf":[],"aioseo_notices":[],"_links":{"self":[{"href":"https:\/\/genorama.com\/lt\/wp-json\/wp\/v2\/product\/5729","targetHints":{"allow":["GET"]}}],"collection":[{"href":"https:\/\/genorama.com\/lt\/wp-json\/wp\/v2\/product"}],"about":[{"href":"https:\/\/genorama.com\/lt\/wp-json\/wp\/v2\/types\/product"}],"wp:featuredmedia":[{"embeddable":true,"href":"https:\/\/genorama.com\/lt\/wp-json\/wp\/v2\/media\/5004"}],"wp:attachment":[{"href":"https:\/\/genorama.com\/lt\/wp-json\/wp\/v2\/media?parent=5729"}],"wp:term":[{"taxonomy":"product_brand","embeddable":true,"href":"https:\/\/genorama.com\/lt\/wp-json\/wp\/v2\/product_brand?post=5729"},{"taxonomy":"product_cat","embeddable":true,"href":"https:\/\/genorama.com\/lt\/wp-json\/wp\/v2\/product_cat?post=5729"},{"taxonomy":"product_tag","embeddable":true,"href":"https:\/\/genorama.com\/lt\/wp-json\/wp\/v2\/product_tag?post=5729"}],"curies":[{"name":"wp","href":"https:\/\/api.w.org\/{rel}","templated":true}]}}