{"id":6011,"date":"2025-02-04T15:50:54","date_gmt":"2025-02-04T13:50:54","guid":{"rendered":"https:\/\/genorama.com\/product\/genetinis-svorio-valdymo-testas\/"},"modified":"2025-10-30T16:43:36","modified_gmt":"2025-10-30T14:43:36","slug":"genetinis-svorio-valdymo-testas","status":"publish","type":"product","link":"https:\/\/genorama.com\/lt\/product\/genetinis-svorio-valdymo-testas\/","title":{"rendered":"WeightWell \u2013 genetinis k\u016bno svorio ir med\u017eiag\u0173 apykaitos testas"},"content":{"rendered":"<p style=\"text-align: center;\" data-start=\"150\" data-end=\"220\"><strong data-start=\"150\" data-end=\"218\">WeightWell genetinis testas \u2013 \u012e\u017evalgos apie J\u016bs\u0173 svor\u012f ir med\u017eiag\u0173 apykait\u0105<\/strong><\/p>\n<p style=\"text-align: center;\" data-start=\"498\" data-end=\"539\"><strong data-start=\"498\" data-end=\"518\">Rezultat\u0173 pateikimo laikas:<\/strong> 20 darbo dien\u0173<\/p>\n<p style=\"text-align: center;\" data-start=\"541\" data-end=\"679\"><strong data-start=\"541\" data-end=\"567\">M\u0117ginio reikalavimai:<\/strong> \u017dando gleivin\u0117s m\u0117ginys.<br data-start=\"586\" data-end=\"589\" \/>Paprastas namuose naudojamas m\u0117gini\u0173 \u0117mimo rinkinys bus i\u0161si\u0173stas adresu, kur\u012f nurodysite u\u017esakymo metu.<\/p>\n<hr data-start=\"681\" data-end=\"686\" \/>\n<h3 style=\"text-align: center;\" data-start=\"688\" data-end=\"716\">Kod\u0117l verta rinktis WeightWell?<\/h3>\n<p style=\"text-align: center;\" data-start=\"718\" data-end=\"805\"><strong data-start=\"718\" data-end=\"731\">Tikslumas:<\/strong> Moksli\u0161kai patvirtinta 11 su svoriu susijusi\u0173 genetini\u0173 \u017eymen\u0173 analiz\u0117.<\/p>\n<p style=\"text-align: center;\" data-start=\"807\" data-end=\"943\"><strong data-start=\"807\" data-end=\"833\">Asmenin\u0117s \u012f\u017evalgos:<\/strong> Su\u017einokite, kaip J\u016bs\u0173 genai veikia svorio augim\u0105, riebal\u0173 kaupim\u0105si, apetit\u0105 ir organizmo reakcij\u0105 \u012f fizin\u012f kr\u016bv\u012f.<\/p>\n<p style=\"text-align: center;\" data-start=\"945\" data-end=\"1065\"><strong data-start=\"945\" data-end=\"966\">Sveikatos s\u0105moningumas: <\/strong>Nustatyti rizikos veiksnius, pvz., polink\u012f \u012f nutukim\u0105.<\/p>\n<p style=\"text-align: center;\" data-start=\"1067\" data-end=\"1172\"><strong data-start=\"1067\" data-end=\"1087\">Konfidencialumas:<\/strong> Visi rezultatai pateikiami saugiai per m\u016bs\u0173 klient\u0173 portal\u0105 su dviej\u0173 veiksni\u0173 autentifikacija.<\/p>\n<p style=\"text-align: center;\" data-start=\"1174\" data-end=\"1248\"><strong data-start=\"1174\" data-end=\"1190\">Lengva naudoti:<\/strong> Komplekte yra paprastas \u017eando m\u0117ginio \u0117mimo pagaliukas su ai\u0161kiomis instrukcijomis.<\/p>\n<hr data-start=\"1250\" data-end=\"1255\" \/>\n<h3 style=\"text-align: center;\" data-start=\"1535\" data-end=\"1559\">K\u0105 su\u017einosite:<\/h3>\n<p style=\"text-align: center;\">Remiantis WeightWell testo rezultatais, J\u016bs su\u017einosite:<\/p>\n<p style=\"text-align: center;\" data-start=\"1634\" data-end=\"1688\"><strong data-start=\"1281\" data-end=\"1304\">\u25aa\ufe0f<\/strong>J\u016bs\u0173 genetin\u0119 rizik\u0105 priaugti svorio ar nutukti<br \/>\n<strong data-start=\"1281\" data-end=\"1304\">\u25aa\ufe0f<\/strong>Ar sotumo jausmas atsiranda anksti ar v\u0117lai<br \/>\n<strong data-start=\"1281\" data-end=\"1304\">\u25aa\ufe0f<\/strong>Svorio augimo tikimyb\u0119 vartojant daug angliavandeni\u0173<br \/>\n<strong data-start=\"1281\" data-end=\"1304\">\u25aa\ufe0f<\/strong>Riebal\u0173 deginimo efektyvum\u0105 fizinio kr\u016bvio metu<br \/>\n<strong data-start=\"1281\" data-end=\"1304\">\u25aa\ufe0f<\/strong>Fizinio aktyvumo poveik\u012f J\u016bs\u0173 k\u016bno svoriui<\/p>\n<hr data-start=\"1528\" data-end=\"1533\" \/>\n<h3 style=\"text-align: center;\">Kod\u0117l tai svarbu:<\/h3>\n<p style=\"text-align: center;\">Net jei \u0161iuo metu neturite problem\u0173 su svoriu, genetini\u0173 polinki\u0173 supratimas padeda priimti apgalvotus ir prevencinius gyvenimo b\u016bdo sprendimus. Vienas genas gali tur\u0117ti neutrali\u0173 arba rizikos aleli\u0173. Kai yra keli rizikos aleliai \u2013 ypa\u010d kartu su s\u0117sliu gyvenimo b\u016bdu ir per dideliu kalorij\u0173 suvartojimu \u2013 padid\u0117ja su svoriu susijusi\u0173 sveikatos problem\u0173 tikimyb\u0117.<\/p>\n<p style=\"text-align: center;\">WeightWell genetinis testas suteikia Jums \u017eini\u0173, kurios padeda valdyti rizikas, pritaikyti mityb\u0105 ir pagerinti treniruo\u010di\u0173 efektyvum\u0105.<\/p>\n<hr data-start=\"2078\" data-end=\"2083\" \/>\n<h3 style=\"text-align: center;\" data-start=\"1257\" data-end=\"1276\">Kaip tai veikia:<\/h3>\n<p style=\"text-align: center;\" data-start=\"1281\" data-end=\"1314\"><strong data-start=\"1281\" data-end=\"1304\">\u25aa\ufe0fU\u017esisakykite testo rinkin\u012f<\/strong> internetu.<br \/>\n<strong data-start=\"1318\" data-end=\"1341\">\u25aa\ufe0fPaimkite DNR m\u0117gin\u012f<\/strong> su pateiktu \u017eando pagaliuku.<br \/>\n<strong data-start=\"1378\" data-end=\"1394\">\u25aa\ufe0fI\u0161si\u0173skite m\u0117ginius<\/strong> \u012f m\u016bs\u0173 sertifikuot\u0105 laboratorij\u0105 naudodami i\u0161 anksto apmok\u0117t\u0105 gr\u0105\u017einimo d\u0117\u017eut\u0119.<br \/>\n<strong data-start=\"1449\" data-end=\"1468\">\u25aa\ufe0fGaukite rezultatus<\/strong> per 20 darbo dien\u0173 per saug\u0173 klient\u0173 portal\u0105.<\/p>\n","protected":false},"excerpt":{"rendered":"<p>WeightWell genetinis testas analizuoja <strong>11 genetini\u0173 \u017eymen\u0173<\/strong>, susijusi\u0173 su svorio reguliavimu, riebal\u0173 apykaita, apetitu ir reakcija \u012f fizin\u012f kr\u016bv\u012f. Atrad\u0119 savo genetines polinkius, gal\u0117site priimti pagr\u012fstus sprendimus d\u0117l gyvenimo b\u016bdo ir individualizuoti savo po\u017ei\u016br\u012f \u012f mityb\u0105 ir fizin\u012f aktyvum\u0105.<\/p>\n","protected":false},"featured_media":5132,"template":"","meta":{"_acf_changed":false,"ocean_post_layout":"","ocean_both_sidebars_style":"","ocean_both_sidebars_content_width":0,"ocean_both_sidebars_sidebars_width":0,"ocean_sidebar":"0","ocean_second_sidebar":"0","ocean_disable_margins":"enable","ocean_add_body_class":"","ocean_shortcode_before_top_bar":"","ocean_shortcode_after_top_bar":"","ocean_shortcode_before_header":"","ocean_shortcode_after_header":"","ocean_has_shortcode":"","ocean_shortcode_after_title":"","ocean_shortcode_before_footer_widgets":"","ocean_shortcode_after_footer_widgets":"","ocean_shortcode_before_footer_bottom":"","ocean_shortcode_after_footer_bottom":"","ocean_display_top_bar":"default","ocean_display_header":"default","ocean_header_style":"","ocean_center_header_left_menu":"0","ocean_custom_header_template":"0","ocean_custom_logo":0,"ocean_custom_retina_logo":0,"ocean_custom_logo_max_width":0,"ocean_custom_logo_tablet_max_width":0,"ocean_custom_logo_mobile_max_width":0,"ocean_custom_logo_max_height":0,"ocean_custom_logo_tablet_max_height":0,"ocean_custom_logo_mobile_max_height":0,"ocean_header_custom_menu":"0","ocean_menu_typo_font_family":"0","ocean_menu_typo_font_subset":"","ocean_menu_typo_font_size":0,"ocean_menu_typo_font_size_tablet":0,"ocean_menu_typo_font_size_mobile":0,"ocean_menu_typo_font_size_unit":"px","ocean_menu_typo_font_weight":"","ocean_menu_typo_font_weight_tablet":"","ocean_menu_typo_font_weight_mobile":"","ocean_menu_typo_transform":"","ocean_menu_typo_transform_tablet":"","ocean_menu_typo_transform_mobile":"","ocean_menu_typo_line_height":0,"ocean_menu_typo_line_height_tablet":0,"ocean_menu_typo_line_height_mobile":0,"ocean_menu_typo_line_height_unit":"","ocean_menu_typo_spacing":0,"ocean_menu_typo_spacing_tablet":0,"ocean_menu_typo_spacing_mobile":0,"ocean_menu_typo_spacing_unit":"","ocean_menu_link_color":"","ocean_menu_link_color_hover":"","ocean_menu_link_color_active":"","ocean_menu_link_background":"","ocean_menu_link_hover_background":"","ocean_menu_link_active_background":"","ocean_menu_social_links_bg":"","ocean_menu_social_hover_links_bg":"","ocean_menu_social_links_color":"","ocean_menu_social_hover_links_color":"","ocean_disable_title":"default","ocean_disable_heading":"default","ocean_post_title":"","ocean_post_subheading":"","ocean_post_title_style":"","ocean_post_title_background_color":"","ocean_post_title_background":0,"ocean_post_title_bg_image_position":"","ocean_post_title_bg_image_attachment":"","ocean_post_title_bg_image_repeat":"","ocean_post_title_bg_image_size":"","ocean_post_title_height":0,"ocean_post_title_bg_overlay":0.5,"ocean_post_title_bg_overlay_color":"","ocean_disable_breadcrumbs":"default","ocean_breadcrumbs_color":"","ocean_breadcrumbs_separator_color":"","ocean_breadcrumbs_links_color":"","ocean_breadcrumbs_links_hover_color":"","ocean_display_footer_widgets":"default","ocean_display_footer_bottom":"default","ocean_custom_footer_template":"0"},"product_brand":[],"product_cat":[302],"product_tag":[],"class_list":{"0":"post-6011","1":"product","2":"type-product","3":"status-publish","4":"has-post-thumbnail","6":"product_cat-mityba","8":"entry","9":"has-media","11":"first","12":"instock","13":"taxable","14":"shipping-taxable","15":"purchasable","16":"product-type-simple","17":"has-product-nav","18":"col","19":"span_1_of_3","20":"owp-content-center","21":"owp-thumbs-layout-horizontal","22":"owp-btn-normal","23":"owp-tabs-layout-horizontal"},"acf":[],"aioseo_notices":[],"_links":{"self":[{"href":"https:\/\/genorama.com\/lt\/wp-json\/wp\/v2\/product\/6011","targetHints":{"allow":["GET"]}}],"collection":[{"href":"https:\/\/genorama.com\/lt\/wp-json\/wp\/v2\/product"}],"about":[{"href":"https:\/\/genorama.com\/lt\/wp-json\/wp\/v2\/types\/product"}],"wp:featuredmedia":[{"embeddable":true,"href":"https:\/\/genorama.com\/lt\/wp-json\/wp\/v2\/media\/5132"}],"wp:attachment":[{"href":"https:\/\/genorama.com\/lt\/wp-json\/wp\/v2\/media?parent=6011"}],"wp:term":[{"taxonomy":"product_brand","embeddable":true,"href":"https:\/\/genorama.com\/lt\/wp-json\/wp\/v2\/product_brand?post=6011"},{"taxonomy":"product_cat","embeddable":true,"href":"https:\/\/genorama.com\/lt\/wp-json\/wp\/v2\/product_cat?post=6011"},{"taxonomy":"product_tag","embeddable":true,"href":"https:\/\/genorama.com\/lt\/wp-json\/wp\/v2\/product_tag?post=6011"}],"curies":[{"name":"wp","href":"https:\/\/api.w.org\/{rel}","templated":true}]}}