{"id":6612,"date":"2025-05-20T14:03:38","date_gmt":"2025-05-20T12:03:38","guid":{"rendered":"https:\/\/genorama.com\/product\/mitybos-konsultacija\/"},"modified":"2026-03-18T13:43:01","modified_gmt":"2026-03-18T11:43:01","slug":"mitybos-konsultacija","status":"publish","type":"product","link":"https:\/\/genorama.com\/lt\/product\/mitybos-konsultacija\/","title":{"rendered":"Mitybos konsultacija"},"content":{"rendered":"<p class=\"\" data-start=\"122\" data-end=\"168\"><strong data-start=\"122\" data-end=\"168\">Mitybos konsultacija skirta Tau, jei nori:<\/strong><\/p>\n<ul data-start=\"170\" data-end=\"389\">\n<li class=\"\" data-start=\"170\" data-end=\"234\">\n<p class=\"\" data-start=\"172\" data-end=\"234\">Maitintis sveikai, atsi\u017evelgiant \u012f savo genetinius ypatumus;<\/p>\n<\/li>\n<li class=\"\" data-start=\"235\" data-end=\"254\">\n<p class=\"\" data-start=\"237\" data-end=\"254\">Numesti svorio;<\/p>\n<\/li>\n<li class=\"\" data-start=\"255\" data-end=\"302\">\n<p class=\"\" data-start=\"257\" data-end=\"302\">Pakeisti gyvenimo b\u016bd\u0105 ir mitybos \u012fpro\u010dius;<\/p>\n<\/li>\n<li class=\"\" data-start=\"303\" data-end=\"326\">\n<p class=\"\" data-start=\"305\" data-end=\"326\">B\u016bti energingesnis;<\/p>\n<\/li>\n<li class=\"\" data-start=\"327\" data-end=\"389\">\n<p class=\"\" data-start=\"329\" data-end=\"389\">Atsikratyti sveikatos problem\u0173 (pvz., vir\u0161kinimo sutrikim\u0173).<\/p>\n<\/li>\n<\/ul>\n<p class=\"\" data-start=\"391\" data-end=\"570\">Mitybos konsultacija pad\u0117s nustatyti, ar Tavo mitybos pasirinkimai yra tinkami, ar gauni pakankamai maistini\u0173 med\u017eiag\u0173, vitamin\u0173 ir mineral\u0173, bei k\u0105 reik\u0117t\u0173 keisti ir kokiu mastu.<\/p>\n<p class=\"\" data-start=\"572\" data-end=\"1148\">Konsultacija apima vien\u0105 susitikim\u0105 (iki 60 min.) ir gr\u012f\u017etam\u0105j\u012f ry\u0161\u012f el. pa\u0161tu arba, jei reikia, antr\u0105 susitikim\u0105. Pirmojo susitikimo metu analizuojamas 5 dien\u0173 mitybos dienora\u0161tis, u\u017epildoma anketa ir per\u017ei\u016brimi genetinio testo rezultatai. Taip pat suteikiama pagrindin\u0117 informacija apie sveik\u0105 mityb\u0105. Po susitikimo parengiamas individualus 5 dien\u0173 mitybos planas, atsi\u017evelgiant \u012f kliento \u012fpro\u010dius, poreikius ir galimybes. Gr\u012f\u017etamasis ry\u0161ys padeda \u012fvertinti mitybos plano poveik\u012f, prireikus atlikti pakeitimus ir pateikti rekomendacijas atei\u010diai.<\/p>\n<p class=\"\" data-start=\"1150\" data-end=\"1316\">Taip pat rekomenduojame \u012fsigyti mikrobiomos test\u0105, kuris leis mitybos specialistui pateikti tiksli\u0105 informacij\u0105, remiantis Tavo mikrobiotos ypatumais. Test\u0105 rasi <a href=\"https:\/\/genorama.com\/lt\/product\/gutwell-mikrobiomo-testas\/\">\u010cIA<\/a>.<\/p>\n","protected":false},"excerpt":{"rendered":"<p>Mitybos konsultacija, pagr\u012fsta genetinio testo rezultatais, atsi\u017evelgia \u012f Tavo genetines ypatybes, susijusias su riebal\u0173 ir angliavandeni\u0173 apykaita, antsvorio rizikomis ir fizinio aktyvumo poveikiu k\u016bno svoriui. Su mitybos specialisto pagalba gali rasti tinkamiausius sprendimus sveikai mitybai kasdien.<\/p>\n<p>Pra\u0161ome susisiekti el. pa\u0161tu <a class=\"cursor-pointer\" rel=\"noopener\" data-start=\"495\" data-end=\"512\">info@genorama.com<\/a>, nor\u0117dami u\u017esiregistruoti konsultacijai (nuotolinei arba vietoje).<\/p>\n","protected":false},"featured_media":6606,"template":"","meta":{"_acf_changed":false,"ocean_post_layout":"","ocean_both_sidebars_style":"","ocean_both_sidebars_content_width":0,"ocean_both_sidebars_sidebars_width":0,"ocean_sidebar":"0","ocean_second_sidebar":"0","ocean_disable_margins":"enable","ocean_add_body_class":"","ocean_shortcode_before_top_bar":"","ocean_shortcode_after_top_bar":"","ocean_shortcode_before_header":"","ocean_shortcode_after_header":"","ocean_has_shortcode":"","ocean_shortcode_after_title":"","ocean_shortcode_before_footer_widgets":"","ocean_shortcode_after_footer_widgets":"","ocean_shortcode_before_footer_bottom":"","ocean_shortcode_after_footer_bottom":"","ocean_display_top_bar":"default","ocean_display_header":"default","ocean_header_style":"","ocean_center_header_left_menu":"0","ocean_custom_header_template":"0","ocean_custom_logo":0,"ocean_custom_retina_logo":0,"ocean_custom_logo_max_width":0,"ocean_custom_logo_tablet_max_width":0,"ocean_custom_logo_mobile_max_width":0,"ocean_custom_logo_max_height":0,"ocean_custom_logo_tablet_max_height":0,"ocean_custom_logo_mobile_max_height":0,"ocean_header_custom_menu":"0","ocean_menu_typo_font_family":"0","ocean_menu_typo_font_subset":"","ocean_menu_typo_font_size":0,"ocean_menu_typo_font_size_tablet":0,"ocean_menu_typo_font_size_mobile":0,"ocean_menu_typo_font_size_unit":"px","ocean_menu_typo_font_weight":"","ocean_menu_typo_font_weight_tablet":"","ocean_menu_typo_font_weight_mobile":"","ocean_menu_typo_transform":"","ocean_menu_typo_transform_tablet":"","ocean_menu_typo_transform_mobile":"","ocean_menu_typo_line_height":0,"ocean_menu_typo_line_height_tablet":0,"ocean_menu_typo_line_height_mobile":0,"ocean_menu_typo_line_height_unit":"","ocean_menu_typo_spacing":0,"ocean_menu_typo_spacing_tablet":0,"ocean_menu_typo_spacing_mobile":0,"ocean_menu_typo_spacing_unit":"","ocean_menu_link_color":"","ocean_menu_link_color_hover":"","ocean_menu_link_color_active":"","ocean_menu_link_background":"","ocean_menu_link_hover_background":"","ocean_menu_link_active_background":"","ocean_menu_social_links_bg":"","ocean_menu_social_hover_links_bg":"","ocean_menu_social_links_color":"","ocean_menu_social_hover_links_color":"","ocean_disable_title":"default","ocean_disable_heading":"default","ocean_post_title":"","ocean_post_subheading":"","ocean_post_title_style":"","ocean_post_title_background_color":"","ocean_post_title_background":0,"ocean_post_title_bg_image_position":"","ocean_post_title_bg_image_attachment":"","ocean_post_title_bg_image_repeat":"","ocean_post_title_bg_image_size":"","ocean_post_title_height":0,"ocean_post_title_bg_overlay":0.5,"ocean_post_title_bg_overlay_color":"","ocean_disable_breadcrumbs":"default","ocean_breadcrumbs_color":"","ocean_breadcrumbs_separator_color":"","ocean_breadcrumbs_links_color":"","ocean_breadcrumbs_links_hover_color":"","ocean_display_footer_widgets":"default","ocean_display_footer_bottom":"default","ocean_custom_footer_template":"0"},"product_brand":[],"product_cat":[302],"product_tag":[],"class_list":{"0":"post-6612","1":"product","2":"type-product","3":"status-publish","4":"has-post-thumbnail","6":"product_cat-mityba","8":"entry","9":"has-media","11":"first","12":"instock","13":"virtual","14":"taxable","15":"purchasable","16":"product-type-simple","17":"has-product-nav","18":"col","19":"span_1_of_3","20":"owp-content-center","21":"owp-thumbs-layout-horizontal","22":"owp-btn-normal","23":"owp-tabs-layout-horizontal","24":"has-no-thumbnails"},"acf":[],"aioseo_notices":[],"_links":{"self":[{"href":"https:\/\/genorama.com\/lt\/wp-json\/wp\/v2\/product\/6612","targetHints":{"allow":["GET"]}}],"collection":[{"href":"https:\/\/genorama.com\/lt\/wp-json\/wp\/v2\/product"}],"about":[{"href":"https:\/\/genorama.com\/lt\/wp-json\/wp\/v2\/types\/product"}],"wp:featuredmedia":[{"embeddable":true,"href":"https:\/\/genorama.com\/lt\/wp-json\/wp\/v2\/media\/6606"}],"wp:attachment":[{"href":"https:\/\/genorama.com\/lt\/wp-json\/wp\/v2\/media?parent=6612"}],"wp:term":[{"taxonomy":"product_brand","embeddable":true,"href":"https:\/\/genorama.com\/lt\/wp-json\/wp\/v2\/product_brand?post=6612"},{"taxonomy":"product_cat","embeddable":true,"href":"https:\/\/genorama.com\/lt\/wp-json\/wp\/v2\/product_cat?post=6612"},{"taxonomy":"product_tag","embeddable":true,"href":"https:\/\/genorama.com\/lt\/wp-json\/wp\/v2\/product_tag?post=6612"}],"curies":[{"name":"wp","href":"https:\/\/api.w.org\/{rel}","templated":true}]}}