{"id":6328,"date":"2025-03-24T11:26:17","date_gmt":"2025-03-24T09:26:17","guid":{"rendered":"https:\/\/genorama.com\/konfidencialitates-politika\/"},"modified":"2025-04-07T20:04:54","modified_gmt":"2025-04-07T18:04:54","slug":"konfidencialitates-politika","status":"publish","type":"page","link":"https:\/\/genorama.com\/lv\/konfidencialitates-politika\/","title":{"rendered":"Konfidencialit\u0101tes politika"},"content":{"rendered":"<p class=\"\" data-start=\"54\" data-end=\"174\"><strong data-start=\"54\" data-end=\"172\">Zem\u0101k atrad\u012bsiet inform\u0101ciju par to, k\u0101 Genorama LLC (turpm\u0101k: Genorama) apstr\u0101d\u0101 un aizsarg\u0101 j\u016bsu personas datus:<\/strong><\/p>\n<h3 class=\"\" data-start=\"176\" data-end=\"242\">1. Personas datu v\u0101k\u0161ana, datu p\u0101rzinis un datu apstr\u0101d\u0101t\u0101js<\/h3>\n<p class=\"\" data-start=\"244\" data-end=\"545\">Genorama ir pasaul\u0113 atz\u012bts \u0123en\u0113tisko testu uz\u0146\u0113mums, kas pied\u0101v\u0101 da\u017e\u0101dus \u0123en\u0113tiskos testus un mikrobioma anal\u012bzes pakalpojumus (turpm\u0101k: Pakalpojumi) un nodarbojas ar \u0161o testu izstr\u0101di. Lai sniegtu jums Pakalpojumus, Genorama ir j\u0101apstr\u0101d\u0101 j\u016bsu personas dati, tostarp vesel\u012bbas un biometriskie dati.<\/p>\n<p class=\"\" data-start=\"547\" data-end=\"1057\">Genoramas apkopotie un apstr\u0101d\u0101tie dati var ietvert j\u016bsu v\u0101rdu, personas kodu vai dzim\u0161anas datumu, valstspieder\u012bbu, t\u0101lru\u0146a numuru, e-pasta adresi, m\u0101jas adresi, bankas konta inform\u0101ciju un citus Pakalpojumu snieg\u0161anai nepiecie\u0161amos datus, k\u0101 ar\u012b ar j\u016bsu vesel\u012bbu, g\u0113niem un mikrobiomu saist\u012btos datus (turpm\u0101k: Dati). Genorama apkopo un sa\u0146em Datus no jums, kad veicat Pakalpojumu pas\u016bt\u012bjumu. Attiec\u012bb\u0101 uz j\u016bsu sniegtajiem Datiem Genorama ir datu p\u0101rzinis saska\u0146\u0101 ar datu aizsardz\u012bbas normat\u012bvajiem aktiem.<\/p>\n<p class=\"\" data-start=\"1059\" data-end=\"1346\">Ja Pakalpojumus pas\u016bta medic\u012bnas iest\u0101de vai izplat\u012bt\u0101js, tad j\u016bsu Datus apkopo un nodod Genorama j\u016bsu \u0101rsts, cits vesel\u012bbas apr\u016bpes speci\u0101lists vai \u0161\u012b izplat\u012bt\u0101ja darbinieks. \u0160\u0101d\u0101 gad\u012bjum\u0101 Genorama ir datu apstr\u0101d\u0101t\u0101js, bet attiec\u012bg\u0101 medic\u012bnas iest\u0101de vai izplat\u012bt\u0101js \u2013 datu p\u0101rzinis.<\/p>\n<p class=\"\" data-start=\"1348\" data-end=\"1763\">Ja esat saist\u012bts ar k\u0101du no Genoramas sadarb\u012bbas partneru organiz\u0101cij\u0101m (piem\u0113ram, medic\u012bnas iest\u0101di vai Pakalpojumu izplat\u012bt\u0101ju), Genorama v\u0113l\u0113tos apstr\u0101d\u0101t j\u016bsu Datus (galvenok\u0101rt j\u016bsu v\u0101rdu, e-pasta adresi, k\u0101 ar\u012b inform\u0101ciju par j\u016bsu amatu un organiz\u0101ciju\/darba dev\u0113ju), lai nos\u016bt\u012btu jums m\u0101rketinga materi\u0101lus un pied\u0101v\u0101jumus, k\u0101 ar\u012b inform\u0113tu par izmai\u0146\u0101m un jaunumiem Pakalpojumu kl\u0101st\u0101 un test\u0113\u0161anas jom\u0101.<\/p>\n<h3 class=\"\" data-start=\"1765\" data-end=\"1797\">2. Datu apstr\u0101des principi<\/h3>\n<p class=\"\" data-start=\"1799\" data-end=\"2097\">Genorama apstr\u0101d\u0101 Datus saska\u0146\u0101 ar Eiropas datu aizsardz\u012bbas principiem, piem\u0113ram, likum\u012bbu, god\u012bgumu, p\u0101rredzam\u012bbu, nol\u016bka ierobe\u017eojumu un datu minimiz\u0101cijas principiem, k\u0101 ar\u012b piem\u0113rojamo ties\u012bbu aktu pras\u012bb\u0101m. Genorama j\u016bsu intereses, ties\u012bbas un br\u012bv\u012bbas uzskata par priorit\u0101ti Datu apstr\u0101d\u0113.<\/p>\n<h3 class=\"\" data-start=\"2099\" data-end=\"2139\">3. Datu apstr\u0101des pamats un apjoms<\/h3>\n<p class=\"\" data-start=\"2141\" data-end=\"2351\">K\u0101 datu p\u0101rzinis Genorama apstr\u0101d\u0101 j\u016bsu Datus galvenok\u0101rt, lai izpild\u012btu l\u012bgumu, kas nosl\u0113gts par Pakalpojumu snieg\u0161anu. Genorama apstr\u0101d\u0101 j\u016bsu Datus tikai t\u0101d\u0101 apjom\u0101, kas nepiecie\u0161ams \u0161o m\u0113r\u0137u sasnieg\u0161anai.<\/p>\n<p class=\"\" data-start=\"2353\" data-end=\"2531\">Datu apstr\u0101de var b\u016bt nepiecie\u0161ama ar\u012b Genoramas juridisko pien\u0101kumu izpildei (piem\u0113ram, inform\u0101cijas snieg\u0161anai Igaunijas elektroniskaj\u0101 vesel\u012bbas sist\u0113m\u0101, gr\u0101matved\u012bb\u0101 utt.).<\/p>\n<p class=\"\" data-start=\"2533\" data-end=\"2804\">Da\u017eos gad\u012bjumos Genorama var izmantot j\u016bsu Datus p\u0113tniec\u012bbai vai statistikas veik\u0161anai. Ja tas attiecas uz p\u0113tniec\u012bbu, Genorama (vai j\u016bsu \u0101rsts vai izplat\u012bt\u0101ja darbinieks) j\u016bs inform\u0113s par iesp\u0113ju un l\u016bgs j\u016bsu piekri\u0161anu dal\u012bbai p\u0113t\u012bjum\u0101, veicot Pakalpojumu pas\u016bt\u012bjumu.<\/p>\n<p class=\"\" data-start=\"2806\" data-end=\"3095\">Ja esat Genoramas partnerorganiz\u0101cijas darbinieks, Genorama apstr\u0101d\u0101 j\u016bsu Datus m\u0101rketinga nol\u016bkos tikai tad, ja esat iepriek\u0161 devis tam piekri\u0161anu. J\u016bs varat jebkur\u0101 laik\u0101 atsaukt savu piekri\u0161anu, nos\u016btot Genorama attiec\u012bgu pazi\u0146ojumu vai noklik\u0161\u0137inot uz saites e-pasta zi\u0146ojuma beig\u0101s.<\/p>\n<p class=\"\" data-start=\"3097\" data-end=\"3278\">Ja Pakalpojumus pas\u016bta medic\u012bnas iest\u0101de vai izplat\u012bt\u0101js, Genorama apstr\u0101d\u0101 j\u016bsu Datus k\u0101 datu apstr\u0101d\u0101t\u0101js \u0161\u012bs iest\u0101des vai izplat\u012bt\u0101ja v\u0101rd\u0101 un pamatojoties uz attiec\u012bgu l\u012bgumu.<\/p>\n<h3 class=\"\" data-start=\"3280\" data-end=\"3323\">4. Datu nodo\u0161ana un datu apstr\u0101d\u0101t\u0101ji<\/h3>\n<p class=\"\" data-start=\"3325\" data-end=\"3696\">Ja j\u016bs vai persona, kas pas\u016bt\u012bjusi Pakalpojumus, atrodaties Eiropas Ekonomikas zon\u0101 (EEZ), Genorama apstr\u0101d\u0101 j\u016bsu Datus galvenok\u0101rt EEZ ietvaros un nenodod tos tre\u0161aj\u0101m valst\u012bm vai starptautisk\u0101m organiz\u0101cij\u0101m. Ja Genorama tom\u0113r to dara, t\u0101 nodro\u0161ina, ka Dati tiek nodoti tikai t\u0101dai valstij vai organiz\u0101cijai, kas nodro\u0161ina l\u012bdzv\u0113rt\u012bgu datu aizsardz\u012bbas l\u012bmeni k\u0101 EEZ.<\/p>\n<p class=\"\" data-start=\"3698\" data-end=\"3923\">Genorama j\u016bsu Datus saglab\u0101 konfidenci\u0101li un neizpau\u017e tos tre\u0161aj\u0101m person\u0101m, iz\u0146emot gad\u012bjumus, kad tas ir nepiecie\u0161ams Pakalpojumu snieg\u0161anai, j\u016bs tam esat skaidri piekritis vai ja past\u0101v cits tiesiskais pamats izpau\u0161anai.<\/p>\n<h3 class=\"\" data-start=\"3925\" data-end=\"3948\">5. Datu glab\u0101\u0161ana<\/h3>\n<p class=\"\" data-start=\"3950\" data-end=\"4255\">Genorama glab\u0101 Datus gan pap\u012bra, gan elektronisk\u0101 form\u0101t\u0101 tik ilgi, cik var rasties pras\u012bbas no l\u012bgumattiec\u012bb\u0101m vai k\u0101 to nosaka normat\u012bvie akti (piem\u0113ram, vesel\u012bbas apr\u016bpes pakalpojumiem saist\u012btos testu rezult\u0101tus j\u0101uzglab\u0101 30 gadus). Kad Dati vairs nav nepiecie\u0161ami, tie tiek dz\u0113sti sapr\u0101t\u012bg\u0101 termi\u0146\u0101.<\/p>\n<p class=\"\" data-start=\"4257\" data-end=\"4413\">Ja esat devis piekri\u0161anu m\u0101rketinga materi\u0101lu sa\u0146em\u0161anai, Genorama saglab\u0101 attiec\u012bgos Datus uz nenoteiktu laiku l\u012bdz br\u012bdim, kad atsaucat savu piekri\u0161anu.<\/p>\n<h3 class=\"\" data-start=\"4415\" data-end=\"4437\">6. J\u016bsu ties\u012bbas<\/h3>\n<p class=\"\" data-start=\"4439\" data-end=\"4521\">Jums ir ties\u012bbas jebkur\u0101 laik\u0101 v\u0113rsties pie Genorama un izmantot savas ties\u012bbas:<\/p>\n<ul data-start=\"4523\" data-end=\"4802\">\n<li class=\"\" data-start=\"4523\" data-end=\"4591\">\n<p class=\"\" data-start=\"4525\" data-end=\"4591\">Piepras\u012bt inform\u0101ciju par to, k\u0101di Dati par jums tiek apstr\u0101d\u0101ti<\/p>\n<\/li>\n<li class=\"\" data-start=\"4592\" data-end=\"4631\">\n<p class=\"\" data-start=\"4594\" data-end=\"4631\">Piepras\u012bt Datu labo\u0161anu vai dz\u0113\u0161anu<\/p>\n<\/li>\n<li class=\"\" data-start=\"4632\" data-end=\"4693\">\n<p class=\"\" data-start=\"4634\" data-end=\"4693\">Piepras\u012bt Datu apstr\u0101des ierobe\u017eo\u0161anu vai iebilst pret to<\/p>\n<\/li>\n<li class=\"\" data-start=\"4694\" data-end=\"4724\">\n<p class=\"\" data-start=\"4696\" data-end=\"4724\">Piepras\u012bt Datu p\u0101rs\u016bt\u012b\u0161anu<\/p>\n<\/li>\n<li class=\"\" data-start=\"4725\" data-end=\"4802\">\n<p class=\"\" data-start=\"4727\" data-end=\"4802\">Piepras\u012bt, lai j\u016bs neb\u016btu pak\u013cauts tikai automatiz\u0113tai l\u0113mumu pie\u0146em\u0161anai<\/p>\n<\/li>\n<\/ul>\n<h3 class=\"\" data-start=\"4804\" data-end=\"4841\">7. Str\u012bdi un kontaktinform\u0101cija<\/h3>\n<p class=\"\" data-start=\"4843\" data-end=\"5064\">Ja jums ir jaut\u0101jumi vai ieteikumi par to, k\u0101 Genorama apstr\u0101d\u0101 j\u016bsu Datus, varat sazin\u0101ties ar Genoramas datu aizsardz\u012bbas speci\u0101listu Kaie Jaaksonu pa e-pastu <strong data-start=\"5004\" data-end=\"5028\">info[at]genorama.com<\/strong> vai pa t\u0101lruni <strong data-start=\"5044\" data-end=\"5061\">+372 7307 295<\/strong>.<\/p>\n<p class=\"\" data-start=\"5066\" data-end=\"5175\">Ja uzskat\u0101t, ka Genorama ir p\u0101rk\u0101pusi j\u016bsu ties\u012bbas, varat v\u0113rsties Igaunijas Datu aizsardz\u012bbas inspekcij\u0101.<\/p>\n<p class=\"\" data-start=\"5177\" data-end=\"5308\">Genorama nov\u0113rt\u0113 j\u016bsu priv\u0101tumu un pieliek visas p\u016bles, lai aizsarg\u0101tu j\u016bsu Datus un iev\u0113rotu datu aizsardz\u012bbas normat\u012bvos aktus.<\/p>\n<p data-start=\"5177\" data-end=\"5308\">8. Izseko\u0161anas tehnolo\u0123ijas un tre\u0161o pu\u0161u pakalpojumi<\/p>\n<p>M\u0113s izmantojam da\u017e\u0101dus tre\u0161o pu\u0161u pakalpojumus, lai analiz\u0113tu datpl\u016bsmu, nov\u0113rt\u0113tu rekl\u0101mas efektivit\u0101ti, nodro\u0161in\u0101tu klientu atbalstu un uzlabotu lietot\u0101ja pieredzi. \u0160ie pakalpojumi var v\u0101kt, glab\u0101t un apstr\u0101d\u0101t datus, tostarp personas inform\u0101ciju. T\u0101l\u0101k ir sadal\u012bti m\u016bsu izmantotie r\u012bki un to, k\u0101 tie apstr\u0101d\u0101 datus.<br \/>\nGoogle Analytics<br \/>\nM\u0113s izmantojam Google Analytics, lai analiz\u0113tu vietnes datpl\u016bsmu un lietot\u0101ju uzved\u012bbu. Google Analytics apkopo t\u0101du inform\u0101ciju k\u0101 apmekl\u0113t\u0101s lapas, m\u016bsu vietn\u0113 pavad\u012btais laiks, ier\u012bces tips un mijiedarb\u012bba. \u0160ie dati pal\u012bdz mums uzlabot m\u016bsu vietni un pakalpojumus. Google var izmantot sav\u0101ktos datus, lai kontekstualiz\u0113tu un personaliz\u0113tu rekl\u0101mas sav\u0101 rekl\u0101mas t\u012bkl\u0101.<br \/>\n&#8211; Atteik\u0161an\u0101s: J\u016bs varat atteikties no Google Analytics izseko\u0161anas, instal\u0113jot Google Analytics atteik\u0161an\u0101s p\u0101rl\u016bkprogrammas papildin\u0101jumu.<br \/>\n&#8211; Vair\u0101k inform\u0101cijas: Google konfidencialit\u0101tes politika<br \/>\nGoogle rekl\u0101mas<br \/>\nM\u0113s izmantojam Google rekl\u0101mas, lai r\u0101d\u012btu rekl\u0101mas un izsekotu to efektivit\u0101ti. Google Rekl\u0101mas izmanto s\u012bkfailus, lai r\u0101d\u012btu personaliz\u0113tas rekl\u0101mas, pamatojoties uz lietot\u0101ju p\u0101rl\u016bko\u0161anas uzved\u012bbu.<br \/>\n&#8211; Atteik\u0161an\u0101s: varat piel\u0101got rekl\u0101mas iestat\u012bjumus, izmantojot Google rekl\u0101mu iestat\u012bjumus.<br \/>\n&#8211; Vair\u0101k inform\u0101cijas: K\u0101 Google izmanto j\u016bsu datus<br \/>\nGoogle tagu p\u0101rvaldnieks<br \/>\nGoogle Tag Manager tiek izmantots, lai m\u016bsu vietn\u0113 izvietotu izseko\u0161anas skriptus. Tas tie\u0161i nev\u0101c personas datus, bet nodro\u0161ina citu izseko\u0161anas r\u012bku (piem\u0113ram, Google Analytics, Google Ads un Facebook Pixel) darb\u012bbu.<br \/>\n&#8211; Vair\u0101k inform\u0101cijas: Google Tag Manager pakalpojumu snieg\u0161anas noteikumi<br \/>\nFacebook Pixel<br \/>\nM\u0113s izmantojam Facebook Pixel, lai izsekotu konversijas un optimiz\u0113tu savus rekl\u0101mas pas\u0101kumus Facebook. Facebook var v\u0101kt inform\u0101ciju par lietot\u0101ju uzved\u012bbu un mijiedarb\u012bbu ar m\u016bsu vietni, lai personaliz\u0113tu rekl\u0101mas.<br \/>\n&#8211; Atteik\u0161an\u0101s: varat p\u0101rvald\u012bt savas rekl\u0101mas preferences vietn\u0113 Facebook rekl\u0101mu iestat\u012bjumi.<br \/>\n&#8211; Vair\u0101k inform\u0101cijas: Facebook datu politika<br \/>\nKlaviyo<br \/>\nM\u0113s izmantojam Klaviyo e-pasta m\u0101rketingam un klientu datu izseko\u0161anai. Klaviyo var v\u0101kt t\u0101dus datus k\u0101 e-pasta mijiedarb\u012bba, t\u012bmek\u013ca vietnes aktivit\u0101te un iepirk\u0161an\u0101s paradumi.<br \/>\n&#8211; Vair\u0101k inform\u0101cijas: Klaviyo konfidencialit\u0101tes politika<br \/>\nTawk.to<br \/>\nM\u016bsu t\u012bmek\u013ca vietne izmanto Tawk.to t\u0113rz\u0113\u0161anas atbalstam tie\u0161raid\u0113. Tawk.to var v\u0101kt IP adreses, t\u0113rz\u0113\u0161anas transkripcijas un citus b\u016btiskus klientu atbalsta datus.<br \/>\n&#8211; Vair\u0101k inform\u0101cijas: Tawk.to konfidencialit\u0101tes politika<br \/>\nCookieYes<br \/>\nM\u0113s izmantojam CookieYes, lai p\u0101rvald\u012btu s\u012bkfailu piekri\u0161anas preferences m\u016bsu vietn\u0113. CookieYes tiek instal\u0113ts, izmantojot Google Tag Manager, un \u013cauj lietot\u0101jiem piel\u0101got s\u012bkfailu iestat\u012bjumus, pamatojoties uz sav\u0101m v\u0113lm\u0113m.<br \/>\n&#8211; Vair\u0101k inform\u0101cijas: CookieYes konfidencialit\u0101tes politika<br \/>\nWordPress<br \/>\nM\u016bsu vietne ir veidota, izmantojot satura p\u0101rvald\u012bbas sist\u0113mu (CMS) WordPress, kas var apkopot t\u0101dus datus k\u0101 lietot\u0101ju koment\u0101ri, pieteik\u0161an\u0101s dati un vietnes anal\u012btika. Ar\u012b pati WordPress var izmantot s\u012bkfailus, lai uzlabotu lietot\u0101ja pieredzi un vietnes funkcionalit\u0101ti.<br \/>\n&#8211; Vair\u0101k inform\u0101cijas: WordPress konfidencialit\u0101tes politika<br \/>\nZone.ee (hostinga nodro\u0161in\u0101t\u0101js)<br \/>\nM\u016bsu vietne tiek mitin\u0101ta pie Zone.ee, kas noz\u012bm\u0113, ka t\u0101s serveros var tikt glab\u0101ti lietot\u0101ju dati, piem\u0113ram, IP adreses un vietnes mijiedarb\u012bba. Zone.ee var v\u0101kt un apstr\u0101d\u0101t datus k\u0101 da\u013cu no saviem hostinga pakalpojumiem.<br \/>\n&#8211; S\u012bk\u0101ka inform\u0101cija: Zone.ee konfidencialit\u0101tes politika<br \/>\nJ\u016bsu ties\u012bbas un izv\u0113le<br \/>\nJums ir ties\u012bbas kontrol\u0113t, k\u0101 tiek v\u0101kti un izmantoti j\u016bsu dati. J\u016bs varat:<br \/>\n&#8211; piel\u0101got s\u012bkfailu iestat\u012bjumus, izmantojot p\u0101rl\u016bkprogrammu.<br \/>\n&#8211; atteikties no m\u0113r\u0137tiec\u012bgas rekl\u0101mas, izmantojot nor\u0101d\u012bt\u0101s atteik\u0161an\u0101s saites.<br \/>\n&#8211; Piepras\u012bt piek\u013cuvi saviem datiem vai to dz\u0113\u0161anu, sazinoties ar mums.<\/p>\n","protected":false},"excerpt":{"rendered":"<p>Zem\u0101k atrad\u012bsiet inform\u0101ciju par to, k\u0101 Genorama LLC (turpm\u0101k: Genorama) apstr\u0101d\u0101 un aizsarg\u0101 j\u016bsu personas datus: 1. Personas datu v\u0101k\u0161ana, datu p\u0101rzinis un datu apstr\u0101d\u0101t\u0101js Genorama ir pasaul\u0113 atz\u012bts \u0123en\u0113tisko testu uz\u0146\u0113mums, kas pied\u0101v\u0101 da\u017e\u0101dus \u0123en\u0113tiskos testus un mikrobioma anal\u012bzes pakalpojumus (turpm\u0101k: Pakalpojumi) un nodarbojas ar \u0161o testu izstr\u0101di. Lai sniegtu jums Pakalpojumus, Genorama ir [&hellip;]<\/p>\n","protected":false},"author":3,"featured_media":0,"parent":0,"menu_order":0,"comment_status":"closed","ping_status":"closed","template":"","meta":{"_acf_changed":false,"ocean_post_layout":"","ocean_both_sidebars_style":"","ocean_both_sidebars_content_width":0,"ocean_both_sidebars_sidebars_width":0,"ocean_sidebar":"0","ocean_second_sidebar":"0","ocean_disable_margins":"enable","ocean_add_body_class":"","ocean_shortcode_before_top_bar":"","ocean_shortcode_after_top_bar":"","ocean_shortcode_before_header":"","ocean_shortcode_after_header":"","ocean_has_shortcode":"","ocean_shortcode_after_title":"","ocean_shortcode_before_footer_widgets":"","ocean_shortcode_after_footer_widgets":"","ocean_shortcode_before_footer_bottom":"","ocean_shortcode_after_footer_bottom":"","ocean_display_top_bar":"default","ocean_display_header":"default","ocean_header_style":"","ocean_center_header_left_menu":"0","ocean_custom_header_template":"0","ocean_custom_logo":0,"ocean_custom_retina_logo":0,"ocean_custom_logo_max_width":0,"ocean_custom_logo_tablet_max_width":0,"ocean_custom_logo_mobile_max_width":0,"ocean_custom_logo_max_height":0,"ocean_custom_logo_tablet_max_height":0,"ocean_custom_logo_mobile_max_height":0,"ocean_header_custom_menu":"0","ocean_menu_typo_font_family":"0","ocean_menu_typo_font_subset":"","ocean_menu_typo_font_size":0,"ocean_menu_typo_font_size_tablet":0,"ocean_menu_typo_font_size_mobile":0,"ocean_menu_typo_font_size_unit":"px","ocean_menu_typo_font_weight":"","ocean_menu_typo_font_weight_tablet":"","ocean_menu_typo_font_weight_mobile":"","ocean_menu_typo_transform":"","ocean_menu_typo_transform_tablet":"","ocean_menu_typo_transform_mobile":"","ocean_menu_typo_line_height":0,"ocean_menu_typo_line_height_tablet":0,"ocean_menu_typo_line_height_mobile":0,"ocean_menu_typo_line_height_unit":"","ocean_menu_typo_spacing":0,"ocean_menu_typo_spacing_tablet":0,"ocean_menu_typo_spacing_mobile":0,"ocean_menu_typo_spacing_unit":"","ocean_menu_link_color":"","ocean_menu_link_color_hover":"","ocean_menu_link_color_active":"","ocean_menu_link_background":"","ocean_menu_link_hover_background":"","ocean_menu_link_active_background":"","ocean_menu_social_links_bg":"","ocean_menu_social_hover_links_bg":"","ocean_menu_social_links_color":"","ocean_menu_social_hover_links_color":"","ocean_disable_title":"default","ocean_disable_heading":"default","ocean_post_title":"","ocean_post_subheading":"","ocean_post_title_style":"","ocean_post_title_background_color":"","ocean_post_title_background":0,"ocean_post_title_bg_image_position":"","ocean_post_title_bg_image_attachment":"","ocean_post_title_bg_image_repeat":"","ocean_post_title_bg_image_size":"","ocean_post_title_height":0,"ocean_post_title_bg_overlay":0.5,"ocean_post_title_bg_overlay_color":"","ocean_disable_breadcrumbs":"default","ocean_breadcrumbs_color":"","ocean_breadcrumbs_separator_color":"","ocean_breadcrumbs_links_color":"","ocean_breadcrumbs_links_hover_color":"","ocean_display_footer_widgets":"default","ocean_display_footer_bottom":"default","ocean_custom_footer_template":"0","footnotes":""},"class_list":["post-6328","page","type-page","status-publish","hentry","entry","owp-thumbs-layout-horizontal","owp-btn-normal","owp-tabs-layout-horizontal","has-no-thumbnails","has-product-nav"],"acf":[],"aioseo_notices":[],"_links":{"self":[{"href":"https:\/\/genorama.com\/lv\/wp-json\/wp\/v2\/pages\/6328","targetHints":{"allow":["GET"]}}],"collection":[{"href":"https:\/\/genorama.com\/lv\/wp-json\/wp\/v2\/pages"}],"about":[{"href":"https:\/\/genorama.com\/lv\/wp-json\/wp\/v2\/types\/page"}],"author":[{"embeddable":true,"href":"https:\/\/genorama.com\/lv\/wp-json\/wp\/v2\/users\/3"}],"replies":[{"embeddable":true,"href":"https:\/\/genorama.com\/lv\/wp-json\/wp\/v2\/comments?post=6328"}],"version-history":[{"count":1,"href":"https:\/\/genorama.com\/lv\/wp-json\/wp\/v2\/pages\/6328\/revisions"}],"predecessor-version":[{"id":6400,"href":"https:\/\/genorama.com\/lv\/wp-json\/wp\/v2\/pages\/6328\/revisions\/6400"}],"wp:attachment":[{"href":"https:\/\/genorama.com\/lv\/wp-json\/wp\/v2\/media?parent=6328"}],"curies":[{"name":"wp","href":"https:\/\/api.w.org\/{rel}","templated":true}]}}