{"id":6392,"date":"2025-04-07T17:28:04","date_gmt":"2025-04-07T15:28:04","guid":{"rendered":"https:\/\/genorama.com\/pardosanas-noteikumi\/"},"modified":"2025-04-07T20:24:58","modified_gmt":"2025-04-07T18:24:58","slug":"pardosanas-noteikumi","status":"publish","type":"page","link":"https:\/\/genorama.com\/lv\/pardosanas-noteikumi\/","title":{"rendered":"P\u0101rdo\u0161anas noteikumi"},"content":{"rendered":"<div class=\"page-header\">\n<div class=\"container\">\n<h1 class=\"page-title\">P\u0101rdo\u0161anas noteikumi<\/h1>\n<\/div>\n<\/div>\n<div id=\"content\" class=\"site-content\">\n<div class=\"container\">\n<div id=\"primary\" class=\"content-area\">\n<p>&nbsp;<\/p>\n<article id=\"post-4507\" class=\"post-4507 page type-page status-publish hentry latest_post\">\n<div class=\"entry-content\">\n<p>1. P\u0101rdo\u0161anas noteikumu darb\u012bbas joma un sp\u0113k\u0101 esam\u012bba<\/p>\n<p>1.1. \u0160ie Genorama interneta veikala Genorama P\u0101rdo\u0161anas noteikumi ir juridiski saisto\u0161s l\u012bgums, kas nosl\u0113gts starp fizisku vai juridisku personu (turpm\u0101k tekst\u0101 \u2013 Pirc\u0113js), kas veic test\u0113\u0161anas pakalpojuma (turpm\u0101k tekst\u0101 \u2013 Pakalpojums) ieg\u0101di Genorama interneta veikal\u0101 Genorama, un interneta veikala Genorama \u012bpa\u0161nieku, kas atrodas interneta adres\u0113: www.genorama.com, kas ir Genorama LLC, re\u0123istr\u0101cijas kods 11538292, adrese Vaksali 17a, Tartu 50410, t\u0101lr: T\u0101l\u0101k tekst\u0101 \u2013 Genorama (turpm\u0101k tekst\u0101 \u2013 Genorama), adrese: +3727307295, e-pasts: info@genorama.com. Pirc\u0113js un Genorama turpm\u0101k kop\u0101 saukti par Pus\u0113m.<\/p>\n<p>1.2. Pirc\u0113js apliecina, ka ir iepazinies un piekr\u012bt iev\u0113rot Noteikumus, un uzskata tos par saisto\u0161iem pirms Genorama sniegt\u0101 Pakalpojuma pirk\u0161anas-p\u0101rdo\u0161anas dar\u012bjuma nosl\u0113g\u0161anas. Pirc\u0113js, kur\u0161 nepiekr\u012bt P\u0101rdo\u0161anas noteikumiem, nevar\u0113s veikt Pirk\u0161anas un p\u0101rdo\u0161anas dar\u012bjumu Genorama Interneta veikal\u0101.<\/p>\n<p>1.3. Genorama ir ties\u012bga jebkur\u0101 laik\u0101 un jebkura iemesla d\u0113\u013c groz\u012bt, papildin\u0101t vai groz\u012bt P\u0101rdo\u0161anas noteikumus. Visi P\u0101rdo\u0161anas noteikumu groz\u012bjumi vai papildin\u0101jumi ir pieejami Genorama t\u012bmek\u013ca vietn\u0113, un tie st\u0101jas sp\u0113k\u0101 nekav\u0113joties p\u0113c \u0161\u0101du groz\u012bjumu vai papildin\u0101jumu public\u0113\u0161anas Genorama t\u012bmek\u013ca vietn\u0113.<\/p>\n<p>1.4. Visi Pirc\u0113ja Personas dati, kas tiek atkl\u0101ti Pirk\u0161anas un p\u0101rdo\u0161anas dar\u012bjuma laik\u0101 Genorama Interneta veikal\u0101, ir uzskat\u0101mi par konfidenci\u0101liem.<\/p>\n<p>1.5. Visus jaut\u0101jumus, kas nav reglament\u0113ti \u0161ajos noteikumos, regul\u0113 Igaunijas Republikas ties\u012bbu akti.<\/p>\n<p>2. Pakalpojumu p\u0101rdo\u0161ana<\/p>\n<p>2.1. Par Genorama Interneta veikal\u0101 p\u0101rdodamo Pakalpojumu ir j\u0101maks\u0101 cena, kas nor\u0101d\u012bta Genorama T\u012bmek\u013ca vietn\u0113.<\/p>\n<p>2.2. Pakalpojuma cena ir nor\u0101d\u012bta eiro, un taj\u0101 iek\u013cauts 22% PVN (pievienot\u0101s v\u0113rt\u012bbas nodoklis). Ja main\u0101s PVN likme, Pakalpojuma cena tiek kori\u0123\u0113ta atbilsto\u0161i PVN likmes izmai\u0146\u0101m.<\/p>\n<p>2.3. 2.4. Pakalpojuma cen\u0101 ir iek\u013cauta maksa par Paraugu \u0146em\u0161anas komplekta pieg\u0101di pa pastu Pirc\u0113jam un par Sav\u0101kt\u0101 parauga atgrie\u0161anu Genorama (iz\u0146emot 2.5. punkt\u0101 noteiktos apst\u0101k\u013cus).<\/p>\n<p>2.4. Ja Pirc\u0113js v\u0113las sa\u0146emt Paraugu \u0146em\u0161anas komplektu, izmantojot DPD paku termin\u0101li (piem\u0113rojams tikai pieg\u0101des galam\u0113r\u0137iem Igaunijas Republik\u0101), s\u016bt\u012bjuma izmaksas tiek pieskait\u012btas Pakalpojuma cenai. Sav\u0101kt\u0101 parauga atgrie\u0161ana Genorama ar DPD paku termin\u0101\u013ca starpniec\u012bbu ir bez maksas 14 (\u010detrpadsmit) dienu laik\u0101, izmantojot to pa\u0161u durvju kodu, ar k\u0101du tika sa\u0146emts s\u016bt\u012bjums.<\/p>\n<p>2.5. Gad\u012bjum\u0101, ja Pirc\u0113js v\u0113las sa\u0146emt Paraugu sav\u0101k\u0161anas komplektu un atgriezt Sav\u0101kto paraugu Genorama cit\u0101d\u0101 veid\u0101, nek\u0101 aprakst\u012bts Genorama M\u0101jaslap\u0101, Pirc\u0113js par pieg\u0101di un atgrie\u0161anu maks\u0101 t\u0101d\u0101 apm\u0113r\u0101, par k\u0101du iepriek\u0161 vienojies ar Genorama.<\/p>\n<p>2.6. Ja paraugu \u0146em\u0161anas komplekta nos\u016bt\u012b\u0161anas galam\u0113r\u0137is nav Igaunijas Republika, Pirc\u0113js maks\u0101 par sav\u0101kt\u0101 parauga nos\u016bt\u012b\u0161anu atpaka\u013c Genorama.<\/p>\n<p>2.7. Genorama ir ties\u012bga jebkur\u0101 laik\u0101 main\u012bt Pakalpojuma cenu bez iepriek\u0161\u0113ja br\u012bdin\u0101juma. Ja pas\u016bt\u012bjums ir veikts pirms cenu izmai\u0146u sp\u0113k\u0101 st\u0101\u0161an\u0101s dienas, Pakalpojumam tiek piem\u0113rota pas\u016bt\u012bjuma dien\u0101 sp\u0113k\u0101 eso\u0161\u0101 cena.<\/p>\n<p>2.8. Pirc\u0113js maks\u0101 par Pakalpojumu saska\u0146\u0101 ar sp\u0113k\u0101 eso\u0161o cenu. Genorama pie\u0146em \u0161\u0101dus maks\u0101jumu veidus: Maks\u0101jumu veids: PayPal, kred\u012btkarte (Visa, MasterCard), bankas saikne (Swedbank, SEB, Luminor, LHV, Coop; piem\u0113rojams tikai Igaunijas Republik\u0101).<br \/>\nApstr\u0101d\u0101jot personas datus, Genorama ir datu p\u0101rzinis. Genorama maks\u0101jumu apstr\u0101dei nepiecie\u0161amos datus nodod Maksekeskus Ltd, kas darbojas k\u0101 datu apstr\u0101d\u0101t\u0101js.<\/p>\n<p>3. Pas\u016bt\u012bjuma iesnieg\u0161ana, p\u0101rdo\u0161anas un pirkuma dar\u012bjuma nosl\u0113g\u0161ana<\/p>\n<p>3.1. Pirc\u0113js var b\u016bt fiziska vai r\u012bc\u012bbsp\u0113j\u012bga juridiska persona. Iesniedzot Pas\u016bt\u012bjumu, Pirc\u0113js apliecina, ka ir ties\u012bbsp\u0113j\u012bgs un\/vai pilnvarots veikt dar\u012bjumu. Pirc\u0113js ar ierobe\u017eotu r\u012bc\u012bbsp\u0113ju (t.i., persona, kas nav sasniegusi 18 gadu vecumu), piekr\u012btot Pirkuma noteikumiem, apliecina, ka vi\u0146a likumiskais p\u0101rst\u0101vis ir devis piekri\u0161anu sl\u0113gt dar\u012bjumu un izmantot nepiecie\u0161amos naudas l\u012bdzek\u013cus.<\/p>\n<p>3.2. Iepirkumu grozs tiek izveidots, kad Pirc\u0113js noklik\u0161\u0137ina uz pogas \u201cPas\u016bt\u012bt\u201d pie pakalpojuma. Pakalpojuma pievieno\u0161ana iepirkumu groz\u0101 nenoz\u012bm\u0113 Pakalpojuma ieg\u0101di. Iepirkumu groza saturu var main\u012bt jebkur\u0101 laik\u0101. Pirms pas\u016bt\u012bjuma iesnieg\u0161anas Pirc\u0113js var main\u012bt, pievienot vai no\u0146emt Pakalpojumu un atcelt pirkumu.<\/p>\n<p>3.3. Lai veiktu pas\u016bt\u012bjumu Genorama interneta veikal\u0101, Pirc\u0113jam j\u0101nospie\u017e poga \u201cIesniegt pas\u016bt\u012bjumu\u201d iepirkumu groza lap\u0101. 3.4. Veicot Pas\u016bt\u012bjumu, Pirc\u0113js aizpilda virtu\u0101lo veidlapu, nor\u0101dot personas datus (v\u0101rds, uzv\u0101rds, Paraugu kolekcijas komplekta galam\u0113r\u0137is: pils\u0113ta, adrese, pasta indekss; kontaktt\u0101lrunis, e-pasta adrese; juridiskas personas gad\u012bjum\u0101 \u2013 juridisk\u0101s personas nosaukums).<\/p>\n<p>3.4. Pirc\u0113ja pien\u0101kums ir pirms pas\u016bt\u012bjuma apstiprin\u0101\u0161anas izlas\u012bt un iepaz\u012bties ar Genorama tie\u0161saistes veikala p\u0101rdo\u0161anas noteikumiem, Noteikumiem un nosac\u012bjumiem un Priv\u0101tuma politiku; un izv\u0113l\u0113ties v\u0113lamo maks\u0101juma veidu, lai apmaks\u0101tu pas\u016bt\u012bjumu.<\/p>\n<p>3.5. Pas\u016bt\u012bjums tiek uzskat\u012bts par apstiprin\u0101tu, kad Pirc\u0113js ir apmaks\u0101jis Genorama interneta veikal\u0101 iesniegto pas\u016bt\u012bjumu. Pirc\u0113js pa e-pastu sa\u0146em pas\u016bt\u012bjuma apstiprin\u0101jumu un maks\u0101juma kv\u012bti.<\/p>\n<p>3.6. Pirk\u0161anas-p\u0101rdo\u0161anas dar\u012bjums tiek uzskat\u012bts par nosl\u0113gtu p\u0113c Pas\u016bt\u012bjuma apstiprin\u0101juma nos\u016bt\u012b\u0161anas uz Pirc\u0113ja e-pasta adresi.<\/p>\n<p>4. Pas\u016bt\u012bjuma apstr\u0101de<\/p>\n<p>4.1. Genorama pieg\u0101d\u0101 paraugu kolekcijas komplektu Pirc\u0113jam pa pastu vai Itella SmartPOST paku termin\u0101l\u012b (iz\u0146emot gad\u012bjumus, kad paraugu kolekcijas komplekta nos\u016bt\u012b\u0161anas galam\u0113r\u0137is ir \u0101rpus Igaunijas Republikas) saska\u0146\u0101 ar Pirc\u0113ja izv\u0113li, ko tas izdar\u012bjis Genorama tie\u0161saistes veikal\u0101.<\/p>\n<p>4.2. Genorama organiz\u0113 Paraugu kolekcijas komplekta pieg\u0101di Pirc\u0113jam 3 (tr\u012bs) darba dienu laik\u0101 p\u0113c Pas\u016bt\u012bjuma apstiprin\u0101\u0161anas, iz\u0146emot gad\u012bjumus, kad \u0161o termi\u0146u nav iesp\u0113jams iev\u0113rot no Genorama neatkar\u012bgu neparedz\u0113tu apst\u0101k\u013cu d\u0113\u013c.<\/p>\n<p>4.3. Ja Paraugu kolekcijas komplekta nos\u016bt\u012b\u0161anas galam\u0113r\u0137is ir \u0101rpus Igaunijas Republikas, konkr\u0113ti Paraugu kolekcijas komplekta pieg\u0101des noteikumi un prakse b\u016bs atkar\u012bga no kurjerpasta pakalpojumu sniedz\u0113ja un b\u016bs \u0101rpus Genorama kontroles vai paredzam\u012bbas.<\/p>\n<p>4.4. Genorama neuz\u0146emas atbild\u012bbu par Paraugu kolekcijas komplekta pieg\u0101des aizkav\u0113\u0161anos vai nepieg\u0101d\u0101\u0161anu sakar\u0101 ar neprec\u012bzu inform\u0101ciju, ko Pirc\u0113js sniedzis, veicot Pas\u016bt\u012bjumu.<\/p>\n<p>4.5. Genorama inform\u0113 Pirc\u0113ju par Paraugu materi\u0101la sa\u0146em\u0161anu, nos\u016btot apstiprin\u0101juma v\u0113stuli uz Pirc\u0113ja e-pasta adresi. Pakalpojuma izpildes laiks (TAT) ir aprakst\u012bts Genorama t\u012bmek\u013ca vietn\u0113. TAT tiek skait\u012bts no br\u012b\u017ea, kad Genorama laboratorij\u0101 sa\u0146emts Paraugmateri\u0101ls.<\/p>\n<p>4.6. Pakalpojuma pieg\u0101des termi\u0146\u0161 var aizkav\u0113ties t\u0101du apst\u0101k\u013cu d\u0113\u013c, kurus Genorama nevar kontrol\u0113t vai paredz\u0113t, ieskaitot tehniskus trauc\u0113jumus un nep\u0101rvaramas varas apst\u0101k\u013cus (Force Majeure, k\u0101 noteikts 6.2. punkt\u0101).<\/p>\n<p>4.7. Ja tehnisku trauc\u0113jumu d\u0113\u013c piem\u0113rojamais Pakalpojuma TAT tiek p\u0101rsniegts ilg\u0101k par 10 (desmit) darba dien\u0101m, Pirc\u0113js ir ties\u012bgs atteikties no Pirk\u0161anas-p\u0101rdo\u0161anas dar\u012bjuma un piepras\u012bt atmaks\u0101t samaksu par Pakalpojumu.<\/p>\n<p>4.8. Pakalpojums tiek uzskat\u012bts par pabeigtu, kad Pirc\u0113ja e-pasta adres\u0113 ir sa\u0146emti t\u0101 rezult\u0101ti.<\/p>\n<p>5. Atteik\u0161an\u0101s no P\u0101rdo\u0161anas un pirkuma dar\u012bjuma<\/p>\n<p>5.1. Pirc\u0113jam ir ties\u012bbas atsaukt Pas\u016bt\u012bjumu, pirms Genorama ir sa\u0146\u0113musi paraugu materi\u0101lu.<\/p>\n<p>5.2. Lai izmantotu Pas\u016bt\u012bjuma atcel\u0161anas ties\u012bbas, Pirc\u0113js rakstiski pazi\u0146o Genorama par l\u0113mumu atcelt Pas\u016bt\u012bjumu, nos\u016btot e-pastu uz info@genorama.com.<\/p>\n<p>5.3. 5.3. Gad\u012bjum\u0101, ja Pirc\u0113js atce\u013c Pas\u016bt\u012bjumu p\u0113c tam, kad Pirc\u0113jam ir nos\u016bt\u012bts Paraugu \u0146em\u0161anas komplekts, Genorama 14 (\u010detrpadsmit) kalend\u0101ro dienu laik\u0101 no dienas, kad Genorama ir sa\u0146\u0113musi atteikuma piepras\u012bjumu, atmaks\u0101 Pirc\u0113jam 75% no samaksas par Pakalpojumu uz Pirc\u0113ja bankas kontu.<\/p>\n<p>5.4. Pirc\u0113jam ir ties\u012bbas atteikties iepaz\u012bties ar Pakalpojuma rezult\u0101tiem, rakstiski pazi\u0146ojot par to Genorama pirms rezult\u0101tu nos\u016bt\u012b\u0161anas Pirc\u0113jam. Atteikums iepaz\u012bties ar rezult\u0101tiem nedod Pirc\u0113jam ties\u012bbas piepras\u012bt atmaks\u0101t samaksu par Pakalpojumu.<\/p>\n<p>6. Atbild\u012bba un nep\u0101rvarama vara<\/p>\n<p>6.1. Genorama un Pirc\u0113js ir atbild\u012bgi par zaud\u0113jumiem otrai Pusei, ja tiek p\u0101rk\u0101pti \u0161ie Noteikumi, un Igaunijas Republikas ties\u012bbu aktos noteiktaj\u0101 apm\u0113r\u0101.<\/p>\n<p>6.2. Genorama nav atbild\u012bga par Pirc\u0113jam nodar\u012btajiem zaud\u0113jumiem, ja Pakalpojuma snieg\u0161anas kav\u0113jums radies no Genorama neatkar\u012bgu vai no Genorama neatkar\u012bgu un neparedzamu apst\u0101k\u013cu d\u0113\u013c, tostarp tehnisku trauc\u0113jumu un nep\u0101rvaramas varas apst\u0101k\u013cu d\u0113\u013c. Nep\u0101rvarama vara noz\u012bm\u0113 visus nenov\u0113r\u0161amus un neparedzamus notikumus, kas ir \u0101rpus Genorama sapr\u0101t\u012bgas kontroles. \u0160\u0101di notikumi ietver visp\u0101r\u0113jus elektroener\u0123ijas padeves p\u0101rtraukumus, ugunsgr\u0113kus, spr\u0101dzienus, dabas katastrofas un citus notikumus, kas visp\u0101r\u0113j\u0101 starptautiskaj\u0101 praks\u0113 tiek uzskat\u012bti par nep\u0101rvaramu varu.<\/p>\n<p>7. Str\u012bdu iz\u0161\u0137ir\u0161ana<\/p>\n<p>7.1. Visas Pirc\u0113ja pretenzijas pret Genorama Pakalpojumu j\u0101nos\u016bta rakstiski uz info@genorama.com.<\/p>\n<p>7.2. Visus str\u012bdus, kas saist\u012bti ar \u0161o pirk\u0161anas-p\u0101rdo\u0161anas dar\u012bjumu, Pirc\u0113js un Genorama cent\u012bsies atrisin\u0101t sarunu ce\u013c\u0101. Ja Pus\u0113m ar \u0161o P\u0101rdo\u0161anas un pirkuma dar\u012bjumu saist\u012btos str\u012bdus neizdodas atrisin\u0101t sarunu ce\u013c\u0101, Pirc\u0113jam ir ties\u012bbas v\u0113rsties Eiropas Savien\u012bbas Pat\u0113r\u0113t\u0101ju str\u012bdu iz\u0161\u0137ir\u0161anas platform\u0101.<\/p>\n<\/div>\n<\/article>\n<p>&nbsp;<\/p>\n<\/div>\n<\/div>\n<\/div>\n","protected":false},"excerpt":{"rendered":"<p>P\u0101rdo\u0161anas noteikumi &nbsp; 1. P\u0101rdo\u0161anas noteikumu darb\u012bbas joma un sp\u0113k\u0101 esam\u012bba 1.1. \u0160ie Genorama interneta veikala Genorama P\u0101rdo\u0161anas noteikumi ir juridiski saisto\u0161s l\u012bgums, kas nosl\u0113gts starp fizisku vai juridisku personu (turpm\u0101k tekst\u0101 \u2013 Pirc\u0113js), kas veic test\u0113\u0161anas pakalpojuma (turpm\u0101k tekst\u0101 \u2013 Pakalpojums) ieg\u0101di Genorama interneta veikal\u0101 Genorama, un interneta veikala Genorama \u012bpa\u0161nieku, kas atrodas interneta [&hellip;]<\/p>\n","protected":false},"author":3,"featured_media":0,"parent":0,"menu_order":0,"comment_status":"closed","ping_status":"closed","template":"","meta":{"_acf_changed":false,"ocean_post_layout":"","ocean_both_sidebars_style":"","ocean_both_sidebars_content_width":0,"ocean_both_sidebars_sidebars_width":0,"ocean_sidebar":"0","ocean_second_sidebar":"0","ocean_disable_margins":"enable","ocean_add_body_class":"","ocean_shortcode_before_top_bar":"","ocean_shortcode_after_top_bar":"","ocean_shortcode_before_header":"","ocean_shortcode_after_header":"","ocean_has_shortcode":"","ocean_shortcode_after_title":"","ocean_shortcode_before_footer_widgets":"","ocean_shortcode_after_footer_widgets":"","ocean_shortcode_before_footer_bottom":"","ocean_shortcode_after_footer_bottom":"","ocean_display_top_bar":"default","ocean_display_header":"default","ocean_header_style":"","ocean_center_header_left_menu":"0","ocean_custom_header_template":"0","ocean_custom_logo":0,"ocean_custom_retina_logo":0,"ocean_custom_logo_max_width":0,"ocean_custom_logo_tablet_max_width":0,"ocean_custom_logo_mobile_max_width":0,"ocean_custom_logo_max_height":0,"ocean_custom_logo_tablet_max_height":0,"ocean_custom_logo_mobile_max_height":0,"ocean_header_custom_menu":"0","ocean_menu_typo_font_family":"0","ocean_menu_typo_font_subset":"","ocean_menu_typo_font_size":0,"ocean_menu_typo_font_size_tablet":0,"ocean_menu_typo_font_size_mobile":0,"ocean_menu_typo_font_size_unit":"px","ocean_menu_typo_font_weight":"","ocean_menu_typo_font_weight_tablet":"","ocean_menu_typo_font_weight_mobile":"","ocean_menu_typo_transform":"","ocean_menu_typo_transform_tablet":"","ocean_menu_typo_transform_mobile":"","ocean_menu_typo_line_height":0,"ocean_menu_typo_line_height_tablet":0,"ocean_menu_typo_line_height_mobile":0,"ocean_menu_typo_line_height_unit":"","ocean_menu_typo_spacing":0,"ocean_menu_typo_spacing_tablet":0,"ocean_menu_typo_spacing_mobile":0,"ocean_menu_typo_spacing_unit":"","ocean_menu_link_color":"","ocean_menu_link_color_hover":"","ocean_menu_link_color_active":"","ocean_menu_link_background":"","ocean_menu_link_hover_background":"","ocean_menu_link_active_background":"","ocean_menu_social_links_bg":"","ocean_menu_social_hover_links_bg":"","ocean_menu_social_links_color":"","ocean_menu_social_hover_links_color":"","ocean_disable_title":"default","ocean_disable_heading":"default","ocean_post_title":"","ocean_post_subheading":"","ocean_post_title_style":"","ocean_post_title_background_color":"","ocean_post_title_background":0,"ocean_post_title_bg_image_position":"","ocean_post_title_bg_image_attachment":"","ocean_post_title_bg_image_repeat":"","ocean_post_title_bg_image_size":"","ocean_post_title_height":0,"ocean_post_title_bg_overlay":0.5,"ocean_post_title_bg_overlay_color":"","ocean_disable_breadcrumbs":"default","ocean_breadcrumbs_color":"","ocean_breadcrumbs_separator_color":"","ocean_breadcrumbs_links_color":"","ocean_breadcrumbs_links_hover_color":"","ocean_display_footer_widgets":"default","ocean_display_footer_bottom":"default","ocean_custom_footer_template":"0","footnotes":""},"class_list":["post-6392","page","type-page","status-publish","hentry","entry","owp-thumbs-layout-horizontal","owp-btn-normal","owp-tabs-layout-horizontal","has-no-thumbnails","has-product-nav"],"acf":[],"aioseo_notices":[],"_links":{"self":[{"href":"https:\/\/genorama.com\/lv\/wp-json\/wp\/v2\/pages\/6392","targetHints":{"allow":["GET"]}}],"collection":[{"href":"https:\/\/genorama.com\/lv\/wp-json\/wp\/v2\/pages"}],"about":[{"href":"https:\/\/genorama.com\/lv\/wp-json\/wp\/v2\/types\/page"}],"author":[{"embeddable":true,"href":"https:\/\/genorama.com\/lv\/wp-json\/wp\/v2\/users\/3"}],"replies":[{"embeddable":true,"href":"https:\/\/genorama.com\/lv\/wp-json\/wp\/v2\/comments?post=6392"}],"version-history":[{"count":2,"href":"https:\/\/genorama.com\/lv\/wp-json\/wp\/v2\/pages\/6392\/revisions"}],"predecessor-version":[{"id":6419,"href":"https:\/\/genorama.com\/lv\/wp-json\/wp\/v2\/pages\/6392\/revisions\/6419"}],"wp:attachment":[{"href":"https:\/\/genorama.com\/lv\/wp-json\/wp\/v2\/media?parent=6392"}],"curies":[{"name":"wp","href":"https:\/\/api.w.org\/{rel}","templated":true}]}}