{"id":5401,"date":"2017-04-24T06:35:21","date_gmt":"2017-04-24T06:35:21","guid":{"rendered":"https:\/\/genorama.com\/product\/paternitates-tests\/"},"modified":"2026-03-16T14:54:15","modified_gmt":"2026-03-16T12:54:15","slug":"paternitates-tests","status":"publish","type":"product","link":"https:\/\/genorama.com\/lv\/product\/paternitates-tests\/","title":{"rendered":"Paternit\u0101tes tests"},"content":{"rendered":"<p style=\"text-align: left;\"><strong>18 mar\u0137ieru \u0123en\u0113tisko anal\u012bzi<\/strong> ar Promega PowerPlex\u00ae 18D sist\u0113mas komplektu izmanto paternit\u0101tes noteik\u0161anai.<\/p>\n<p style=\"text-align: left;\"><strong>Apstr\u0101des laiks:<\/strong> 5-10 darba dienas<\/p>\n<p style=\"text-align: left;\"><strong>Pras\u012bbas paraugam:<\/strong> Buk\u0101lo \u0161\u016bnu paraugs<br \/>\nParaugu \u0146em\u0161anas komplekts tiks nos\u016bt\u012bts uz pas\u016bt\u012bjum\u0101 nor\u0101d\u012bto adresi.<\/p>\n<p style=\"text-align: left;\">&#8212;&#8212;&#8212;&#8212;&#8212;&#8212;&#8212;&#8212;&#8212;&#8212;&#8212;&#8212;&#8212;&#8212;&#8212;&#8212;&#8212;&#8212;&#8212;&#8212;&#8212;&#8212;&#8212;&#8212;&#8212;&#8212;&#8212;&#8212;&#8212;&#8212;&#8212;&#8212;&#8212;&#8212;&#8212;&#8211;<\/p>\n<p style=\"text-align: left;\">Vai j\u016bs mekl\u0113jat atbildes? M\u016bsu paternit\u0101tes tests <strong>nodro\u0161ina mieru un uzticamus rezult\u0101tus<\/strong>.<\/p>\n<p style=\"text-align: left;\"><img decoding=\"async\" class=\"wp-image-5336 alignleft\" src=\"https:\/\/genorama.com\/wp-content\/uploads\/2017\/04\/Nimetu-kujundus-29.png\" alt=\"\" width=\"49\" height=\"49\" srcset=\"https:\/\/genorama.com\/wp-content\/uploads\/2017\/04\/Nimetu-kujundus-29.png 150w, https:\/\/genorama.com\/wp-content\/uploads\/2017\/04\/Nimetu-kujundus-29-100x100.png 100w\" sizes=\"(max-width: 49px) 100vw, 49px\" \/><\/p>\n<p style=\"text-align: left;\"><strong>Precizit\u0101te:<\/strong> Vair\u0101k nek\u0101 99,99 % ticamu rezult\u0101tu, kas nodro\u0161ina skaidras atbildes.<\/p>\n<p>&nbsp;<\/p>\n<p style=\"text-align: left;\"><img decoding=\"async\" class=\"wp-image-5343 alignleft\" src=\"https:\/\/genorama.com\/wp-content\/uploads\/2017\/04\/Nimetu-kujundus-30.png\" alt=\"\" width=\"56\" height=\"56\" srcset=\"https:\/\/genorama.com\/wp-content\/uploads\/2017\/04\/Nimetu-kujundus-30.png 150w, https:\/\/genorama.com\/wp-content\/uploads\/2017\/04\/Nimetu-kujundus-30-100x100.png 100w\" sizes=\"(max-width: 56px) 100vw, 56px\" \/><\/p>\n<p style=\"text-align: left;\"><strong>\u0100tri rezult\u0101ti:<\/strong> Ieg\u016bstiet rezult\u0101tus jau p\u0113c 5-10 darba dien\u0101m.<\/p>\n<p>&nbsp;<\/p>\n<p style=\"text-align: left;\"><img decoding=\"async\" class=\"wp-image-5350 alignleft\" src=\"https:\/\/genorama.com\/wp-content\/uploads\/2017\/04\/Nimetu-kujundus-31.png\" alt=\"\" width=\"47\" height=\"47\" srcset=\"https:\/\/genorama.com\/wp-content\/uploads\/2017\/04\/Nimetu-kujundus-31.png 150w, https:\/\/genorama.com\/wp-content\/uploads\/2017\/04\/Nimetu-kujundus-31-100x100.png 100w\" sizes=\"(max-width: 47px) 100vw, 47px\" \/><\/p>\n<p style=\"text-align: left;\"><strong>Konfidencialit\u0101te:<\/strong> M\u016bsu klientu port\u0101ls garant\u0113 piln\u012bgu konfidencialit\u0101ti visa procesa laik\u0101.<\/p>\n<p>&nbsp;<\/p>\n<p style=\"text-align: left;\"><img loading=\"lazy\" decoding=\"async\" class=\"wp-image-5357 alignleft\" src=\"https:\/\/genorama.com\/wp-content\/uploads\/2017\/04\/Nimetu-kujundus-33.png\" alt=\"\" width=\"54\" height=\"54\" srcset=\"https:\/\/genorama.com\/wp-content\/uploads\/2017\/04\/Nimetu-kujundus-33.png 150w, https:\/\/genorama.com\/wp-content\/uploads\/2017\/04\/Nimetu-kujundus-33-100x100.png 100w\" sizes=\"(max-width: 54px) 100vw, 54px\" \/><\/p>\n<p style=\"text-align: left;\"><strong>Viegla lieto\u0161ana:<\/strong> iek\u013cauts vienk\u0101r\u0161s sav\u0101k\u0161anas komplekts lieto\u0161anai m\u0101j\u0101s.<\/p>\n<p>&nbsp;<\/p>\n<hr \/>\n<p style=\"text-align: left;\"><strong>K\u0101 tas darbojas:<\/strong><\/p>\n<p style=\"text-align: left;\">Pas\u016btiet testu komplektu.<br \/>\n\u0145emiet DNS paraugus, izmantojot vienk\u0101r\u0161us uztriepes (standarttest\u0101 ir iek\u013cautas 2x vaigu uztriepes t\u0113vam un b\u0113rnam).<br \/>\nAizpildiet anketas klientu port\u0101l\u0101.<br \/>\nNos\u016btiet paraugus uz m\u016bsu sertific\u0113to laboratoriju iepriek\u0161 apmaks\u0101t\u0101 kast\u012bt\u0113.<br \/>\nSa\u0146emiet dro\u0161us rezult\u0101tus, izmantojot m\u016bsu dro\u0161o 2 faktoru autentific\u0113to klientu port\u0101lu.<\/p>\n<p style=\"text-align: left;\"><strong>PS!<\/strong> M\u0113s iesak\u0101m pievienot ar\u012b m\u0101tes paraugu. M\u0101tes DNS parauga iek\u013cau\u0161ana paternit\u0101tes test\u0101 pal\u012bdz identific\u0113t retas situ\u0101cijas, kas var\u0113tu rad\u012bt nep\u0101rliecino\u0161us vai neskaidrus rezult\u0101tus. Lai gan tas nav oblig\u0101ti nepiecie\u0161ams, lai vairum\u0101 testu nodro\u0161in\u0101tu 99,99 % precizit\u0101ti, tas nodro\u0161ina papildu p\u0101rliec\u012bbas l\u012bmeni un pal\u012bdz izvair\u012bties no retiem gad\u012bjumiem.<\/p>\n<p style=\"text-align: left;\">\n<p style=\"text-align: left;\"><strong>Pla\u0161\u0101ka inform\u0101cija par \u0161o t\u0113mu:<\/strong><br \/>\nPaternit\u0101tes testa un citu biolo\u0123isk\u0101s radniec\u012bbas testu precizit\u0101te ir 99,99 %. Lai gan prec\u012bzu rezult\u0101tu garant\u0113 t\u0113va DNS sal\u012bdzin\u0101jums ar b\u0113rna DNS, m\u0113s iesak\u0101m, ja iesp\u0113jams, iek\u013caut ar\u012b m\u0101tes paraugu. Iek\u013caujot m\u0101tes DNS, m\u0113s varam prec\u012bz\u0101k noteikt, kura b\u0113rna DNS da\u013ca n\u0101k no m\u0101tes un kura atlikus\u012b b\u0113rna DNS da\u013ca ir j\u0101sal\u012bdzina ar iesp\u0113jamo t\u0113vu. M\u0101tes test\u0113\u0161ana ar\u012b pal\u012bdz\u0113s prec\u012bzi noteikt paternit\u0101tes varb\u016bt\u012bbu iz\u0146\u0113muma gad\u012bjumos, kad viena un t\u0101 pati al\u0113le ir mantota no abiem vec\u0101kiem.<\/p>\n","protected":false},"excerpt":{"rendered":"<p>Standarta tests ietver viena iesp\u0113jam\u0101 t\u0113va un viena b\u0113rna test\u0113\u0161anu.<\/p>\n<p>Test\u0113\u0161an\u0101 ir iesp\u0113jams iek\u013caut vair\u0101k personu. Izv\u0113lieties turpm\u0101k.<br \/>\nJa iesp\u0113jams, m\u0113s iesak\u0101m test\u0113\u0161an\u0101 iek\u013caut ar\u012b m\u0101tes paraugu.<\/p>\n","protected":false},"featured_media":5085,"template":"","meta":{"_acf_changed":false,"ocean_post_layout":"","ocean_both_sidebars_style":"","ocean_both_sidebars_content_width":0,"ocean_both_sidebars_sidebars_width":0,"ocean_sidebar":"0","ocean_second_sidebar":"0","ocean_disable_margins":"enable","ocean_add_body_class":"","ocean_shortcode_before_top_bar":"","ocean_shortcode_after_top_bar":"","ocean_shortcode_before_header":"","ocean_shortcode_after_header":"","ocean_has_shortcode":"","ocean_shortcode_after_title":"","ocean_shortcode_before_footer_widgets":"","ocean_shortcode_after_footer_widgets":"","ocean_shortcode_before_footer_bottom":"","ocean_shortcode_after_footer_bottom":"","ocean_display_top_bar":"default","ocean_display_header":"default","ocean_header_style":"","ocean_center_header_left_menu":"0","ocean_custom_header_template":"0","ocean_custom_logo":0,"ocean_custom_retina_logo":0,"ocean_custom_logo_max_width":0,"ocean_custom_logo_tablet_max_width":0,"ocean_custom_logo_mobile_max_width":0,"ocean_custom_logo_max_height":0,"ocean_custom_logo_tablet_max_height":0,"ocean_custom_logo_mobile_max_height":0,"ocean_header_custom_menu":"0","ocean_menu_typo_font_family":"0","ocean_menu_typo_font_subset":"","ocean_menu_typo_font_size":0,"ocean_menu_typo_font_size_tablet":0,"ocean_menu_typo_font_size_mobile":0,"ocean_menu_typo_font_size_unit":"px","ocean_menu_typo_font_weight":"","ocean_menu_typo_font_weight_tablet":"","ocean_menu_typo_font_weight_mobile":"","ocean_menu_typo_transform":"","ocean_menu_typo_transform_tablet":"","ocean_menu_typo_transform_mobile":"","ocean_menu_typo_line_height":0,"ocean_menu_typo_line_height_tablet":0,"ocean_menu_typo_line_height_mobile":0,"ocean_menu_typo_line_height_unit":"","ocean_menu_typo_spacing":0,"ocean_menu_typo_spacing_tablet":0,"ocean_menu_typo_spacing_mobile":0,"ocean_menu_typo_spacing_unit":"","ocean_menu_link_color":"","ocean_menu_link_color_hover":"","ocean_menu_link_color_active":"","ocean_menu_link_background":"","ocean_menu_link_hover_background":"","ocean_menu_link_active_background":"","ocean_menu_social_links_bg":"","ocean_menu_social_hover_links_bg":"","ocean_menu_social_links_color":"","ocean_menu_social_hover_links_color":"","ocean_disable_title":"default","ocean_disable_heading":"default","ocean_post_title":"","ocean_post_subheading":"","ocean_post_title_style":"","ocean_post_title_background_color":"","ocean_post_title_background":0,"ocean_post_title_bg_image_position":"","ocean_post_title_bg_image_attachment":"","ocean_post_title_bg_image_repeat":"","ocean_post_title_bg_image_size":"","ocean_post_title_height":0,"ocean_post_title_bg_overlay":0.5,"ocean_post_title_bg_overlay_color":"","ocean_disable_breadcrumbs":"default","ocean_breadcrumbs_color":"","ocean_breadcrumbs_separator_color":"","ocean_breadcrumbs_links_color":"","ocean_breadcrumbs_links_hover_color":"","ocean_display_footer_widgets":"default","ocean_display_footer_bottom":"default","ocean_custom_footer_template":"0"},"product_brand":[],"product_cat":[268,270,269],"product_tag":[271,272],"class_list":{"0":"post-5401","1":"product","2":"type-product","3":"status-publish","4":"has-post-thumbnail","6":"product_cat-biologiska-saistiba","7":"product_cat-paternitates-tests","8":"product_cat-slider-product-lv","9":"product_tag-dns-tests","10":"product_tag-paternitates-tests","12":"entry","13":"has-media","15":"first","16":"instock","17":"sale","18":"sold-individually","19":"taxable","20":"shipping-taxable","21":"purchasable","22":"product-type-variable","23":"has-default-attributes","24":"has-product-nav","25":"col","26":"span_1_of_3","27":"owp-content-center","28":"owp-thumbs-layout-horizontal","29":"owp-btn-normal","30":"owp-tabs-layout-horizontal"},"acf":[],"aioseo_notices":[],"_links":{"self":[{"href":"https:\/\/genorama.com\/lv\/wp-json\/wp\/v2\/product\/5401","targetHints":{"allow":["GET"]}}],"collection":[{"href":"https:\/\/genorama.com\/lv\/wp-json\/wp\/v2\/product"}],"about":[{"href":"https:\/\/genorama.com\/lv\/wp-json\/wp\/v2\/types\/product"}],"wp:featuredmedia":[{"embeddable":true,"href":"https:\/\/genorama.com\/lv\/wp-json\/wp\/v2\/media\/5085"}],"wp:attachment":[{"href":"https:\/\/genorama.com\/lv\/wp-json\/wp\/v2\/media?parent=5401"}],"wp:term":[{"taxonomy":"product_brand","embeddable":true,"href":"https:\/\/genorama.com\/lv\/wp-json\/wp\/v2\/product_brand?post=5401"},{"taxonomy":"product_cat","embeddable":true,"href":"https:\/\/genorama.com\/lv\/wp-json\/wp\/v2\/product_cat?post=5401"},{"taxonomy":"product_tag","embeddable":true,"href":"https:\/\/genorama.com\/lv\/wp-json\/wp\/v2\/product_tag?post=5401"}],"curies":[{"name":"wp","href":"https:\/\/api.w.org\/{rel}","templated":true}]}}