{"id":5467,"date":"2017-04-24T09:22:42","date_gmt":"2017-04-24T09:22:42","guid":{"rendered":"https:\/\/genorama.com\/product\/dzemdibu-tests\/"},"modified":"2025-02-17T18:28:29","modified_gmt":"2025-02-17T16:28:29","slug":"dzemdibu-tests","status":"publish","type":"product","link":"https:\/\/genorama.com\/lv\/product\/dzemdibu-tests\/","title":{"rendered":"Dzemd\u012bbu tests"},"content":{"rendered":"<p style=\"text-align: center;\"><strong>18 mar\u0137ieru \u0123en\u0113tisko anal\u012bzi<\/strong>, izmantojot Promega PowerPlex\u00ae 18D sist\u0113mas komplektu, izmanto <strong>maternit\u0101tes test\u0113\u0161anai<\/strong>.<\/p>\n<p style=\"text-align: center;\"><strong>Apstr\u0101des laiks:<\/strong> 5-10 darba dienas<\/p>\n<p style=\"text-align: center;\"><strong>Pras\u012bbas paraugam:<\/strong> Buk\u0101lo \u0161\u016bnu paraugs<br \/>\nParaugu \u0146em\u0161anas komplekts tiks nos\u016bt\u012bts uz pas\u016bt\u012bjum\u0101 nor\u0101d\u012bto adresi.<\/p>\n<p style=\"text-align: center;\">\u2014\u2014\u2014\u2014\u2014\u2014\u2014\u2014\u2014\u2014\u2014\u2014\u2014\u2014\u2014\u2014\u2014\u2014\u2014\u2014\u2014\u2014\u2014\u2014\u2014\u2014\u2014\u2014\u2014\u2014\u2014\u2014\u2014\u2014\u2014\u2013<\/p>\n<p style=\"text-align: center;\">Vai j\u016bs mekl\u0113jat atbildes? M\u016bsu gr\u016btniec\u012bbas un dzemd\u012bbu tests nodro\u0161ina mieru un uzticamus rezult\u0101tus.<\/p>\n<p style=\"text-align: center;\"><img decoding=\"async\" class=\"wp-image-5336 aligncenter\" src=\"https:\/\/genorama.com\/wp-content\/uploads\/2017\/04\/Nimetu-kujundus-29.png\" sizes=\"(max-width: 49px) 100vw, 49px\" srcset=\"https:\/\/genorama.com\/wp-content\/uploads\/2017\/04\/Nimetu-kujundus-29.png 150w, https:\/\/genorama.com\/wp-content\/uploads\/2017\/04\/Nimetu-kujundus-29-100x100.png 100w\" alt=\"\" width=\"49\" height=\"49\" \/><\/p>\n<p style=\"text-align: center;\"><strong>Precizit\u0101te:<\/strong> Vair\u0101k nek\u0101 99,99 % ticamu rezult\u0101tu, kas nodro\u0161ina skaidras atbildes.<\/p>\n<p style=\"text-align: center;\"><img decoding=\"async\" class=\"wp-image-5343 aligncenter\" src=\"https:\/\/genorama.com\/wp-content\/uploads\/2017\/04\/Nimetu-kujundus-30.png\" sizes=\"(max-width: 56px) 100vw, 56px\" srcset=\"https:\/\/genorama.com\/wp-content\/uploads\/2017\/04\/Nimetu-kujundus-30.png 150w, https:\/\/genorama.com\/wp-content\/uploads\/2017\/04\/Nimetu-kujundus-30-100x100.png 100w\" alt=\"\" width=\"56\" height=\"56\" \/><\/p>\n<p style=\"text-align: center;\"><strong>\u0100tri rezult\u0101ti:<\/strong> Ieg\u016bstiet rezult\u0101tus jau p\u0113c 5-10 darba dien\u0101m.<\/p>\n<p style=\"text-align: center;\"><img decoding=\"async\" class=\"wp-image-5350 aligncenter\" src=\"https:\/\/genorama.com\/wp-content\/uploads\/2017\/04\/Nimetu-kujundus-31.png\" sizes=\"(max-width: 47px) 100vw, 47px\" srcset=\"https:\/\/genorama.com\/wp-content\/uploads\/2017\/04\/Nimetu-kujundus-31.png 150w, https:\/\/genorama.com\/wp-content\/uploads\/2017\/04\/Nimetu-kujundus-31-100x100.png 100w\" alt=\"\" width=\"47\" height=\"47\" \/><\/p>\n<p style=\"text-align: center;\"><strong>Konfidencialit\u0101te:<\/strong> M\u016bsu klientu port\u0101ls garant\u0113 piln\u012bgu konfidencialit\u0101ti visa procesa laik\u0101.<\/p>\n<p style=\"text-align: center;\"><img loading=\"lazy\" decoding=\"async\" class=\" wp-image-5357 aligncenter\" src=\"https:\/\/genorama.com\/wp-content\/uploads\/2017\/04\/Nimetu-kujundus-33.png\" sizes=\"(max-width: 54px) 100vw, 54px\" srcset=\"https:\/\/genorama.com\/wp-content\/uploads\/2017\/04\/Nimetu-kujundus-33.png 150w, https:\/\/genorama.com\/wp-content\/uploads\/2017\/04\/Nimetu-kujundus-33-100x100.png 100w\" alt=\"\" width=\"54\" height=\"54\" \/><\/p>\n<p style=\"text-align: center;\"><strong>Vienk\u0101r\u0161a lieto\u0161ana:<\/strong> Iek\u013cauts vienk\u0101r\u0161s sav\u0101k\u0161anas komplekts.<\/p>\n<hr \/>\n<p style=\"text-align: center;\"><strong>K\u0101 tas darbojas:<\/strong><\/p>\n<p style=\"text-align: center;\">Pas\u016btiet testu komplektu.<br \/>\n\u0145emiet DNS paraugus ar vienk\u0101r\u0161iem tamponiem (standarta test\u0101 ir iek\u013cauti 2x vaigu tamponi katrai personai).<br \/>\nAizpildiet anketas klientu port\u0101l\u0101.<br \/>\nNos\u016btiet paraugus uz m\u016bsu sertific\u0113to laboratoriju iepriek\u0161 apmaks\u0101t\u0101 kast\u012bt\u0113.<br \/>\nSa\u0146emiet dro\u0161us rezult\u0101tus, izmantojot m\u016bsu dro\u0161o 2 faktoru autentific\u0113to klientu port\u0101lu.<\/p>\n","protected":false},"excerpt":{"rendered":"<p>Standarta tests ietver vienas iesp\u0113jam\u0101s m\u0101tes un viena b\u0113rna test\u0113\u0161anu.<\/p>\n<p>Test\u0113\u0161an\u0101 ir iesp\u0113jams iek\u013caut vair\u0101k personu. Izv\u0113lieties turpm\u0101k.<\/p>\n","protected":false},"featured_media":5187,"template":"","meta":{"_acf_changed":false,"ocean_post_layout":"","ocean_both_sidebars_style":"","ocean_both_sidebars_content_width":0,"ocean_both_sidebars_sidebars_width":0,"ocean_sidebar":"0","ocean_second_sidebar":"0","ocean_disable_margins":"enable","ocean_add_body_class":"","ocean_shortcode_before_top_bar":"","ocean_shortcode_after_top_bar":"","ocean_shortcode_before_header":"","ocean_shortcode_after_header":"","ocean_has_shortcode":"","ocean_shortcode_after_title":"","ocean_shortcode_before_footer_widgets":"","ocean_shortcode_after_footer_widgets":"","ocean_shortcode_before_footer_bottom":"","ocean_shortcode_after_footer_bottom":"","ocean_display_top_bar":"default","ocean_display_header":"default","ocean_header_style":"","ocean_center_header_left_menu":"0","ocean_custom_header_template":"0","ocean_custom_logo":0,"ocean_custom_retina_logo":0,"ocean_custom_logo_max_width":0,"ocean_custom_logo_tablet_max_width":0,"ocean_custom_logo_mobile_max_width":0,"ocean_custom_logo_max_height":0,"ocean_custom_logo_tablet_max_height":0,"ocean_custom_logo_mobile_max_height":0,"ocean_header_custom_menu":"0","ocean_menu_typo_font_family":"0","ocean_menu_typo_font_subset":"","ocean_menu_typo_font_size":0,"ocean_menu_typo_font_size_tablet":0,"ocean_menu_typo_font_size_mobile":0,"ocean_menu_typo_font_size_unit":"px","ocean_menu_typo_font_weight":"","ocean_menu_typo_font_weight_tablet":"","ocean_menu_typo_font_weight_mobile":"","ocean_menu_typo_transform":"","ocean_menu_typo_transform_tablet":"","ocean_menu_typo_transform_mobile":"","ocean_menu_typo_line_height":0,"ocean_menu_typo_line_height_tablet":0,"ocean_menu_typo_line_height_mobile":0,"ocean_menu_typo_line_height_unit":"","ocean_menu_typo_spacing":0,"ocean_menu_typo_spacing_tablet":0,"ocean_menu_typo_spacing_mobile":0,"ocean_menu_typo_spacing_unit":"","ocean_menu_link_color":"","ocean_menu_link_color_hover":"","ocean_menu_link_color_active":"","ocean_menu_link_background":"","ocean_menu_link_hover_background":"","ocean_menu_link_active_background":"","ocean_menu_social_links_bg":"","ocean_menu_social_hover_links_bg":"","ocean_menu_social_links_color":"","ocean_menu_social_hover_links_color":"","ocean_disable_title":"default","ocean_disable_heading":"default","ocean_post_title":"","ocean_post_subheading":"","ocean_post_title_style":"","ocean_post_title_background_color":"","ocean_post_title_background":0,"ocean_post_title_bg_image_position":"","ocean_post_title_bg_image_attachment":"","ocean_post_title_bg_image_repeat":"","ocean_post_title_bg_image_size":"","ocean_post_title_height":0,"ocean_post_title_bg_overlay":0.5,"ocean_post_title_bg_overlay_color":"","ocean_disable_breadcrumbs":"default","ocean_breadcrumbs_color":"","ocean_breadcrumbs_separator_color":"","ocean_breadcrumbs_links_color":"","ocean_breadcrumbs_links_hover_color":"","ocean_display_footer_widgets":"default","ocean_display_footer_bottom":"default","ocean_custom_footer_template":"0"},"product_brand":[],"product_cat":[268],"product_tag":[],"class_list":{"0":"post-5467","1":"product","2":"type-product","3":"status-publish","4":"has-post-thumbnail","6":"product_cat-biologiska-saistiba","8":"entry","9":"has-media","11":"first","12":"instock","13":"sold-individually","14":"taxable","15":"shipping-taxable","16":"purchasable","17":"product-type-variable","18":"has-default-attributes","19":"has-product-nav","20":"col","21":"span_1_of_3","22":"owp-content-center","23":"owp-thumbs-layout-horizontal","24":"owp-btn-normal","25":"owp-tabs-layout-horizontal"},"acf":[],"aioseo_notices":[],"_links":{"self":[{"href":"https:\/\/genorama.com\/lv\/wp-json\/wp\/v2\/product\/5467","targetHints":{"allow":["GET"]}}],"collection":[{"href":"https:\/\/genorama.com\/lv\/wp-json\/wp\/v2\/product"}],"about":[{"href":"https:\/\/genorama.com\/lv\/wp-json\/wp\/v2\/types\/product"}],"wp:featuredmedia":[{"embeddable":true,"href":"https:\/\/genorama.com\/lv\/wp-json\/wp\/v2\/media\/5187"}],"wp:attachment":[{"href":"https:\/\/genorama.com\/lv\/wp-json\/wp\/v2\/media?parent=5467"}],"wp:term":[{"taxonomy":"product_brand","embeddable":true,"href":"https:\/\/genorama.com\/lv\/wp-json\/wp\/v2\/product_brand?post=5467"},{"taxonomy":"product_cat","embeddable":true,"href":"https:\/\/genorama.com\/lv\/wp-json\/wp\/v2\/product_cat?post=5467"},{"taxonomy":"product_tag","embeddable":true,"href":"https:\/\/genorama.com\/lv\/wp-json\/wp\/v2\/product_tag?post=5467"}],"curies":[{"name":"wp","href":"https:\/\/api.w.org\/{rel}","templated":true}]}}