{"id":5692,"date":"2017-04-24T09:28:40","date_gmt":"2017-04-24T09:28:40","guid":{"rendered":"https:\/\/genorama.com\/product\/ar-vecumu-saistita-makulas-degeneracija\/"},"modified":"2025-02-21T02:12:35","modified_gmt":"2025-02-21T00:12:35","slug":"ar-vecumu-saistita-makulas-degeneracija","status":"publish","type":"product","link":"https:\/\/genorama.com\/lv\/product\/ar-vecumu-saistita-makulas-degeneracija\/","title":{"rendered":"Ar vecumu saist\u012bt\u0101s makulas de\u0123ener\u0101cijas tests"},"content":{"rendered":"<p style=\"text-align: center;\"><strong>Ar vecumu saist\u012bt\u0101s makulas de\u0123ener\u0101cijas (AMD) \u0123en\u0113tiskais tests<\/strong><br \/>\nAr vecumu saist\u012bt\u0101 makulas de\u0123ener\u0101cija (VMD) ir progres\u0113jo\u0161a acu slim\u012bba, kas ir galvenais redzes zuduma c\u0113lonis cilv\u0113kiem p\u0113c 60 gadu vecuma. \u0160\u012b slim\u012bba rodas, boj\u0101jot makulu &#8211; t\u012bklenes da\u013cu, kas atbild par asu, centr\u0101lu un kr\u0101su redzi.<br \/>\nAMD bie\u017ei vien s\u0101kas neman\u0101mi, da\u017eos gad\u012bjumos t\u0101 att\u012bst\u0101s l\u0113ni bez paman\u0101miem simptomiem, bet citos gad\u012bjumos progres\u0113 strauj\u0101k, kas var novest pie redzes zuduma ab\u0101s ac\u012bs. Slim\u012bbai pasliktinoties, pacienti pak\u0101peniski zaud\u0113 asu centr\u0101lo redzi. AMD ir divas formas: \u201csaus\u0101\u201d, kas sastopama aptuveni 90 % gad\u012bjumu, un \u201cmitr\u0101\u201d.<\/p>\n<p style=\"text-align: center;\"><strong>K\u0101p\u0113c veikt AMD riska p\u0101rbaudi?<\/strong><br \/>\n\u0100DM riska agr\u012bna noteik\u0161ana ir b\u016btiska efekt\u012bvai profilaksei un \u0101rst\u0113\u0161anai. Paaugstin\u0101tas \u0123en\u0113tisk\u0101s noslieces noteik\u0161ana \u013cauj savlaic\u012bgi veikt pas\u0101kumus, kas var aizkav\u0113t slim\u012bbas progres\u0113\u0161anu un pal\u012bdz\u0113t saglab\u0101t redzi.<\/p>\n<p style=\"text-align: center;\"><strong>S\u012bk\u0101ka inform\u0101cija par testu:<\/strong><br \/>\n<strong>Apstr\u0101des laiks:<\/strong> 15 darba dienas<br \/>\n<strong>Pras\u012bbas paraugam:<\/strong> \u0160\u016bnu paraugs (\u0146emts, izmantojot viegli lietojamu komplektu, kas nos\u016bt\u012bts tie\u0161i uz j\u016bsu nor\u0101d\u012bto adresi).<\/p>\n","protected":false},"excerpt":{"rendered":"<p>Tests \u013cauj nov\u0113rt\u0113t ar vecumu saist\u012bt\u0101s makulas de\u0123ener\u0101cijas (VMD) att\u012bst\u012bbas \u0123en\u0113tisko risku.<\/p>\n","protected":false},"featured_media":5180,"template":"","meta":{"_acf_changed":false,"ocean_post_layout":"","ocean_both_sidebars_style":"","ocean_both_sidebars_content_width":0,"ocean_both_sidebars_sidebars_width":0,"ocean_sidebar":"0","ocean_second_sidebar":"0","ocean_disable_margins":"enable","ocean_add_body_class":"","ocean_shortcode_before_top_bar":"","ocean_shortcode_after_top_bar":"","ocean_shortcode_before_header":"","ocean_shortcode_after_header":"","ocean_has_shortcode":"","ocean_shortcode_after_title":"","ocean_shortcode_before_footer_widgets":"","ocean_shortcode_after_footer_widgets":"","ocean_shortcode_before_footer_bottom":"","ocean_shortcode_after_footer_bottom":"","ocean_display_top_bar":"default","ocean_display_header":"default","ocean_header_style":"","ocean_center_header_left_menu":"0","ocean_custom_header_template":"0","ocean_custom_logo":0,"ocean_custom_retina_logo":0,"ocean_custom_logo_max_width":0,"ocean_custom_logo_tablet_max_width":0,"ocean_custom_logo_mobile_max_width":0,"ocean_custom_logo_max_height":0,"ocean_custom_logo_tablet_max_height":0,"ocean_custom_logo_mobile_max_height":0,"ocean_header_custom_menu":"0","ocean_menu_typo_font_family":"0","ocean_menu_typo_font_subset":"","ocean_menu_typo_font_size":0,"ocean_menu_typo_font_size_tablet":0,"ocean_menu_typo_font_size_mobile":0,"ocean_menu_typo_font_size_unit":"px","ocean_menu_typo_font_weight":"","ocean_menu_typo_font_weight_tablet":"","ocean_menu_typo_font_weight_mobile":"","ocean_menu_typo_transform":"","ocean_menu_typo_transform_tablet":"","ocean_menu_typo_transform_mobile":"","ocean_menu_typo_line_height":0,"ocean_menu_typo_line_height_tablet":0,"ocean_menu_typo_line_height_mobile":0,"ocean_menu_typo_line_height_unit":"","ocean_menu_typo_spacing":0,"ocean_menu_typo_spacing_tablet":0,"ocean_menu_typo_spacing_mobile":0,"ocean_menu_typo_spacing_unit":"","ocean_menu_link_color":"","ocean_menu_link_color_hover":"","ocean_menu_link_color_active":"","ocean_menu_link_background":"","ocean_menu_link_hover_background":"","ocean_menu_link_active_background":"","ocean_menu_social_links_bg":"","ocean_menu_social_hover_links_bg":"","ocean_menu_social_links_color":"","ocean_menu_social_hover_links_color":"","ocean_disable_title":"default","ocean_disable_heading":"default","ocean_post_title":"","ocean_post_subheading":"","ocean_post_title_style":"","ocean_post_title_background_color":"","ocean_post_title_background":0,"ocean_post_title_bg_image_position":"","ocean_post_title_bg_image_attachment":"","ocean_post_title_bg_image_repeat":"","ocean_post_title_bg_image_size":"","ocean_post_title_height":0,"ocean_post_title_bg_overlay":0.5,"ocean_post_title_bg_overlay_color":"","ocean_disable_breadcrumbs":"default","ocean_breadcrumbs_color":"","ocean_breadcrumbs_separator_color":"","ocean_breadcrumbs_links_color":"","ocean_breadcrumbs_links_hover_color":"","ocean_display_footer_widgets":"default","ocean_display_footer_bottom":"default","ocean_custom_footer_template":"0"},"product_brand":[],"product_cat":[297],"product_tag":[],"class_list":{"0":"post-5692","1":"product","2":"type-product","3":"status-publish","4":"has-post-thumbnail","6":"product_cat-veseliba","8":"entry","9":"has-media","11":"first","12":"instock","13":"taxable","14":"shipping-taxable","15":"purchasable","16":"product-type-simple","17":"has-product-nav","18":"col","19":"span_1_of_3","20":"owp-content-center","21":"owp-thumbs-layout-horizontal","22":"owp-btn-normal","23":"owp-tabs-layout-horizontal"},"acf":[],"aioseo_notices":[],"_links":{"self":[{"href":"https:\/\/genorama.com\/lv\/wp-json\/wp\/v2\/product\/5692","targetHints":{"allow":["GET"]}}],"collection":[{"href":"https:\/\/genorama.com\/lv\/wp-json\/wp\/v2\/product"}],"about":[{"href":"https:\/\/genorama.com\/lv\/wp-json\/wp\/v2\/types\/product"}],"wp:featuredmedia":[{"embeddable":true,"href":"https:\/\/genorama.com\/lv\/wp-json\/wp\/v2\/media\/5180"}],"wp:attachment":[{"href":"https:\/\/genorama.com\/lv\/wp-json\/wp\/v2\/media?parent=5692"}],"wp:term":[{"taxonomy":"product_brand","embeddable":true,"href":"https:\/\/genorama.com\/lv\/wp-json\/wp\/v2\/product_brand?post=5692"},{"taxonomy":"product_cat","embeddable":true,"href":"https:\/\/genorama.com\/lv\/wp-json\/wp\/v2\/product_cat?post=5692"},{"taxonomy":"product_tag","embeddable":true,"href":"https:\/\/genorama.com\/lv\/wp-json\/wp\/v2\/product_tag?post=5692"}],"curies":[{"name":"wp","href":"https:\/\/api.w.org\/{rel}","templated":true}]}}