{"id":5710,"date":"2017-04-27T09:04:19","date_gmt":"2017-04-27T09:04:19","guid":{"rendered":"https:\/\/genorama.com\/product\/atletiskas-veiktspejas-tests\/"},"modified":"2025-09-07T21:25:01","modified_gmt":"2025-09-07T19:25:01","slug":"atletiskas-veiktspejas-tests","status":"publish","type":"product","link":"https:\/\/genorama.com\/lv\/product\/atletiskas-veiktspejas-tests\/","title":{"rendered":"Atl\u0113tisk\u0101s veiktsp\u0113jas tests"},"content":{"rendered":"<p style=\"text-align: center;\"><strong>Atkl\u0101jiet savu sportisko potenci\u0101lu ar \u0123en\u0113tiskaj\u0101m zin\u0101\u0161an\u0101m<\/strong><\/p>\n<p style=\"text-align: center;\">Uzziniet, k\u0101 j\u016bsu DNS ietekm\u0113 sportisko sniegumu. M\u016bsu specializ\u0113tais \u0123en\u0113tiskais tests ir paredz\u0113ts dedz\u012bgiem sporta entuziastiem, kuri v\u0113las izprast savas dabisk\u0101s noslieces uz sp\u0113ku, \u0101trumu, iztur\u012bbu, atjauno\u0161anos un traumu risku. Analiz\u0113jot galvenos \u0123en\u0113tiskos mar\u0137ierus, \u0161is tests sniedz nenov\u0113rt\u0113jamas zin\u0101\u0161anas par j\u016bsu \u0137erme\u0146a potenci\u0101lu:<\/p>\n<p style=\"text-align: center;\">\u2013 Sirds un asinsvadu efektivit\u0101te un \u0137erme\u0146a sp\u0113ja piel\u0101goties fiziskajiem izaicin\u0101jumiem.<br \/>\n\u2013 Musku\u013cu sniegums, sp\u0113ks un jauda.<br \/>\n\u2013 Iztur\u012bba, sirds un asinsvadu kapacit\u0101te un tauku metabolismu.<br \/>\n\u2013 Ener\u0123ijas ra\u017eo\u0161ana intens\u012bvas slodzes laik\u0101 un atjauno\u0161an\u0101s.<br \/>\n\u2013 Musku\u013cu aug\u0161ana, atjauno\u0161ana un att\u012bst\u012bba.<br \/>\n\u2013 Asinsvadu funkcija, sk\u0101bek\u013ca pieg\u0101de un kop\u0113j\u0101 iztur\u012bba.<br \/>\n\u2013 Ener\u0123ijas vielmai\u0146a un mitohondriju funkcija, atbalstot atjauno\u0161anos un ilgtermi\u0146a sniegumu.<\/p>\n<p style=\"text-align: center;\"><strong>Ko j\u016bs atkl\u0101siet?<\/strong><br \/>\n\u0122en\u0113tika sp\u0113l\u0113 noz\u012bm\u012bgu lomu sportiskaj\u0101 sniegum\u0101, atjauno\u0161an\u0101 un traumu uz\u0146\u0113m\u012bb\u0101, ta\u010du pan\u0101kumus ietekm\u0113 ar\u012b t\u0101di faktori k\u0101 uzturs, treni\u0146\u0161 un dom\u0101\u0161anas veids. Zinot savas \u0123en\u0113tisk\u0101s stipr\u0101s puses, j\u016bs varat izv\u0113l\u0113ties sporta veidus un treni\u0146u metodes, kas vislab\u0101k atbilst j\u016bsu dabiskaj\u0101m sp\u0113j\u0101m, optimiz\u0113t atjauno\u0161anos un samazin\u0101t traumu risku \u2014 ieg\u016bstot konkurences priek\u0161roc\u012bbu. Neatkar\u012bgi no t\u0101, vai tiecaties p\u0113c augst\u0101kajiem sasniegumiem vai uzs\u0101kat jaunu fitnesa ce\u013cojumu, \u0161is tests sniedz zin\u0101\u0161anas, lai maksim\u0101li izmantotu savu potenci\u0101lu.<\/p>\n<p style=\"text-align: center;\"><strong>Testa inform\u0101cija:<\/strong><\/p>\n<p style=\"text-align: center;\"><strong>Rezult\u0101tu sa\u0146em\u0161anas laiks:<\/strong> Tikai 10 darba dienas.<br \/>\n<strong>Parauga \u0146em\u0161ana:<\/strong> Vienk\u0101r\u0161a un nes\u0101p\u012bga mutes \u0161\u016bnu (vaigu uztriepes) parauga \u0146em\u0161ana.<br \/>\n<strong>Anal\u012bze:<\/strong> Aptver 7 da\u017e\u0101dus g\u0113nus un detaliz\u0113ti skaidro to funkcijas j\u016bsu \u0137ermen\u012b.<\/p>\n","protected":false},"excerpt":{"rendered":"<p style=\"text-align: justify;\">Tests nosaka 7 da\u017e\u0101dus g\u0113nus, tai skait\u0101 ACE un ACTN3, kas saist\u012bti ar sportisko sniegumu. Tests nov\u0113rt\u0113 \u0123en\u0113tisk\u0101s noslieces uz sportisko sniegumu, atjauno\u0161anos un traumu risku, sniedzot ieteikumus treni\u0146u un uztura optimiz\u0113\u0161anai. \u0122en\u0113tiskais tests koncentr\u0113jas uz \u0123en\u0113tisko mar\u0137ieru anal\u012bzi, kas saist\u012bti ar fiziskaj\u0101m sp\u0113j\u0101m, piem\u0113ram, \u0101trumu, sp\u0113ku, iztur\u012bbu, atjauno\u0161anos un traumu risku.<\/p>\n","protected":false},"featured_media":5145,"template":"","meta":{"_acf_changed":false,"ocean_post_layout":"","ocean_both_sidebars_style":"","ocean_both_sidebars_content_width":0,"ocean_both_sidebars_sidebars_width":0,"ocean_sidebar":"0","ocean_second_sidebar":"0","ocean_disable_margins":"enable","ocean_add_body_class":"","ocean_shortcode_before_top_bar":"","ocean_shortcode_after_top_bar":"","ocean_shortcode_before_header":"","ocean_shortcode_after_header":"","ocean_has_shortcode":"","ocean_shortcode_after_title":"","ocean_shortcode_before_footer_widgets":"","ocean_shortcode_after_footer_widgets":"","ocean_shortcode_before_footer_bottom":"","ocean_shortcode_after_footer_bottom":"","ocean_display_top_bar":"default","ocean_display_header":"default","ocean_header_style":"","ocean_center_header_left_menu":"0","ocean_custom_header_template":"0","ocean_custom_logo":0,"ocean_custom_retina_logo":0,"ocean_custom_logo_max_width":0,"ocean_custom_logo_tablet_max_width":0,"ocean_custom_logo_mobile_max_width":0,"ocean_custom_logo_max_height":0,"ocean_custom_logo_tablet_max_height":0,"ocean_custom_logo_mobile_max_height":0,"ocean_header_custom_menu":"0","ocean_menu_typo_font_family":"0","ocean_menu_typo_font_subset":"","ocean_menu_typo_font_size":0,"ocean_menu_typo_font_size_tablet":0,"ocean_menu_typo_font_size_mobile":0,"ocean_menu_typo_font_size_unit":"px","ocean_menu_typo_font_weight":"","ocean_menu_typo_font_weight_tablet":"","ocean_menu_typo_font_weight_mobile":"","ocean_menu_typo_transform":"","ocean_menu_typo_transform_tablet":"","ocean_menu_typo_transform_mobile":"","ocean_menu_typo_line_height":0,"ocean_menu_typo_line_height_tablet":0,"ocean_menu_typo_line_height_mobile":0,"ocean_menu_typo_line_height_unit":"","ocean_menu_typo_spacing":0,"ocean_menu_typo_spacing_tablet":0,"ocean_menu_typo_spacing_mobile":0,"ocean_menu_typo_spacing_unit":"","ocean_menu_link_color":"","ocean_menu_link_color_hover":"","ocean_menu_link_color_active":"","ocean_menu_link_background":"","ocean_menu_link_hover_background":"","ocean_menu_link_active_background":"","ocean_menu_social_links_bg":"","ocean_menu_social_hover_links_bg":"","ocean_menu_social_links_color":"","ocean_menu_social_hover_links_color":"","ocean_disable_title":"default","ocean_disable_heading":"default","ocean_post_title":"","ocean_post_subheading":"","ocean_post_title_style":"","ocean_post_title_background_color":"","ocean_post_title_background":0,"ocean_post_title_bg_image_position":"","ocean_post_title_bg_image_attachment":"","ocean_post_title_bg_image_repeat":"","ocean_post_title_bg_image_size":"","ocean_post_title_height":0,"ocean_post_title_bg_overlay":0.5,"ocean_post_title_bg_overlay_color":"","ocean_disable_breadcrumbs":"default","ocean_breadcrumbs_color":"","ocean_breadcrumbs_separator_color":"","ocean_breadcrumbs_links_color":"","ocean_breadcrumbs_links_hover_color":"","ocean_display_footer_widgets":"default","ocean_display_footer_bottom":"default","ocean_custom_footer_template":"0"},"product_brand":[],"product_cat":[305],"product_tag":[],"class_list":{"0":"post-5710","1":"product","2":"type-product","3":"status-publish","4":"has-post-thumbnail","6":"product_cat-sports","8":"entry","9":"has-media","11":"first","12":"instock","13":"taxable","14":"shipping-taxable","15":"purchasable","16":"product-type-simple","17":"has-product-nav","18":"col","19":"span_1_of_3","20":"owp-content-center","21":"owp-thumbs-layout-horizontal","22":"owp-btn-normal","23":"owp-tabs-layout-horizontal"},"acf":[],"aioseo_notices":[],"_links":{"self":[{"href":"https:\/\/genorama.com\/lv\/wp-json\/wp\/v2\/product\/5710","targetHints":{"allow":["GET"]}}],"collection":[{"href":"https:\/\/genorama.com\/lv\/wp-json\/wp\/v2\/product"}],"about":[{"href":"https:\/\/genorama.com\/lv\/wp-json\/wp\/v2\/types\/product"}],"wp:featuredmedia":[{"embeddable":true,"href":"https:\/\/genorama.com\/lv\/wp-json\/wp\/v2\/media\/5145"}],"wp:attachment":[{"href":"https:\/\/genorama.com\/lv\/wp-json\/wp\/v2\/media?parent=5710"}],"wp:term":[{"taxonomy":"product_brand","embeddable":true,"href":"https:\/\/genorama.com\/lv\/wp-json\/wp\/v2\/product_brand?post=5710"},{"taxonomy":"product_cat","embeddable":true,"href":"https:\/\/genorama.com\/lv\/wp-json\/wp\/v2\/product_cat?post=5710"},{"taxonomy":"product_tag","embeddable":true,"href":"https:\/\/genorama.com\/lv\/wp-json\/wp\/v2\/product_tag?post=5710"}],"curies":[{"name":"wp","href":"https:\/\/api.w.org\/{rel}","templated":true}]}}