{"id":5715,"date":"2018-08-01T11:47:43","date_gmt":"2018-08-01T11:47:43","guid":{"rendered":"https:\/\/genorama.com\/product\/genewell\/"},"modified":"2025-08-20T21:27:05","modified_gmt":"2025-08-20T19:27:05","slug":"genewell","status":"publish","type":"product","link":"https:\/\/genorama.com\/lv\/product\/genewell\/","title":{"rendered":"GeneWell<sup>\u00ae<\/sup> &#8211; \u0122en\u0113tisk\u0101s predispoz\u012bcijas tests"},"content":{"rendered":"<p style=\"text-align: center;\"><strong>Atkl\u0101j savu \u0123en\u0113tisko vesel\u012bbas profilu ar GeneWell\u00ae testu<\/strong><\/p>\n<p style=\"text-align: center;\">Tavi g\u0113ni sniedz b\u016btisku inform\u0101ciju par taviem unik\u0101lajiem vesel\u012bbas riskiem. GeneWell\u00ae tests analiz\u0113 vair\u0101k nek\u0101 30 potenci\u0101los \u0123en\u0113tiskos riskus, pal\u012bdzot tev uz\u0146emties kontroli p\u0101r savu vesel\u012bbu.<\/p>\n<hr \/>\n<p style=\"text-align: center;\"><strong>Ko GeneWell\u00ae tests atkl\u0101j?<\/strong><\/p>\n<p style=\"text-align: center;\">\u25aa\ufe0f\u0122en\u0113tiska nosliece uz <strong>vitam\u012bnu tr\u016bkumu<br \/>\n<\/strong>\u25aa\ufe0f\u0122en\u0113tisks risks <strong>aptauko\u0161an\u0101s<\/strong> att\u012bst\u012bbai<br \/>\n\u25aa\ufe0fPaaugstin\u0101ta uz\u0146\u0113m\u012bba pret <strong>sirds un asinsvadu slim\u012bb\u0101m<br \/>\n<\/strong>\u25aa\ufe0fRisks saslimt ar <strong>2. tipa cukura diab\u0113tu<br \/>\n<\/strong>\u25aa\ufe0f\u0122en\u0113tisks risks uz <strong>acu slim\u012bb\u0101m<br \/>\n<\/strong>\u25aa\ufe0fNosliece uz <strong>v\u012brie\u0161u tipa matu izkri\u0161anu<\/strong><br \/>\n&#8230;un v\u0113l daudz vair\u0101k!<\/p>\n<hr \/>\n<p style=\"text-align: center;\"><strong>Kam \u0161is tests ir paredz\u0113ts?<\/strong><br \/>\nGeneWell\u00ae tests ir piem\u0113rots ikvienam, kur\u0161 v\u0113las izprast savus person\u012bgos vesel\u012bbas riskus. \u0160\u012bs zin\u0101\u0161anas \u013cauj pie\u0146emt p\u0101rdom\u0101tus l\u0113mumus un veikt prevent\u012bvas darb\u012bbas, uzlabojot dz\u012bvesveidu un vesel\u012bbas paradumus.<\/p>\n<hr \/>\n<p style=\"text-align: center;\"><strong>Ko tu sa\u0146emsi no testa rezult\u0101tiem?<br \/>\n<\/strong>Detaliz\u0113tu zi\u0146ojumu par identific\u0113tajiem \u0123en\u0113tiskajiem variantiem un person\u012bgo risku nov\u0113rt\u0113jumu.<br \/>\nVisaptvero\u0161us vesel\u012bbas ieteikumus, kas piel\u0101goti tavam \u0123en\u0113tiskajam profilam.<\/p>\n<hr \/>\n<p style=\"text-align: center;\"><strong>Apstr\u0101des laiks:<\/strong> 15-20 darba dienas<br \/>\n<strong>Pras\u012bbas paraugiem:<\/strong> Buccal \u0161\u016bnu paraugs<\/p>\n<p style=\"text-align: center;\">L\u016bdzu, \u0146emiet v\u0113r\u0101, ka GeneWell testam atlas\u012btie mar\u0137ieri ir balst\u012bti uz Eiropas popul\u0101cij\u0101m un var neb\u016bt piem\u0113rojami vis\u0101m etniskaj\u0101m grup\u0101m.<\/p>\n","protected":false},"excerpt":{"rendered":"<p>Tests sniedz inform\u0101ciju par \u0123en\u0113tisko risku saslimt ar 36 da\u017e\u0101d\u0101m slim\u012bb\u0101m un vesel\u012bbas probl\u0113m\u0101m, piem\u0113ram, sirds un asinsvadu slim\u012bb\u0101m, 2. tipa diab\u0113tu, onkolo\u0123isk\u0101m slim\u012bb\u0101m, acu slim\u012bb\u0101m, vitam\u012bnu defic\u012btu un cit\u0101m. Turkl\u0101t tests nov\u0113rt\u0113 \u0123en\u0113tisko predispoz\u012bciju aptauko\u0161an\u0101s un v\u012brie\u0161u tipa plikpaur\u012bbai.<\/p>\n","protected":false},"featured_media":5138,"template":"","meta":{"_acf_changed":false,"ocean_post_layout":"","ocean_both_sidebars_style":"","ocean_both_sidebars_content_width":0,"ocean_both_sidebars_sidebars_width":0,"ocean_sidebar":"0","ocean_second_sidebar":"0","ocean_disable_margins":"enable","ocean_add_body_class":"","ocean_shortcode_before_top_bar":"","ocean_shortcode_after_top_bar":"","ocean_shortcode_before_header":"","ocean_shortcode_after_header":"","ocean_has_shortcode":"","ocean_shortcode_after_title":"","ocean_shortcode_before_footer_widgets":"","ocean_shortcode_after_footer_widgets":"","ocean_shortcode_before_footer_bottom":"","ocean_shortcode_after_footer_bottom":"","ocean_display_top_bar":"default","ocean_display_header":"default","ocean_header_style":"","ocean_center_header_left_menu":"0","ocean_custom_header_template":"0","ocean_custom_logo":0,"ocean_custom_retina_logo":0,"ocean_custom_logo_max_width":0,"ocean_custom_logo_tablet_max_width":0,"ocean_custom_logo_mobile_max_width":0,"ocean_custom_logo_max_height":0,"ocean_custom_logo_tablet_max_height":0,"ocean_custom_logo_mobile_max_height":0,"ocean_header_custom_menu":"0","ocean_menu_typo_font_family":"0","ocean_menu_typo_font_subset":"","ocean_menu_typo_font_size":0,"ocean_menu_typo_font_size_tablet":0,"ocean_menu_typo_font_size_mobile":0,"ocean_menu_typo_font_size_unit":"px","ocean_menu_typo_font_weight":"","ocean_menu_typo_font_weight_tablet":"","ocean_menu_typo_font_weight_mobile":"","ocean_menu_typo_transform":"","ocean_menu_typo_transform_tablet":"","ocean_menu_typo_transform_mobile":"","ocean_menu_typo_line_height":0,"ocean_menu_typo_line_height_tablet":0,"ocean_menu_typo_line_height_mobile":0,"ocean_menu_typo_line_height_unit":"","ocean_menu_typo_spacing":0,"ocean_menu_typo_spacing_tablet":0,"ocean_menu_typo_spacing_mobile":0,"ocean_menu_typo_spacing_unit":"","ocean_menu_link_color":"","ocean_menu_link_color_hover":"","ocean_menu_link_color_active":"","ocean_menu_link_background":"","ocean_menu_link_hover_background":"","ocean_menu_link_active_background":"","ocean_menu_social_links_bg":"","ocean_menu_social_hover_links_bg":"","ocean_menu_social_links_color":"","ocean_menu_social_hover_links_color":"","ocean_disable_title":"default","ocean_disable_heading":"default","ocean_post_title":"","ocean_post_subheading":"","ocean_post_title_style":"","ocean_post_title_background_color":"","ocean_post_title_background":0,"ocean_post_title_bg_image_position":"","ocean_post_title_bg_image_attachment":"","ocean_post_title_bg_image_repeat":"","ocean_post_title_bg_image_size":"","ocean_post_title_height":0,"ocean_post_title_bg_overlay":0.5,"ocean_post_title_bg_overlay_color":"","ocean_disable_breadcrumbs":"default","ocean_breadcrumbs_color":"","ocean_breadcrumbs_separator_color":"","ocean_breadcrumbs_links_color":"","ocean_breadcrumbs_links_hover_color":"","ocean_display_footer_widgets":"default","ocean_display_footer_bottom":"default","ocean_custom_footer_template":"0"},"product_brand":[],"product_cat":[297],"product_tag":[313,315,314],"class_list":{"0":"post-5715","1":"product","2":"type-product","3":"status-publish","4":"has-post-thumbnail","6":"product_cat-veseliba","7":"product_tag-genetiskais-risks","8":"product_tag-uztura-ieteikumi","9":"product_tag-veseliba","11":"entry","12":"has-media","14":"first","15":"instock","16":"taxable","17":"shipping-taxable","18":"purchasable","19":"product-type-simple","20":"has-product-nav","21":"col","22":"span_1_of_3","23":"owp-content-center","24":"owp-thumbs-layout-horizontal","25":"owp-btn-normal","26":"owp-tabs-layout-horizontal"},"acf":[],"aioseo_notices":[],"_links":{"self":[{"href":"https:\/\/genorama.com\/lv\/wp-json\/wp\/v2\/product\/5715","targetHints":{"allow":["GET"]}}],"collection":[{"href":"https:\/\/genorama.com\/lv\/wp-json\/wp\/v2\/product"}],"about":[{"href":"https:\/\/genorama.com\/lv\/wp-json\/wp\/v2\/types\/product"}],"wp:featuredmedia":[{"embeddable":true,"href":"https:\/\/genorama.com\/lv\/wp-json\/wp\/v2\/media\/5138"}],"wp:attachment":[{"href":"https:\/\/genorama.com\/lv\/wp-json\/wp\/v2\/media?parent=5715"}],"wp:term":[{"taxonomy":"product_brand","embeddable":true,"href":"https:\/\/genorama.com\/lv\/wp-json\/wp\/v2\/product_brand?post=5715"},{"taxonomy":"product_cat","embeddable":true,"href":"https:\/\/genorama.com\/lv\/wp-json\/wp\/v2\/product_cat?post=5715"},{"taxonomy":"product_tag","embeddable":true,"href":"https:\/\/genorama.com\/lv\/wp-json\/wp\/v2\/product_tag?post=5715"}],"curies":[{"name":"wp","href":"https:\/\/api.w.org\/{rel}","templated":true}]}}