{"id":5724,"date":"2020-03-13T08:31:47","date_gmt":"2020-03-13T08:31:47","guid":{"rendered":"https:\/\/genorama.com\/product\/genetiskais-miega-tests\/"},"modified":"2025-10-30T16:46:55","modified_gmt":"2025-10-30T14:46:55","slug":"genetiskais-miega-tests","status":"publish","type":"product","link":"https:\/\/genorama.com\/lv\/product\/genetiskais-miega-tests\/","title":{"rendered":"\u0122en\u0113tiskais miega tests"},"content":{"rendered":"<h3 class=\"\" style=\"text-align: center;\" data-start=\"95\" data-end=\"153\"><strong data-start=\"99\" data-end=\"153\">Miega DNS tests \u2013 Vai esi r\u012bta vai vakara cilv\u0113ks?<\/strong><\/h3>\n<p class=\"\" style=\"text-align: center;\" data-start=\"155\" data-end=\"541\">Katram no mums ir iek\u0161\u0113jais pulkstenis \u2013 biolo\u0123iskais ritms, kas nosaka, kad j\u016btamies vismodr\u0101kie un kad mums nepiecie\u0161ams miegs. Miega DNS tests pal\u012bdz noskaidrot, vai Tavs ierastais dienas re\u017e\u012bms atbilst \u0123en\u0113tiski noteiktajam iek\u0161\u0113jam ritmam \u2013 proti, vai Tu esi vair\u0101k <strong data-start=\"426\" data-end=\"453\">r\u012bta vai vakara cilv\u0113ks<\/strong>, un k\u0101 tas ietekm\u0113 Tavu kognit\u012bvo un fizisko veiktsp\u0113ju, \u0113\u0161anas paradumus un vielmai\u0146u.<\/p>\n<p style=\"text-align: center;\" data-start=\"543\" data-end=\"573\"><strong data-start=\"548\" data-end=\"573\">K\u0101p\u0113c tas ir svar\u012bgi?<\/strong><\/p>\n<p class=\"\" style=\"text-align: center;\" data-start=\"575\" data-end=\"1021\">Tava sp\u0113ja koncentr\u0113ties un darboties da\u017e\u0101dos diennakts laikos ir atkar\u012bga no <strong data-start=\"653\" data-end=\"666\">hromotipa<\/strong>, kuram ir noz\u012bm\u012bgs \u0123en\u0113tiskais pamats. Ja Tavs iek\u0161\u0113jais biolo\u0123iskais pulkstenis nesakr\u012bt ar sabiedr\u012bb\u0101 pie\u0146emto dienas re\u017e\u012bmu, Tavs organisms past\u0101v\u012bgi piel\u0101gojas \u2013 tas var izrais\u012bt <strong data-start=\"850\" data-end=\"910\">miega trauc\u0113jumus, nogurumu, sliktu koncentr\u0113\u0161an\u0101s sp\u0113ju<\/strong>, k\u0101 ar\u012b palielin\u0101tu noslieci uz <strong data-start=\"943\" data-end=\"1020\">p\u0101r\u0113\u0161anos, alkohola lieto\u0161anu, lieko svaru un gar\u012bg\u0101s vesel\u012bbas probl\u0113m\u0101m<\/strong>.<\/p>\n<p class=\"\" style=\"text-align: center;\" data-start=\"1050\" data-end=\"1324\">Viens no galvenajiem faktoriem, kas regul\u0113 miega-nomoda ciklu, ir <strong data-start=\"1116\" data-end=\"1160\">PER3 g\u0113ns (Period Circadian Regulator 3)<\/strong>, kas ietekm\u0113 miega ilgumu, dzi\u013cumu un cilv\u0113ka diennakts ritmu. \u0160\u012b g\u0113na <strong data-start=\"1232\" data-end=\"1256\">rs57875989 mar\u0137ieris<\/strong> var b\u016bt divos variantos: ar 4 vai 5 tand\u0113miem atk\u0101rtojumiem (VNTR).<\/p>\n<p class=\"\" style=\"text-align: center;\" data-start=\"1328\" data-end=\"1448\"><strong data-start=\"1328\" data-end=\"1344\">4\/4 genotips<\/strong>: bie\u017e\u0101k sastopams <strong data-start=\"1363\" data-end=\"1383\">vakara cilv\u0113kiem<\/strong>, kuriem ir gr\u016bti agri mosties, bet kuri j\u016btas ener\u0123isk\u0101k vakar\u0101.<br \/>\n<strong data-start=\"1451\" data-end=\"1467\">4\/5 genotips<\/strong>: nor\u0101da uz <strong data-start=\"1479\" data-end=\"1499\">vid\u0113jo hromotipu<\/strong>, cilv\u0113ks viegli piel\u0101gojas gan agriem, gan v\u0113liem grafikiem.<br \/>\n<strong data-start=\"1563\" data-end=\"1579\">5\/5 genotips<\/strong>: rakstur\u012bgs <strong data-start=\"1592\" data-end=\"1610\">r\u012bta cilv\u0113kiem<\/strong>, kuri agri mostas un ir visprodukt\u012bv\u0101kie dienas pirmaj\u0101 pus\u0113.<\/p>\n<p class=\"\" style=\"text-align: center;\" data-start=\"1674\" data-end=\"1808\">\u0160ie \u0123en\u0113tiskie varianti saist\u012bti ar\u012b ar <strong data-start=\"1714\" data-end=\"1733\">miega strukt\u016bru<\/strong>, <strong data-start=\"1735\" data-end=\"1756\">dienas miegain\u012bbu<\/strong> un <strong data-start=\"1760\" data-end=\"1801\">aizkav\u0113ta miega f\u0101zes sindroma (DSPS)<\/strong> risku.<\/p>\n<h3 class=\"\" style=\"text-align: center;\" data-start=\"1815\" data-end=\"1847\"><strong data-start=\"1819\" data-end=\"1847\">Ko Tu uzzin\u0101si no testa?<\/strong><\/h3>\n<p class=\"\" style=\"text-align: center;\" data-start=\"1851\" data-end=\"1909\">Vai esi \u0123en\u0113tiski <strong data-start=\"1869\" data-end=\"1909\">r\u012bta, vakara vai vid\u0113j\u0101 tipa cilv\u0113ks<br \/>\n<\/strong>K\u0101 <strong data-start=\"1915\" data-end=\"1941\">ilgsto\u0161a nomod\u0101 b\u016b\u0161ana<\/strong> ietekm\u0113 Tavu <strong data-start=\"1955\" data-end=\"1986\">reakcijas \u0101trumu un uztveri<\/strong><strong data-start=\"2004\" data-end=\"2038\"><br \/>\n<\/strong>Tava <strong data-start=\"2046\" data-end=\"2109\">\u0123en\u0113tisk\u0101 nosliece uz aizkav\u0113ta miega f\u0101zes sindromu (DSPS)<br \/>\n<\/strong>K\u0101 Tavs hronotips ietekm\u0113 <strong data-start=\"2138\" data-end=\"2171\">\u0113\u0161anas paradumus un vielmai\u0146u<br \/>\n<\/strong>Tavs <strong data-start=\"2179\" data-end=\"2222\">optim\u0101lais laiks fiziskajai veiktsp\u0113jai<br \/>\n<\/strong>Tava <strong data-start=\"2230\" data-end=\"2263\">jut\u012bba pret \u0101r\u0113jiem faktoriem<\/strong>, kas ietekm\u0113 gar\u012bgo vesel\u012bbu<\/p>\n<h3 class=\"\" style=\"text-align: center;\" data-start=\"2299\" data-end=\"2327\"><strong data-start=\"2303\" data-end=\"2327\">K\u0101 notiek test\u0113\u0161ana?<\/strong><\/h3>\n<p class=\"\" style=\"text-align: center;\" data-start=\"2331\" data-end=\"2409\"><strong data-start=\"2331\" data-end=\"2348\">Parauga veids<\/strong>: DNS paraugs tiek \u0146emts no vaiga iek\u0161puses ar vates koci\u0146u<br \/>\n<strong data-start=\"2412\" data-end=\"2430\">Izpildes laiks<\/strong>: l\u012bdz 15<strong data-start=\"2437\" data-end=\"2456\">\u00a0darba dien\u0101m<br \/>\n<\/strong><strong data-start=\"2461\" data-end=\"2482\">Parauga komplekts<\/strong>: tiek nos\u016bt\u012bts uz adresi, kas nor\u0101d\u012bta pas\u016bt\u012bjum\u0101<\/p>\n<h3 class=\"\" style=\"text-align: center;\" data-start=\"2539\" data-end=\"2574\"><strong data-start=\"2543\" data-end=\"2574\">Kam \u0161is tests ir piem\u0113rots?<\/strong><\/h3>\n<p class=\"\" style=\"text-align: center;\" data-start=\"2576\" data-end=\"2782\">\u0160is tests ir lieliski piem\u0113rots ikvienam, kur\u0161 v\u0113las <strong data-start=\"2629\" data-end=\"2645\">pa\u0161att\u012bst\u012bbu<\/strong>, <strong data-start=\"2647\" data-end=\"2667\">uzlabot vesel\u012bbu<\/strong> vai vienk\u0101r\u0161i <strong data-start=\"2682\" data-end=\"2742\">lab\u0101k izprast savu miega raksturu un ikdienas veiktsp\u0113ju<\/strong>. \u012apa\u0161i noder\u012bgs tas ir cilv\u0113kiem, kuri:<\/p>\n<p class=\"\" style=\"text-align: center;\" data-start=\"2786\" data-end=\"2843\">J\u016btas nesaskan\u012bgi ar sabiedr\u012bbas noteikto dienas re\u017e\u012bmu<br \/>\nPiedz\u012bvo <strong data-start=\"2855\" data-end=\"2920\">hronisku nogurumu, miega probl\u0113mas vai gr\u016bt\u012bbas koncentr\u0113ties<br \/>\n<\/strong>V\u0113las <strong data-start=\"2931\" data-end=\"2973\">optimiz\u0113t ikdienas vai treni\u0146u rut\u012bnas<\/strong> atbilsto\u0161i savam \u0123en\u0113tiskajam profilam<\/p>\n","protected":false},"excerpt":{"rendered":"<p>Miega \u0123en\u0113tiskais tests \u013cauj sal\u012bdzin\u0101t iedibin\u0101to dienas ritmu ar iek\u0161\u0113jo ritmu, kas izriet no \u0123en\u0113tisk\u0101s dispoz\u012bcijas (t. i., vai cilv\u0113ks ir vair\u0101k vakara vai r\u012bta tips), un t\u0101 ietekmi uz kognit\u012bvajiem un sportiskajiem rezult\u0101tiem, \u0113\u0161anas paradumiem un vielmai\u0146u.<\/p>\n","protected":false},"featured_media":5124,"template":"","meta":{"_acf_changed":false,"ocean_post_layout":"","ocean_both_sidebars_style":"","ocean_both_sidebars_content_width":0,"ocean_both_sidebars_sidebars_width":0,"ocean_sidebar":"0","ocean_second_sidebar":"0","ocean_disable_margins":"enable","ocean_add_body_class":"","ocean_shortcode_before_top_bar":"","ocean_shortcode_after_top_bar":"","ocean_shortcode_before_header":"","ocean_shortcode_after_header":"","ocean_has_shortcode":"","ocean_shortcode_after_title":"","ocean_shortcode_before_footer_widgets":"","ocean_shortcode_after_footer_widgets":"","ocean_shortcode_before_footer_bottom":"","ocean_shortcode_after_footer_bottom":"","ocean_display_top_bar":"default","ocean_display_header":"default","ocean_header_style":"","ocean_center_header_left_menu":"0","ocean_custom_header_template":"0","ocean_custom_logo":0,"ocean_custom_retina_logo":0,"ocean_custom_logo_max_width":0,"ocean_custom_logo_tablet_max_width":0,"ocean_custom_logo_mobile_max_width":0,"ocean_custom_logo_max_height":0,"ocean_custom_logo_tablet_max_height":0,"ocean_custom_logo_mobile_max_height":0,"ocean_header_custom_menu":"0","ocean_menu_typo_font_family":"0","ocean_menu_typo_font_subset":"","ocean_menu_typo_font_size":0,"ocean_menu_typo_font_size_tablet":0,"ocean_menu_typo_font_size_mobile":0,"ocean_menu_typo_font_size_unit":"px","ocean_menu_typo_font_weight":"","ocean_menu_typo_font_weight_tablet":"","ocean_menu_typo_font_weight_mobile":"","ocean_menu_typo_transform":"","ocean_menu_typo_transform_tablet":"","ocean_menu_typo_transform_mobile":"","ocean_menu_typo_line_height":0,"ocean_menu_typo_line_height_tablet":0,"ocean_menu_typo_line_height_mobile":0,"ocean_menu_typo_line_height_unit":"","ocean_menu_typo_spacing":0,"ocean_menu_typo_spacing_tablet":0,"ocean_menu_typo_spacing_mobile":0,"ocean_menu_typo_spacing_unit":"","ocean_menu_link_color":"","ocean_menu_link_color_hover":"","ocean_menu_link_color_active":"","ocean_menu_link_background":"","ocean_menu_link_hover_background":"","ocean_menu_link_active_background":"","ocean_menu_social_links_bg":"","ocean_menu_social_hover_links_bg":"","ocean_menu_social_links_color":"","ocean_menu_social_hover_links_color":"","ocean_disable_title":"default","ocean_disable_heading":"default","ocean_post_title":"","ocean_post_subheading":"","ocean_post_title_style":"","ocean_post_title_background_color":"","ocean_post_title_background":0,"ocean_post_title_bg_image_position":"","ocean_post_title_bg_image_attachment":"","ocean_post_title_bg_image_repeat":"","ocean_post_title_bg_image_size":"","ocean_post_title_height":0,"ocean_post_title_bg_overlay":0.5,"ocean_post_title_bg_overlay_color":"","ocean_disable_breadcrumbs":"default","ocean_breadcrumbs_color":"","ocean_breadcrumbs_separator_color":"","ocean_breadcrumbs_links_color":"","ocean_breadcrumbs_links_hover_color":"","ocean_display_footer_widgets":"default","ocean_display_footer_bottom":"default","ocean_custom_footer_template":"0"},"product_brand":[],"product_cat":[297],"product_tag":[],"class_list":{"0":"post-5724","1":"product","2":"type-product","3":"status-publish","4":"has-post-thumbnail","6":"product_cat-veseliba","8":"entry","9":"has-media","11":"first","12":"instock","13":"taxable","14":"shipping-taxable","15":"purchasable","16":"product-type-simple","17":"has-product-nav","18":"col","19":"span_1_of_3","20":"owp-content-center","21":"owp-thumbs-layout-horizontal","22":"owp-btn-normal","23":"owp-tabs-layout-horizontal"},"acf":[],"aioseo_notices":[],"_links":{"self":[{"href":"https:\/\/genorama.com\/lv\/wp-json\/wp\/v2\/product\/5724","targetHints":{"allow":["GET"]}}],"collection":[{"href":"https:\/\/genorama.com\/lv\/wp-json\/wp\/v2\/product"}],"about":[{"href":"https:\/\/genorama.com\/lv\/wp-json\/wp\/v2\/types\/product"}],"wp:featuredmedia":[{"embeddable":true,"href":"https:\/\/genorama.com\/lv\/wp-json\/wp\/v2\/media\/5124"}],"wp:attachment":[{"href":"https:\/\/genorama.com\/lv\/wp-json\/wp\/v2\/media?parent=5724"}],"wp:term":[{"taxonomy":"product_brand","embeddable":true,"href":"https:\/\/genorama.com\/lv\/wp-json\/wp\/v2\/product_brand?post=5724"},{"taxonomy":"product_cat","embeddable":true,"href":"https:\/\/genorama.com\/lv\/wp-json\/wp\/v2\/product_cat?post=5724"},{"taxonomy":"product_tag","embeddable":true,"href":"https:\/\/genorama.com\/lv\/wp-json\/wp\/v2\/product_tag?post=5724"}],"curies":[{"name":"wp","href":"https:\/\/api.w.org\/{rel}","templated":true}]}}