{"id":5728,"date":"2021-09-21T08:38:04","date_gmt":"2021-09-21T08:38:04","guid":{"rendered":"https:\/\/genorama.com\/product\/fertify\/"},"modified":"2025-02-17T18:10:03","modified_gmt":"2025-02-17T16:10:03","slug":"fertify","status":"publish","type":"product","link":"https:\/\/genorama.com\/lv\/product\/fertify\/","title":{"rendered":"Fertify<sup>\u00ae<\/sup>"},"content":{"rendered":"<p style=\"text-align: center;\">Fertify ir inovat\u012bvs \u0123en\u0113tiskais tests, kas nov\u0113rt\u0113 sievietes risku piedz\u012bvot agr\u012bnu menopauzi un vecuma saist\u012btu neaugl\u012bbu. \u0160is tests sniedz v\u0113rt\u012bgu inform\u0101ciju par reprodukt\u012bvo noveco\u0161anu un pied\u0101v\u0101 personaliz\u0113tus ieteikumus \u0123imenes pl\u0101no\u0161anai un augl\u012bbas saglab\u0101\u0161anai.<\/p>\n<p style=\"text-align: center;\"><strong>Kam ir piem\u0113rots Fertify tests?<\/strong><\/p>\n<p style=\"text-align: center;\">Sieviet\u0113m jebkur\u0101 vecum\u0101, v\u0113lams l\u012bdz 30 gadu beig\u0101m, kad augl\u012bbas samazin\u0101\u0161an\u0101s s\u0101kas ar vecumu.<br \/>\nSieviet\u0113m, kuras pl\u0101no neaugl\u012bbas \u0101rst\u0113\u0161anu, tostarp in vitro apaug\u013co\u0161anu (IVF).<br \/>\nSieviet\u0113m, kuras apsver ol\u0161\u016bnu sald\u0113\u0161anu n\u0101kotnes \u0123imenes pl\u0101no\u0161anai.<\/p>\n<p style=\"text-align: center;\"><strong>K\u0101p\u0113c veikt Fertify testu?<\/strong><br \/>\nReprodukt\u012bv\u0101 noveco\u0161ana liel\u0101 m\u0113r\u0101 tiek noteikta \u0123en\u0113tiski, un ir identific\u0113ti simtiem DNS vari\u0101ciju, kas ietekm\u0113 sievietes reprodukt\u012bvo dz\u012bves ilgumu. Fertify pied\u0101v\u0101 visaptvero\u0161u \u0161o faktoru nov\u0113rt\u0113jumu, \u013caujot pie\u0146emt inform\u0113tus l\u0113mumus, \u0146emot v\u0113r\u0101 j\u016bsu individu\u0101lo \u0123en\u0113tisko risku.<\/p>\n<p style=\"text-align: center;\"><strong>Ko ietver tests?<\/strong><br \/>\nRezult\u0101ti sniedz personaliz\u0113tus ieteikumus par:<\/p>\n<p style=\"text-align: center;\">K\u0101 uzlabot dabisko augl\u012bbu, izmantojot dz\u012bvesveida un medic\u012bniskos pas\u0101kumus.<br \/>\nNepiecie\u0161amajiem medic\u012bniskajiem izmekl\u0113jumiem un testiem.<br \/>\nOl\u0161\u016bnu sald\u0113\u0161anas un augl\u012bbas saglab\u0101\u0161anas iesp\u0113j\u0101m.<br \/>\nAsist\u0113to reprodukciju tehnolo\u0123ij\u0101m, piem\u0113ram, IVF.<\/p>\n<p style=\"text-align: center;\"><strong>Svar\u012bgi fakti par sievie\u0161u augl\u012bbu:<\/strong><\/p>\n<p style=\"text-align: center;\">Augl\u012bba parasti s\u0101k samazin\u0101ties 10\u201320 gadus pirms menopauzes, radot gr\u016bt\u012bbas ar gr\u016btniec\u012bbu.<br \/>\nVid\u0113jais menopauzes vecums ir 50\u201351 gads, bet apm\u0113ram 1 no 20 sieviet\u0113m piedz\u012bvo agr\u012bnu menopauzi (pirms 45 gadu vecuma), un 1 no 100 sieviet\u0113m cie\u0161 no priek\u0161laic\u012bgas menopauzes (pirms 40 gadu vecuma).<br \/>\nAgr\u012bna un priek\u0161laic\u012bga menopauze ir noz\u012bm\u012bgi faktori vecuma saist\u012btai neaugl\u012bbai, t\u0101p\u0113c agr\u012bna nov\u0113rt\u0113\u0161ana ir \u012bpa\u0161i svar\u012bga.<\/p>\n<p style=\"text-align: center;\"><strong>Apstr\u0101des laiks:<\/strong> 15 darba dienas<\/p>\n<p style=\"text-align: center;\"><strong>Pras\u012bbas paraugiem:<\/strong> Buccal \u0161\u016bnu paraugs<\/p>\n","protected":false},"excerpt":{"rendered":"<p>Fertify ir \u0123en\u0113tiskais tests, kas \u013cauj nov\u0113rt\u0113t sievie\u0161u agr\u012bnas menopauzes un ar vecumu saist\u012btas neaugl\u012bbas risku.<\/p>\n<p>Fertify tests ieteicams sieviet\u0113m jebkur\u0101 vecum\u0101, v\u0113lams l\u012bdz tr\u012bsdesmit gadu beig\u0101m, pirms ar vecumu saist\u012bt\u0101 augl\u012bbas samazin\u0101\u0161an\u0101s; sieviet\u0113m, kas pl\u0101no neaugl\u012bbas \u0101rst\u0113\u0161anu, tostarp apaug\u013co\u0161anu in vitro (IVF); sieviet\u0113m, kas pl\u0101no ol\u0161\u016bnu sasald\u0113\u0161anu. Fertify tests var b\u016bt noder\u012bgs l\u012bdzeklis \u0123imenes pl\u0101no\u0161an\u0101, jo pieaug tendence palielin\u0101ties m\u0101mi\u0146u vecumam un v\u0113l\u0101k veidot \u0123imenes.<\/p>\n","protected":false},"featured_media":5003,"template":"","meta":{"_acf_changed":false,"ocean_post_layout":"","ocean_both_sidebars_style":"","ocean_both_sidebars_content_width":0,"ocean_both_sidebars_sidebars_width":0,"ocean_sidebar":"0","ocean_second_sidebar":"0","ocean_disable_margins":"enable","ocean_add_body_class":"","ocean_shortcode_before_top_bar":"","ocean_shortcode_after_top_bar":"","ocean_shortcode_before_header":"","ocean_shortcode_after_header":"","ocean_has_shortcode":"","ocean_shortcode_after_title":"","ocean_shortcode_before_footer_widgets":"","ocean_shortcode_after_footer_widgets":"","ocean_shortcode_before_footer_bottom":"","ocean_shortcode_after_footer_bottom":"","ocean_display_top_bar":"default","ocean_display_header":"default","ocean_header_style":"","ocean_center_header_left_menu":"0","ocean_custom_header_template":"0","ocean_custom_logo":0,"ocean_custom_retina_logo":0,"ocean_custom_logo_max_width":0,"ocean_custom_logo_tablet_max_width":0,"ocean_custom_logo_mobile_max_width":0,"ocean_custom_logo_max_height":0,"ocean_custom_logo_tablet_max_height":0,"ocean_custom_logo_mobile_max_height":0,"ocean_header_custom_menu":"0","ocean_menu_typo_font_family":"0","ocean_menu_typo_font_subset":"","ocean_menu_typo_font_size":0,"ocean_menu_typo_font_size_tablet":0,"ocean_menu_typo_font_size_mobile":0,"ocean_menu_typo_font_size_unit":"px","ocean_menu_typo_font_weight":"","ocean_menu_typo_font_weight_tablet":"","ocean_menu_typo_font_weight_mobile":"","ocean_menu_typo_transform":"","ocean_menu_typo_transform_tablet":"","ocean_menu_typo_transform_mobile":"","ocean_menu_typo_line_height":0,"ocean_menu_typo_line_height_tablet":0,"ocean_menu_typo_line_height_mobile":0,"ocean_menu_typo_line_height_unit":"","ocean_menu_typo_spacing":0,"ocean_menu_typo_spacing_tablet":0,"ocean_menu_typo_spacing_mobile":0,"ocean_menu_typo_spacing_unit":"","ocean_menu_link_color":"","ocean_menu_link_color_hover":"","ocean_menu_link_color_active":"","ocean_menu_link_background":"","ocean_menu_link_hover_background":"","ocean_menu_link_active_background":"","ocean_menu_social_links_bg":"","ocean_menu_social_hover_links_bg":"","ocean_menu_social_links_color":"","ocean_menu_social_hover_links_color":"","ocean_disable_title":"default","ocean_disable_heading":"default","ocean_post_title":"","ocean_post_subheading":"","ocean_post_title_style":"","ocean_post_title_background_color":"","ocean_post_title_background":0,"ocean_post_title_bg_image_position":"","ocean_post_title_bg_image_attachment":"","ocean_post_title_bg_image_repeat":"","ocean_post_title_bg_image_size":"","ocean_post_title_height":0,"ocean_post_title_bg_overlay":0.5,"ocean_post_title_bg_overlay_color":"","ocean_disable_breadcrumbs":"default","ocean_breadcrumbs_color":"","ocean_breadcrumbs_separator_color":"","ocean_breadcrumbs_links_color":"","ocean_breadcrumbs_links_hover_color":"","ocean_display_footer_widgets":"default","ocean_display_footer_bottom":"default","ocean_custom_footer_template":"0"},"product_brand":[],"product_cat":[297],"product_tag":[],"class_list":{"0":"post-5728","1":"product","2":"type-product","3":"status-publish","4":"has-post-thumbnail","6":"product_cat-veseliba","8":"entry","9":"has-media","11":"first","12":"instock","13":"taxable","14":"shipping-taxable","15":"purchasable","16":"product-type-simple","17":"has-product-nav","18":"col","19":"span_1_of_3","20":"owp-content-center","21":"owp-thumbs-layout-horizontal","22":"owp-btn-normal","23":"owp-tabs-layout-horizontal"},"acf":[],"aioseo_notices":[],"_links":{"self":[{"href":"https:\/\/genorama.com\/lv\/wp-json\/wp\/v2\/product\/5728","targetHints":{"allow":["GET"]}}],"collection":[{"href":"https:\/\/genorama.com\/lv\/wp-json\/wp\/v2\/product"}],"about":[{"href":"https:\/\/genorama.com\/lv\/wp-json\/wp\/v2\/types\/product"}],"wp:featuredmedia":[{"embeddable":true,"href":"https:\/\/genorama.com\/lv\/wp-json\/wp\/v2\/media\/5003"}],"wp:attachment":[{"href":"https:\/\/genorama.com\/lv\/wp-json\/wp\/v2\/media?parent=5728"}],"wp:term":[{"taxonomy":"product_brand","embeddable":true,"href":"https:\/\/genorama.com\/lv\/wp-json\/wp\/v2\/product_brand?post=5728"},{"taxonomy":"product_cat","embeddable":true,"href":"https:\/\/genorama.com\/lv\/wp-json\/wp\/v2\/product_cat?post=5728"},{"taxonomy":"product_tag","embeddable":true,"href":"https:\/\/genorama.com\/lv\/wp-json\/wp\/v2\/product_tag?post=5728"}],"curies":[{"name":"wp","href":"https:\/\/api.w.org\/{rel}","templated":true}]}}