{"id":5810,"date":"2019-02-27T11:21:33","date_gmt":"2019-02-27T11:21:33","guid":{"rendered":"https:\/\/genorama.com\/product\/gutwell-mikrobioma-tests\/"},"modified":"2025-08-20T17:14:14","modified_gmt":"2025-08-20T15:14:14","slug":"gutwell-mikrobioma-tests","status":"publish","type":"product","link":"https:\/\/genorama.com\/lv\/product\/gutwell-mikrobioma-tests\/","title":{"rendered":"GutWell<sup>\u00ae<\/sup> mikrobioma tests"},"content":{"rendered":"<h3 style=\"text-align: center;\"><strong>GutWell<sup>\u00ae<\/sup> ir mikrobioma tests, kas izstr\u0101d\u0101ts, lai sniegtu personaliz\u0113tu ieskatu par zarnu bakt\u0113rij\u0101m un to ietekmi uz visp\u0101r\u0113jo labsaj\u016btu.<br \/>\n<\/strong><\/h3>\n<hr \/>\n<p style=\"text-align: center;\"><strong>2024. gad\u0101 GutWell<sup>\u00ae<\/sup> tika b\u016btiski atjaunin\u0101ts, padarot to par visprec\u012bz\u0101ko un modern\u0101ko pieejamo zarnu mikrobioma testu. Pamatojoties uz jaun\u0101kajiem un aktu\u0101l\u0101kajiem zin\u0101tniskajiem atkl\u0101jumiem, tas ir vien\u012bgais tests tirg\u016b, kas sniedz tik detaliz\u0113tu ieskatu par bakt\u0113rij\u0101m j\u016bsu zarn\u0101s un to b\u016btisko lomu j\u016bsu visp\u0101r\u0113j\u0101 labsaj\u016bt\u0101.<br \/>\n<\/strong><\/p>\n<hr \/>\n<h3 style=\"text-align: center;\">K\u0101p\u0113c nepiecie\u0161ams p\u0101rbaud\u012bt zarnu mikrobiomu?<\/h3>\n<p style=\"text-align: center;\">J\u016bsu zarn\u0101s m\u012bt triljoni mikroorganismu, kuru skaits ir tikpat liels k\u0101 j\u016bsu pa\u0161a \u0161\u016bnu skaits. \u0160ai kopienai, ko sauc par zarnu mikrobiomu, ir b\u016btiska noz\u012bme:<\/p>\n<p style=\"text-align: center;\"><img decoding=\"async\" class=\"wp-image-5774 aligncenter\" src=\"https:\/\/genorama.com\/wp-content\/uploads\/2019\/02\/Genorama-testikirjelduste-ikoonid.png\" alt=\"\" width=\"48\" height=\"48\" srcset=\"https:\/\/genorama.com\/wp-content\/uploads\/2019\/02\/Genorama-testikirjelduste-ikoonid.png 150w, https:\/\/genorama.com\/wp-content\/uploads\/2019\/02\/Genorama-testikirjelduste-ikoonid-100x100.png 100w\" sizes=\"(max-width: 48px) 100vw, 48px\" \/><\/p>\n<p style=\"text-align: center;\"><strong>Visp\u0101r\u0113j\u0101s vesel\u012bbas uztur\u0113\u0161an\u0101<\/strong><\/p>\n<p style=\"text-align: center;\"><img decoding=\"async\" class=\"wp-image-5781 aligncenter\" src=\"https:\/\/genorama.com\/wp-content\/uploads\/2019\/02\/Genorama-testikirjelduste-ikoonid-1.png\" alt=\"\" width=\"43\" height=\"43\" srcset=\"https:\/\/genorama.com\/wp-content\/uploads\/2019\/02\/Genorama-testikirjelduste-ikoonid-1.png 150w, https:\/\/genorama.com\/wp-content\/uploads\/2019\/02\/Genorama-testikirjelduste-ikoonid-1-100x100.png 100w\" sizes=\"(max-width: 43px) 100vw, 43px\" \/><\/p>\n<p style=\"text-align: center;\"><strong>Gremo\u0161anas regul\u0113\u0161an\u0101<\/strong><\/p>\n<p style=\"text-align: center;\"><img decoding=\"async\" class=\"wp-image-5788 aligncenter\" src=\"https:\/\/genorama.com\/wp-content\/uploads\/2019\/02\/Genorama-testikirjelduste-ikoonid-2.png\" alt=\"\" width=\"42\" height=\"42\" srcset=\"https:\/\/genorama.com\/wp-content\/uploads\/2019\/02\/Genorama-testikirjelduste-ikoonid-2.png 150w, https:\/\/genorama.com\/wp-content\/uploads\/2019\/02\/Genorama-testikirjelduste-ikoonid-2-100x100.png 100w\" sizes=\"(max-width: 42px) 100vw, 42px\" \/><\/p>\n<p style=\"text-align: center;\"><strong>Im\u016bnsist\u0113mas funkciju atbalstam<\/strong><\/p>\n<p style=\"text-align: center;\"><img loading=\"lazy\" decoding=\"async\" class=\"wp-image-5795 aligncenter\" src=\"https:\/\/genorama.com\/wp-content\/uploads\/2019\/02\/Genorama-testikirjelduste-ikoonid-3.png\" alt=\"\" width=\"59\" height=\"59\" srcset=\"https:\/\/genorama.com\/wp-content\/uploads\/2019\/02\/Genorama-testikirjelduste-ikoonid-3.png 150w, https:\/\/genorama.com\/wp-content\/uploads\/2019\/02\/Genorama-testikirjelduste-ikoonid-3-100x100.png 100w\" sizes=\"(max-width: 59px) 100vw, 59px\" \/><\/p>\n<p style=\"text-align: center;\"><strong>Vesel\u012bga svara sasnieg\u0161an\u0101<\/strong><\/p>\n<p style=\"text-align: center;\">Zarnu bakt\u0113riju nel\u012bdzsvarot\u012bba var veicin\u0101t t\u0101das vesel\u012bbas probl\u0113mas k\u0101 aptauko\u0161an\u0101s, gremo\u0161anas trauc\u0113jumi un II tipa diab\u0113ts. GutWell pal\u012bdz jums izprast savu mikrobiomu un pal\u012bdz izveidot j\u016bsu vajadz\u012bb\u0101m piel\u0101gotu di\u0113tu vesel\u012bg\u0101kam un l\u012bdzsvarot\u0101kam zarnu traktam.<\/p>\n<hr \/>\n<h3 style=\"text-align: center;\">Ko j\u016bs uzzin\u0101siet ar GutWell<sup>\u00ae<\/sup><\/h3>\n<p style=\"text-align: center;\">\u25aa\ufe0fK\u0101das bakt\u0113rijas dz\u012bvo j\u016bsu zarn\u0101s?<br \/>\n\u25aa\ufe0fK\u0101 zarnu bakt\u0113rijas ietekm\u0113 j\u016bsu \u0137ermeni un vesel\u012bbu.<br \/>\n\u25aa\ufe0fVai jums ir pietiekami daudz labv\u0113l\u012bgo bakt\u0113riju?<br \/>\n\u25aa\ufe0fVai ir kait\u012bg\u0101s bakt\u0113rijas?<br \/>\n\u25aa\ufe0fVai j\u016bsu zarnu mikrobioms veicina svara pieaugumu vai aptauko\u0161anos?<br \/>\n\u25aa\ufe0fVai j\u016bsu uzturs ir saska\u0146ots ar j\u016bsu mikrobiomu, vai ar\u012b ir j\u0101veic izmai\u0146as?<br \/>\n\u25aa\ufe0fK\u0101 pan\u0101kt l\u012bdzsvarotu mikrobiomu optim\u0101lai vesel\u012bbai.<\/p>\n<hr \/>\n<h3 style=\"text-align: center;\">Ieteicamais test\u0113\u0161anas pl\u0101ns<\/h3>\n<p style=\"text-align: center;\">Lai ieg\u016btu lab\u0101kos rezult\u0101tus, pas\u016btiet vismaz divus testus:<\/p>\n<ol style=\"text-align: center;\">\n<li><strong>Pirmais tests<\/strong> &#8211; noskaidrojiet savu mikrobioma pamatprofilu.<\/li>\n<li><strong>Otrais tests<\/strong> &#8211; nov\u0113rt\u0113jiet izmai\u0146as p\u0113c di\u0113tas un dz\u012bvesveida korekcij\u0101m (p\u0113c 2-4 m\u0113ne\u0161iem, bet ne v\u0113l\u0101k k\u0101 6 m\u0113ne\u0161u interv\u0101l\u0101).<\/li>\n<\/ol>\n<hr \/>\n<h3 style=\"text-align: center;\">Viegla test\u0113\u0161ana m\u0101j\u0101s<\/h3>\n<p style=\"text-align: center;\"><img loading=\"lazy\" decoding=\"async\" class=\"wp-image-5357 aligncenter\" src=\"https:\/\/genorama.com\/wp-content\/uploads\/2017\/04\/Nimetu-kujundus-33.png\" alt=\"\" width=\"57\" height=\"57\" srcset=\"https:\/\/genorama.com\/wp-content\/uploads\/2017\/04\/Nimetu-kujundus-33.png 150w, https:\/\/genorama.com\/wp-content\/uploads\/2017\/04\/Nimetu-kujundus-33-100x100.png 100w\" sizes=\"(max-width: 57px) 100vw, 57px\" \/><\/p>\n<p style=\"text-align: center;\">Test\u0113\u0161ana ir vienk\u0101r\u0161a un \u0113rta. Pa\u0146emiet izk\u0101rn\u012bjumu paraugu m\u0101jas apst\u0101k\u013cos un nos\u016btiet to uz m\u016bsu laboratoriju anal\u012b\u017eu veik\u0161anai.<\/p>\n<p style=\"text-align: center;\"><strong>Apstr\u0101des laiks:<\/strong> 15-20 darba dienas.<\/p>\n<p style=\"text-align: center;\"><strong>Pieejam\u0101s valodas:<\/strong> ang\u013cu, igau\u0146u, krievu (nor\u0101diet v\u0113lamo pie kases).<\/p>\n<hr \/>\n<h3 style=\"text-align: center;\">K\u0101p\u0113c izv\u0113l\u0113ties GutWell<sup>\u00ae<\/sup>?<\/h3>\n<p style=\"text-align: center;\">Personaliz\u0113ts ieskats j\u016bsu zarnu vesel\u012bb\u0101.<br \/>\nEkspertu ieteikumi, lai uzlabotu savu uzturu un dz\u012bvesveidu.<br \/>\nProakt\u012bva pieeja slim\u012bbu un vesel\u012bbas probl\u0113mu profilaksei.<\/p>\n<hr \/>\n<h4 style=\"text-align: center;\">Paraugu \u0146em\u0161anas instrukcijas<\/h4>\n<div style=\"max-width: 560px; margin: 0 auto; text-align: center;\"><iframe src=\"https:\/\/www.youtube.com\/embed\/hsAyURaBKv0?si=UqPaHVWR_uOVFSv8\" width=\"100%\" height=\"315\" frameborder=\"0\" allowfullscreen=\"allowfullscreen\"><\/iframe><\/div>\n","protected":false},"excerpt":{"rendered":"<p>GutWell<sup>\u00ae<\/sup> mikrobioma tests sniedz inform\u0101ciju par j\u016bsu zarnu bakt\u0113riju daudzumu un nor\u0101d\u012bjumus, k\u0101 sasniegt vai uztur\u0113t l\u012bdzsvarotu mikrobu kopienu.<\/p>\n<p>GutWell<sup>\u00ae<\/sup> tests ir noder\u012bgs ikvienam, kas v\u0113las zaud\u0113t svaru, iev\u0113ro stingru di\u0113tu vai cie\u0161 no gremo\u0161anas probl\u0113m\u0101m, k\u0101 ar\u012b tiem, kas v\u0113las zin\u0101t, vai \u0113d vesel\u012bgi un daudzveid\u012bgi. Tests pal\u012bdz veidot apzin\u0101tu uzturu un nov\u0113rst slim\u012bbas un vesel\u012bbas probl\u0113mas.<\/p>\n","protected":false},"featured_media":5093,"template":"","meta":{"_acf_changed":false,"ocean_post_layout":"","ocean_both_sidebars_style":"","ocean_both_sidebars_content_width":0,"ocean_both_sidebars_sidebars_width":0,"ocean_sidebar":"0","ocean_second_sidebar":"0","ocean_disable_margins":"enable","ocean_add_body_class":"","ocean_shortcode_before_top_bar":"","ocean_shortcode_after_top_bar":"","ocean_shortcode_before_header":"","ocean_shortcode_after_header":"","ocean_has_shortcode":"","ocean_shortcode_after_title":"","ocean_shortcode_before_footer_widgets":"","ocean_shortcode_after_footer_widgets":"","ocean_shortcode_before_footer_bottom":"","ocean_shortcode_after_footer_bottom":"","ocean_display_top_bar":"default","ocean_display_header":"default","ocean_header_style":"","ocean_center_header_left_menu":"0","ocean_custom_header_template":"0","ocean_custom_logo":0,"ocean_custom_retina_logo":0,"ocean_custom_logo_max_width":0,"ocean_custom_logo_tablet_max_width":0,"ocean_custom_logo_mobile_max_width":0,"ocean_custom_logo_max_height":0,"ocean_custom_logo_tablet_max_height":0,"ocean_custom_logo_mobile_max_height":0,"ocean_header_custom_menu":"0","ocean_menu_typo_font_family":"0","ocean_menu_typo_font_subset":"","ocean_menu_typo_font_size":0,"ocean_menu_typo_font_size_tablet":0,"ocean_menu_typo_font_size_mobile":0,"ocean_menu_typo_font_size_unit":"px","ocean_menu_typo_font_weight":"","ocean_menu_typo_font_weight_tablet":"","ocean_menu_typo_font_weight_mobile":"","ocean_menu_typo_transform":"","ocean_menu_typo_transform_tablet":"","ocean_menu_typo_transform_mobile":"","ocean_menu_typo_line_height":0,"ocean_menu_typo_line_height_tablet":0,"ocean_menu_typo_line_height_mobile":0,"ocean_menu_typo_line_height_unit":"","ocean_menu_typo_spacing":0,"ocean_menu_typo_spacing_tablet":0,"ocean_menu_typo_spacing_mobile":0,"ocean_menu_typo_spacing_unit":"","ocean_menu_link_color":"","ocean_menu_link_color_hover":"","ocean_menu_link_color_active":"","ocean_menu_link_background":"","ocean_menu_link_hover_background":"","ocean_menu_link_active_background":"","ocean_menu_social_links_bg":"","ocean_menu_social_hover_links_bg":"","ocean_menu_social_links_color":"","ocean_menu_social_hover_links_color":"","ocean_disable_title":"default","ocean_disable_heading":"default","ocean_post_title":"","ocean_post_subheading":"","ocean_post_title_style":"","ocean_post_title_background_color":"","ocean_post_title_background":0,"ocean_post_title_bg_image_position":"","ocean_post_title_bg_image_attachment":"","ocean_post_title_bg_image_repeat":"","ocean_post_title_bg_image_size":"","ocean_post_title_height":0,"ocean_post_title_bg_overlay":0.5,"ocean_post_title_bg_overlay_color":"","ocean_disable_breadcrumbs":"default","ocean_breadcrumbs_color":"","ocean_breadcrumbs_separator_color":"","ocean_breadcrumbs_links_color":"","ocean_breadcrumbs_links_hover_color":"","ocean_display_footer_widgets":"default","ocean_display_footer_bottom":"default","ocean_custom_footer_template":"0"},"product_brand":[],"product_cat":[301],"product_tag":[331,333,332],"class_list":{"0":"post-5810","1":"product","2":"type-product","3":"status-publish","4":"has-post-thumbnail","6":"product_cat-uzturs","7":"product_tag-mikrobioms","8":"product_tag-mikrobiota-lv","9":"product_tag-zarnu-mikrobioms","11":"entry","12":"has-media","14":"first","15":"instock","16":"sold-individually","17":"taxable","18":"shipping-taxable","19":"purchasable","20":"product-type-variable","21":"has-default-attributes","22":"has-product-nav","23":"col","24":"span_1_of_3","25":"owp-content-center","26":"owp-thumbs-layout-horizontal","27":"owp-btn-normal","28":"owp-tabs-layout-horizontal"},"acf":[],"aioseo_notices":[],"_links":{"self":[{"href":"https:\/\/genorama.com\/lv\/wp-json\/wp\/v2\/product\/5810","targetHints":{"allow":["GET"]}}],"collection":[{"href":"https:\/\/genorama.com\/lv\/wp-json\/wp\/v2\/product"}],"about":[{"href":"https:\/\/genorama.com\/lv\/wp-json\/wp\/v2\/types\/product"}],"wp:featuredmedia":[{"embeddable":true,"href":"https:\/\/genorama.com\/lv\/wp-json\/wp\/v2\/media\/5093"}],"wp:attachment":[{"href":"https:\/\/genorama.com\/lv\/wp-json\/wp\/v2\/media?parent=5810"}],"wp:term":[{"taxonomy":"product_brand","embeddable":true,"href":"https:\/\/genorama.com\/lv\/wp-json\/wp\/v2\/product_brand?post=5810"},{"taxonomy":"product_cat","embeddable":true,"href":"https:\/\/genorama.com\/lv\/wp-json\/wp\/v2\/product_cat?post=5810"},{"taxonomy":"product_tag","embeddable":true,"href":"https:\/\/genorama.com\/lv\/wp-json\/wp\/v2\/product_tag?post=5810"}],"curies":[{"name":"wp","href":"https:\/\/api.w.org\/{rel}","templated":true}]}}