{"id":6010,"date":"2025-02-04T15:50:54","date_gmt":"2025-02-04T13:50:54","guid":{"rendered":"https:\/\/genorama.com\/product\/svara-kontroles-genetiskais-tests\/"},"modified":"2025-10-30T16:37:35","modified_gmt":"2025-10-30T14:37:35","slug":"svara-kontroles-genetiskais-tests","status":"publish","type":"product","link":"https:\/\/genorama.com\/lv\/product\/svara-kontroles-genetiskais-tests\/","title":{"rendered":"WeightWell \u2013 \u0123en\u0113tiskais tests \u0137erme\u0146a svara un vielmai\u0146as noteik\u0161anai"},"content":{"rendered":"<p style=\"text-align: center;\" data-start=\"150\" data-end=\"220\"><strong data-start=\"150\" data-end=\"218\">WeightWell \u0123en\u0113tiskais tests \u2013 Ieskats J\u016bsu svar\u0101 un vielmai\u0146\u0101<\/strong><\/p>\n<p style=\"text-align: center;\" data-start=\"498\" data-end=\"539\"><strong data-start=\"498\" data-end=\"518\">Rezult\u0101tu sagatavo\u0161anas laiks:<\/strong> 20 darba dienas<\/p>\n<p style=\"text-align: center;\" data-start=\"541\" data-end=\"679\"><strong data-start=\"541\" data-end=\"567\">Parauga pras\u012bbas:<\/strong> Mutes g\u013cot\u0101das paraugs.<br data-start=\"586\" data-end=\"589\" \/>Vienk\u0101r\u0161s m\u0101jas paraugu \u0146em\u0161anas komplekts tiks nos\u016bt\u012bts uz adresi, kuru nor\u0101d\u012bsiet, veicot pas\u016bt\u012bjumu.<\/p>\n<hr data-start=\"681\" data-end=\"686\" \/>\n<h3 style=\"text-align: center;\" data-start=\"688\" data-end=\"716\">K\u0101p\u0113c izv\u0113l\u0113ties WeightWell?<\/h3>\n<p style=\"text-align: center;\" data-start=\"718\" data-end=\"805\"><strong data-start=\"718\" data-end=\"731\">Precizit\u0101te:<\/strong> Zin\u0101tniski apstiprin\u0101ta 11 ar svaru saist\u012btu g\u0113nu mar\u0137ieru anal\u012bze.<\/p>\n<p style=\"text-align: center;\" data-start=\"807\" data-end=\"943\"><strong data-start=\"807\" data-end=\"833\">Personaliz\u0113ti ieskati:<\/strong> Uzziniet, k\u0101 j\u016bsu g\u0113ni ietekm\u0113 svara pieaugumu, tauku uzkr\u0101\u0161anos, apet\u012bti un \u0137erme\u0146a reakciju uz fizisk\u0101m aktivit\u0101t\u0113m.<\/p>\n<p style=\"text-align: center;\" data-start=\"945\" data-end=\"1065\"><strong data-start=\"945\" data-end=\"966\">Vesel\u012bbas izpratne: <\/strong>Identific\u0113jiet riskus, piem\u0113ram, noslieci uz aptauko\u0161anos.<\/p>\n<p style=\"text-align: center;\" data-start=\"1067\" data-end=\"1172\"><strong data-start=\"1067\" data-end=\"1087\">Konfidencialit\u0101te:<\/strong> Visi rezult\u0101ti tiek dro\u0161i pieg\u0101d\u0101ti, izmantojot m\u016bsu klientu port\u0101lu ar divfaktoru autentifik\u0101ciju.<\/p>\n<p style=\"text-align: center;\" data-start=\"1174\" data-end=\"1248\"><strong data-start=\"1174\" data-end=\"1190\">Vienk\u0101r\u0161i lietot:<\/strong> Komplekt\u0101 iek\u013cauts vaigu parauga koci\u0146\u0161 ar skaidr\u0101m instrukcij\u0101m.<\/p>\n<hr data-start=\"1250\" data-end=\"1255\" \/>\n<h3 style=\"text-align: center;\" data-start=\"1535\" data-end=\"1559\">Ko J\u016bs uzzin\u0101siet:<\/h3>\n<p style=\"text-align: center;\">Balstoties uz WeightWell testa rezult\u0101tiem, J\u016bs ieg\u016bsiet ieskatu par:<\/p>\n<p style=\"text-align: center;\" data-start=\"1634\" data-end=\"1688\"><strong data-start=\"1281\" data-end=\"1304\">\u25aa\ufe0f<\/strong>J\u016bsu \u0123en\u0113tisko risku k\u013c\u016bt liekajam vai aptaukoju\u0161amies<br \/>\n<strong data-start=\"1281\" data-end=\"1304\">\u25aa\ufe0f<\/strong>Vai s\u0101ta saj\u016bta rodas \u0101tri vai v\u0113lu<br \/>\n<strong data-start=\"1281\" data-end=\"1304\">\u25aa\ufe0f<\/strong>Svara pieauguma iesp\u0113jam\u012bba, ja uz\u0146emat daudz og\u013chidr\u0101tu<br \/>\n<strong data-start=\"1281\" data-end=\"1304\">\u25aa\ufe0f<\/strong>Tauku dedzin\u0101\u0161anas efektivit\u0101te fizisko aktivit\u0101\u0161u laik\u0101<br \/>\n<strong data-start=\"1281\" data-end=\"1304\">\u25aa\ufe0f<\/strong>Fizisko aktivit\u0101\u0161u ietekme uz J\u016bsu \u0137erme\u0146a svaru<\/p>\n<hr data-start=\"1528\" data-end=\"1533\" \/>\n<h3 style=\"text-align: center;\">K\u0101p\u0113c tas ir svar\u012bgi:<\/h3>\n<p style=\"text-align: center;\">Pat ja \u0161obr\u012bd Jums nav probl\u0113mu ar svaru, izpratne par J\u016bsu \u0123en\u0113tiskaj\u0101m nosliec\u0113m pal\u012bdz pie\u0146emt p\u0101rdom\u0101tus un profilaktiskus dz\u012bvesveida l\u0113mumus. Atsevi\u0161\u0137s g\u0113ns var satur\u0113t neitr\u0101lus vai riska al\u0113les. Ja ir vair\u0101ki riska al\u0113\u013cu varianti \u2013 \u012bpa\u0161i kombin\u0101cij\u0101 ar mazkust\u012bgu dz\u012bvesveidu un p\u0101rm\u0113r\u012bgu kaloriju uz\u0146em\u0161anu \u2013 palielin\u0101s iesp\u0113jam\u012bba, ka att\u012bst\u012bsies ar svaru saist\u012btas vesel\u012bbas probl\u0113mas.<\/p>\n<p style=\"text-align: center;\">WeightWell \u0123en\u0113tiskais tests sniedz zin\u0101\u0161anas, kas pal\u012bdz saglab\u0101t vesel\u012bbu, piel\u0101got uzturu un uzlabot treni\u0146u efektivit\u0101ti.<\/p>\n<hr data-start=\"2078\" data-end=\"2083\" \/>\n<h3 style=\"text-align: center;\" data-start=\"1257\" data-end=\"1276\">K\u0101 tas darbojas:<\/h3>\n<p style=\"text-align: center;\" data-start=\"1281\" data-end=\"1314\"><strong data-start=\"1281\" data-end=\"1304\">\u25aa\ufe0fPas\u016btiet testa komplektu<\/strong> tie\u0161saist\u0113.<br \/>\n<strong data-start=\"1318\" data-end=\"1341\">\u25aa\ufe0fSav\u0101ciet DNS paraugu<\/strong> ar pievienoto vaigu koci\u0146u.<br \/>\n<strong data-start=\"1378\" data-end=\"1394\">\u25aa\ufe0fNos\u016btiet paraugus<\/strong> uz m\u016bsu sertific\u0113to laboratoriju, izmantojot priek\u0161apmaksas atgrie\u0161anas iepakojumu.<br \/>\n<strong data-start=\"1449\" data-end=\"1468\">\u25aa\ufe0fSa\u0146emiet rezult\u0101tus<\/strong> 20 darba dienu laik\u0101, izmantojot dro\u0161o klientu port\u0101lu.<\/p>\n","protected":false},"excerpt":{"rendered":"<p>WeightWell \u0123en\u0113tiskais tests analiz\u0113 <strong>11 \u0123en\u0113tiskos mar\u0137ierus<\/strong>, kas saist\u012bti ar svara regul\u0113\u0161anu, tauku vielmai\u0146u, apet\u012bti un reakciju uz fizisk\u0101m aktivit\u0101t\u0113m. Atkl\u0101jot savas \u0123en\u0113tisk\u0101s predispoz\u012bcijas, j\u016bs varat pie\u0146emt apzin\u0101tas izv\u0113les par dz\u012bvesveidu un personaliz\u0113t savu pieeju uzturam un fit<\/p>\n","protected":false},"featured_media":5131,"template":"","meta":{"_acf_changed":false,"ocean_post_layout":"","ocean_both_sidebars_style":"","ocean_both_sidebars_content_width":0,"ocean_both_sidebars_sidebars_width":0,"ocean_sidebar":"0","ocean_second_sidebar":"0","ocean_disable_margins":"enable","ocean_add_body_class":"","ocean_shortcode_before_top_bar":"","ocean_shortcode_after_top_bar":"","ocean_shortcode_before_header":"","ocean_shortcode_after_header":"","ocean_has_shortcode":"","ocean_shortcode_after_title":"","ocean_shortcode_before_footer_widgets":"","ocean_shortcode_after_footer_widgets":"","ocean_shortcode_before_footer_bottom":"","ocean_shortcode_after_footer_bottom":"","ocean_display_top_bar":"default","ocean_display_header":"default","ocean_header_style":"","ocean_center_header_left_menu":"0","ocean_custom_header_template":"0","ocean_custom_logo":0,"ocean_custom_retina_logo":0,"ocean_custom_logo_max_width":0,"ocean_custom_logo_tablet_max_width":0,"ocean_custom_logo_mobile_max_width":0,"ocean_custom_logo_max_height":0,"ocean_custom_logo_tablet_max_height":0,"ocean_custom_logo_mobile_max_height":0,"ocean_header_custom_menu":"0","ocean_menu_typo_font_family":"0","ocean_menu_typo_font_subset":"","ocean_menu_typo_font_size":0,"ocean_menu_typo_font_size_tablet":0,"ocean_menu_typo_font_size_mobile":0,"ocean_menu_typo_font_size_unit":"px","ocean_menu_typo_font_weight":"","ocean_menu_typo_font_weight_tablet":"","ocean_menu_typo_font_weight_mobile":"","ocean_menu_typo_transform":"","ocean_menu_typo_transform_tablet":"","ocean_menu_typo_transform_mobile":"","ocean_menu_typo_line_height":0,"ocean_menu_typo_line_height_tablet":0,"ocean_menu_typo_line_height_mobile":0,"ocean_menu_typo_line_height_unit":"","ocean_menu_typo_spacing":0,"ocean_menu_typo_spacing_tablet":0,"ocean_menu_typo_spacing_mobile":0,"ocean_menu_typo_spacing_unit":"","ocean_menu_link_color":"","ocean_menu_link_color_hover":"","ocean_menu_link_color_active":"","ocean_menu_link_background":"","ocean_menu_link_hover_background":"","ocean_menu_link_active_background":"","ocean_menu_social_links_bg":"","ocean_menu_social_hover_links_bg":"","ocean_menu_social_links_color":"","ocean_menu_social_hover_links_color":"","ocean_disable_title":"default","ocean_disable_heading":"default","ocean_post_title":"","ocean_post_subheading":"","ocean_post_title_style":"","ocean_post_title_background_color":"","ocean_post_title_background":0,"ocean_post_title_bg_image_position":"","ocean_post_title_bg_image_attachment":"","ocean_post_title_bg_image_repeat":"","ocean_post_title_bg_image_size":"","ocean_post_title_height":0,"ocean_post_title_bg_overlay":0.5,"ocean_post_title_bg_overlay_color":"","ocean_disable_breadcrumbs":"default","ocean_breadcrumbs_color":"","ocean_breadcrumbs_separator_color":"","ocean_breadcrumbs_links_color":"","ocean_breadcrumbs_links_hover_color":"","ocean_display_footer_widgets":"default","ocean_display_footer_bottom":"default","ocean_custom_footer_template":"0"},"product_brand":[],"product_cat":[301],"product_tag":[],"class_list":{"0":"post-6010","1":"product","2":"type-product","3":"status-publish","4":"has-post-thumbnail","6":"product_cat-uzturs","8":"entry","9":"has-media","11":"first","12":"instock","13":"taxable","14":"shipping-taxable","15":"purchasable","16":"product-type-simple","17":"has-product-nav","18":"col","19":"span_1_of_3","20":"owp-content-center","21":"owp-thumbs-layout-horizontal","22":"owp-btn-normal","23":"owp-tabs-layout-horizontal"},"acf":[],"aioseo_notices":[],"_links":{"self":[{"href":"https:\/\/genorama.com\/lv\/wp-json\/wp\/v2\/product\/6010","targetHints":{"allow":["GET"]}}],"collection":[{"href":"https:\/\/genorama.com\/lv\/wp-json\/wp\/v2\/product"}],"about":[{"href":"https:\/\/genorama.com\/lv\/wp-json\/wp\/v2\/types\/product"}],"wp:featuredmedia":[{"embeddable":true,"href":"https:\/\/genorama.com\/lv\/wp-json\/wp\/v2\/media\/5131"}],"wp:attachment":[{"href":"https:\/\/genorama.com\/lv\/wp-json\/wp\/v2\/media?parent=6010"}],"wp:term":[{"taxonomy":"product_brand","embeddable":true,"href":"https:\/\/genorama.com\/lv\/wp-json\/wp\/v2\/product_brand?post=6010"},{"taxonomy":"product_cat","embeddable":true,"href":"https:\/\/genorama.com\/lv\/wp-json\/wp\/v2\/product_cat?post=6010"},{"taxonomy":"product_tag","embeddable":true,"href":"https:\/\/genorama.com\/lv\/wp-json\/wp\/v2\/product_tag?post=6010"}],"curies":[{"name":"wp","href":"https:\/\/api.w.org\/{rel}","templated":true}]}}