{"id":6330,"date":"2025-03-24T11:28:56","date_gmt":"2025-03-24T09:28:56","guid":{"rendered":"https:\/\/genorama.com\/integritetspolicy\/"},"modified":"2025-04-07T20:08:28","modified_gmt":"2025-04-07T18:08:28","slug":"integritetspolicy","status":"publish","type":"page","link":"https:\/\/genorama.com\/sv\/integritetspolicy\/","title":{"rendered":"Integritetspolicy"},"content":{"rendered":"<h3 class=\"\" data-start=\"54\" data-end=\"184\"><strong data-start=\"58\" data-end=\"182\">H\u00e4r nedan hittar du information om hur Genorama LLC (nedan kallad: Genorama) behandlar och skyddar dina personuppgifter:<\/strong><\/h3>\n<h3 class=\"\" data-start=\"186\" data-end=\"291\"><strong data-start=\"190\" data-end=\"289\">1. Insamling av personuppgifter, definition av personuppgiftsansvarig och personuppgiftsbitr\u00e4de<\/strong><\/h3>\n<p class=\"\" data-start=\"293\" data-end=\"604\">Genorama \u00e4r ett v\u00e4rldsledande f\u00f6retag inom genetisk testning som erbjuder olika genetiska tester och mikrobiomanalyser (nedan kallat: Tj\u00e4nster) och utvecklar dessa tester. F\u00f6r att kunna tillhandah\u00e5lla Tj\u00e4nsterna m\u00e5ste Genorama behandla dina personuppgifter, inklusive dina h\u00e4lsouppgifter och biometriska data.<\/p>\n<p class=\"\" data-start=\"606\" data-end=\"1138\">De uppgifter som Genorama samlar in och behandlar kan omfatta ditt namn, personnummer eller f\u00f6delsedatum, nationalitet, telefonnummer, e-postadress, bostadsadress, bankkontouppgifter och andra uppgifter som kr\u00e4vs f\u00f6r att tillhandah\u00e5lla Tj\u00e4nsterna. Dessutom kan uppgifter om din h\u00e4lsa, dina gener och ditt mikrobiom behandlas (nedan kallat: Uppgifter). Genorama samlar in och tar emot Uppgifter fr\u00e5n dig n\u00e4r du best\u00e4ller Tj\u00e4nsterna. N\u00e4r det g\u00e4ller dessa Uppgifter \u00e4r Genorama personuppgiftsansvarig enligt dataskyddslagstiftningen.<\/p>\n<p class=\"\" data-start=\"1140\" data-end=\"1506\">Om Tj\u00e4nsterna best\u00e4lls av en medicinsk institution eller en distribut\u00f6r, samlas dina Uppgifter in och \u00f6verf\u00f6rs till Genorama av din l\u00e4kare, annan v\u00e5rdpersonal eller en anst\u00e4lld hos distribut\u00f6ren. I detta fall anses Genorama vara personuppgiftsbitr\u00e4de och den medicinska institutionen eller distribut\u00f6ren vara personuppgiftsansvarig enligt dataskyddslagstiftningen.<\/p>\n<p class=\"\" data-start=\"1508\" data-end=\"1946\">Om du tillh\u00f6r en organisation som \u00e4r partner till Genorama (t.ex. en medicinsk institution eller en distribut\u00f6r av Tj\u00e4nster) kan Genorama behandla dina Uppgifter (fr\u00e4mst ditt namn, e-postadress och information om din position och organisation\/arbetsgivare) f\u00f6r att skicka marknadsf\u00f6ringsmaterial och erbjudanden samt informera dig om f\u00f6r\u00e4ndringar och utvecklingar inom v\u00e5rt tj\u00e4nsteutbud och testomr\u00e5det som kan vara av intresse f\u00f6r dig.<\/p>\n<h3 class=\"\" data-start=\"1948\" data-end=\"1998\"><strong data-start=\"1952\" data-end=\"1996\">2. Principer f\u00f6r behandling av Uppgifter<\/strong><\/h3>\n<p class=\"\" data-start=\"2000\" data-end=\"2314\">Genorama behandlar Uppgifter i enlighet med de europeiska principerna f\u00f6r dataskydd \u2013 s\u00e5som laglighet, r\u00e4ttvisa, transparens, \u00e4ndam\u00e5lsbegr\u00e4nsning och dataminimering \u2013 samt i enlighet med g\u00e4llande lagstiftning. Genorama prioriterar alltid dina intressen, r\u00e4ttigheter och friheter vid behandling av dina Uppgifter.<\/p>\n<h3 class=\"\" data-start=\"2316\" data-end=\"2376\"><strong data-start=\"2320\" data-end=\"2374\">3. Grund och omfattning av behandling av Uppgifter<\/strong><\/h3>\n<p class=\"\" data-start=\"2378\" data-end=\"2630\">Som personuppgiftsansvarig behandlar Genorama dina Uppgifter huvudsakligen f\u00f6r att fullg\u00f6ra ett avtal med dig om tillhandah\u00e5llande av Tj\u00e4nster. Genorama behandlar dina Uppgifter endast i den utstr\u00e4ckning som \u00e4r n\u00f6dv\u00e4ndig f\u00f6r att uppfylla detta syfte.<\/p>\n<p class=\"\" data-start=\"2632\" data-end=\"2818\">Behandling av Uppgifter kan ocks\u00e5 vara n\u00f6dv\u00e4ndig f\u00f6r att Genorama ska uppfylla r\u00e4ttsliga skyldigheter (t.ex. rapportering till det estniska elektroniska h\u00e4lsosystemet, bokf\u00f6ring osv.).<\/p>\n<p class=\"\" data-start=\"2820\" data-end=\"3343\">I vissa fall kan Genorama vilja anv\u00e4nda dina Uppgifter f\u00f6r forskning eller statistiska \u00e4ndam\u00e5l. Om detta g\u00e4ller forskning kommer Genorama (eller din l\u00e4kare eller distribut\u00f6rens anst\u00e4llda) att informera dig och be om ditt samtycke vid best\u00e4llning av Tj\u00e4nster. Genorama behandlar Uppgifter f\u00f6r statistiska \u00e4ndam\u00e5l baserat p\u00e5 sitt ber\u00e4ttigade intresse, vilket inneb\u00e4r en avv\u00e4gning mellan Genoramas intressen och dina r\u00e4ttigheter. Effekten av s\u00e5dan behandling p\u00e5 dina r\u00e4ttigheter \u00e4r minimal, eftersom resultaten anonymiseras.<\/p>\n<p class=\"\" data-start=\"3345\" data-end=\"3875\">Om du tillh\u00f6r en organisation som \u00e4r partner till Genorama (t.ex. en medicinsk institution eller en distribut\u00f6r av Tj\u00e4nster), behandlar Genorama dina Uppgifter f\u00f6r att skicka marknadsf\u00f6ringsmaterial endast om du har gett ditt uttryckliga samtycke till detta. Samtycket \u00e4r frivilligt och oberoende av de Tj\u00e4nster som Genorama tillhandah\u00e5ller till dig eller din organisation. Du kan n\u00e4r som helst \u00e5terkalla ditt samtycke genom att skicka ett meddelande till Genorama eller genom att klicka p\u00e5 l\u00e4nken i slutet av e-postmeddelandet.<\/p>\n<p class=\"\" data-start=\"3877\" data-end=\"4105\">Om Tj\u00e4nsterna best\u00e4lls av en medicinsk institution eller en distribut\u00f6r behandlar Genorama dina Uppgifter som personuppgiftsbitr\u00e4de p\u00e5 uppdrag av och i enlighet med avtalet med den medicinska institutionen eller distribut\u00f6ren.<\/p>\n<h3 class=\"\" data-start=\"4107\" data-end=\"4170\"><strong data-start=\"4111\" data-end=\"4168\">4. \u00d6verf\u00f6ring av Uppgifter och personuppgiftsbitr\u00e4den<\/strong><\/h3>\n<p class=\"\" data-start=\"4172\" data-end=\"4585\">Om du eller den person som har best\u00e4llt Tj\u00e4nsterna befinner sig inom Europeiska ekonomiska samarbetsomr\u00e5det (EES), behandlar Genorama dina Uppgifter huvudsakligen inom EES och \u00f6verf\u00f6r dem inte till tredje land eller internationella organisationer. Om Genorama \u00e4nd\u00e5 g\u00f6r det, garanteras att Uppgifter endast \u00f6verf\u00f6rs till l\u00e4nder eller organisationer som uppr\u00e4tth\u00e5ller en dataskyddsniv\u00e5 som motsvarar den inom EES.<\/p>\n<p class=\"\" data-start=\"4587\" data-end=\"4903\">Om du eller den som har best\u00e4llt Tj\u00e4nsterna befinner sig utanf\u00f6r EES, kan Genorama behandla och \u00f6verf\u00f6ra dina Uppgifter till tredje l\u00e4nder. I dessa fall garanterar din tj\u00e4nsteleverant\u00f6r att dina Uppgifter skyddas och behandlas i enlighet med lagstiftningen i det land d\u00e4r du eller din tj\u00e4nsteleverant\u00f6r \u00e4r baserad.<\/p>\n<p class=\"\" data-start=\"4905\" data-end=\"5133\">Genorama behandlar dina Uppgifter konfidentiellt och avsl\u00f6jar dem inte f\u00f6r tredje part, utom n\u00e4r det \u00e4r n\u00f6dv\u00e4ndigt f\u00f6r att tillhandah\u00e5lla Tj\u00e4nsterna, n\u00e4r du har gett ditt samtycke eller n\u00e4r det finns en r\u00e4ttslig grund f\u00f6r det.<\/p>\n<h3 class=\"\" data-start=\"5135\" data-end=\"5168\"><strong data-start=\"5139\" data-end=\"5166\">5. Lagring av Uppgifter<\/strong><\/h3>\n<p class=\"\" data-start=\"5170\" data-end=\"5548\">Genorama lagrar Uppgifter b\u00e5de fysiskt och elektroniskt s\u00e5 l\u00e4nge det kan uppst\u00e5 krav fr\u00e5n avtalsf\u00f6rh\u00e5llandet eller i den utstr\u00e4ckning som kr\u00e4vs enligt g\u00e4llande lagstiftning (t.ex. m\u00e5ste testresultat relaterade till h\u00e4lso- och sjukv\u00e5rd lagras i 30 \u00e5r). N\u00e4r Uppgifter inte l\u00e4ngre beh\u00f6vs f\u00f6r de Tj\u00e4nster du har best\u00e4llt eller f\u00f6r att uppfylla lagkrav, raderas de inom rimlig tid.<\/p>\n<p class=\"\" data-start=\"5550\" data-end=\"5714\">Om du har gett ditt samtycke till att ta emot marknadsf\u00f6ringsmaterial och erbjudanden, lagrar Genorama dina relevanta Uppgifter tills du \u00e5terkallar ditt samtycke.<\/p>\n<h3 class=\"\" data-start=\"5716\" data-end=\"5745\"><strong data-start=\"5720\" data-end=\"5743\">6. Dina r\u00e4ttigheter<\/strong><\/h3>\n<p class=\"\" data-start=\"5747\" data-end=\"5836\">Du har r\u00e4tt att n\u00e4r som helst kontakta Genorama f\u00f6r att ut\u00f6va dina lagliga r\u00e4ttigheter:<\/p>\n<ul data-start=\"5838\" data-end=\"6217\">\n<li class=\"\" data-start=\"5838\" data-end=\"5908\">\n<p class=\"\" data-start=\"5840\" data-end=\"5908\">R\u00e4tt att beg\u00e4ra information om vilka Uppgifter Genorama har om dig<\/p>\n<\/li>\n<li class=\"\" data-start=\"5909\" data-end=\"5965\">\n<p class=\"\" data-start=\"5911\" data-end=\"5965\">R\u00e4tt att beg\u00e4ra r\u00e4ttelse eller radering av Uppgifter<\/p>\n<\/li>\n<li class=\"\" data-start=\"5966\" data-end=\"6070\">\n<p class=\"\" data-start=\"5968\" data-end=\"6070\">R\u00e4tt att i vissa fall beg\u00e4ra begr\u00e4nsning av behandlingen av Uppgifter eller inv\u00e4nda mot behandlingen<\/p>\n<\/li>\n<li class=\"\" data-start=\"6071\" data-end=\"6114\">\n<p class=\"\" data-start=\"6073\" data-end=\"6114\">R\u00e4tt att beg\u00e4ra \u00f6verf\u00f6ring av Uppgifter<\/p>\n<\/li>\n<li class=\"\" data-start=\"6115\" data-end=\"6217\">\n<p class=\"\" data-start=\"6117\" data-end=\"6217\">R\u00e4tt att beg\u00e4ra att inte bli f\u00f6rem\u00e5l f\u00f6r beslut som enbart grundar sig p\u00e5 automatiserad behandling<\/p>\n<\/li>\n<\/ul>\n<h3 class=\"\" data-start=\"6219\" data-end=\"6260\"><strong data-start=\"6223\" data-end=\"6258\">7. Tvister och kontaktuppgifter<\/strong><\/h3>\n<p class=\"\" data-start=\"6262\" data-end=\"6467\">Om du har fr\u00e5gor eller synpunkter om hur Genorama behandlar dina Uppgifter, kan du kontakta Genoramas dataskyddsombud <strong data-start=\"6380\" data-end=\"6396\">Kaie Jaakson<\/strong> via e-post <strong data-start=\"6408\" data-end=\"6432\">info[at]genorama.com<\/strong> eller telefon <strong data-start=\"6447\" data-end=\"6464\">+372 7307 295<\/strong>.<\/p>\n<p class=\"\" data-start=\"6469\" data-end=\"6628\">Om du anser att Genorama har brutit mot dina r\u00e4ttigheter i samband med behandling av dina Uppgifter kan du v\u00e4nda dig till den estniska dataskyddsmyndigheten.<\/p>\n<p class=\"\" data-start=\"6630\" data-end=\"6746\">Genorama v\u00e4rdes\u00e4tter din integritet och g\u00f6r allt f\u00f6r att skydda dina Uppgifter och f\u00f6lja dataskyddslagstiftningen.<\/p>\n<p data-start=\"6630\" data-end=\"6746\">8. <strong>Sp\u00e5rningsteknik och tj\u00e4nster fr\u00e5n tredje part<br \/>\n<\/strong><br \/>\nVi anv\u00e4nder olika tj\u00e4nster fr\u00e5n tredje part f\u00f6r att analysera trafik, m\u00e4ta annonseringseffektivitet, tillhandah\u00e5lla kundsupport och f\u00f6rb\u00e4ttra anv\u00e4ndarupplevelsen. Dessa tj\u00e4nster kan samla in, lagra och bearbeta data, inklusive personuppgifter. Nedan f\u00f6ljer en uppdelning av de verktyg vi anv\u00e4nder och hur de behandlar data.<br \/>\nGoogle Analytics<br \/>\nVi anv\u00e4nder Google Analytics f\u00f6r att analysera webbplatsens trafik och anv\u00e4ndarnas beteende. Google Analytics samlar in information om t.ex. bes\u00f6kta sidor, tid som spenderas p\u00e5 v\u00e5r webbplats, enhetstyp och interaktioner. Dessa uppgifter hj\u00e4lper oss att f\u00f6rb\u00e4ttra v\u00e5r webbplats och v\u00e5ra tj\u00e4nster. Google kan anv\u00e4nda de insamlade uppgifterna f\u00f6r att kontextualisera och anpassa annonser inom sitt annonsn\u00e4tverk.<br \/>\n&#8211; Opt-out: Du kan v\u00e4lja bort Google Analytics sp\u00e5rning genom att installera Google Analytics Opt-out Browser Add-on.<br \/>\n&#8211; Mer information om detta: Googles sekretesspolicy<br \/>\nGoogle-annonser<br \/>\nVi anv\u00e4nder Google Ads f\u00f6r att visa annonser och sp\u00e5ra deras effektivitet. Google Ads anv\u00e4nder cookies f\u00f6r att visa personliga annonser baserat p\u00e5 anv\u00e4ndarnas surfbeteende.<br \/>\n&#8211; Opt-out: Du kan justera dina annonsinst\u00e4llningar via Google Ad Settings.<br \/>\n&#8211; Mer information om detta: Hur Google anv\u00e4nder dina data<br \/>\nGoogle Tag Manager<br \/>\nGoogle Tag Manager anv\u00e4nds f\u00f6r att distribuera sp\u00e5rningsskript p\u00e5 v\u00e5r webbplats. Det samlar inte in personuppgifter direkt, men g\u00f6r det m\u00f6jligt f\u00f6r andra sp\u00e5rningsverktyg (t.ex. Google Analytics, Google Ads och Facebook Pixel) att fungera.<br \/>\n&#8211; Mer information om detta: Anv\u00e4ndarvillkor f\u00f6r Google Tag Manager<br \/>\nFacebook-pixel<br \/>\nVi anv\u00e4nder Facebook Pixel f\u00f6r att sp\u00e5ra konverteringar och optimera v\u00e5ra annonseringsinsatser p\u00e5 Facebook. Facebook kan samla in information om anv\u00e4ndarbeteende och interaktioner med v\u00e5r webbplats f\u00f6r anpassning av annonser.<br \/>\n&#8211; Opt-out: Du kan hantera dina annonspreferenser p\u00e5 Facebook Ad Settings.<br \/>\n&#8211; Mer information om detta: Facebooks datapolicy<br \/>\nKlaviyo<br \/>\nVi anv\u00e4nder Klaviyo f\u00f6r e-postmarknadsf\u00f6ring och sp\u00e5rning av kunddata. Klaviyo kan samla in data s\u00e5som e-postinteraktioner, webbplatsaktivitet och k\u00f6pbeteende.<br \/>\n&#8211; Mer information om Klaviyo: Klaviyos integritetspolicy<br \/>\nTawk.to<br \/>\nV\u00e5r webbplats anv\u00e4nder Tawk.to f\u00f6r support via livechatt. Tawk.to kan samla in IP-adresser, chattutskrifter och andra relevanta kundsupportdata.<br \/>\n&#8211; Mer information om Tawk.to: Tawk.to:s sekretesspolicy<br \/>\nCookieYes<br \/>\nVi anv\u00e4nder CookieYes f\u00f6r att hantera inst\u00e4llningar f\u00f6r cookie-samtycke p\u00e5 v\u00e5r webbplats. CookieYes installeras via Google Tag Manager och g\u00f6r det m\u00f6jligt f\u00f6r anv\u00e4ndare att anpassa sina cookie-inst\u00e4llningar baserat p\u00e5 deras preferenser.<br \/>\n&#8211; Mer information om CookieYes: CookieYes sekretesspolicy<br \/>\nWordPress<br \/>\nV\u00e5r webbplats \u00e4r byggd p\u00e5 WordPress, ett inneh\u00e5llshanteringssystem (CMS) som kan samla in data som anv\u00e4ndarkommentarer, inloggningsuppgifter och webbplatsanalys. WordPress sj\u00e4lvt kan ocks\u00e5 anv\u00e4nda cookies f\u00f6r att f\u00f6rb\u00e4ttra anv\u00e4ndarupplevelsen och webbplatsens funktionalitet.<br \/>\n&#8211; Mer information om WordPress: WordPress sekretesspolicy<br \/>\nZone.ee (Hostingleverant\u00f6r)<br \/>\nV\u00e5r webbplats \u00e4r hostad p\u00e5 Zone.ee, vilket inneb\u00e4r att anv\u00e4ndardata, s\u00e5som IP-adresser och webbplatsinteraktioner, kan lagras p\u00e5 dess servrar. Zone.ee kan samla in och behandla data som en del av sina v\u00e4rdtj\u00e4nster.<br \/>\n&#8211; F\u00f6r mer information: Sekretesspolicy f\u00f6r Zone.ee<br \/>\nDina r\u00e4ttigheter och val<br \/>\nDu har r\u00e4tt att kontrollera hur dina uppgifter samlas in och anv\u00e4nds. Det kan du g\u00f6ra:<br \/>\n&#8211; Justera dina cookie-inst\u00e4llningar via din webbl\u00e4sare.<br \/>\n&#8211; V\u00e4lja bort riktad reklam genom de angivna l\u00e4nkarna f\u00f6r bortval.<br \/>\n&#8211; Beg\u00e4ra tillg\u00e5ng till eller radering av dina uppgifter genom att kontakta oss.<\/p>\n","protected":false},"excerpt":{"rendered":"<p>H\u00e4r nedan hittar du information om hur Genorama LLC (nedan kallad: Genorama) behandlar och skyddar dina personuppgifter: 1. Insamling av personuppgifter, definition av personuppgiftsansvarig och personuppgiftsbitr\u00e4de Genorama \u00e4r ett v\u00e4rldsledande f\u00f6retag inom genetisk testning som erbjuder olika genetiska tester och mikrobiomanalyser (nedan kallat: Tj\u00e4nster) och utvecklar dessa tester. F\u00f6r att kunna tillhandah\u00e5lla Tj\u00e4nsterna m\u00e5ste Genorama [&hellip;]<\/p>\n","protected":false},"author":3,"featured_media":0,"parent":0,"menu_order":0,"comment_status":"closed","ping_status":"closed","template":"","meta":{"_acf_changed":false,"ocean_post_layout":"","ocean_both_sidebars_style":"","ocean_both_sidebars_content_width":0,"ocean_both_sidebars_sidebars_width":0,"ocean_sidebar":"0","ocean_second_sidebar":"0","ocean_disable_margins":"enable","ocean_add_body_class":"","ocean_shortcode_before_top_bar":"","ocean_shortcode_after_top_bar":"","ocean_shortcode_before_header":"","ocean_shortcode_after_header":"","ocean_has_shortcode":"","ocean_shortcode_after_title":"","ocean_shortcode_before_footer_widgets":"","ocean_shortcode_after_footer_widgets":"","ocean_shortcode_before_footer_bottom":"","ocean_shortcode_after_footer_bottom":"","ocean_display_top_bar":"default","ocean_display_header":"default","ocean_header_style":"","ocean_center_header_left_menu":"0","ocean_custom_header_template":"0","ocean_custom_logo":0,"ocean_custom_retina_logo":0,"ocean_custom_logo_max_width":0,"ocean_custom_logo_tablet_max_width":0,"ocean_custom_logo_mobile_max_width":0,"ocean_custom_logo_max_height":0,"ocean_custom_logo_tablet_max_height":0,"ocean_custom_logo_mobile_max_height":0,"ocean_header_custom_menu":"0","ocean_menu_typo_font_family":"0","ocean_menu_typo_font_subset":"","ocean_menu_typo_font_size":0,"ocean_menu_typo_font_size_tablet":0,"ocean_menu_typo_font_size_mobile":0,"ocean_menu_typo_font_size_unit":"px","ocean_menu_typo_font_weight":"","ocean_menu_typo_font_weight_tablet":"","ocean_menu_typo_font_weight_mobile":"","ocean_menu_typo_transform":"","ocean_menu_typo_transform_tablet":"","ocean_menu_typo_transform_mobile":"","ocean_menu_typo_line_height":0,"ocean_menu_typo_line_height_tablet":0,"ocean_menu_typo_line_height_mobile":0,"ocean_menu_typo_line_height_unit":"","ocean_menu_typo_spacing":0,"ocean_menu_typo_spacing_tablet":0,"ocean_menu_typo_spacing_mobile":0,"ocean_menu_typo_spacing_unit":"","ocean_menu_link_color":"","ocean_menu_link_color_hover":"","ocean_menu_link_color_active":"","ocean_menu_link_background":"","ocean_menu_link_hover_background":"","ocean_menu_link_active_background":"","ocean_menu_social_links_bg":"","ocean_menu_social_hover_links_bg":"","ocean_menu_social_links_color":"","ocean_menu_social_hover_links_color":"","ocean_disable_title":"default","ocean_disable_heading":"default","ocean_post_title":"","ocean_post_subheading":"","ocean_post_title_style":"","ocean_post_title_background_color":"","ocean_post_title_background":0,"ocean_post_title_bg_image_position":"","ocean_post_title_bg_image_attachment":"","ocean_post_title_bg_image_repeat":"","ocean_post_title_bg_image_size":"","ocean_post_title_height":0,"ocean_post_title_bg_overlay":0.5,"ocean_post_title_bg_overlay_color":"","ocean_disable_breadcrumbs":"default","ocean_breadcrumbs_color":"","ocean_breadcrumbs_separator_color":"","ocean_breadcrumbs_links_color":"","ocean_breadcrumbs_links_hover_color":"","ocean_display_footer_widgets":"default","ocean_display_footer_bottom":"default","ocean_custom_footer_template":"0","footnotes":""},"class_list":["post-6330","page","type-page","status-publish","hentry","entry","owp-thumbs-layout-horizontal","owp-btn-normal","owp-tabs-layout-horizontal","has-no-thumbnails","has-product-nav"],"acf":[],"aioseo_notices":[],"_links":{"self":[{"href":"https:\/\/genorama.com\/sv\/wp-json\/wp\/v2\/pages\/6330","targetHints":{"allow":["GET"]}}],"collection":[{"href":"https:\/\/genorama.com\/sv\/wp-json\/wp\/v2\/pages"}],"about":[{"href":"https:\/\/genorama.com\/sv\/wp-json\/wp\/v2\/types\/page"}],"author":[{"embeddable":true,"href":"https:\/\/genorama.com\/sv\/wp-json\/wp\/v2\/users\/3"}],"replies":[{"embeddable":true,"href":"https:\/\/genorama.com\/sv\/wp-json\/wp\/v2\/comments?post=6330"}],"version-history":[{"count":1,"href":"https:\/\/genorama.com\/sv\/wp-json\/wp\/v2\/pages\/6330\/revisions"}],"predecessor-version":[{"id":6403,"href":"https:\/\/genorama.com\/sv\/wp-json\/wp\/v2\/pages\/6330\/revisions\/6403"}],"wp:attachment":[{"href":"https:\/\/genorama.com\/sv\/wp-json\/wp\/v2\/media?parent=6330"}],"curies":[{"name":"wp","href":"https:\/\/api.w.org\/{rel}","templated":true}]}}