{"id":5415,"date":"2017-04-24T06:35:21","date_gmt":"2017-04-24T06:35:21","guid":{"rendered":"https:\/\/genorama.com\/product\/faderskapstest\/"},"modified":"2026-03-16T14:57:12","modified_gmt":"2026-03-16T12:57:12","slug":"faderskapstest","status":"publish","type":"product","link":"https:\/\/genorama.com\/sv\/product\/faderskapstest\/","title":{"rendered":"Faderskapstest"},"content":{"rendered":"<p style=\"text-align: left;\"><strong>Genetisk analys av 18-mark\u00f6rer<\/strong> med Promega PowerPlex\u00ae 18D System kit anv\u00e4nds f\u00f6r faderskapstestning.<\/p>\n<p style=\"text-align: left;\"><strong>Handl\u00e4ggningstid:<\/strong> 5-10 arbetsdagar<\/p>\n<p style=\"text-align: left;\"><strong>Krav p\u00e5 prov:<\/strong> Buccalt cellprov<br \/>\nProvtagningskitet skickas till den adress som anges i best\u00e4llningen.<\/p>\n<p style=\"text-align: left;\">&#8212;&#8212;&#8212;&#8212;&#8212;&#8212;&#8212;&#8212;&#8212;&#8212;&#8212;&#8212;&#8212;&#8212;&#8212;&#8212;&#8212;&#8212;&#8212;&#8212;&#8212;&#8212;&#8212;&#8212;&#8212;&#8212;&#8212;&#8212;&#8212;&#8212;&#8212;&#8212;&#8212;&#8212;&#8212;&#8211;<\/p>\n<p style=\"text-align: left;\">Letar du efter svar? V\u00e5rt faderskapstest ger <strong>sinnesfrid<\/strong> med <strong>tillf\u00f6rlitliga resultat<\/strong>.<\/p>\n<p style=\"text-align: left;\"><img decoding=\"async\" class=\"wp-image-5336 alignleft\" src=\"https:\/\/genorama.com\/wp-content\/uploads\/2017\/04\/Nimetu-kujundus-29.png\" alt=\"\" width=\"49\" height=\"49\" srcset=\"https:\/\/genorama.com\/wp-content\/uploads\/2017\/04\/Nimetu-kujundus-29.png 150w, https:\/\/genorama.com\/wp-content\/uploads\/2017\/04\/Nimetu-kujundus-29-100x100.png 100w\" sizes=\"(max-width: 49px) 100vw, 49px\" \/><\/p>\n<p style=\"text-align: left;\"><strong>Noggrannhet:<\/strong> \u00d6ver 99,99% tillf\u00f6rlitliga resultat f\u00f6r tydliga svar.<\/p>\n<p>&nbsp;<\/p>\n<p style=\"text-align: left;\"><img decoding=\"async\" class=\"wp-image-5343 alignleft\" src=\"https:\/\/genorama.com\/wp-content\/uploads\/2017\/04\/Nimetu-kujundus-30.png\" alt=\"\" width=\"56\" height=\"56\" srcset=\"https:\/\/genorama.com\/wp-content\/uploads\/2017\/04\/Nimetu-kujundus-30.png 150w, https:\/\/genorama.com\/wp-content\/uploads\/2017\/04\/Nimetu-kujundus-30-100x100.png 100w\" sizes=\"(max-width: 56px) 100vw, 56px\" \/><\/p>\n<p style=\"text-align: left;\"><strong>Snabba resultat:<\/strong> F\u00e5 dina resultat p\u00e5 s\u00e5 kort tid som 5-10 arbetsdagar.<\/p>\n<p>&nbsp;<\/p>\n<p style=\"text-align: left;\"><img decoding=\"async\" class=\"wp-image-5350 alignleft\" src=\"https:\/\/genorama.com\/wp-content\/uploads\/2017\/04\/Nimetu-kujundus-31.png\" alt=\"\" width=\"47\" height=\"47\" srcset=\"https:\/\/genorama.com\/wp-content\/uploads\/2017\/04\/Nimetu-kujundus-31.png 150w, https:\/\/genorama.com\/wp-content\/uploads\/2017\/04\/Nimetu-kujundus-31-100x100.png 100w\" sizes=\"(max-width: 47px) 100vw, 47px\" \/><\/p>\n<p style=\"text-align: left;\"><strong>Konfidentialitet:<\/strong> V\u00e5r kundportal garanterar fullst\u00e4ndig sekretess under hela processen.<\/p>\n<p>&nbsp;<\/p>\n<p style=\"text-align: left;\"><img loading=\"lazy\" decoding=\"async\" class=\"wp-image-5357 alignleft\" src=\"https:\/\/genorama.com\/wp-content\/uploads\/2017\/04\/Nimetu-kujundus-33.png\" alt=\"\" width=\"54\" height=\"54\" srcset=\"https:\/\/genorama.com\/wp-content\/uploads\/2017\/04\/Nimetu-kujundus-33.png 150w, https:\/\/genorama.com\/wp-content\/uploads\/2017\/04\/Nimetu-kujundus-33-100x100.png 100w\" sizes=\"(max-width: 54px) 100vw, 54px\" \/><\/p>\n<p style=\"text-align: left;\"><strong>L\u00e4tt att anv\u00e4nda:<\/strong> Ett enkelt kit f\u00f6r hemmabruk ing\u00e5r.<\/p>\n<p>&nbsp;<\/p>\n<hr \/>\n<p style=\"text-align: left;\"><strong>Hur det fungerar:<\/strong><\/p>\n<p style=\"text-align: left;\">Best\u00e4ll ditt testkit.<br \/>\nSamla DNA-prover med enkla svabbar (2x kindpinnar f\u00f6r far och barn ing\u00e5r i standardtestet).<br \/>\nFyll i fr\u00e5geformul\u00e4ren i kundportalen.<br \/>\nSkicka proverna till v\u00e5rt certifierade laboratorium i den f\u00f6rbetalda l\u00e5dan.<br \/>\nTa emot s\u00e4kra resultat via v\u00e5r s\u00e4kra 2-faktor autentiserade kundportal.<\/p>\n<p style=\"text-align: left;\"><strong>PS!<\/strong> Vi rekommenderar att \u00e4ven moderns prov inkluderas. Att inkludera moderns DNA-prov i ett faderskapstest hj\u00e4lper till att identifiera s\u00e4llsynta situationer som kan leda till ofullst\u00e4ndiga eller tvetydiga resultat. \u00c4ven om det inte kr\u00e4vs f\u00f6r att de flesta tester ska vara 99,99 % korrekta, ger det ett extra lager av s\u00e4kerhet och hj\u00e4lper till att undvika s\u00e4llsynta fall.<\/p>\n<p style=\"text-align: left;\">\n<p style=\"text-align: left;\"><strong>F\u00f6r mer information om \u00e4mnet:<\/strong><br \/>\nNoggrannheten i faderskapstestet och andra biologiska sl\u00e4ktskapstester \u00e4r 99,99%. \u00c4ven om ett korrekt resultat garanteras genom att j\u00e4mf\u00f6ra faderns DNA med barnets DNA, rekommenderar vi att du inkluderar ett prov fr\u00e5n modern n\u00e4r det \u00e4r m\u00f6jligt. Genom att inkludera moderns DNA kan vi mer exakt avg\u00f6ra vilken del av barnets DNA som kommer fr\u00e5n modern och vilken \u00e5terst\u00e5ende del av barnets DNA som beh\u00f6ver j\u00e4mf\u00f6ras med den f\u00f6rmodade fadern. Genom att testa modern kan man ocks\u00e5 exakt fastst\u00e4lla sannolikheten f\u00f6r faderskap i undantagsfall d\u00e4r samma allel \u00e4rvs fr\u00e5n b\u00e5da f\u00f6r\u00e4ldrarna.<\/p>\n","protected":false},"excerpt":{"rendered":"<p>Standardtestet omfattar testning av en p\u00e5st\u00e5dd far och ett barn.<\/p>\n<p>Det \u00e4r m\u00f6jligt att l\u00e4gga till fler personer i testningen. G\u00f6r ditt val nedan.<br \/>\nOm m\u00f6jligt rekommenderar vi ocks\u00e5 att du inkluderar ett moderprov i testningen.<\/p>\n","protected":false},"featured_media":5088,"template":"","meta":{"_acf_changed":false,"ocean_post_layout":"","ocean_both_sidebars_style":"","ocean_both_sidebars_content_width":0,"ocean_both_sidebars_sidebars_width":0,"ocean_sidebar":"0","ocean_second_sidebar":"0","ocean_disable_margins":"enable","ocean_add_body_class":"","ocean_shortcode_before_top_bar":"","ocean_shortcode_after_top_bar":"","ocean_shortcode_before_header":"","ocean_shortcode_after_header":"","ocean_has_shortcode":"","ocean_shortcode_after_title":"","ocean_shortcode_before_footer_widgets":"","ocean_shortcode_after_footer_widgets":"","ocean_shortcode_before_footer_bottom":"","ocean_shortcode_after_footer_bottom":"","ocean_display_top_bar":"default","ocean_display_header":"default","ocean_header_style":"","ocean_center_header_left_menu":"0","ocean_custom_header_template":"0","ocean_custom_logo":0,"ocean_custom_retina_logo":0,"ocean_custom_logo_max_width":0,"ocean_custom_logo_tablet_max_width":0,"ocean_custom_logo_mobile_max_width":0,"ocean_custom_logo_max_height":0,"ocean_custom_logo_tablet_max_height":0,"ocean_custom_logo_mobile_max_height":0,"ocean_header_custom_menu":"0","ocean_menu_typo_font_family":"0","ocean_menu_typo_font_subset":"","ocean_menu_typo_font_size":0,"ocean_menu_typo_font_size_tablet":0,"ocean_menu_typo_font_size_mobile":0,"ocean_menu_typo_font_size_unit":"px","ocean_menu_typo_font_weight":"","ocean_menu_typo_font_weight_tablet":"","ocean_menu_typo_font_weight_mobile":"","ocean_menu_typo_transform":"","ocean_menu_typo_transform_tablet":"","ocean_menu_typo_transform_mobile":"","ocean_menu_typo_line_height":0,"ocean_menu_typo_line_height_tablet":0,"ocean_menu_typo_line_height_mobile":0,"ocean_menu_typo_line_height_unit":"","ocean_menu_typo_spacing":0,"ocean_menu_typo_spacing_tablet":0,"ocean_menu_typo_spacing_mobile":0,"ocean_menu_typo_spacing_unit":"","ocean_menu_link_color":"","ocean_menu_link_color_hover":"","ocean_menu_link_color_active":"","ocean_menu_link_background":"","ocean_menu_link_hover_background":"","ocean_menu_link_active_background":"","ocean_menu_social_links_bg":"","ocean_menu_social_hover_links_bg":"","ocean_menu_social_links_color":"","ocean_menu_social_hover_links_color":"","ocean_disable_title":"default","ocean_disable_heading":"default","ocean_post_title":"","ocean_post_subheading":"","ocean_post_title_style":"","ocean_post_title_background_color":"","ocean_post_title_background":0,"ocean_post_title_bg_image_position":"","ocean_post_title_bg_image_attachment":"","ocean_post_title_bg_image_repeat":"","ocean_post_title_bg_image_size":"","ocean_post_title_height":0,"ocean_post_title_bg_overlay":0.5,"ocean_post_title_bg_overlay_color":"","ocean_disable_breadcrumbs":"default","ocean_breadcrumbs_color":"","ocean_breadcrumbs_separator_color":"","ocean_breadcrumbs_links_color":"","ocean_breadcrumbs_links_hover_color":"","ocean_display_footer_widgets":"default","ocean_display_footer_bottom":"default","ocean_custom_footer_template":"0"},"product_brand":[],"product_cat":[290,292,291],"product_tag":[293,294],"class_list":{"0":"post-5415","1":"product","2":"type-product","3":"status-publish","4":"has-post-thumbnail","6":"product_cat-biologiskt-forhallande","7":"product_cat-faderskapstest","8":"product_cat-slider-product-sv","9":"product_tag-dna-test-sv","10":"product_tag-faderskapstest","12":"entry","13":"has-media","15":"first","16":"instock","17":"sale","18":"sold-individually","19":"taxable","20":"shipping-taxable","21":"purchasable","22":"product-type-variable","23":"has-default-attributes","24":"has-product-nav","25":"col","26":"span_1_of_3","27":"owp-content-center","28":"owp-thumbs-layout-horizontal","29":"owp-btn-normal","30":"owp-tabs-layout-horizontal"},"acf":[],"aioseo_notices":[],"_links":{"self":[{"href":"https:\/\/genorama.com\/sv\/wp-json\/wp\/v2\/product\/5415","targetHints":{"allow":["GET"]}}],"collection":[{"href":"https:\/\/genorama.com\/sv\/wp-json\/wp\/v2\/product"}],"about":[{"href":"https:\/\/genorama.com\/sv\/wp-json\/wp\/v2\/types\/product"}],"wp:featuredmedia":[{"embeddable":true,"href":"https:\/\/genorama.com\/sv\/wp-json\/wp\/v2\/media\/5088"}],"wp:attachment":[{"href":"https:\/\/genorama.com\/sv\/wp-json\/wp\/v2\/media?parent=5415"}],"wp:term":[{"taxonomy":"product_brand","embeddable":true,"href":"https:\/\/genorama.com\/sv\/wp-json\/wp\/v2\/product_brand?post=5415"},{"taxonomy":"product_cat","embeddable":true,"href":"https:\/\/genorama.com\/sv\/wp-json\/wp\/v2\/product_cat?post=5415"},{"taxonomy":"product_tag","embeddable":true,"href":"https:\/\/genorama.com\/sv\/wp-json\/wp\/v2\/product_tag?post=5415"}],"curies":[{"name":"wp","href":"https:\/\/api.w.org\/{rel}","templated":true}]}}