{"id":5445,"date":"2017-04-24T09:22:42","date_gmt":"2017-04-24T09:22:42","guid":{"rendered":"https:\/\/genorama.com\/product\/moderskapstest\/"},"modified":"2025-02-17T18:29:12","modified_gmt":"2025-02-17T16:29:12","slug":"moderskapstest","status":"publish","type":"product","link":"https:\/\/genorama.com\/sv\/product\/moderskapstest\/","title":{"rendered":"Moderskapstest"},"content":{"rendered":"<p style=\"text-align: center;\"><strong>18-mark\u00f6r genetisk analys<\/strong> med Promega PowerPlex\u00ae 18D System kit anv\u00e4nds f\u00f6r <strong>moderskapstestning<\/strong>.<\/p>\n<p style=\"text-align: center;\"><strong>Handl\u00e4ggningstid:<\/strong> 5-10 arbetsdagar<\/p>\n<p style=\"text-align: center;\"><strong>Krav p\u00e5 prov:<\/strong> Buccalt cellprov<br \/>\nProvtagningskitet skickas till den adress som anges i best\u00e4llningen.<\/p>\n<p style=\"text-align: center;\">\u2014\u2014\u2014\u2014\u2014\u2014\u2014\u2014\u2014\u2014\u2014\u2014\u2014\u2014\u2014\u2014\u2014\u2014\u2014\u2014\u2014\u2014\u2014\u2014\u2014\u2014\u2014\u2014\u2014\u2014\u2014\u2014\u2014\u2014\u2014\u2013<\/p>\n<p style=\"text-align: center;\">Letar du efter svar? V\u00e5rt graviditetstest ger dig <strong>sinnesfrid<\/strong> med <strong>tillf\u00f6rlitliga resultat<\/strong>.<\/p>\n<p style=\"text-align: center;\"><img decoding=\"async\" class=\"wp-image-5336 aligncenter\" src=\"https:\/\/genorama.com\/wp-content\/uploads\/2017\/04\/Nimetu-kujundus-29.png\" sizes=\"(max-width: 49px) 100vw, 49px\" srcset=\"https:\/\/genorama.com\/wp-content\/uploads\/2017\/04\/Nimetu-kujundus-29.png 150w, https:\/\/genorama.com\/wp-content\/uploads\/2017\/04\/Nimetu-kujundus-29-100x100.png 100w\" alt=\"\" width=\"49\" height=\"49\" \/><\/p>\n<p style=\"text-align: center;\"><strong>Noggrannhet:<\/strong> \u00d6ver 99,99% tillf\u00f6rlitliga resultat f\u00f6r tydliga svar.<\/p>\n<p style=\"text-align: center;\"><img decoding=\"async\" class=\"wp-image-5343 aligncenter\" src=\"https:\/\/genorama.com\/wp-content\/uploads\/2017\/04\/Nimetu-kujundus-30.png\" sizes=\"(max-width: 56px) 100vw, 56px\" srcset=\"https:\/\/genorama.com\/wp-content\/uploads\/2017\/04\/Nimetu-kujundus-30.png 150w, https:\/\/genorama.com\/wp-content\/uploads\/2017\/04\/Nimetu-kujundus-30-100x100.png 100w\" alt=\"\" width=\"56\" height=\"56\" \/><\/p>\n<p style=\"text-align: center;\"><strong>Snabba resultat:<\/strong> F\u00e5 dina resultat p\u00e5 s\u00e5 kort tid som 5-10 arbetsdagar.<\/p>\n<p style=\"text-align: center;\"><img decoding=\"async\" class=\"wp-image-5350 aligncenter\" src=\"https:\/\/genorama.com\/wp-content\/uploads\/2017\/04\/Nimetu-kujundus-31.png\" sizes=\"(max-width: 47px) 100vw, 47px\" srcset=\"https:\/\/genorama.com\/wp-content\/uploads\/2017\/04\/Nimetu-kujundus-31.png 150w, https:\/\/genorama.com\/wp-content\/uploads\/2017\/04\/Nimetu-kujundus-31-100x100.png 100w\" alt=\"\" width=\"47\" height=\"47\" \/><\/p>\n<p style=\"text-align: center;\"><strong>Konfidentialitet:<\/strong> V\u00e5r kundportal garanterar fullst\u00e4ndig sekretess under hela processen.<\/p>\n<p style=\"text-align: center;\"><img loading=\"lazy\" decoding=\"async\" class=\" wp-image-5357 aligncenter\" src=\"https:\/\/genorama.com\/wp-content\/uploads\/2017\/04\/Nimetu-kujundus-33.png\" sizes=\"(max-width: 54px) 100vw, 54px\" srcset=\"https:\/\/genorama.com\/wp-content\/uploads\/2017\/04\/Nimetu-kujundus-33.png 150w, https:\/\/genorama.com\/wp-content\/uploads\/2017\/04\/Nimetu-kujundus-33-100x100.png 100w\" alt=\"\" width=\"54\" height=\"54\" \/><\/p>\n<p style=\"text-align: center;\"><strong>L\u00e4tt att anv\u00e4nda:<\/strong> Ett enkelt kit f\u00f6r hemmabruk ing\u00e5r.<\/p>\n<hr \/>\n<p style=\"text-align: center;\"><strong>Hur det fungerar:<\/strong><\/p>\n<p style=\"text-align: center;\">Best\u00e4ll ditt testkit.<br \/>\nSamla DNA-prover med enkla svabbar (2x kindsvabbar f\u00f6r varje person som ing\u00e5r i standardtestet).<br \/>\nFyll i fr\u00e5geformul\u00e4ren i kundportalen.<br \/>\nSkicka proverna till v\u00e5rt certifierade laboratorium i den f\u00f6rbetalda l\u00e5dan.<br \/>\nF\u00e5 s\u00e4kra resultat via v\u00e5r s\u00e4kra 2-faktorautentiserade kundportal.<\/p>\n","protected":false},"excerpt":{"rendered":"<p>Standardtestet omfattar testning av en f\u00f6rmodad mor och ett barn.<\/p>\n<p>Det \u00e4r m\u00f6jligt att l\u00e4gga till fler individer i testningen. G\u00f6r ditt val nedan.<\/p>\n","protected":false},"featured_media":5190,"template":"","meta":{"_acf_changed":false,"ocean_post_layout":"","ocean_both_sidebars_style":"","ocean_both_sidebars_content_width":0,"ocean_both_sidebars_sidebars_width":0,"ocean_sidebar":"0","ocean_second_sidebar":"0","ocean_disable_margins":"enable","ocean_add_body_class":"","ocean_shortcode_before_top_bar":"","ocean_shortcode_after_top_bar":"","ocean_shortcode_before_header":"","ocean_shortcode_after_header":"","ocean_has_shortcode":"","ocean_shortcode_after_title":"","ocean_shortcode_before_footer_widgets":"","ocean_shortcode_after_footer_widgets":"","ocean_shortcode_before_footer_bottom":"","ocean_shortcode_after_footer_bottom":"","ocean_display_top_bar":"default","ocean_display_header":"default","ocean_header_style":"","ocean_center_header_left_menu":"0","ocean_custom_header_template":"0","ocean_custom_logo":0,"ocean_custom_retina_logo":0,"ocean_custom_logo_max_width":0,"ocean_custom_logo_tablet_max_width":0,"ocean_custom_logo_mobile_max_width":0,"ocean_custom_logo_max_height":0,"ocean_custom_logo_tablet_max_height":0,"ocean_custom_logo_mobile_max_height":0,"ocean_header_custom_menu":"0","ocean_menu_typo_font_family":"0","ocean_menu_typo_font_subset":"","ocean_menu_typo_font_size":0,"ocean_menu_typo_font_size_tablet":0,"ocean_menu_typo_font_size_mobile":0,"ocean_menu_typo_font_size_unit":"px","ocean_menu_typo_font_weight":"","ocean_menu_typo_font_weight_tablet":"","ocean_menu_typo_font_weight_mobile":"","ocean_menu_typo_transform":"","ocean_menu_typo_transform_tablet":"","ocean_menu_typo_transform_mobile":"","ocean_menu_typo_line_height":0,"ocean_menu_typo_line_height_tablet":0,"ocean_menu_typo_line_height_mobile":0,"ocean_menu_typo_line_height_unit":"","ocean_menu_typo_spacing":0,"ocean_menu_typo_spacing_tablet":0,"ocean_menu_typo_spacing_mobile":0,"ocean_menu_typo_spacing_unit":"","ocean_menu_link_color":"","ocean_menu_link_color_hover":"","ocean_menu_link_color_active":"","ocean_menu_link_background":"","ocean_menu_link_hover_background":"","ocean_menu_link_active_background":"","ocean_menu_social_links_bg":"","ocean_menu_social_hover_links_bg":"","ocean_menu_social_links_color":"","ocean_menu_social_hover_links_color":"","ocean_disable_title":"default","ocean_disable_heading":"default","ocean_post_title":"","ocean_post_subheading":"","ocean_post_title_style":"","ocean_post_title_background_color":"","ocean_post_title_background":0,"ocean_post_title_bg_image_position":"","ocean_post_title_bg_image_attachment":"","ocean_post_title_bg_image_repeat":"","ocean_post_title_bg_image_size":"","ocean_post_title_height":0,"ocean_post_title_bg_overlay":0.5,"ocean_post_title_bg_overlay_color":"","ocean_disable_breadcrumbs":"default","ocean_breadcrumbs_color":"","ocean_breadcrumbs_separator_color":"","ocean_breadcrumbs_links_color":"","ocean_breadcrumbs_links_hover_color":"","ocean_display_footer_widgets":"default","ocean_display_footer_bottom":"default","ocean_custom_footer_template":"0"},"product_brand":[],"product_cat":[290],"product_tag":[],"class_list":{"0":"post-5445","1":"product","2":"type-product","3":"status-publish","4":"has-post-thumbnail","6":"product_cat-biologiskt-forhallande","8":"entry","9":"has-media","11":"first","12":"instock","13":"sold-individually","14":"taxable","15":"shipping-taxable","16":"purchasable","17":"product-type-variable","18":"has-default-attributes","19":"has-product-nav","20":"col","21":"span_1_of_3","22":"owp-content-center","23":"owp-thumbs-layout-horizontal","24":"owp-btn-normal","25":"owp-tabs-layout-horizontal"},"acf":[],"aioseo_notices":[],"_links":{"self":[{"href":"https:\/\/genorama.com\/sv\/wp-json\/wp\/v2\/product\/5445","targetHints":{"allow":["GET"]}}],"collection":[{"href":"https:\/\/genorama.com\/sv\/wp-json\/wp\/v2\/product"}],"about":[{"href":"https:\/\/genorama.com\/sv\/wp-json\/wp\/v2\/types\/product"}],"wp:featuredmedia":[{"embeddable":true,"href":"https:\/\/genorama.com\/sv\/wp-json\/wp\/v2\/media\/5190"}],"wp:attachment":[{"href":"https:\/\/genorama.com\/sv\/wp-json\/wp\/v2\/media?parent=5445"}],"wp:term":[{"taxonomy":"product_brand","embeddable":true,"href":"https:\/\/genorama.com\/sv\/wp-json\/wp\/v2\/product_brand?post=5445"},{"taxonomy":"product_cat","embeddable":true,"href":"https:\/\/genorama.com\/sv\/wp-json\/wp\/v2\/product_cat?post=5445"},{"taxonomy":"product_tag","embeddable":true,"href":"https:\/\/genorama.com\/sv\/wp-json\/wp\/v2\/product_tag?post=5445"}],"curies":[{"name":"wp","href":"https:\/\/api.w.org\/{rel}","templated":true}]}}