{"id":5691,"date":"2017-04-24T09:28:40","date_gmt":"2017-04-24T09:28:40","guid":{"rendered":"https:\/\/genorama.com\/product\/aldersrelaterad-makuladegeneration\/"},"modified":"2025-02-21T02:13:08","modified_gmt":"2025-02-21T00:13:08","slug":"aldersrelaterad-makuladegeneration","status":"publish","type":"product","link":"https:\/\/genorama.com\/sv\/product\/aldersrelaterad-makuladegeneration\/","title":{"rendered":"Test f\u00f6r \u00e5ldersrelaterad makuladegeneration"},"content":{"rendered":"<p style=\"text-align: center;\"><strong>Genetiskt test f\u00f6r \u00e5ldersrelaterad makuladegeneration (AMD)<\/strong><br \/>\n\u00c5ldersrelaterad makuladegeneration (AMD) \u00e4r en progressiv \u00f6gonsjukdom och en ledande orsak till synf\u00f6rlust hos personer \u00f6ver 60 \u00e5r. Tillst\u00e5ndet beror p\u00e5 skador p\u00e5 gula fl\u00e4cken, den del av n\u00e4thinnan som ansvarar f\u00f6r skarpt, centralt och f\u00e4rgseende.<br \/>\nAMD b\u00f6rjar ofta subtilt och vissa fall utvecklas l\u00e5ngsamt utan m\u00e4rkbara symtom, medan andra utvecklas snabbare och kan leda till synf\u00f6rlust p\u00e5 b\u00e5da \u00f6gonen. N\u00e4r tillst\u00e5ndet f\u00f6rv\u00e4rras upplever patienterna en gradvis f\u00f6rlust av skarpt centralt seende. AMD finns i tv\u00e5 former: \u201dTorr\u201d, som st\u00e5r f\u00f6r cirka 90% av fallen, och \u2019v\u00e5t\u2019.<\/p>\n<p style=\"text-align: center;\"><strong>Varf\u00f6r testa f\u00f6r AMD-risk?<\/strong><br \/>\nTidig uppt\u00e4ckt av AMD-risk \u00e4r avg\u00f6rande f\u00f6r effektiv prevention och hantering. Genom att identifiera en \u00f6kad genetisk predisposition kan man ingripa i r\u00e4tt tid, vilket kan f\u00f6rdr\u00f6ja sjukdomsprogressionen och hj\u00e4lpa till att bevara synen.<\/p>\n<p style=\"text-align: center;\"><strong>Detaljer om testet:<\/strong><br \/>\n<strong>Bearbetningstid:<\/strong> 15 arbetsdagar<br \/>\n<strong>Krav p\u00e5 provtagning:<\/strong> Buccalt cellprov (samlas in via ett l\u00e4ttanv\u00e4nt kit som skickas direkt till din angivna adress).<\/p>\n","protected":false},"excerpt":{"rendered":"<p>Testet m\u00f6jligg\u00f6r en genetisk riskbed\u00f6mning f\u00f6r att utveckla \u00e5ldersrelaterad makuladegeneration (AMD).<\/p>\n","protected":false},"featured_media":5183,"template":"","meta":{"_acf_changed":false,"ocean_post_layout":"","ocean_both_sidebars_style":"","ocean_both_sidebars_content_width":0,"ocean_both_sidebars_sidebars_width":0,"ocean_sidebar":"0","ocean_second_sidebar":"0","ocean_disable_margins":"enable","ocean_add_body_class":"","ocean_shortcode_before_top_bar":"","ocean_shortcode_after_top_bar":"","ocean_shortcode_before_header":"","ocean_shortcode_after_header":"","ocean_has_shortcode":"","ocean_shortcode_after_title":"","ocean_shortcode_before_footer_widgets":"","ocean_shortcode_after_footer_widgets":"","ocean_shortcode_before_footer_bottom":"","ocean_shortcode_after_footer_bottom":"","ocean_display_top_bar":"default","ocean_display_header":"default","ocean_header_style":"","ocean_center_header_left_menu":"0","ocean_custom_header_template":"0","ocean_custom_logo":0,"ocean_custom_retina_logo":0,"ocean_custom_logo_max_width":0,"ocean_custom_logo_tablet_max_width":0,"ocean_custom_logo_mobile_max_width":0,"ocean_custom_logo_max_height":0,"ocean_custom_logo_tablet_max_height":0,"ocean_custom_logo_mobile_max_height":0,"ocean_header_custom_menu":"0","ocean_menu_typo_font_family":"0","ocean_menu_typo_font_subset":"","ocean_menu_typo_font_size":0,"ocean_menu_typo_font_size_tablet":0,"ocean_menu_typo_font_size_mobile":0,"ocean_menu_typo_font_size_unit":"px","ocean_menu_typo_font_weight":"","ocean_menu_typo_font_weight_tablet":"","ocean_menu_typo_font_weight_mobile":"","ocean_menu_typo_transform":"","ocean_menu_typo_transform_tablet":"","ocean_menu_typo_transform_mobile":"","ocean_menu_typo_line_height":0,"ocean_menu_typo_line_height_tablet":0,"ocean_menu_typo_line_height_mobile":0,"ocean_menu_typo_line_height_unit":"","ocean_menu_typo_spacing":0,"ocean_menu_typo_spacing_tablet":0,"ocean_menu_typo_spacing_mobile":0,"ocean_menu_typo_spacing_unit":"","ocean_menu_link_color":"","ocean_menu_link_color_hover":"","ocean_menu_link_color_active":"","ocean_menu_link_background":"","ocean_menu_link_hover_background":"","ocean_menu_link_active_background":"","ocean_menu_social_links_bg":"","ocean_menu_social_hover_links_bg":"","ocean_menu_social_links_color":"","ocean_menu_social_hover_links_color":"","ocean_disable_title":"default","ocean_disable_heading":"default","ocean_post_title":"","ocean_post_subheading":"","ocean_post_title_style":"","ocean_post_title_background_color":"","ocean_post_title_background":0,"ocean_post_title_bg_image_position":"","ocean_post_title_bg_image_attachment":"","ocean_post_title_bg_image_repeat":"","ocean_post_title_bg_image_size":"","ocean_post_title_height":0,"ocean_post_title_bg_overlay":0.5,"ocean_post_title_bg_overlay_color":"","ocean_disable_breadcrumbs":"default","ocean_breadcrumbs_color":"","ocean_breadcrumbs_separator_color":"","ocean_breadcrumbs_links_color":"","ocean_breadcrumbs_links_hover_color":"","ocean_display_footer_widgets":"default","ocean_display_footer_bottom":"default","ocean_custom_footer_template":"0"},"product_brand":[],"product_cat":[296],"product_tag":[],"class_list":{"0":"post-5691","1":"product","2":"type-product","3":"status-publish","4":"has-post-thumbnail","6":"product_cat-halsa","8":"entry","9":"has-media","11":"first","12":"instock","13":"taxable","14":"shipping-taxable","15":"purchasable","16":"product-type-simple","17":"has-product-nav","18":"col","19":"span_1_of_3","20":"owp-content-center","21":"owp-thumbs-layout-horizontal","22":"owp-btn-normal","23":"owp-tabs-layout-horizontal"},"acf":[],"aioseo_notices":[],"_links":{"self":[{"href":"https:\/\/genorama.com\/sv\/wp-json\/wp\/v2\/product\/5691","targetHints":{"allow":["GET"]}}],"collection":[{"href":"https:\/\/genorama.com\/sv\/wp-json\/wp\/v2\/product"}],"about":[{"href":"https:\/\/genorama.com\/sv\/wp-json\/wp\/v2\/types\/product"}],"wp:featuredmedia":[{"embeddable":true,"href":"https:\/\/genorama.com\/sv\/wp-json\/wp\/v2\/media\/5183"}],"wp:attachment":[{"href":"https:\/\/genorama.com\/sv\/wp-json\/wp\/v2\/media?parent=5691"}],"wp:term":[{"taxonomy":"product_brand","embeddable":true,"href":"https:\/\/genorama.com\/sv\/wp-json\/wp\/v2\/product_brand?post=5691"},{"taxonomy":"product_cat","embeddable":true,"href":"https:\/\/genorama.com\/sv\/wp-json\/wp\/v2\/product_cat?post=5691"},{"taxonomy":"product_tag","embeddable":true,"href":"https:\/\/genorama.com\/sv\/wp-json\/wp\/v2\/product_tag?post=5691"}],"curies":[{"name":"wp","href":"https:\/\/api.w.org\/{rel}","templated":true}]}}