{"id":5695,"date":"2017-04-24T09:29:30","date_gmt":"2017-04-24T09:29:30","guid":{"rendered":"https:\/\/genorama.com\/product\/alzheimers-sjukdom\/"},"modified":"2025-02-21T02:06:49","modified_gmt":"2025-02-21T00:06:49","slug":"alzheimers-sjukdom","status":"publish","type":"product","link":"https:\/\/genorama.com\/sv\/product\/alzheimers-sjukdom\/","title":{"rendered":"Test av Alzheimers sjukdom"},"content":{"rendered":"<p style=\"text-align: center;\">Apolipoprotein E (ApoE) har till uppgift att transportera kolesterol och andra lipider i blodcirkulationen och i centrala nervsystemet. Den m\u00e4nskliga ApoE-genen finns som tre polymorfa alleler &#8211; \u03b52, \u03b53 och \u03b54.<\/p>\n<p style=\"text-align: center;\">Personer med \u03b54-genotypen \u00e5terh\u00e4mtar sig mycket l\u00e5ngsammare fr\u00e5n hj\u00e4rnskador, har en \u00f6kad risk f\u00f6r postoperativa komplikationer i kognitiva funktioner och har ocks\u00e5 en mycket s\u00e4mre allm\u00e4n prognos. Genotypen \u03b54 \u00e4r ocks\u00e5 f\u00f6rknippad med en f\u00f6rh\u00f6jd risk f\u00f6r Alzheimers sjukdom och kransk\u00e4rlssjukdom i ett sent skede.<\/p>\n<p style=\"text-align: center;\"><strong>Bearbetningstid:<\/strong> 15 arbetsdagar<br \/>\n<strong>Krav p\u00e5 prov:<\/strong> Buccalt cellprov<\/p>\n","protected":false},"excerpt":{"rendered":"<p>Testet m\u00f6jligg\u00f6r en genetisk riskbed\u00f6mning f\u00f6r att utveckla Alzheimers sjukdom, hyperlipidemi och hyperkolesterolemi.<\/p>\n","protected":false},"featured_media":5155,"template":"","meta":{"_acf_changed":false,"ocean_post_layout":"","ocean_both_sidebars_style":"","ocean_both_sidebars_content_width":0,"ocean_both_sidebars_sidebars_width":0,"ocean_sidebar":"0","ocean_second_sidebar":"0","ocean_disable_margins":"enable","ocean_add_body_class":"","ocean_shortcode_before_top_bar":"","ocean_shortcode_after_top_bar":"","ocean_shortcode_before_header":"","ocean_shortcode_after_header":"","ocean_has_shortcode":"","ocean_shortcode_after_title":"","ocean_shortcode_before_footer_widgets":"","ocean_shortcode_after_footer_widgets":"","ocean_shortcode_before_footer_bottom":"","ocean_shortcode_after_footer_bottom":"","ocean_display_top_bar":"default","ocean_display_header":"default","ocean_header_style":"","ocean_center_header_left_menu":"0","ocean_custom_header_template":"0","ocean_custom_logo":0,"ocean_custom_retina_logo":0,"ocean_custom_logo_max_width":0,"ocean_custom_logo_tablet_max_width":0,"ocean_custom_logo_mobile_max_width":0,"ocean_custom_logo_max_height":0,"ocean_custom_logo_tablet_max_height":0,"ocean_custom_logo_mobile_max_height":0,"ocean_header_custom_menu":"0","ocean_menu_typo_font_family":"0","ocean_menu_typo_font_subset":"","ocean_menu_typo_font_size":0,"ocean_menu_typo_font_size_tablet":0,"ocean_menu_typo_font_size_mobile":0,"ocean_menu_typo_font_size_unit":"px","ocean_menu_typo_font_weight":"","ocean_menu_typo_font_weight_tablet":"","ocean_menu_typo_font_weight_mobile":"","ocean_menu_typo_transform":"","ocean_menu_typo_transform_tablet":"","ocean_menu_typo_transform_mobile":"","ocean_menu_typo_line_height":0,"ocean_menu_typo_line_height_tablet":0,"ocean_menu_typo_line_height_mobile":0,"ocean_menu_typo_line_height_unit":"","ocean_menu_typo_spacing":0,"ocean_menu_typo_spacing_tablet":0,"ocean_menu_typo_spacing_mobile":0,"ocean_menu_typo_spacing_unit":"","ocean_menu_link_color":"","ocean_menu_link_color_hover":"","ocean_menu_link_color_active":"","ocean_menu_link_background":"","ocean_menu_link_hover_background":"","ocean_menu_link_active_background":"","ocean_menu_social_links_bg":"","ocean_menu_social_hover_links_bg":"","ocean_menu_social_links_color":"","ocean_menu_social_hover_links_color":"","ocean_disable_title":"default","ocean_disable_heading":"default","ocean_post_title":"","ocean_post_subheading":"","ocean_post_title_style":"","ocean_post_title_background_color":"","ocean_post_title_background":0,"ocean_post_title_bg_image_position":"","ocean_post_title_bg_image_attachment":"","ocean_post_title_bg_image_repeat":"","ocean_post_title_bg_image_size":"","ocean_post_title_height":0,"ocean_post_title_bg_overlay":0.5,"ocean_post_title_bg_overlay_color":"","ocean_disable_breadcrumbs":"default","ocean_breadcrumbs_color":"","ocean_breadcrumbs_separator_color":"","ocean_breadcrumbs_links_color":"","ocean_breadcrumbs_links_hover_color":"","ocean_display_footer_widgets":"default","ocean_display_footer_bottom":"default","ocean_custom_footer_template":"0"},"product_brand":[],"product_cat":[296],"product_tag":[],"class_list":{"0":"post-5695","1":"product","2":"type-product","3":"status-publish","4":"has-post-thumbnail","6":"product_cat-halsa","8":"entry","9":"has-media","11":"first","12":"instock","13":"taxable","14":"shipping-taxable","15":"purchasable","16":"product-type-simple","17":"has-product-nav","18":"col","19":"span_1_of_3","20":"owp-content-center","21":"owp-thumbs-layout-horizontal","22":"owp-btn-normal","23":"owp-tabs-layout-horizontal"},"acf":[],"aioseo_notices":[],"_links":{"self":[{"href":"https:\/\/genorama.com\/sv\/wp-json\/wp\/v2\/product\/5695","targetHints":{"allow":["GET"]}}],"collection":[{"href":"https:\/\/genorama.com\/sv\/wp-json\/wp\/v2\/product"}],"about":[{"href":"https:\/\/genorama.com\/sv\/wp-json\/wp\/v2\/types\/product"}],"wp:featuredmedia":[{"embeddable":true,"href":"https:\/\/genorama.com\/sv\/wp-json\/wp\/v2\/media\/5155"}],"wp:attachment":[{"href":"https:\/\/genorama.com\/sv\/wp-json\/wp\/v2\/media?parent=5695"}],"wp:term":[{"taxonomy":"product_brand","embeddable":true,"href":"https:\/\/genorama.com\/sv\/wp-json\/wp\/v2\/product_brand?post=5695"},{"taxonomy":"product_cat","embeddable":true,"href":"https:\/\/genorama.com\/sv\/wp-json\/wp\/v2\/product_cat?post=5695"},{"taxonomy":"product_tag","embeddable":true,"href":"https:\/\/genorama.com\/sv\/wp-json\/wp\/v2\/product_tag?post=5695"}],"curies":[{"name":"wp","href":"https:\/\/api.w.org\/{rel}","templated":true}]}}