{"id":5709,"date":"2017-04-27T09:04:19","date_gmt":"2017-04-27T09:04:19","guid":{"rendered":"https:\/\/genorama.com\/product\/test-av-idrottslig-prestation\/"},"modified":"2025-09-07T21:28:08","modified_gmt":"2025-09-07T19:28:08","slug":"test-av-idrottslig-prestation","status":"publish","type":"product","link":"https:\/\/genorama.com\/sv\/product\/test-av-idrottslig-prestation\/","title":{"rendered":"Test av idrottslig prestation"},"content":{"rendered":"<p style=\"text-align: center;\"><strong>L\u00e5s upp din atletiska potential med genetiska insikter<\/strong><\/p>\n<p style=\"text-align: center;\">Uppt\u00e4ck hur ditt DNA p\u00e5verkar din idrottsprestation. V\u00e5rt specialiserade genetiska test \u00e4r utformat f\u00f6r engagerade idrottsentusiaster som vill f\u00f6rst\u00e5 sina naturliga f\u00f6ruts\u00e4ttningar f\u00f6r styrka, snabbhet, uth\u00e5llighet, \u00e5terh\u00e4mtning och skaderisk. Genom att analysera viktiga genetiska mark\u00f6rer ger detta test ov\u00e4rderliga insikter om din kropps potential:<\/p>\n<p style=\"text-align: center;\">\u2013 Kardiovaskul\u00e4r effektivitet och kroppens f\u00f6rm\u00e5ga att anpassa sig till fysiska utmaningar.<br \/>\n\u2013 Muskelprestanda, styrka och kraftutveckling.<br \/>\n\u2013 Uth\u00e5llighet, hj\u00e4rt- och k\u00e4rlkapacitet och fettmetabolism.<br \/>\n\u2013 Energiutveckling vid h\u00f6gintensiv tr\u00e4ning och \u00e5terh\u00e4mtning.<br \/>\n\u2013 Muskelv\u00e4xt, reparation och utveckling.<br \/>\n\u2013 Blodk\u00e4rlsfunktion, syretillf\u00f6rsel och \u00f6vergripande uth\u00e5llighet.<br \/>\n\u2013 Energioms\u00e4ttning och mitokondriell funktion, vilket st\u00f6djer \u00e5terh\u00e4mtning och l\u00e5ngsiktig prestation.<\/p>\n<p style=\"text-align: center;\"><strong>Vad kommer du att uppt\u00e4cka?<\/strong><br \/>\nGenetiken spelar en betydande roll f\u00f6r idrottsprestation, \u00e5terh\u00e4mtning och skaderisk, men framg\u00e5ng formas ocks\u00e5 av faktorer som kost, tr\u00e4ning och inst\u00e4llning. Att k\u00e4nna till dina genetiska styrkor kan hj\u00e4lpa dig att v\u00e4lja de sporter och tr\u00e4ningsmetoder som b\u00e4st passar dina naturliga f\u00f6rm\u00e5gor, optimera \u00e5terh\u00e4mtning och minska skaderisker \u2014 vilket ger dig en konkurrensf\u00f6rdel. Oavsett om du siktar p\u00e5 topprestation eller utforskar en ny fitnessresa, ger detta test dig kunskap f\u00f6r att maximera din potential.<\/p>\n<p style=\"text-align: center;\"><strong>Testdetaljer:<\/strong><\/p>\n<p style=\"text-align: center;\"><strong>Resultattid:<\/strong> Resultat p\u00e5 endast 10 arbetsdagar.<br \/>\n<strong>Provtagning:<\/strong> Enkel och sm\u00e4rtfri provtagning med kindcellsprov (svabb fr\u00e5n kinden).<br \/>\n<strong>Analys:<\/strong> T\u00e4cker 7 olika gener och f\u00f6rklarar deras funktion i din kropp i detalj.<\/p>\n","protected":false},"excerpt":{"rendered":"<p style=\"text-align: justify;\">Testet identifierar 7 olika gener, inklusive ACE och ACTN3, som \u00e4r kopplade till idrottsprestation. Testet bed\u00f6mer genetiska f\u00f6ruts\u00e4ttningar f\u00f6r idrottsprestation, \u00e5terh\u00e4mtning och skaderisk, samtidigt som det ger rekommendationer f\u00f6r att optimera tr\u00e4ning och kost. Det genetiska testet fokuserar p\u00e5 att analysera genetiska mark\u00f6rer kopplade till fysiska f\u00f6rm\u00e5gor s\u00e5som snabbhet, styrka, uth\u00e5llighet, \u00e5terh\u00e4mtning och skaderisk.<\/p>\n","protected":false},"featured_media":5148,"template":"","meta":{"_acf_changed":false,"ocean_post_layout":"","ocean_both_sidebars_style":"","ocean_both_sidebars_content_width":0,"ocean_both_sidebars_sidebars_width":0,"ocean_sidebar":"0","ocean_second_sidebar":"0","ocean_disable_margins":"enable","ocean_add_body_class":"","ocean_shortcode_before_top_bar":"","ocean_shortcode_after_top_bar":"","ocean_shortcode_before_header":"","ocean_shortcode_after_header":"","ocean_has_shortcode":"","ocean_shortcode_after_title":"","ocean_shortcode_before_footer_widgets":"","ocean_shortcode_after_footer_widgets":"","ocean_shortcode_before_footer_bottom":"","ocean_shortcode_after_footer_bottom":"","ocean_display_top_bar":"default","ocean_display_header":"default","ocean_header_style":"","ocean_center_header_left_menu":"0","ocean_custom_header_template":"0","ocean_custom_logo":0,"ocean_custom_retina_logo":0,"ocean_custom_logo_max_width":0,"ocean_custom_logo_tablet_max_width":0,"ocean_custom_logo_mobile_max_width":0,"ocean_custom_logo_max_height":0,"ocean_custom_logo_tablet_max_height":0,"ocean_custom_logo_mobile_max_height":0,"ocean_header_custom_menu":"0","ocean_menu_typo_font_family":"0","ocean_menu_typo_font_subset":"","ocean_menu_typo_font_size":0,"ocean_menu_typo_font_size_tablet":0,"ocean_menu_typo_font_size_mobile":0,"ocean_menu_typo_font_size_unit":"px","ocean_menu_typo_font_weight":"","ocean_menu_typo_font_weight_tablet":"","ocean_menu_typo_font_weight_mobile":"","ocean_menu_typo_transform":"","ocean_menu_typo_transform_tablet":"","ocean_menu_typo_transform_mobile":"","ocean_menu_typo_line_height":0,"ocean_menu_typo_line_height_tablet":0,"ocean_menu_typo_line_height_mobile":0,"ocean_menu_typo_line_height_unit":"","ocean_menu_typo_spacing":0,"ocean_menu_typo_spacing_tablet":0,"ocean_menu_typo_spacing_mobile":0,"ocean_menu_typo_spacing_unit":"","ocean_menu_link_color":"","ocean_menu_link_color_hover":"","ocean_menu_link_color_active":"","ocean_menu_link_background":"","ocean_menu_link_hover_background":"","ocean_menu_link_active_background":"","ocean_menu_social_links_bg":"","ocean_menu_social_hover_links_bg":"","ocean_menu_social_links_color":"","ocean_menu_social_hover_links_color":"","ocean_disable_title":"default","ocean_disable_heading":"default","ocean_post_title":"","ocean_post_subheading":"","ocean_post_title_style":"","ocean_post_title_background_color":"","ocean_post_title_background":0,"ocean_post_title_bg_image_position":"","ocean_post_title_bg_image_attachment":"","ocean_post_title_bg_image_repeat":"","ocean_post_title_bg_image_size":"","ocean_post_title_height":0,"ocean_post_title_bg_overlay":0.5,"ocean_post_title_bg_overlay_color":"","ocean_disable_breadcrumbs":"default","ocean_breadcrumbs_color":"","ocean_breadcrumbs_separator_color":"","ocean_breadcrumbs_links_color":"","ocean_breadcrumbs_links_hover_color":"","ocean_display_footer_widgets":"default","ocean_display_footer_bottom":"default","ocean_custom_footer_template":"0"},"product_brand":[],"product_cat":[304],"product_tag":[],"class_list":{"0":"post-5709","1":"product","2":"type-product","3":"status-publish","4":"has-post-thumbnail","6":"product_cat-idrott","8":"entry","9":"has-media","11":"first","12":"instock","13":"taxable","14":"shipping-taxable","15":"purchasable","16":"product-type-simple","17":"has-product-nav","18":"col","19":"span_1_of_3","20":"owp-content-center","21":"owp-thumbs-layout-horizontal","22":"owp-btn-normal","23":"owp-tabs-layout-horizontal"},"acf":[],"aioseo_notices":[],"_links":{"self":[{"href":"https:\/\/genorama.com\/sv\/wp-json\/wp\/v2\/product\/5709","targetHints":{"allow":["GET"]}}],"collection":[{"href":"https:\/\/genorama.com\/sv\/wp-json\/wp\/v2\/product"}],"about":[{"href":"https:\/\/genorama.com\/sv\/wp-json\/wp\/v2\/types\/product"}],"wp:featuredmedia":[{"embeddable":true,"href":"https:\/\/genorama.com\/sv\/wp-json\/wp\/v2\/media\/5148"}],"wp:attachment":[{"href":"https:\/\/genorama.com\/sv\/wp-json\/wp\/v2\/media?parent=5709"}],"wp:term":[{"taxonomy":"product_brand","embeddable":true,"href":"https:\/\/genorama.com\/sv\/wp-json\/wp\/v2\/product_brand?post=5709"},{"taxonomy":"product_cat","embeddable":true,"href":"https:\/\/genorama.com\/sv\/wp-json\/wp\/v2\/product_cat?post=5709"},{"taxonomy":"product_tag","embeddable":true,"href":"https:\/\/genorama.com\/sv\/wp-json\/wp\/v2\/product_tag?post=5709"}],"curies":[{"name":"wp","href":"https:\/\/api.w.org\/{rel}","templated":true}]}}