{"id":5723,"date":"2020-03-13T08:31:47","date_gmt":"2020-03-13T08:31:47","guid":{"rendered":"https:\/\/genorama.com\/product\/genetiskt-test-av-somn\/"},"modified":"2025-10-30T16:47:42","modified_gmt":"2025-10-30T14:47:42","slug":"genetiskt-test-av-somn","status":"publish","type":"product","link":"https:\/\/genorama.com\/sv\/product\/genetiskt-test-av-somn\/","title":{"rendered":"Genetiskt test av s\u00f6mn"},"content":{"rendered":"<h3 class=\"\" style=\"text-align: center;\" data-start=\"101\" data-end=\"162\"><strong data-start=\"105\" data-end=\"162\">DNA-s\u00f6mntest \u2013 \u00c4r du en morgon- eller kv\u00e4llsm\u00e4nniska?<\/strong><\/h3>\n<p class=\"\" style=\"text-align: center;\" data-start=\"164\" data-end=\"581\">Varje m\u00e4nniska har en inre klocka \u2013 ett biologiskt system som styr n\u00e4r vi \u00e4r som mest alerta och n\u00e4r vi beh\u00f6ver vila. Ett DNA-s\u00f6mntest hj\u00e4lper dig att f\u00f6rst\u00e5 om din nuvarande dygnsrytm st\u00e4mmer \u00f6verens med dina genetiska f\u00f6ruts\u00e4ttningar \u2013 det vill s\u00e4ga om du \u00e4r mer av en <strong data-start=\"435\" data-end=\"467\">morgon- eller kv\u00e4llsm\u00e4nniska<\/strong>, och hur detta p\u00e5verkar din <strong data-start=\"496\" data-end=\"538\">mentala och fysiska prestationsf\u00f6rm\u00e5ga<\/strong>, <strong data-start=\"540\" data-end=\"556\">kostbeteende<\/strong> och <strong data-start=\"561\" data-end=\"580\">\u00e4mnesoms\u00e4ttning<\/strong>.<\/p>\n<p style=\"text-align: center;\" data-start=\"588\" data-end=\"618\"><strong data-start=\"592\" data-end=\"618\">Varf\u00f6r \u00e4r det viktigt?<\/strong><\/p>\n<p class=\"\" style=\"text-align: center;\" data-start=\"620\" data-end=\"1033\">Din koncentrations- och prestationsf\u00f6rm\u00e5ga under olika tider p\u00e5 dygnet styrs av din <strong data-start=\"704\" data-end=\"716\">kronotyp<\/strong>, som i h\u00f6g grad p\u00e5verkas av dina gener. N\u00e4r den biologiska klockan inte \u00e4r i synk med sociala eller arbetsrelaterade scheman, tvingas kroppen anpassa sig konstant \u2013 vilket kan leda till <strong data-start=\"903\" data-end=\"948\">s\u00f6mnst\u00f6rningar, tr\u00f6tthet, bristande fokus<\/strong> och \u00f6kad risk f\u00f6r <strong data-start=\"967\" data-end=\"1032\">\u00f6ver\u00e4tning, alkoholkonsumtion, viktuppg\u00e5ng och psykisk oh\u00e4lsa<\/strong>.<\/p>\n<p class=\"\" style=\"text-align: center;\" data-start=\"1066\" data-end=\"1364\">En viktig gen som reglerar s\u00f6mn- och vakenhetscykler \u00e4r <strong data-start=\"1122\" data-end=\"1161\">PER3 (Period Circadian Regulator 3)<\/strong>. Den p\u00e5verkar s\u00f6mnens l\u00e4ngd och struktur samt individens dygnsrytm. En specifik genetisk mark\u00f6r i denna gen, <strong data-start=\"1271\" data-end=\"1285\">rs57875989<\/strong>, f\u00f6rekommer i tv\u00e5 varianter med antingen 4 eller 5 upprepade sekvenser (VNTR).<\/p>\n<p class=\"\" style=\"text-align: center;\" data-start=\"1368\" data-end=\"1492\"><strong data-start=\"1368\" data-end=\"1383\">Genotyp 4\/4<\/strong>: Vanligare hos <strong data-start=\"1399\" data-end=\"1418\">kv\u00e4llsm\u00e4nniskor<\/strong>, som ofta har sv\u00e5rt att vakna tidigt men k\u00e4nner sig piggare p\u00e5 kv\u00e4llen.<br \/>\n<strong data-start=\"1495\" data-end=\"1510\">Genotyp 4\/5<\/strong>: Tyder p\u00e5 en <strong data-start=\"1524\" data-end=\"1547\">balanserad kronotyp<\/strong> \u2013 du anpassar dig l\u00e4tt till b\u00e5de tidiga och sena scheman.<br \/>\n<strong data-start=\"1610\" data-end=\"1625\">Genotyp 5\/5<\/strong>: Vanligast hos <strong data-start=\"1641\" data-end=\"1660\">morgonm\u00e4nniskor<\/strong>, som vaknar l\u00e4tt och presterar b\u00e4st p\u00e5 f\u00f6rmiddagen.<\/p>\n<p class=\"\" style=\"text-align: center;\" data-start=\"1714\" data-end=\"1855\">Dessa genetiska skillnader \u00e4r ocks\u00e5 kopplade till <strong data-start=\"1764\" data-end=\"1780\">s\u00f6mnkvalitet<\/strong>, <strong data-start=\"1782\" data-end=\"1797\">dagtr\u00f6tthet<\/strong> och <strong data-start=\"1802\" data-end=\"1854\">f\u00f6rh\u00f6jd risk f\u00f6r f\u00f6rdr\u00f6jd s\u00f6mnfasst\u00f6rning (DSPS)<\/strong>.<\/p>\n<h3 class=\"\" style=\"text-align: center;\" data-start=\"1862\" data-end=\"1887\"><strong data-start=\"1866\" data-end=\"1887\">Vad visar testet?<\/strong><\/h3>\n<p class=\"\" style=\"text-align: center;\" data-start=\"1891\" data-end=\"1965\">Om du \u00e4r genetiskt ben\u00e4gen att vara <strong data-start=\"1927\" data-end=\"1963\">morgon-, kv\u00e4lls- eller mellantyp<br \/>\n<\/strong>Hur <strong data-start=\"1972\" data-end=\"1994\">l\u00e5ngvarig vakenhet<\/strong> p\u00e5verkar din <strong data-start=\"2008\" data-end=\"2042\">reaktionstid och uppm\u00e4rksamhet<\/strong><strong data-start=\"2051\" data-end=\"2090\"><br \/>\n<\/strong>Din genetiska risk f\u00f6r <strong data-start=\"2118\" data-end=\"2157\">DSPS (Delayed Sleep Phase Syndrome)<br \/>\n<\/strong>Hur din kronotyp p\u00e5verkar <strong data-start=\"2188\" data-end=\"2221\">kostvanor och \u00e4mnesoms\u00e4ttning<br \/>\n<\/strong>N\u00e4r du har <strong data-start=\"2237\" data-end=\"2271\">b\u00e4st fysisk prestationsf\u00f6rm\u00e5ga<br \/>\n<\/strong>Hur k\u00e4nslig du \u00e4r f\u00f6r <strong data-start=\"2298\" data-end=\"2338\">psykisk p\u00e5verkan fr\u00e5n yttre faktorer<\/strong><\/p>\n<h3 class=\"\" style=\"text-align: center;\" data-start=\"2345\" data-end=\"2371\"><strong data-start=\"2349\" data-end=\"2371\">S\u00e5 fungerar testet<\/strong><\/h3>\n<p class=\"\" style=\"text-align: center;\" data-start=\"2375\" data-end=\"2438\"><strong data-start=\"2375\" data-end=\"2391\">Provmaterial<\/strong>: DNA-prov fr\u00e5n insidan av kinden med en tops<br \/>\n<strong data-start=\"2441\" data-end=\"2454\">Analystid<\/strong>: upp till 15<strong data-start=\"2465\" data-end=\"2483\">\u00a0arbetsdagar<br \/>\n<\/strong><strong data-start=\"2488\" data-end=\"2507\">Provtagningskit<\/strong>: skickas till den adress du anger vid best\u00e4llning<\/p>\n<h3 class=\"\" style=\"text-align: center;\" data-start=\"2564\" data-end=\"2596\"><strong data-start=\"2568\" data-end=\"2596\">Vem har nytta av testet?<\/strong><\/h3>\n<p class=\"\" style=\"text-align: center;\" data-start=\"2598\" data-end=\"2784\">Testet passar alla som vill <strong data-start=\"2626\" data-end=\"2654\">f\u00f6rst\u00e5 sig sj\u00e4lva b\u00e4ttre<\/strong>, <strong data-start=\"2656\" data-end=\"2678\">optimera sin h\u00e4lsa<\/strong> eller <strong data-start=\"2685\" data-end=\"2738\">f\u00f6rb\u00e4ttra sin dagliga rytm och prestationsf\u00f6rm\u00e5ga<\/strong>. Det \u00e4r s\u00e4rskilt v\u00e4rdefullt f\u00f6r personer som:<\/p>\n<p class=\"\" style=\"text-align: center;\" data-start=\"2788\" data-end=\"2857\">K\u00e4nner att de inte passar in i samh\u00e4llets standardiserade dygnsrytm<br \/>\nUpplever <strong data-start=\"2869\" data-end=\"2934\">kronisk tr\u00f6tthet, s\u00f6mnproblem eller koncentrationssv\u00e5righeter<br \/>\n<\/strong>Vill <strong data-start=\"2944\" data-end=\"2995\">optimera sin dagliga rutin eller tr\u00e4ningsschema<\/strong> utifr\u00e5n sin genetiska profil<\/p>\n","protected":false},"excerpt":{"rendered":"<p>Det genetiska s\u00f6mntestet g\u00f6r det m\u00f6jligt att j\u00e4mf\u00f6ra en etablerad dygnsrytm med en inre rytm som beror p\u00e5 genetiska anlag (dvs. om en person \u00e4r mer ben\u00e4gen att vara en kv\u00e4llstyp eller en morgontyp) och dess inverkan p\u00e5 kognitiva och idrottsliga prestationer, \u00e4tbeteende och \u00e4mnesoms\u00e4ttning.<\/p>\n","protected":false},"featured_media":5127,"template":"","meta":{"_acf_changed":false,"ocean_post_layout":"","ocean_both_sidebars_style":"","ocean_both_sidebars_content_width":0,"ocean_both_sidebars_sidebars_width":0,"ocean_sidebar":"0","ocean_second_sidebar":"0","ocean_disable_margins":"enable","ocean_add_body_class":"","ocean_shortcode_before_top_bar":"","ocean_shortcode_after_top_bar":"","ocean_shortcode_before_header":"","ocean_shortcode_after_header":"","ocean_has_shortcode":"","ocean_shortcode_after_title":"","ocean_shortcode_before_footer_widgets":"","ocean_shortcode_after_footer_widgets":"","ocean_shortcode_before_footer_bottom":"","ocean_shortcode_after_footer_bottom":"","ocean_display_top_bar":"default","ocean_display_header":"default","ocean_header_style":"","ocean_center_header_left_menu":"0","ocean_custom_header_template":"0","ocean_custom_logo":0,"ocean_custom_retina_logo":0,"ocean_custom_logo_max_width":0,"ocean_custom_logo_tablet_max_width":0,"ocean_custom_logo_mobile_max_width":0,"ocean_custom_logo_max_height":0,"ocean_custom_logo_tablet_max_height":0,"ocean_custom_logo_mobile_max_height":0,"ocean_header_custom_menu":"0","ocean_menu_typo_font_family":"0","ocean_menu_typo_font_subset":"","ocean_menu_typo_font_size":0,"ocean_menu_typo_font_size_tablet":0,"ocean_menu_typo_font_size_mobile":0,"ocean_menu_typo_font_size_unit":"px","ocean_menu_typo_font_weight":"","ocean_menu_typo_font_weight_tablet":"","ocean_menu_typo_font_weight_mobile":"","ocean_menu_typo_transform":"","ocean_menu_typo_transform_tablet":"","ocean_menu_typo_transform_mobile":"","ocean_menu_typo_line_height":0,"ocean_menu_typo_line_height_tablet":0,"ocean_menu_typo_line_height_mobile":0,"ocean_menu_typo_line_height_unit":"","ocean_menu_typo_spacing":0,"ocean_menu_typo_spacing_tablet":0,"ocean_menu_typo_spacing_mobile":0,"ocean_menu_typo_spacing_unit":"","ocean_menu_link_color":"","ocean_menu_link_color_hover":"","ocean_menu_link_color_active":"","ocean_menu_link_background":"","ocean_menu_link_hover_background":"","ocean_menu_link_active_background":"","ocean_menu_social_links_bg":"","ocean_menu_social_hover_links_bg":"","ocean_menu_social_links_color":"","ocean_menu_social_hover_links_color":"","ocean_disable_title":"default","ocean_disable_heading":"default","ocean_post_title":"","ocean_post_subheading":"","ocean_post_title_style":"","ocean_post_title_background_color":"","ocean_post_title_background":0,"ocean_post_title_bg_image_position":"","ocean_post_title_bg_image_attachment":"","ocean_post_title_bg_image_repeat":"","ocean_post_title_bg_image_size":"","ocean_post_title_height":0,"ocean_post_title_bg_overlay":0.5,"ocean_post_title_bg_overlay_color":"","ocean_disable_breadcrumbs":"default","ocean_breadcrumbs_color":"","ocean_breadcrumbs_separator_color":"","ocean_breadcrumbs_links_color":"","ocean_breadcrumbs_links_hover_color":"","ocean_display_footer_widgets":"default","ocean_display_footer_bottom":"default","ocean_custom_footer_template":"0"},"product_brand":[],"product_cat":[296],"product_tag":[],"class_list":{"0":"post-5723","1":"product","2":"type-product","3":"status-publish","4":"has-post-thumbnail","6":"product_cat-halsa","8":"entry","9":"has-media","11":"first","12":"instock","13":"taxable","14":"shipping-taxable","15":"purchasable","16":"product-type-simple","17":"has-product-nav","18":"col","19":"span_1_of_3","20":"owp-content-center","21":"owp-thumbs-layout-horizontal","22":"owp-btn-normal","23":"owp-tabs-layout-horizontal"},"acf":[],"aioseo_notices":[],"_links":{"self":[{"href":"https:\/\/genorama.com\/sv\/wp-json\/wp\/v2\/product\/5723","targetHints":{"allow":["GET"]}}],"collection":[{"href":"https:\/\/genorama.com\/sv\/wp-json\/wp\/v2\/product"}],"about":[{"href":"https:\/\/genorama.com\/sv\/wp-json\/wp\/v2\/types\/product"}],"wp:featuredmedia":[{"embeddable":true,"href":"https:\/\/genorama.com\/sv\/wp-json\/wp\/v2\/media\/5127"}],"wp:attachment":[{"href":"https:\/\/genorama.com\/sv\/wp-json\/wp\/v2\/media?parent=5723"}],"wp:term":[{"taxonomy":"product_brand","embeddable":true,"href":"https:\/\/genorama.com\/sv\/wp-json\/wp\/v2\/product_brand?post=5723"},{"taxonomy":"product_cat","embeddable":true,"href":"https:\/\/genorama.com\/sv\/wp-json\/wp\/v2\/product_cat?post=5723"},{"taxonomy":"product_tag","embeddable":true,"href":"https:\/\/genorama.com\/sv\/wp-json\/wp\/v2\/product_tag?post=5723"}],"curies":[{"name":"wp","href":"https:\/\/api.w.org\/{rel}","templated":true}]}}