{"id":5727,"date":"2021-09-21T08:38:04","date_gmt":"2021-09-21T08:38:04","guid":{"rendered":"https:\/\/genorama.com\/product\/fertify\/"},"modified":"2025-02-17T18:09:25","modified_gmt":"2025-02-17T16:09:25","slug":"fertify","status":"publish","type":"product","link":"https:\/\/genorama.com\/sv\/product\/fertify\/","title":{"rendered":"Fertify<sup>\u00ae<\/sup>"},"content":{"rendered":"<p style=\"text-align: center;\">Fertify \u00e4r ett banbrytande genetiskt test som bed\u00f6mer risken f\u00f6r tidig menopaus och \u00e5ldersrelaterad infertilitet hos kvinnor. Testet ger v\u00e4rdefull information om reproduktiv \u00e5ldrande och erbjuder personliga rekommendationer f\u00f6r familjeplanering och bevarande av fertilitet.<\/p>\n<p style=\"text-align: center;\"><strong>Vem b\u00f6r \u00f6verv\u00e4ga Fertify testet?<\/strong><\/p>\n<p style=\"text-align: center;\">Kvinnor i alla \u00e5ldrar, helst f\u00f6re slutet av 30-\u00e5rs\u00e5ldern, d\u00e5 fertilitetsnedg\u00e5ngen p\u00e5 grund av \u00e5lder \u00f6kar.<br \/>\nKvinnor som planerar infertilitetsbehandling, inklusive in vitro-fertilisering (IVF).<br \/>\nKvinnor som \u00f6verv\u00e4ger frysa \u00e4gg f\u00f6r framtida familjeplanering.<\/p>\n<p style=\"text-align: center;\"><strong>Varf\u00f6r ta Fertify testet?<\/strong><br \/>\nReproduktiv \u00e5ldrande p\u00e5verkas i stor utstr\u00e4ckning av v\u00e5ra gener, och hundratals DNA-varianter har identifierats som p\u00e5verkar en kvinnas reproduktiva livsl\u00e4ngd. Fertify erbjuder en omfattande bed\u00f6mning av dessa faktorer, vilket g\u00f6r det m\u00f6jligt att fatta informerade beslut baserat p\u00e5 din individuella genetiska risk.<\/p>\n<p style=\"text-align: center;\"><strong>Vad inneh\u00e5ller testet?<\/strong><br \/>\nResultaten ger personliga rekommendationer om:<\/p>\n<p style=\"text-align: center;\">Hur man kan f\u00f6rb\u00e4ttra naturlig fertilitet genom livsstilsf\u00f6r\u00e4ndringar och medicinska \u00e5tg\u00e4rder.<br \/>\nRekommenderade medicinska unders\u00f6kningar och tester.<br \/>\nM\u00f6jligheter f\u00f6r fryser av \u00e4gg och bevarande av fertilitet.<br \/>\nAlternativ f\u00f6r assisterad reproduktion, s\u00e5som IVF.<\/p>\n<p style=\"text-align: center;\"><strong>Viktiga insikter om kvinnlig fertilitet:<\/strong><\/p>\n<p style=\"text-align: center;\">Fertiliteten b\u00f6rjar vanligtvis minska 10\u201320 \u00e5r f\u00f6re menopaus, vilket orsakar sv\u00e5righeter att bli gravid.<br \/>\nDen genomsnittliga \u00e5ldern f\u00f6r menopaus \u00e4r 50\u201351 \u00e5r, men cirka 1 av 20 kvinnor upplever tidig menopaus (f\u00f6re 45 \u00e5rs \u00e5lder) och 1 av 100 kvinnor drabbas av f\u00f6r tidig menopaus (f\u00f6re 40 \u00e5rs \u00e5lder).<br \/>\nTidig och f\u00f6r tidig menopaus \u00e4r viktiga orsaker till \u00e5ldersrelaterad infertilitet, vilket g\u00f6r tidig bed\u00f6mning avg\u00f6rande.<\/p>\n<p style=\"text-align: center;\"><strong>Bearbetningstid:<\/strong> 15 arbetsdagar<\/p>\n<p style=\"text-align: center;\"><strong>Krav p\u00e5 prov:<\/strong> Buccalt cellprov<\/p>\n","protected":false},"excerpt":{"rendered":"<p>Fertify\u00ae \u00e4r ett genetiskt test f\u00f6r att bed\u00f6ma risken f\u00f6r tidig menopaus och \u00e5ldersrelaterad infertilitet hos kvinnor.<\/p>\n<p>Fertify\u00ae-testet rekommenderas f\u00f6r kvinnor i alla \u00e5ldrar, helst fram till slutet av trettiotalet, innan den \u00e5ldersrelaterade minskningen av fertiliteten; kvinnor som planerar f\u00f6r infertilitetsbehandling, inklusive provr\u00f6rsbefruktning (IVF); kvinnor som planerar f\u00f6r frysning av \u00e4ggceller. Fertify\u00ae-testet kan vara ett anv\u00e4ndbart verktyg vid familjeplanering, eftersom h\u00f6g \u00e5lder hos modern och senare familjebildning \u00e4r en \u00f6kande trend.<\/p>\n","protected":false},"featured_media":5005,"template":"","meta":{"_acf_changed":false,"ocean_post_layout":"","ocean_both_sidebars_style":"","ocean_both_sidebars_content_width":0,"ocean_both_sidebars_sidebars_width":0,"ocean_sidebar":"0","ocean_second_sidebar":"0","ocean_disable_margins":"enable","ocean_add_body_class":"","ocean_shortcode_before_top_bar":"","ocean_shortcode_after_top_bar":"","ocean_shortcode_before_header":"","ocean_shortcode_after_header":"","ocean_has_shortcode":"","ocean_shortcode_after_title":"","ocean_shortcode_before_footer_widgets":"","ocean_shortcode_after_footer_widgets":"","ocean_shortcode_before_footer_bottom":"","ocean_shortcode_after_footer_bottom":"","ocean_display_top_bar":"default","ocean_display_header":"default","ocean_header_style":"","ocean_center_header_left_menu":"0","ocean_custom_header_template":"0","ocean_custom_logo":0,"ocean_custom_retina_logo":0,"ocean_custom_logo_max_width":0,"ocean_custom_logo_tablet_max_width":0,"ocean_custom_logo_mobile_max_width":0,"ocean_custom_logo_max_height":0,"ocean_custom_logo_tablet_max_height":0,"ocean_custom_logo_mobile_max_height":0,"ocean_header_custom_menu":"0","ocean_menu_typo_font_family":"0","ocean_menu_typo_font_subset":"","ocean_menu_typo_font_size":0,"ocean_menu_typo_font_size_tablet":0,"ocean_menu_typo_font_size_mobile":0,"ocean_menu_typo_font_size_unit":"px","ocean_menu_typo_font_weight":"","ocean_menu_typo_font_weight_tablet":"","ocean_menu_typo_font_weight_mobile":"","ocean_menu_typo_transform":"","ocean_menu_typo_transform_tablet":"","ocean_menu_typo_transform_mobile":"","ocean_menu_typo_line_height":0,"ocean_menu_typo_line_height_tablet":0,"ocean_menu_typo_line_height_mobile":0,"ocean_menu_typo_line_height_unit":"","ocean_menu_typo_spacing":0,"ocean_menu_typo_spacing_tablet":0,"ocean_menu_typo_spacing_mobile":0,"ocean_menu_typo_spacing_unit":"","ocean_menu_link_color":"","ocean_menu_link_color_hover":"","ocean_menu_link_color_active":"","ocean_menu_link_background":"","ocean_menu_link_hover_background":"","ocean_menu_link_active_background":"","ocean_menu_social_links_bg":"","ocean_menu_social_hover_links_bg":"","ocean_menu_social_links_color":"","ocean_menu_social_hover_links_color":"","ocean_disable_title":"default","ocean_disable_heading":"default","ocean_post_title":"","ocean_post_subheading":"","ocean_post_title_style":"","ocean_post_title_background_color":"","ocean_post_title_background":0,"ocean_post_title_bg_image_position":"","ocean_post_title_bg_image_attachment":"","ocean_post_title_bg_image_repeat":"","ocean_post_title_bg_image_size":"","ocean_post_title_height":0,"ocean_post_title_bg_overlay":0.5,"ocean_post_title_bg_overlay_color":"","ocean_disable_breadcrumbs":"default","ocean_breadcrumbs_color":"","ocean_breadcrumbs_separator_color":"","ocean_breadcrumbs_links_color":"","ocean_breadcrumbs_links_hover_color":"","ocean_display_footer_widgets":"default","ocean_display_footer_bottom":"default","ocean_custom_footer_template":"0"},"product_brand":[],"product_cat":[296],"product_tag":[],"class_list":{"0":"post-5727","1":"product","2":"type-product","3":"status-publish","4":"has-post-thumbnail","6":"product_cat-halsa","8":"entry","9":"has-media","11":"first","12":"instock","13":"taxable","14":"shipping-taxable","15":"purchasable","16":"product-type-simple","17":"has-product-nav","18":"col","19":"span_1_of_3","20":"owp-content-center","21":"owp-thumbs-layout-horizontal","22":"owp-btn-normal","23":"owp-tabs-layout-horizontal"},"acf":[],"aioseo_notices":[],"_links":{"self":[{"href":"https:\/\/genorama.com\/sv\/wp-json\/wp\/v2\/product\/5727","targetHints":{"allow":["GET"]}}],"collection":[{"href":"https:\/\/genorama.com\/sv\/wp-json\/wp\/v2\/product"}],"about":[{"href":"https:\/\/genorama.com\/sv\/wp-json\/wp\/v2\/types\/product"}],"wp:featuredmedia":[{"embeddable":true,"href":"https:\/\/genorama.com\/sv\/wp-json\/wp\/v2\/media\/5005"}],"wp:attachment":[{"href":"https:\/\/genorama.com\/sv\/wp-json\/wp\/v2\/media?parent=5727"}],"wp:term":[{"taxonomy":"product_brand","embeddable":true,"href":"https:\/\/genorama.com\/sv\/wp-json\/wp\/v2\/product_brand?post=5727"},{"taxonomy":"product_cat","embeddable":true,"href":"https:\/\/genorama.com\/sv\/wp-json\/wp\/v2\/product_cat?post=5727"},{"taxonomy":"product_tag","embeddable":true,"href":"https:\/\/genorama.com\/sv\/wp-json\/wp\/v2\/product_tag?post=5727"}],"curies":[{"name":"wp","href":"https:\/\/api.w.org\/{rel}","templated":true}]}}