{"id":6013,"date":"2025-02-04T15:50:54","date_gmt":"2025-02-04T13:50:54","guid":{"rendered":"https:\/\/genorama.com\/product\/genetiskt-test-for-viktkontroll\/"},"modified":"2025-10-30T16:45:08","modified_gmt":"2025-10-30T14:45:08","slug":"genetiskt-test-for-viktkontroll","status":"publish","type":"product","link":"https:\/\/genorama.com\/sv\/product\/genetiskt-test-for-viktkontroll\/","title":{"rendered":"WeightWell \u2013 Genetisk test f\u00f6r kroppsvikt och \u00e4mnesoms\u00e4ttning"},"content":{"rendered":"<p style=\"text-align: center;\" data-start=\"150\" data-end=\"220\"><strong data-start=\"150\" data-end=\"218\">WeightWell gentest \u2013 Insikter om din kroppsvikt och \u00e4mnesoms\u00e4ttning<\/strong><\/p>\n<p style=\"text-align: center;\" data-start=\"498\" data-end=\"539\"><strong data-start=\"498\" data-end=\"518\">Svarstid:<\/strong> 20 arbetsdagar<\/p>\n<p style=\"text-align: center;\" data-start=\"541\" data-end=\"679\"><strong data-start=\"541\" data-end=\"567\">Provkrav:<\/strong> Kindcellsprov.<br data-start=\"586\" data-end=\"589\" \/>Ett enkelt hemtest-kit skickas till den adress du anger vid best\u00e4llningen.<\/p>\n<hr data-start=\"681\" data-end=\"686\" \/>\n<h3 style=\"text-align: center;\" data-start=\"688\" data-end=\"716\">Varf\u00f6r v\u00e4lja WeightWell?<\/h3>\n<p style=\"text-align: center;\" data-start=\"718\" data-end=\"805\"><strong data-start=\"718\" data-end=\"731\">Noggrannhet:<\/strong> Vetenskapligt validerad analys av 11 genetiska mark\u00f6rer kopplade till vikt.<\/p>\n<p style=\"text-align: center;\" data-start=\"807\" data-end=\"943\"><strong data-start=\"807\" data-end=\"833\">Personliga insikter:<\/strong> Uppt\u00e4ck hur dina gener p\u00e5verkar vikt\u00f6kning, fettlagring, aptit och kroppens respons p\u00e5 tr\u00e4ning.<\/p>\n<p style=\"text-align: center;\" data-start=\"945\" data-end=\"1065\"><strong data-start=\"945\" data-end=\"966\">H\u00e4lsomedvetenhet: <\/strong>Identifiera risker s\u00e5som ben\u00e4genhet f\u00f6r fetma.<\/p>\n<p style=\"text-align: center;\" data-start=\"1067\" data-end=\"1172\"><strong data-start=\"1067\" data-end=\"1087\">Sekretess:<\/strong> Alla resultat levereras s\u00e4kert via v\u00e5r kundportal med tv\u00e5faktorsautentisering.<\/p>\n<p style=\"text-align: center;\" data-start=\"1174\" data-end=\"1248\"><strong data-start=\"1174\" data-end=\"1190\">Enkelt att anv\u00e4nda:<\/strong> Ett enkelt kindcellsprov medf\u00f6ljer tillsammans med tydliga instruktioner.<\/p>\n<hr data-start=\"1250\" data-end=\"1255\" \/>\n<h3 style=\"text-align: center;\" data-start=\"1535\" data-end=\"1559\">Vad du f\u00e5r veta:<\/h3>\n<p style=\"text-align: center;\">Baserat p\u00e5 dina WeightWell-testresultat f\u00e5r du insikter om:<\/p>\n<p style=\"text-align: center;\" data-start=\"1634\" data-end=\"1688\"><strong data-start=\"1281\" data-end=\"1304\">\u25aa\ufe0f<\/strong>Din genetiska risk f\u00f6r \u00f6vervikt och fetma<br \/>\n<strong data-start=\"1281\" data-end=\"1304\">\u25aa\ufe0f<\/strong>Om din m\u00e4ttnadsk\u00e4nsla upptr\u00e4der tidigt eller sent<br \/>\n<strong data-start=\"1281\" data-end=\"1304\">\u25aa\ufe0f<\/strong>Sannolikheten att g\u00e5 upp i vikt vid h\u00f6gt kolhydratintag<br \/>\n<strong data-start=\"1281\" data-end=\"1304\">\u25aa\ufe0f<\/strong>Effektiviteten av fettf\u00f6rbr\u00e4nning under tr\u00e4ning<br \/>\n<strong data-start=\"1281\" data-end=\"1304\">\u25aa\ufe0f<\/strong>Fysisk aktivitets inverkan p\u00e5 din kroppsvikt<\/p>\n<hr data-start=\"1528\" data-end=\"1533\" \/>\n<h3 style=\"text-align: center;\">Varf\u00f6r det \u00e4r viktigt:<\/h3>\n<p style=\"text-align: center;\">\u00c4ven om du just nu inte har problem med vikten hj\u00e4lper f\u00f6rst\u00e5elsen av dina genetiska anlag dig att fatta v\u00e4lgrundade och f\u00f6rebyggande livsstilsbeslut. En enskild gen kan inneh\u00e5lla neutrala eller riskalleler. N\u00e4r flera riskalleler f\u00f6rekommer \u2013 s\u00e4rskilt i kombination med en stillasittande livsstil och h\u00f6gt kaloriintag \u2013 \u00f6kar sannolikheten f\u00f6r viktrelaterade h\u00e4lsoproblem.<\/p>\n<p style=\"text-align: center;\">WeightWell-gentestet ger dig kunskap som hj\u00e4lper dig att ligga steget f\u00f6re riskerna, anpassa din kost och f\u00f6rb\u00e4ttra effekten av din tr\u00e4ning.<\/p>\n<hr data-start=\"2078\" data-end=\"2083\" \/>\n<h3 style=\"text-align: center;\" data-start=\"1257\" data-end=\"1276\">S\u00e5 h\u00e4r fungerar det:<\/h3>\n<p style=\"text-align: center;\" data-start=\"1281\" data-end=\"1314\"><strong data-start=\"1281\" data-end=\"1304\">\u25aa\ufe0fBest\u00e4ll ditt testkit<\/strong> online.<br \/>\n<strong data-start=\"1318\" data-end=\"1341\">\u25aa\ufe0fSamla in DNA-prov<\/strong> med den medf\u00f6ljande kindcellsprovtagningspinnen.<br \/>\n<strong data-start=\"1378\" data-end=\"1394\">\u25aa\ufe0fSkicka proverna<\/strong> till v\u00e5rt certifierade laboratorium i den f\u00f6rbetalda returboxen.<br \/>\n<strong data-start=\"1449\" data-end=\"1468\">\u25aa\ufe0fF\u00e5 dina resultat<\/strong> inom 20 arbetsdagar via din s\u00e4kra kundportal.<\/p>\n","protected":false},"excerpt":{"rendered":"<p>WeightWell genetiska test analyserar <strong>11 genetiska mark\u00f6rer<\/strong> relaterade till viktreglering, fettmetabolism, aptit och tr\u00e4ningsrespons. Genom att uppt\u00e4cka dina genetiska predispositioner kan du fatta v\u00e4lgrundade livsstilsval och anpassa din kost och tr\u00e4ning efter dina personliga behov.<\/p>\n","protected":false},"featured_media":5134,"template":"","meta":{"_acf_changed":false,"ocean_post_layout":"","ocean_both_sidebars_style":"","ocean_both_sidebars_content_width":0,"ocean_both_sidebars_sidebars_width":0,"ocean_sidebar":"0","ocean_second_sidebar":"0","ocean_disable_margins":"enable","ocean_add_body_class":"","ocean_shortcode_before_top_bar":"","ocean_shortcode_after_top_bar":"","ocean_shortcode_before_header":"","ocean_shortcode_after_header":"","ocean_has_shortcode":"","ocean_shortcode_after_title":"","ocean_shortcode_before_footer_widgets":"","ocean_shortcode_after_footer_widgets":"","ocean_shortcode_before_footer_bottom":"","ocean_shortcode_after_footer_bottom":"","ocean_display_top_bar":"default","ocean_display_header":"default","ocean_header_style":"","ocean_center_header_left_menu":"0","ocean_custom_header_template":"0","ocean_custom_logo":0,"ocean_custom_retina_logo":0,"ocean_custom_logo_max_width":0,"ocean_custom_logo_tablet_max_width":0,"ocean_custom_logo_mobile_max_width":0,"ocean_custom_logo_max_height":0,"ocean_custom_logo_tablet_max_height":0,"ocean_custom_logo_mobile_max_height":0,"ocean_header_custom_menu":"0","ocean_menu_typo_font_family":"0","ocean_menu_typo_font_subset":"","ocean_menu_typo_font_size":0,"ocean_menu_typo_font_size_tablet":0,"ocean_menu_typo_font_size_mobile":0,"ocean_menu_typo_font_size_unit":"px","ocean_menu_typo_font_weight":"","ocean_menu_typo_font_weight_tablet":"","ocean_menu_typo_font_weight_mobile":"","ocean_menu_typo_transform":"","ocean_menu_typo_transform_tablet":"","ocean_menu_typo_transform_mobile":"","ocean_menu_typo_line_height":0,"ocean_menu_typo_line_height_tablet":0,"ocean_menu_typo_line_height_mobile":0,"ocean_menu_typo_line_height_unit":"","ocean_menu_typo_spacing":0,"ocean_menu_typo_spacing_tablet":0,"ocean_menu_typo_spacing_mobile":0,"ocean_menu_typo_spacing_unit":"","ocean_menu_link_color":"","ocean_menu_link_color_hover":"","ocean_menu_link_color_active":"","ocean_menu_link_background":"","ocean_menu_link_hover_background":"","ocean_menu_link_active_background":"","ocean_menu_social_links_bg":"","ocean_menu_social_hover_links_bg":"","ocean_menu_social_links_color":"","ocean_menu_social_hover_links_color":"","ocean_disable_title":"default","ocean_disable_heading":"default","ocean_post_title":"","ocean_post_subheading":"","ocean_post_title_style":"","ocean_post_title_background_color":"","ocean_post_title_background":0,"ocean_post_title_bg_image_position":"","ocean_post_title_bg_image_attachment":"","ocean_post_title_bg_image_repeat":"","ocean_post_title_bg_image_size":"","ocean_post_title_height":0,"ocean_post_title_bg_overlay":0.5,"ocean_post_title_bg_overlay_color":"","ocean_disable_breadcrumbs":"default","ocean_breadcrumbs_color":"","ocean_breadcrumbs_separator_color":"","ocean_breadcrumbs_links_color":"","ocean_breadcrumbs_links_hover_color":"","ocean_display_footer_widgets":"default","ocean_display_footer_bottom":"default","ocean_custom_footer_template":"0"},"product_brand":[],"product_cat":[300],"product_tag":[],"class_list":{"0":"post-6013","1":"product","2":"type-product","3":"status-publish","4":"has-post-thumbnail","6":"product_cat-naringslara","8":"entry","9":"has-media","11":"first","12":"instock","13":"taxable","14":"shipping-taxable","15":"purchasable","16":"product-type-simple","17":"has-product-nav","18":"col","19":"span_1_of_3","20":"owp-content-center","21":"owp-thumbs-layout-horizontal","22":"owp-btn-normal","23":"owp-tabs-layout-horizontal"},"acf":[],"aioseo_notices":[],"_links":{"self":[{"href":"https:\/\/genorama.com\/sv\/wp-json\/wp\/v2\/product\/6013","targetHints":{"allow":["GET"]}}],"collection":[{"href":"https:\/\/genorama.com\/sv\/wp-json\/wp\/v2\/product"}],"about":[{"href":"https:\/\/genorama.com\/sv\/wp-json\/wp\/v2\/types\/product"}],"wp:featuredmedia":[{"embeddable":true,"href":"https:\/\/genorama.com\/sv\/wp-json\/wp\/v2\/media\/5134"}],"wp:attachment":[{"href":"https:\/\/genorama.com\/sv\/wp-json\/wp\/v2\/media?parent=6013"}],"wp:term":[{"taxonomy":"product_brand","embeddable":true,"href":"https:\/\/genorama.com\/sv\/wp-json\/wp\/v2\/product_brand?post=6013"},{"taxonomy":"product_cat","embeddable":true,"href":"https:\/\/genorama.com\/sv\/wp-json\/wp\/v2\/product_cat?post=6013"},{"taxonomy":"product_tag","embeddable":true,"href":"https:\/\/genorama.com\/sv\/wp-json\/wp\/v2\/product_tag?post=6013"}],"curies":[{"name":"wp","href":"https:\/\/api.w.org\/{rel}","templated":true}]}}